{"id":1217,"date":"2025-07-02T12:43:01","date_gmt":"2025-07-02T10:43:01","guid":{"rendered":"https:\/\/agora.xtec.cat\/escolaparcdelaciutadella\/?page_id=1217"},"modified":"2026-01-12T17:01:40","modified_gmt":"2026-01-12T16:01:40","slug":"ajuts-economics","status":"publish","type":"page","link":"https:\/\/agora.xtec.cat\/escolaparcdelaciutadella\/afa\/activitats-extraescolars\/ajuts-economics\/","title":{"rendered":"Ajuts econ\u00f2mics"},"content":{"rendered":"<p data-start=\"245\" data-end=\"397\">A partir del <strong data-start=\"258\" data-end=\"275\">gener de 2026<\/strong>, l\u2019Ajuntament de Barcelona posa en marxa un <strong data-start=\"320\" data-end=\"358\">nou sistema unificat i simplificat<\/strong> per sol\u00b7licitar ajuts econ\u00f2mics per a:<\/p>\n<ul data-start=\"399\" data-end=\"630\">\n<li data-start=\"399\" data-end=\"459\">\n<p data-start=\"401\" data-end=\"459\">\ud83c\udfc0 <a href=\"https:\/\/www.plaesportescolarbcn.cat\/ca\/subvencions_302069\"><strong data-start=\"404\" data-end=\"443\">Activitats extraescolars esportives<\/strong><\/a> (6 a 17 anys)<\/p>\n<\/li>\n<li data-start=\"460\" data-end=\"567\">\n<p data-start=\"462\" data-end=\"567\">\ud83c\udfa8 <a href=\"https:\/\/ajuntament.barcelona.cat\/tardeseducatives\/ca\"><strong data-start=\"465\" data-end=\"486\">Tardes educatives<\/strong><\/a>: activitats culturals, art\u00edstiques, cient\u00edfiques i tecnol\u00f2giques (6 a 17 anys)<\/p>\n<\/li>\n<li data-start=\"568\" data-end=\"630\">\n<p data-start=\"570\" data-end=\"630\">\ud83c\udf1e <a href=\"https:\/\/www.barcelona.cat\/vacances\/ca\"><strong data-start=\"573\" data-end=\"616\">Casals i activitats de vacances d\u2019estiu<\/strong><\/a> (1 a 17 anys)<\/p>\n<\/li>\n<\/ul>\n<hr data-start=\"632\" data-end=\"635\" \/>\n<h2 data-start=\"637\" data-end=\"654\">\ud83d\udd04 Qu\u00e8 canvia?<\/h2>\n<p data-start=\"655\" data-end=\"868\">\ud83d\udc49 <strong data-start=\"658\" data-end=\"683\">Un sol tr\u00e0mit inicial<\/strong> per fam\u00edlia (nucli de conviv\u00e8ncia)<br data-start=\"718\" data-end=\"721\" \/>\ud83d\udc49 <strong data-start=\"724\" data-end=\"751\">Una sola vegada a l\u2019any<\/strong>, del <strong data-start=\"757\" data-end=\"797\">15 de gener a l\u201911 de febrer de 2026<\/strong><br data-start=\"797\" data-end=\"800\" \/>\u274c Ja no cal fer una sol\u00b7licitud per cada infant ni per cada campanya<\/p>\n<hr data-start=\"870\" data-end=\"873\" \/>\n<h2 data-start=\"875\" data-end=\"926\">\ud83d\udcdd Primer pas imprescindible (gener\u2013febrer 2026)<\/h2>\n<p data-start=\"927\" data-end=\"1064\">Entre el <strong data-start=\"936\" data-end=\"976\">15 de gener i l\u201911 de febrer de 2026<\/strong>, cal fer un <strong data-start=\"989\" data-end=\"1004\">tr\u00e0mit \u00fanic<\/strong> per demanar el <strong data-start=\"1020\" data-end=\"1063\">nivell de reconeixement d\u2019ajut econ\u00f2mic<\/strong>.<\/p>\n<p data-start=\"1066\" data-end=\"1084\">\ud83d\udccc <strong data-start=\"1069\" data-end=\"1084\">Punts clau:<\/strong><\/p>\n<ul data-start=\"1085\" data-end=\"1381\">\n<li data-start=\"1085\" data-end=\"1125\">\n<p data-start=\"1087\" data-end=\"1125\">Una sol\u00b7licitud per <strong data-start=\"1107\" data-end=\"1125\">nucli familiar<\/strong><\/p>\n<\/li>\n<li data-start=\"1126\" data-end=\"1189\">\n<p data-start=\"1128\" data-end=\"1189\">Tr\u00e0mit <strong data-start=\"1135\" data-end=\"1148\">telem\u00e0tic<\/strong> (Oficina Virtual) o <strong data-start=\"1169\" data-end=\"1183\">presencial<\/strong> (OAC)<\/p>\n<\/li>\n<li data-start=\"1190\" data-end=\"1251\">\n<p data-start=\"1192\" data-end=\"1251\"><strong data-start=\"1192\" data-end=\"1233\">No cal saber encara quines activitats<\/strong> faran els infants<\/p>\n<\/li>\n<li data-start=\"1252\" data-end=\"1381\">\n<p data-start=\"1254\" data-end=\"1321\">Serveix nom\u00e9s per determinar el <strong data-start=\"1286\" data-end=\"1303\">nivell d\u2019ajut<\/strong> segons ingressos:<\/p>\n<ul data-start=\"1324\" data-end=\"1381\">\n<li data-start=\"1324\" data-end=\"1341\">\n<p data-start=\"1326\" data-end=\"1341\">fins al <strong data-start=\"1334\" data-end=\"1341\">30%<\/strong><\/p>\n<\/li>\n<li data-start=\"1344\" data-end=\"1361\">\n<p data-start=\"1346\" data-end=\"1361\">fins al <strong data-start=\"1354\" data-end=\"1361\">60%<\/strong><\/p>\n<\/li>\n<li data-start=\"1364\" data-end=\"1381\">\n<p data-start=\"1366\" data-end=\"1381\">fins al <strong data-start=\"1374\" data-end=\"1381\">90%<\/strong><\/p>\n<\/li>\n<\/ul>\n<\/li>\n<\/ul>\n<p data-start=\"1383\" data-end=\"1491\">\ud83d\udce9 La resoluci\u00f3 es publicar\u00e0 al BOPB i s\u2019informar\u00e0 a les fam\u00edlies per <strong data-start=\"1453\" data-end=\"1480\">SMS i correu electr\u00f2nic<\/strong>, indicant:<\/p>\n<ul data-start=\"1492\" data-end=\"1605\">\n<li data-start=\"1492\" data-end=\"1510\">\n<p data-start=\"1494\" data-end=\"1510\">el nivell d\u2019ajut<\/p>\n<\/li>\n<li data-start=\"1511\" data-end=\"1605\">\n<p data-start=\"1513\" data-end=\"1605\">el <strong data-start=\"1516\" data-end=\"1531\">codi d\u2019ajut<\/strong> per a cada fill\/a<br data-start=\"1549\" data-end=\"1552\" \/><em data-start=\"1552\" data-end=\"1605\">(En aquest moment no s\u2019assigna cap import econ\u00f2mic)<\/em><\/p>\n<\/li>\n<\/ul>\n<hr data-start=\"1607\" data-end=\"1610\" \/>\n<h2 data-start=\"1612\" data-end=\"1668\">\ud83d\udcc5 Segon pas: sol\u00b7licitar l\u2019ajut per a cada activitat<\/h2>\n<p data-start=\"1669\" data-end=\"1777\">Un cop tingueu el nivell assignat, caldr\u00e0 demanar l\u2019ajut per a cada activitat en les convocat\u00f2ries seg\u00fcents:<\/p>\n<ul data-start=\"1779\" data-end=\"1938\">\n<li data-start=\"1779\" data-end=\"1823\">\n<p data-start=\"1781\" data-end=\"1823\">\ud83c\udf1e <a href=\"https:\/\/www.barcelona.cat\/vacances\/ca\"><strong data-start=\"1784\" data-end=\"1802\">Casals d\u2019estiu<\/strong><\/a>: abril \/ maig 2026<\/p>\n<\/li>\n<li data-start=\"1824\" data-end=\"1884\">\n<p data-start=\"1826\" data-end=\"1884\">\ud83c\udfc0 <a href=\"https:\/\/www.plaesportescolarbcn.cat\/ca\/subvencions_302069\"><strong data-start=\"1829\" data-end=\"1857\">Extraescolars esportives<\/strong><\/a>: setembre \/ octubre 2026<\/p>\n<\/li>\n<li data-start=\"1885\" data-end=\"1938\">\n<p data-start=\"1887\" data-end=\"1938\">\ud83c\udfa8 <a href=\"https:\/\/ajuntament.barcelona.cat\/tardeseducatives\/ca\"><strong data-start=\"1890\" data-end=\"1911\">Tardes educatives<\/strong><\/a>: setembre \/ octubre 2026<\/p>\n<\/li>\n<\/ul>\n<p data-start=\"1940\" data-end=\"2046\">\ud83d\udd22 Cada infant pot rebre ajut per <strong data-start=\"1974\" data-end=\"2006\">1 activitat de cada campanya<\/strong><br data-start=\"2006\" data-end=\"2009\" \/>\u27a1\ufe0f <strong data-start=\"2012\" data-end=\"2046\">M\u00e0xim: 3 activitats per infant<\/strong><\/p>\n<hr data-start=\"2048\" data-end=\"2051\" \/>\n<h2 data-start=\"2053\" data-end=\"2098\">\ud83e\uddfe Com es demana l\u2019ajut per una activitat?<\/h2>\n<ol data-start=\"2099\" data-end=\"2356\">\n<li data-start=\"2099\" data-end=\"2167\">\n<p data-start=\"2102\" data-end=\"2167\">Fer la <strong data-start=\"2109\" data-end=\"2130\">inscripci\u00f3 pr\u00e8via<\/strong> a l\u2019escola o entitat organitzadora<\/p>\n<\/li>\n<li data-start=\"2168\" data-end=\"2244\">\n<p data-start=\"2171\" data-end=\"2244\">L\u2019entitat us facilitar\u00e0 el <strong data-start=\"2198\" data-end=\"2221\">codi de l\u2019activitat<\/strong> (si est\u00e0 homologada)<\/p>\n<\/li>\n<li data-start=\"2245\" data-end=\"2356\">\n<p data-start=\"2248\" data-end=\"2289\">Fer un <strong data-start=\"2255\" data-end=\"2284\">segon tr\u00e0mit molt senzill<\/strong> amb:<\/p>\n<ul data-start=\"2293\" data-end=\"2356\">\n<li data-start=\"2293\" data-end=\"2329\">\n<p data-start=\"2295\" data-end=\"2329\">codi de nivell d\u2019ajut (per infant)<\/p>\n<\/li>\n<li data-start=\"2333\" data-end=\"2356\">\n<p data-start=\"2335\" data-end=\"2356\">codi de l\u2019activitat<\/p>\n<\/li>\n<\/ul>\n<\/li>\n<\/ol>\n<p data-start=\"2358\" data-end=\"2421\">\ud83d\udcec Rebreu la resoluci\u00f3 amb l\u2019<strong data-start=\"2387\" data-end=\"2412\">import final concedit<\/strong>, segons:<\/p>\n<ul data-start=\"2422\" data-end=\"2476\">\n<li data-start=\"2422\" data-end=\"2440\">\n<p data-start=\"2424\" data-end=\"2440\">el nivell d\u2019ajut<\/p>\n<\/li>\n<li data-start=\"2441\" data-end=\"2476\">\n<p data-start=\"2443\" data-end=\"2476\">el topall econ\u00f2mic de l\u2019activitat<\/p>\n<\/li>\n<\/ul>\n<hr data-start=\"2478\" data-end=\"2481\" \/>\n<h2 data-start=\"2483\" data-end=\"2498\">\u26a0\ufe0f IMPORTANT<\/h2>\n<p data-start=\"2499\" data-end=\"2645\">\u2757 Si <strong data-start=\"2504\" data-end=\"2531\">no feu el primer tr\u00e0mit<\/strong> (assignaci\u00f3 del nivell d\u2019ajut al gener-febrer), <strong data-start=\"2580\" data-end=\"2610\">no podreu demanar cap ajut<\/strong> per a les activitats m\u00e9s endavant.<\/p>\n<hr data-start=\"2647\" data-end=\"2650\" \/>\n<p data-start=\"2652\" data-end=\"2734\">\u2139\ufe0f <strong data-start=\"2655\" data-end=\"2674\">M\u00e9s informaci\u00f3:<\/strong><br data-start=\"2674\" data-end=\"2677\" \/>\ud83d\udc49 <a class=\"decorated-link\" href=\"https:\/\/ajuntament.barcelona.cat\/ajutsextraescolars\/ca\" target=\"_new\" rel=\"noopener\" data-start=\"2680\" data-end=\"2734\">https:\/\/ajuntament.barcelona.cat\/ajutsextraescolars\/ca<\/a><\/p>\n","protected":false},"excerpt":{"rendered":"<p>A partir del gener de 2026, l\u2019Ajuntament de Barcelona posa en marxa un nou sistema unificat i simplificat per sol\u00b7licitar ajuts econ\u00f2mics per a: \ud83c\udfc0 Activitats extraescolars esportives (6 a 17 anys) \ud83c\udfa8 Tardes educatives: activitats culturals, art\u00edstiques, cient\u00edfiques i tecnol\u00f2giques (6 a 17 anys) \ud83c\udf1e Casals i activitats de vacances d\u2019estiu (1 a 17 [&hellip;]<\/p>\n","protected":false},"author":1,"featured_media":0,"parent":1194,"menu_order":0,"comment_status":"closed","ping_status":"closed","template":"","meta":{"site-sidebar-layout":"default","site-content-layout":"","ast-site-content-layout":"default","site-content-style":"default","site-sidebar-style":"default","ast-global-header-display":"","ast-banner-title-visibility":"","ast-main-header-display":"","ast-hfb-above-header-display":"","ast-hfb-below-header-display":"","ast-hfb-mobile-header-display":"","site-post-title":"","ast-breadcrumbs-content":"","ast-featured-img":"","footer-sml-layout":"","theme-transparent-header-meta":"default","adv-header-id-meta":"","stick-header-meta":"","header-above-stick-meta":"","header-main-stick-meta":"","header-below-stick-meta":"","astra-migrate-meta-layouts":"set","ast-page-background-enabled":"default","ast-page-background-meta":{"desktop":{"background-color":"var(--ast-global-color-4)","background-image":"","background-repeat":"repeat","background-position":"center center","background-size":"auto","background-attachment":"scroll","background-type":"","background-media":"","overlay-type":"","overlay-color":"","overlay-opacity":"","overlay-gradient":""},"tablet":{"background-color":"","background-image":"","background-repeat":"repeat","background-position":"center center","background-size":"auto","background-attachment":"scroll","background-type":"","background-media":"","overlay-type":"","overlay-color":"","overlay-opacity":"","overlay-gradient":""},"mobile":{"background-color":"","background-image":"","background-repeat":"repeat","background-position":"center center","background-size":"auto","background-attachment":"scroll","background-type":"","background-media":"","overlay-type":"","overlay-color":"","overlay-opacity":"","overlay-gradient":""}},"ast-content-background-meta":{"desktop":{"background-color":"var(--ast-global-color-5)","background-image":"","background-repeat":"repeat","background-position":"center center","background-size":"auto","background-attachment":"scroll","background-type":"","background-media":"","overlay-type":"","overlay-color":"","overlay-opacity":"","overlay-gradient":""},"tablet":{"background-color":"var(--ast-global-color-5)","background-image":"","background-repeat":"repeat","background-position":"center center","background-size":"auto","background-attachment":"scroll","background-type":"","background-media":"","overlay-type":"","overlay-color":"","overlay-opacity":"","overlay-gradient":""},"mobile":{"background-color":"var(--ast-global-color-5)","background-image":"","background-repeat":"repeat","background-position":"center center","background-size":"auto","background-attachment":"scroll","background-type":"","background-media":"","overlay-type":"","overlay-color":"","overlay-opacity":"","overlay-gradient":""}},"footnotes":""},"class_list":["post-1217","page","type-page","status-publish","hentry"],"post_mailing_queue_ids":[],"_links":{"self":[{"href":"https:\/\/agora.xtec.cat\/escolaparcdelaciutadella\/wp-json\/wp\/v2\/pages\/1217","targetHints":{"allow":["GET"]}}],"collection":[{"href":"https:\/\/agora.xtec.cat\/escolaparcdelaciutadella\/wp-json\/wp\/v2\/pages"}],"about":[{"href":"https:\/\/agora.xtec.cat\/escolaparcdelaciutadella\/wp-json\/wp\/v2\/types\/page"}],"author":[{"embeddable":true,"href":"https:\/\/agora.xtec.cat\/escolaparcdelaciutadella\/wp-json\/wp\/v2\/users\/1"}],"replies":[{"embeddable":true,"href":"https:\/\/agora.xtec.cat\/escolaparcdelaciutadella\/wp-json\/wp\/v2\/comments?post=1217"}],"version-history":[{"count":7,"href":"https:\/\/agora.xtec.cat\/escolaparcdelaciutadella\/wp-json\/wp\/v2\/pages\/1217\/revisions"}],"predecessor-version":[{"id":1259,"href":"https:\/\/agora.xtec.cat\/escolaparcdelaciutadella\/wp-json\/wp\/v2\/pages\/1217\/revisions\/1259"}],"up":[{"embeddable":true,"href":"https:\/\/agora.xtec.cat\/escolaparcdelaciutadella\/wp-json\/wp\/v2\/pages\/1194"}],"wp:attachment":[{"href":"https:\/\/agora.xtec.cat\/escolaparcdelaciutadella\/wp-json\/wp\/v2\/media?parent=1217"}],"curies":[{"name":"wp","href":"https:\/\/api.w.org\/{rel}","templated":true}]}}