{"id":1205,"date":"2025-07-02T12:22:16","date_gmt":"2025-07-02T10:22:16","guid":{"rendered":"https:\/\/agora.xtec.cat\/escolaparcdelaciutadella\/?page_id=1205"},"modified":"2025-09-26T15:44:17","modified_gmt":"2025-09-26T13:44:17","slug":"primaria","status":"publish","type":"page","link":"https:\/\/agora.xtec.cat\/escolaparcdelaciutadella\/afa\/activitats-extraescolars\/primaria\/","title":{"rendered":"Prim\u00e0ria"},"content":{"rendered":"<p data-start=\"138\" data-end=\"500\">A les activitats extraescolars de prim\u00e0ria, els nens i nenes poden descobrir nous interessos, desenvolupar habilitats i compartir moments amb els companys en un entorn segur i motivador. Les activitats estan pensades per fomentar la creativitat, el treball en equip, l\u2019activitat f\u00edsica i l\u2019aprenentatge de noves compet\u00e8ncies de manera l\u00fadica.<\/p>\n<p data-start=\"502\" data-end=\"648\">A continuaci\u00f3 podeu consultar la imatge amb <strong data-start=\"546\" data-end=\"575\">els horaris, dies i preus<\/strong> de cada activitat, per organitzar millor la participaci\u00f3 dels infants.<\/p>\n<p><a href=\"https:\/\/agora.xtec.cat\/escolaparcdelaciutadella\/wp-content\/uploads\/usu3064\/2025\/09\/Primaria-25-26-1.png\"><img loading=\"lazy\" decoding=\"async\" class=\"aligncenter wp-image-1289\" src=\"https:\/\/agora.xtec.cat\/escolaparcdelaciutadella\/wp-content\/uploads\/usu3064\/2025\/09\/Primaria-25-26-1-1024x484.png\" alt=\"\" width=\"1354\" height=\"640\" srcset=\"https:\/\/agora.xtec.cat\/escolaparcdelaciutadella\/wp-content\/uploads\/usu3064\/2025\/09\/Primaria-25-26-1-1024x484.png 1024w, https:\/\/agora.xtec.cat\/escolaparcdelaciutadella\/wp-content\/uploads\/usu3064\/2025\/09\/Primaria-25-26-1-300x142.png 300w, https:\/\/agora.xtec.cat\/escolaparcdelaciutadella\/wp-content\/uploads\/usu3064\/2025\/09\/Primaria-25-26-1-768x363.png 768w, https:\/\/agora.xtec.cat\/escolaparcdelaciutadella\/wp-content\/uploads\/usu3064\/2025\/09\/Primaria-25-26-1.png 1403w\" sizes=\"auto, (max-width: 1354px) 100vw, 1354px\" \/><\/a><\/p>\n<p data-start=\"650\" data-end=\"685\"><strong data-start=\"650\" data-end=\"683\">Descripci\u00f3 de les activitats:<\/strong><\/p>\n<ul data-start=\"686\" data-end=\"1788\">\n<li data-start=\"686\" data-end=\"805\">\n<p data-start=\"688\" data-end=\"805\"><strong data-start=\"688\" data-end=\"699\">Escacs (impartida per Cap&amp;Cua):<\/strong> Desenvolupament del pensament l\u00f2gic, la concentraci\u00f3 i la presa de decisions a trav\u00e9s del joc d\u2019escacs.<\/p>\n<\/li>\n<li data-start=\"806\" data-end=\"949\">\n<p data-start=\"808\" data-end=\"949\"><strong data-start=\"808\" data-end=\"822\">Patinatge (impartida per AECV):<\/strong> Aprenentatge i perfeccionament de t\u00e8cniques de patinatge, treballant l\u2019equilibri, la coordinaci\u00f3 i la seguretat sobre rodes.<\/p>\n<\/li>\n<li data-start=\"950\" data-end=\"1098\">\n<p data-start=\"952\" data-end=\"1098\"><strong data-start=\"952\" data-end=\"981\">Break dance i acrob\u00e0cies (impartida per Breaking Barrio Activo):<\/strong> Moviment, ritme i expressi\u00f3 corporal a trav\u00e9s de la dansa i les acrob\u00e0cies, combinant diversi\u00f3 i activitat f\u00edsica.<\/p>\n<\/li>\n<li data-start=\"1099\" data-end=\"1241\">\n<p data-start=\"1101\" data-end=\"1241\"><strong data-start=\"1101\" data-end=\"1111\">Skate (impartida per Associaci\u00f3 Al Carrer):<\/strong> Aprenentatge de t\u00e8cniques de skate en un entorn segur, desenvolupant l\u2019equilibri, la coordinaci\u00f3 i la confian\u00e7a sobre la taula.<\/p>\n<\/li>\n<li data-start=\"1242\" data-end=\"1374\">\n<p data-start=\"1244\" data-end=\"1374\"><strong data-start=\"1244\" data-end=\"1255\">Futbol (impartida per AECV):<\/strong> Iniciaci\u00f3 i perfeccionament de t\u00e8cniques futbol\u00edstiques, treballant l\u2019esport en equip, l\u2019estrat\u00e8gia i la disciplina.<\/p>\n<\/li>\n<li data-start=\"1375\" data-end=\"1531\">\n<p data-start=\"1377\" data-end=\"1531\"><strong data-start=\"1377\" data-end=\"1388\">Angl\u00e8s (impartida per Kiddo):<\/strong> Aprenentatge de l\u2019angl\u00e8s amb jocs, activitats pr\u00e0ctiques i conversaci\u00f3, adaptat a la seva edat per potenciar la comprensi\u00f3 i expressi\u00f3 oral.<\/p>\n<\/li>\n<li data-start=\"1532\" data-end=\"1655\">\n<p data-start=\"1534\" data-end=\"1655\"><strong data-start=\"1534\" data-end=\"1554\">Dibuix art\u00edstic (impartida per Eixos Creativa):<\/strong> Exploraci\u00f3 de t\u00e8cniques de dibuix i pintura, desenvolupant la creativitat i l\u2019expressi\u00f3 art\u00edstica.<\/p>\n<\/li>\n<li data-start=\"1656\" data-end=\"1788\">\n<p data-start=\"1658\" data-end=\"1788\"><strong data-start=\"1658\" data-end=\"1687\">Modelatge amb Honey Clay (impartida per Eixos Creativa):<\/strong> Creaci\u00f3 i modelatge amb materials tous i segurs, fomentant la imaginaci\u00f3 i les habilitats manuals.<\/p>\n<\/li>\n<\/ul>\n","protected":false},"excerpt":{"rendered":"<p>A les activitats extraescolars de prim\u00e0ria, els nens i nenes poden descobrir nous interessos, desenvolupar habilitats i compartir moments amb els companys en un entorn segur i motivador. Les activitats estan pensades per fomentar la creativitat, el treball en equip, l\u2019activitat f\u00edsica i l\u2019aprenentatge de noves compet\u00e8ncies de manera l\u00fadica. A continuaci\u00f3 podeu consultar la [&hellip;]<\/p>\n","protected":false},"author":1,"featured_media":0,"parent":1194,"menu_order":0,"comment_status":"closed","ping_status":"closed","template":"","meta":{"site-sidebar-layout":"default","site-content-layout":"","ast-site-content-layout":"default","site-content-style":"default","site-sidebar-style":"default","ast-global-header-display":"","ast-banner-title-visibility":"","ast-main-header-display":"","ast-hfb-above-header-display":"","ast-hfb-below-header-display":"","ast-hfb-mobile-header-display":"","site-post-title":"","ast-breadcrumbs-content":"","ast-featured-img":"","footer-sml-layout":"","theme-transparent-header-meta":"default","adv-header-id-meta":"","stick-header-meta":"","header-above-stick-meta":"","header-main-stick-meta":"","header-below-stick-meta":"","astra-migrate-meta-layouts":"set","ast-page-background-enabled":"default","ast-page-background-meta":{"desktop":{"background-color":"var(--ast-global-color-4)","background-image":"","background-repeat":"repeat","background-position":"center center","background-size":"auto","background-attachment":"scroll","background-type":"","background-media":"","overlay-type":"","overlay-color":"","overlay-opacity":"","overlay-gradient":""},"tablet":{"background-color":"","background-image":"","background-repeat":"repeat","background-position":"center center","background-size":"auto","background-attachment":"scroll","background-type":"","background-media":"","overlay-type":"","overlay-color":"","overlay-opacity":"","overlay-gradient":""},"mobile":{"background-color":"","background-image":"","background-repeat":"repeat","background-position":"center center","background-size":"auto","background-attachment":"scroll","background-type":"","background-media":"","overlay-type":"","overlay-color":"","overlay-opacity":"","overlay-gradient":""}},"ast-content-background-meta":{"desktop":{"background-color":"var(--ast-global-color-5)","background-image":"","background-repeat":"repeat","background-position":"center center","background-size":"auto","background-attachment":"scroll","background-type":"","background-media":"","overlay-type":"","overlay-color":"","overlay-opacity":"","overlay-gradient":""},"tablet":{"background-color":"var(--ast-global-color-5)","background-image":"","background-repeat":"repeat","background-position":"center center","background-size":"auto","background-attachment":"scroll","background-type":"","background-media":"","overlay-type":"","overlay-color":"","overlay-opacity":"","overlay-gradient":""},"mobile":{"background-color":"var(--ast-global-color-5)","background-image":"","background-repeat":"repeat","background-position":"center center","background-size":"auto","background-attachment":"scroll","background-type":"","background-media":"","overlay-type":"","overlay-color":"","overlay-opacity":"","overlay-gradient":""}},"footnotes":""},"class_list":["post-1205","page","type-page","status-publish","hentry"],"post_mailing_queue_ids":[],"_links":{"self":[{"href":"https:\/\/agora.xtec.cat\/escolaparcdelaciutadella\/wp-json\/wp\/v2\/pages\/1205","targetHints":{"allow":["GET"]}}],"collection":[{"href":"https:\/\/agora.xtec.cat\/escolaparcdelaciutadella\/wp-json\/wp\/v2\/pages"}],"about":[{"href":"https:\/\/agora.xtec.cat\/escolaparcdelaciutadella\/wp-json\/wp\/v2\/types\/page"}],"author":[{"embeddable":true,"href":"https:\/\/agora.xtec.cat\/escolaparcdelaciutadella\/wp-json\/wp\/v2\/users\/1"}],"replies":[{"embeddable":true,"href":"https:\/\/agora.xtec.cat\/escolaparcdelaciutadella\/wp-json\/wp\/v2\/comments?post=1205"}],"version-history":[{"count":6,"href":"https:\/\/agora.xtec.cat\/escolaparcdelaciutadella\/wp-json\/wp\/v2\/pages\/1205\/revisions"}],"predecessor-version":[{"id":1291,"href":"https:\/\/agora.xtec.cat\/escolaparcdelaciutadella\/wp-json\/wp\/v2\/pages\/1205\/revisions\/1291"}],"up":[{"embeddable":true,"href":"https:\/\/agora.xtec.cat\/escolaparcdelaciutadella\/wp-json\/wp\/v2\/pages\/1194"}],"wp:attachment":[{"href":"https:\/\/agora.xtec.cat\/escolaparcdelaciutadella\/wp-json\/wp\/v2\/media?parent=1205"}],"curies":[{"name":"wp","href":"https:\/\/api.w.org\/{rel}","templated":true}]}}