{"id":1203,"date":"2025-07-02T12:22:00","date_gmt":"2025-07-02T10:22:00","guid":{"rendered":"https:\/\/agora.xtec.cat\/escolaparcdelaciutadella\/?page_id=1203"},"modified":"2025-09-26T15:45:08","modified_gmt":"2025-09-26T13:45:08","slug":"infantil","status":"publish","type":"page","link":"https:\/\/agora.xtec.cat\/escolaparcdelaciutadella\/afa\/activitats-extraescolars\/infantil\/","title":{"rendered":"Infantil"},"content":{"rendered":"<p data-start=\"150\" data-end=\"457\">A les activitats extraescolars d\u2019infantil, els m\u00e9s petits poden explorar noves aficions i aprendre jugant en un entorn segur i divertit. Les activitats estan pensades per estimular la creativitat, la motricitat i les habilitats socials, tot potenciant la curiositat natural dels infants.<\/p>\n<p data-start=\"459\" data-end=\"605\">A continuaci\u00f3 podeu consultar la imatge amb <strong data-start=\"503\" data-end=\"532\">els horaris, dies i preus<\/strong> de cada activitat, per planificar millor la participaci\u00f3 dels infants.<\/p>\n<p><a href=\"https:\/\/agora.xtec.cat\/escolaparcdelaciutadella\/wp-content\/uploads\/usu3064\/2025\/09\/Infantil-25-26-1.png\"><img loading=\"lazy\" decoding=\"async\" class=\"aligncenter wp-image-1288\" src=\"https:\/\/agora.xtec.cat\/escolaparcdelaciutadella\/wp-content\/uploads\/usu3064\/2025\/09\/Infantil-25-26-1-1024x463.png\" alt=\"\" width=\"1416\" height=\"640\" srcset=\"https:\/\/agora.xtec.cat\/escolaparcdelaciutadella\/wp-content\/uploads\/usu3064\/2025\/09\/Infantil-25-26-1-1024x463.png 1024w, https:\/\/agora.xtec.cat\/escolaparcdelaciutadella\/wp-content\/uploads\/usu3064\/2025\/09\/Infantil-25-26-1-300x136.png 300w, https:\/\/agora.xtec.cat\/escolaparcdelaciutadella\/wp-content\/uploads\/usu3064\/2025\/09\/Infantil-25-26-1-768x347.png 768w, https:\/\/agora.xtec.cat\/escolaparcdelaciutadella\/wp-content\/uploads\/usu3064\/2025\/09\/Infantil-25-26-1.png 1394w\" sizes=\"auto, (max-width: 1416px) 100vw, 1416px\" \/><\/a><\/p>\n<p data-start=\"607\" data-end=\"642\"><strong data-start=\"607\" data-end=\"640\">Descripci\u00f3 de les activitats:<\/strong><\/p>\n<ul>\n<li style=\"list-style-type: none;\">\n<ul>\n<li data-start=\"788\" data-end=\"925\">\n<p data-start=\"790\" data-end=\"925\"><strong data-start=\"790\" data-end=\"801\">Angl\u00e8s (impartida per Kiddo):<\/strong> Introducci\u00f3 a l\u2019angl\u00e8s amb jocs, can\u00e7ons i activitats adaptades a la seva edat, fomentant la comprensi\u00f3 i expressi\u00f3 oral.<\/p>\n<\/li>\n<li data-start=\"1066\" data-end=\"1232\">\n<p data-start=\"1068\" data-end=\"1232\"><strong data-start=\"1068\" data-end=\"1097\">Break dance i acrob\u00e0cies (impartida per Breaking Barrio Activo):<\/strong> Moviment, ritme i expressi\u00f3 corporal a trav\u00e9s de dansa i acrob\u00e0cies adaptades als m\u00e9s petits, combinant diversi\u00f3 i activitat f\u00edsica.<\/p>\n<\/li>\n<li data-start=\"1233\" data-end=\"1377\">\n<p data-start=\"1235\" data-end=\"1377\"><strong data-start=\"1235\" data-end=\"1245\">Skate (impartida per Associaci\u00f3 Al Carrer):<\/strong> Aprenentatge de la t\u00e8cnica b\u00e0sica de skate de manera segura, fomentant l\u2019equilibri, la coordinaci\u00f3 i la confian\u00e7a sobre la taula.<\/p>\n<\/li>\n<\/ul>\n<\/li>\n<\/ul>\n","protected":false},"excerpt":{"rendered":"<p>A les activitats extraescolars d\u2019infantil, els m\u00e9s petits poden explorar noves aficions i aprendre jugant en un entorn segur i divertit. Les activitats estan pensades per estimular la creativitat, la motricitat i les habilitats socials, tot potenciant la curiositat natural dels infants. A continuaci\u00f3 podeu consultar la imatge amb els horaris, dies i preus de [&hellip;]<\/p>\n","protected":false},"author":1,"featured_media":0,"parent":1194,"menu_order":0,"comment_status":"closed","ping_status":"closed","template":"","meta":{"site-sidebar-layout":"default","site-content-layout":"","ast-site-content-layout":"default","site-content-style":"default","site-sidebar-style":"default","ast-global-header-display":"","ast-banner-title-visibility":"","ast-main-header-display":"","ast-hfb-above-header-display":"","ast-hfb-below-header-display":"","ast-hfb-mobile-header-display":"","site-post-title":"","ast-breadcrumbs-content":"","ast-featured-img":"","footer-sml-layout":"","theme-transparent-header-meta":"default","adv-header-id-meta":"","stick-header-meta":"","header-above-stick-meta":"","header-main-stick-meta":"","header-below-stick-meta":"","astra-migrate-meta-layouts":"set","ast-page-background-enabled":"default","ast-page-background-meta":{"desktop":{"background-color":"var(--ast-global-color-4)","background-image":"","background-repeat":"repeat","background-position":"center center","background-size":"auto","background-attachment":"scroll","background-type":"","background-media":"","overlay-type":"","overlay-color":"","overlay-opacity":"","overlay-gradient":""},"tablet":{"background-color":"","background-image":"","background-repeat":"repeat","background-position":"center center","background-size":"auto","background-attachment":"scroll","background-type":"","background-media":"","overlay-type":"","overlay-color":"","overlay-opacity":"","overlay-gradient":""},"mobile":{"background-color":"","background-image":"","background-repeat":"repeat","background-position":"center center","background-size":"auto","background-attachment":"scroll","background-type":"","background-media":"","overlay-type":"","overlay-color":"","overlay-opacity":"","overlay-gradient":""}},"ast-content-background-meta":{"desktop":{"background-color":"var(--ast-global-color-5)","background-image":"","background-repeat":"repeat","background-position":"center center","background-size":"auto","background-attachment":"scroll","background-type":"","background-media":"","overlay-type":"","overlay-color":"","overlay-opacity":"","overlay-gradient":""},"tablet":{"background-color":"var(--ast-global-color-5)","background-image":"","background-repeat":"repeat","background-position":"center center","background-size":"auto","background-attachment":"scroll","background-type":"","background-media":"","overlay-type":"","overlay-color":"","overlay-opacity":"","overlay-gradient":""},"mobile":{"background-color":"var(--ast-global-color-5)","background-image":"","background-repeat":"repeat","background-position":"center center","background-size":"auto","background-attachment":"scroll","background-type":"","background-media":"","overlay-type":"","overlay-color":"","overlay-opacity":"","overlay-gradient":""}},"footnotes":""},"class_list":["post-1203","page","type-page","status-publish","hentry"],"post_mailing_queue_ids":[],"_links":{"self":[{"href":"https:\/\/agora.xtec.cat\/escolaparcdelaciutadella\/wp-json\/wp\/v2\/pages\/1203","targetHints":{"allow":["GET"]}}],"collection":[{"href":"https:\/\/agora.xtec.cat\/escolaparcdelaciutadella\/wp-json\/wp\/v2\/pages"}],"about":[{"href":"https:\/\/agora.xtec.cat\/escolaparcdelaciutadella\/wp-json\/wp\/v2\/types\/page"}],"author":[{"embeddable":true,"href":"https:\/\/agora.xtec.cat\/escolaparcdelaciutadella\/wp-json\/wp\/v2\/users\/1"}],"replies":[{"embeddable":true,"href":"https:\/\/agora.xtec.cat\/escolaparcdelaciutadella\/wp-json\/wp\/v2\/comments?post=1203"}],"version-history":[{"count":6,"href":"https:\/\/agora.xtec.cat\/escolaparcdelaciutadella\/wp-json\/wp\/v2\/pages\/1203\/revisions"}],"predecessor-version":[{"id":1292,"href":"https:\/\/agora.xtec.cat\/escolaparcdelaciutadella\/wp-json\/wp\/v2\/pages\/1203\/revisions\/1292"}],"up":[{"embeddable":true,"href":"https:\/\/agora.xtec.cat\/escolaparcdelaciutadella\/wp-json\/wp\/v2\/pages\/1194"}],"wp:attachment":[{"href":"https:\/\/agora.xtec.cat\/escolaparcdelaciutadella\/wp-json\/wp\/v2\/media?parent=1203"}],"curies":[{"name":"wp","href":"https:\/\/api.w.org\/{rel}","templated":true}]}}