{"id":885,"date":"2023-10-25T17:27:25","date_gmt":"2023-10-25T15:27:25","guid":{"rendered":"https:\/\/agora.xtec.cat\/escolapapasseitmollet\/?page_id=885"},"modified":"2026-01-28T19:51:29","modified_gmt":"2026-01-28T18:51:29","slug":"serveis","status":"publish","type":"page","link":"https:\/\/agora.xtec.cat\/escolapapasseitmollet\/serveis\/","title":{"rendered":"Serveis i activitats"},"content":{"rendered":"\n<p><strong>Activitats complement\u00e0ries (horari escolar)<\/strong><br>Dins l\u2019horari lectiu, l\u2019escola ofereix activitats complement\u00e0ries que enriqueixen l\u2019aprenentatge de l\u2019alumnat. Destaquen l\u2019<strong><a href=\"https:\/\/agora.xtec.cat\/escolapapasseitmollet\/serveis\/hort-escolar\/\">hort escolar<\/a><\/strong> a <strong>3r i 4t<\/strong>, com a espai d\u2019experimentaci\u00f3 i contacte amb la natura, i la <strong><a href=\"https:\/\/agora.xtec.cat\/escolapapasseitmollet\/serveis\/piscina\/\">piscina<\/a><\/strong> per als grups d\u2019<strong>I4, I5, 1r, 3r i 5\u00e8<\/strong>, on es treballa la nataci\u00f3, la psicomotricitat i l\u2019autonomia en un entorn educatiu i segur.<\/p>\n\n\n\n<p><strong>Servei de menjador<\/strong><br>L\u2019escola disposa de <strong><a href=\"https:\/\/agora.xtec.cat\/escolapapasseitmollet\/serveis\/menjador\/\">servei de menjador<\/a><\/strong>, que garanteix una alimentaci\u00f3 equilibrada i saludable. El temps de migdia es concep tamb\u00e9 com un espai educatiu de conviv\u00e8ncia, h\u00e0bits i relacions positives entre els infants.<\/p>\n\n\n\n<p><strong>Activitats extraescolars<\/strong><br>Tamb\u00e9 oferim <strong><a href=\"https:\/\/agora.xtec.cat\/escolapapasseitmollet\/serveis\/afa\/activitats-extraescolars\/\">activitats extraescolars<\/a><\/strong>, pensades per complementar l\u2019aprenentatge i afavorir el desenvolupament personal, social i creatiu de l\u2019alumnat m\u00e9s enll\u00e0 de l\u2019horari lectiu.<\/p>\n\n\n\n<p><\/p>\n","protected":false},"excerpt":{"rendered":"<p>Activitats complement\u00e0ries (horari escolar)Dins l\u2019horari lectiu, l\u2019escola ofereix activitats complement\u00e0ries que enriqueixen l\u2019aprenentatge de l\u2019alumnat. Destaquen l\u2019hort escolar a 3r i 4t, com a espai d\u2019experimentaci\u00f3 i contacte amb la natura, i la piscina per als grups d\u2019I4, I5, 1r, 3r i 5\u00e8, on es treballa la nataci\u00f3, la psicomotricitat i l\u2019autonomia en un entorn [&hellip;]<\/p>\n","protected":false},"author":1,"featured_media":0,"parent":0,"menu_order":0,"comment_status":"closed","ping_status":"closed","template":"","meta":{"_bbp_topic_count":0,"_bbp_reply_count":0,"_bbp_total_topic_count":0,"_bbp_total_reply_count":0,"_bbp_voice_count":0,"_bbp_anonymous_reply_count":0,"_bbp_topic_count_hidden":0,"_bbp_reply_count_hidden":0,"_bbp_forum_subforum_count":0,"site-sidebar-layout":"default","site-content-layout":"","ast-site-content-layout":"default","site-content-style":"default","site-sidebar-style":"default","ast-global-header-display":"","ast-banner-title-visibility":"","ast-main-header-display":"","ast-hfb-above-header-display":"","ast-hfb-below-header-display":"","ast-hfb-mobile-header-display":"","site-post-title":"","ast-breadcrumbs-content":"","ast-featured-img":"","footer-sml-layout":"","theme-transparent-header-meta":"","adv-header-id-meta":"","stick-header-meta":"","header-above-stick-meta":"","header-main-stick-meta":"","header-below-stick-meta":"","astra-migrate-meta-layouts":"set","ast-page-background-enabled":"default","ast-page-background-meta":{"desktop":{"background-color":"var(--ast-global-color-4)","background-image":"","background-repeat":"repeat","background-position":"center center","background-size":"auto","background-attachment":"scroll","background-type":"","background-media":"","overlay-type":"","overlay-color":"","overlay-opacity":"","overlay-gradient":""},"tablet":{"background-color":"","background-image":"","background-repeat":"repeat","background-position":"center center","background-size":"auto","background-attachment":"scroll","background-type":"","background-media":"","overlay-type":"","overlay-color":"","overlay-opacity":"","overlay-gradient":""},"mobile":{"background-color":"","background-image":"","background-repeat":"repeat","background-position":"center center","background-size":"auto","background-attachment":"scroll","background-type":"","background-media":"","overlay-type":"","overlay-color":"","overlay-opacity":"","overlay-gradient":""}},"ast-content-background-meta":{"desktop":{"background-color":"var(--ast-global-color-5)","background-image":"","background-repeat":"repeat","background-position":"center center","background-size":"auto","background-attachment":"scroll","background-type":"","background-media":"","overlay-type":"","overlay-color":"","overlay-opacity":"","overlay-gradient":""},"tablet":{"background-color":"var(--ast-global-color-5)","background-image":"","background-repeat":"repeat","background-position":"center center","background-size":"auto","background-attachment":"scroll","background-type":"","background-media":"","overlay-type":"","overlay-color":"","overlay-opacity":"","overlay-gradient":""},"mobile":{"background-color":"var(--ast-global-color-5)","background-image":"","background-repeat":"repeat","background-position":"center center","background-size":"auto","background-attachment":"scroll","background-type":"","background-media":"","overlay-type":"","overlay-color":"","overlay-opacity":"","overlay-gradient":""}},"footnotes":""},"class_list":["post-885","page","type-page","status-publish","hentry"],"post_mailing_queue_ids":[],"_links":{"self":[{"href":"https:\/\/agora.xtec.cat\/escolapapasseitmollet\/wp-json\/wp\/v2\/pages\/885","targetHints":{"allow":["GET"]}}],"collection":[{"href":"https:\/\/agora.xtec.cat\/escolapapasseitmollet\/wp-json\/wp\/v2\/pages"}],"about":[{"href":"https:\/\/agora.xtec.cat\/escolapapasseitmollet\/wp-json\/wp\/v2\/types\/page"}],"author":[{"embeddable":true,"href":"https:\/\/agora.xtec.cat\/escolapapasseitmollet\/wp-json\/wp\/v2\/users\/1"}],"replies":[{"embeddable":true,"href":"https:\/\/agora.xtec.cat\/escolapapasseitmollet\/wp-json\/wp\/v2\/comments?post=885"}],"version-history":[{"count":6,"href":"https:\/\/agora.xtec.cat\/escolapapasseitmollet\/wp-json\/wp\/v2\/pages\/885\/revisions"}],"predecessor-version":[{"id":1833,"href":"https:\/\/agora.xtec.cat\/escolapapasseitmollet\/wp-json\/wp\/v2\/pages\/885\/revisions\/1833"}],"wp:attachment":[{"href":"https:\/\/agora.xtec.cat\/escolapapasseitmollet\/wp-json\/wp\/v2\/media?parent=885"}],"curies":[{"name":"wp","href":"https:\/\/api.w.org\/{rel}","templated":true}]}}