{"id":879,"date":"2023-10-25T17:17:00","date_gmt":"2023-10-25T15:17:00","guid":{"rendered":"https:\/\/agora.xtec.cat\/escolapapasseitmollet\/?page_id=879"},"modified":"2026-03-09T16:37:11","modified_gmt":"2026-03-09T15:37:11","slug":"activitats-extraescolars","status":"publish","type":"page","link":"https:\/\/agora.xtec.cat\/escolapapasseitmollet\/serveis\/afa\/activitats-extraescolars\/","title":{"rendered":"Activitats Extraescolars"},"content":{"rendered":"\n<h1 class=\"wp-block-heading\"><\/h1>\n\n\n\n<p id=\"block-da7df125-ef8e-4632-8635-9efb7b9f0901\">Les activitats extraescolars formen part de la vida educativa de l\u2019escola i ofereixen a l\u2019alumnat espais d\u2019expressi\u00f3, creativitat i aprenentatge m\u00e9s enll\u00e0 de l\u2019aula.<\/p>\n\n\n\n<p id=\"block-da7df125-ef8e-4632-8635-9efb7b9f0901\">Els <strong>dilluns, de 16.30 a 17.45 h<\/strong>, l\u2019escola s\u2019omple de ritme i moviment amb dues propostes pensades per a diferents edats:<\/p>\n\n\n\n<p>Les activitats ofertes en aquest curs 2025-2026 s\u00f3n:<\/p>\n\n\n\n<ul class=\"wp-block-list\">\n<li><strong><a href=\"https:\/\/agora.xtec.cat\/escolapapasseitmollet\/projectes\/batucada-i-papasseitus-bum-bum\/\">Batukada<\/a> (de 3r a 6\u00e8):<\/strong> A trav\u00e9s del projecte <strong>Papasseitus Bum Bum<\/strong>, els infants descobreixen la m\u00fasica corporal, el treball en grup i la for\u00e7a del ritme com a eina d\u2019expressi\u00f3 col\u00b7lectiva. La batucada fomenta la coordinaci\u00f3, l\u2019escolta activa, la confian\u00e7a i el sentiment de pertinen\u00e7a, tot connectant amb la cultura, la festa i la participaci\u00f3 comunit\u00e0ria.<\/li>\n<\/ul>\n\n\n\n<ul class=\"wp-block-list\">\n<li><a href=\"https:\/\/agora.xtec.cat\/escolapapasseitmollet\/serveis\/afa\/activitats-extraescolars\/multiesport-i-malabars-d1r-a-3r\/\"><strong>Multiesport i<\/strong> <strong>Malabars<\/strong><\/a><strong> (d\u20191r a 3r)<\/strong><br>Una activitat l\u00fadica i motriu on els infants treballen la concentraci\u00f3, la coordinaci\u00f3 i la perseveran\u00e7a a partir del joc. Els malabars permeten aprendre a gestionar l\u2019error, refor\u00e7ar l\u2019autoestima i gaudir del moviment en un ambient creatiu i respectu\u00f3s.<\/li>\n<\/ul>\n\n\n\n<ul class=\"wp-block-list\">\n<li><strong><a href=\"https:\/\/agora.xtec.cat\/escolapapasseitmollet\/tsae\/\">Tallers d&#8217;estudi assistit<\/a> (TSAE) &#8211; <em>pr\u00f2ximament<\/em>: <\/strong>Pr\u00f2ximament, l\u2019escola oferir\u00e0 els Tallers d\u2019Estudi Assistit, un espai fora de l\u2019horari lectiu amb una vessant l\u00fadica, pensat per refor\u00e7ar h\u00e0bits d\u2019estudi, autonomia i una actitud positiva envers l\u2019aprenentatge, tot afavorint la conviv\u00e8ncia, el benestar emocional i l\u2019\u00fas de la llengua catalana.<\/li>\n<\/ul>\n\n\n\n<p><\/p>\n","protected":false},"excerpt":{"rendered":"<p>Les activitats extraescolars formen part de la vida educativa de l\u2019escola i ofereixen a l\u2019alumnat espais d\u2019expressi\u00f3, creativitat i aprenentatge m\u00e9s enll\u00e0 de l\u2019aula. Els dilluns, de 16.30 a 17.45 h, l\u2019escola s\u2019omple de ritme i moviment amb dues propostes pensades per a diferents edats: Les activitats ofertes en aquest curs 2025-2026 s\u00f3n:<\/p>\n","protected":false},"author":1,"featured_media":0,"parent":882,"menu_order":0,"comment_status":"closed","ping_status":"closed","template":"","meta":{"_bbp_topic_count":0,"_bbp_reply_count":0,"_bbp_total_topic_count":0,"_bbp_total_reply_count":0,"_bbp_voice_count":0,"_bbp_anonymous_reply_count":0,"_bbp_topic_count_hidden":0,"_bbp_reply_count_hidden":0,"_bbp_forum_subforum_count":0,"site-sidebar-layout":"default","site-content-layout":"","ast-site-content-layout":"default","site-content-style":"default","site-sidebar-style":"default","ast-global-header-display":"","ast-banner-title-visibility":"","ast-main-header-display":"","ast-hfb-above-header-display":"","ast-hfb-below-header-display":"","ast-hfb-mobile-header-display":"","site-post-title":"","ast-breadcrumbs-content":"","ast-featured-img":"","footer-sml-layout":"","theme-transparent-header-meta":"","adv-header-id-meta":"","stick-header-meta":"","header-above-stick-meta":"","header-main-stick-meta":"","header-below-stick-meta":"","astra-migrate-meta-layouts":"set","ast-page-background-enabled":"default","ast-page-background-meta":{"desktop":{"background-color":"var(--ast-global-color-4)","background-image":"","background-repeat":"repeat","background-position":"center center","background-size":"auto","background-attachment":"scroll","background-type":"","background-media":"","overlay-type":"","overlay-color":"","overlay-opacity":"","overlay-gradient":""},"tablet":{"background-color":"","background-image":"","background-repeat":"repeat","background-position":"center center","background-size":"auto","background-attachment":"scroll","background-type":"","background-media":"","overlay-type":"","overlay-color":"","overlay-opacity":"","overlay-gradient":""},"mobile":{"background-color":"","background-image":"","background-repeat":"repeat","background-position":"center center","background-size":"auto","background-attachment":"scroll","background-type":"","background-media":"","overlay-type":"","overlay-color":"","overlay-opacity":"","overlay-gradient":""}},"ast-content-background-meta":{"desktop":{"background-color":"var(--ast-global-color-5)","background-image":"","background-repeat":"repeat","background-position":"center center","background-size":"auto","background-attachment":"scroll","background-type":"","background-media":"","overlay-type":"","overlay-color":"","overlay-opacity":"","overlay-gradient":""},"tablet":{"background-color":"var(--ast-global-color-5)","background-image":"","background-repeat":"repeat","background-position":"center center","background-size":"auto","background-attachment":"scroll","background-type":"","background-media":"","overlay-type":"","overlay-color":"","overlay-opacity":"","overlay-gradient":""},"mobile":{"background-color":"var(--ast-global-color-5)","background-image":"","background-repeat":"repeat","background-position":"center center","background-size":"auto","background-attachment":"scroll","background-type":"","background-media":"","overlay-type":"","overlay-color":"","overlay-opacity":"","overlay-gradient":""}},"footnotes":""},"class_list":["post-879","page","type-page","status-publish","hentry"],"post_mailing_queue_ids":[],"_links":{"self":[{"href":"https:\/\/agora.xtec.cat\/escolapapasseitmollet\/wp-json\/wp\/v2\/pages\/879","targetHints":{"allow":["GET"]}}],"collection":[{"href":"https:\/\/agora.xtec.cat\/escolapapasseitmollet\/wp-json\/wp\/v2\/pages"}],"about":[{"href":"https:\/\/agora.xtec.cat\/escolapapasseitmollet\/wp-json\/wp\/v2\/types\/page"}],"author":[{"embeddable":true,"href":"https:\/\/agora.xtec.cat\/escolapapasseitmollet\/wp-json\/wp\/v2\/users\/1"}],"replies":[{"embeddable":true,"href":"https:\/\/agora.xtec.cat\/escolapapasseitmollet\/wp-json\/wp\/v2\/comments?post=879"}],"version-history":[{"count":6,"href":"https:\/\/agora.xtec.cat\/escolapapasseitmollet\/wp-json\/wp\/v2\/pages\/879\/revisions"}],"predecessor-version":[{"id":2168,"href":"https:\/\/agora.xtec.cat\/escolapapasseitmollet\/wp-json\/wp\/v2\/pages\/879\/revisions\/2168"}],"up":[{"embeddable":true,"href":"https:\/\/agora.xtec.cat\/escolapapasseitmollet\/wp-json\/wp\/v2\/pages\/882"}],"wp:attachment":[{"href":"https:\/\/agora.xtec.cat\/escolapapasseitmollet\/wp-json\/wp\/v2\/media?parent=879"}],"curies":[{"name":"wp","href":"https:\/\/api.w.org\/{rel}","templated":true}]}}