{"id":753,"date":"2023-07-12T12:18:16","date_gmt":"2023-07-12T10:18:16","guid":{"rendered":"https:\/\/agora.xtec.cat\/escolapapasseitmollet\/?page_id=753"},"modified":"2026-03-04T21:17:42","modified_gmt":"2026-03-04T20:17:42","slug":"horaris","status":"publish","type":"page","link":"https:\/\/agora.xtec.cat\/escolapapasseitmollet\/lescola\/horaris\/","title":{"rendered":"Horari escolar"},"content":{"rendered":"<h3><span style=\"text-decoration: underline;\">HORARI DEL CENTRE EDUCACI\u00d3 INFANTIL I PRIM\u00c0RIA<\/span><\/h3>\n<p>Mat\u00ed de 9 a 12:30h.<br \/>\nTarda de 15 a 16:30h.<\/p>\n<h3><span style=\"text-decoration: underline;\">HORARI DE DIRECCI\u00d3 I CAP D\u2019ESTUDIS<\/span><\/h3>\n<p>Dilluns &#8211; 9 a 11h<\/p>\n<p>Dijous &#8211;\u00a0 9 a11h<\/p>\n<p>(Altres horaris a concretar)<\/p>\n<h3><span style=\"text-decoration: underline;\">HORARI DE SECRETARIA DOCENT (comissi\u00f3 econ\u00f2mica)<\/span><\/h3>\n<p>Dilluns a Divendres &#8211; \u00a09:00-9:30h<\/p>\n<h3><span style=\"text-decoration: underline;\">HORARI DE SECRETARIA DEL CENTRE\u00a0<\/span><\/h3>\n<p>Dilluns a Dijous &#8211; \u00a09 a 12:30h \/\u00a015 a 16:30h.<\/p>\n<p>Divendres &#8211; 9 a 14h<\/p>\n<h3 style=\"text-align: center;\">CALENDARI CURS 2025-2026<\/h3>\n<p>&nbsp;<\/p>\n<p><a href=\"https:\/\/agora.xtec.cat\/escolapapasseitmollet\/wp-content\/uploads\/usu2048\/2025\/09\/CALENDARI-FAMILIES-3_page-0001.jpg\"><img loading=\"lazy\" decoding=\"async\" class=\"aligncenter size-large wp-image-1423\" src=\"https:\/\/agora.xtec.cat\/escolapapasseitmollet\/wp-content\/uploads\/usu2048\/2025\/09\/CALENDARI-FAMILIES-3_page-0001-724x1024.jpg\" alt=\"\" width=\"724\" height=\"1024\" srcset=\"https:\/\/agora.xtec.cat\/escolapapasseitmollet\/wp-content\/uploads\/usu2048\/2025\/09\/CALENDARI-FAMILIES-3_page-0001-724x1024.jpg 724w, https:\/\/agora.xtec.cat\/escolapapasseitmollet\/wp-content\/uploads\/usu2048\/2025\/09\/CALENDARI-FAMILIES-3_page-0001-212x300.jpg 212w, https:\/\/agora.xtec.cat\/escolapapasseitmollet\/wp-content\/uploads\/usu2048\/2025\/09\/CALENDARI-FAMILIES-3_page-0001-768x1086.jpg 768w, https:\/\/agora.xtec.cat\/escolapapasseitmollet\/wp-content\/uploads\/usu2048\/2025\/09\/CALENDARI-FAMILIES-3_page-0001-1086x1536.jpg 1086w, https:\/\/agora.xtec.cat\/escolapapasseitmollet\/wp-content\/uploads\/usu2048\/2025\/09\/CALENDARI-FAMILIES-3_page-0001.jpg 1240w\" sizes=\"auto, (max-width: 724px) 100vw, 724px\" \/><\/a><\/p>\n<p>&nbsp;<\/p>\n<p>&nbsp;<\/p>\n<p>&nbsp;<\/p>\n","protected":false},"excerpt":{"rendered":"<p>HORARI DEL CENTRE EDUCACI\u00d3 INFANTIL I PRIM\u00c0RIA Mat\u00ed de 9 a 12:30h. Tarda de 15 a 16:30h. HORARI DE DIRECCI\u00d3 I CAP D\u2019ESTUDIS Dilluns &#8211; 9 a 11h Dijous &#8211;\u00a0 9 a11h (Altres horaris a concretar) HORARI DE SECRETARIA DOCENT (comissi\u00f3 econ\u00f2mica) Dilluns a Divendres &#8211; \u00a09:00-9:30h HORARI DE SECRETARIA DEL CENTRE\u00a0 Dilluns a Dijous [&hellip;]<\/p>\n","protected":false},"author":1,"featured_media":0,"parent":742,"menu_order":3,"comment_status":"closed","ping_status":"closed","template":"","meta":{"_bbp_topic_count":0,"_bbp_reply_count":0,"_bbp_total_topic_count":0,"_bbp_total_reply_count":0,"_bbp_voice_count":0,"_bbp_anonymous_reply_count":0,"_bbp_topic_count_hidden":0,"_bbp_reply_count_hidden":0,"_bbp_forum_subforum_count":0,"site-sidebar-layout":"default","site-content-layout":"","ast-site-content-layout":"","site-content-style":"default","site-sidebar-style":"default","ast-global-header-display":"","ast-banner-title-visibility":"","ast-main-header-display":"","ast-hfb-above-header-display":"","ast-hfb-below-header-display":"","ast-hfb-mobile-header-display":"","site-post-title":"","ast-breadcrumbs-content":"","ast-featured-img":"","footer-sml-layout":"","theme-transparent-header-meta":"","adv-header-id-meta":"","stick-header-meta":"","header-above-stick-meta":"","header-main-stick-meta":"","header-below-stick-meta":"","astra-migrate-meta-layouts":"default","ast-page-background-enabled":"default","ast-page-background-meta":{"desktop":{"background-color":"var(--ast-global-color-4)","background-image":"","background-repeat":"repeat","background-position":"center center","background-size":"auto","background-attachment":"scroll","background-type":"","background-media":"","overlay-type":"","overlay-color":"","overlay-opacity":"","overlay-gradient":""},"tablet":{"background-color":"","background-image":"","background-repeat":"repeat","background-position":"center center","background-size":"auto","background-attachment":"scroll","background-type":"","background-media":"","overlay-type":"","overlay-color":"","overlay-opacity":"","overlay-gradient":""},"mobile":{"background-color":"","background-image":"","background-repeat":"repeat","background-position":"center center","background-size":"auto","background-attachment":"scroll","background-type":"","background-media":"","overlay-type":"","overlay-color":"","overlay-opacity":"","overlay-gradient":""}},"ast-content-background-meta":{"desktop":{"background-color":"var(--ast-global-color-5)","background-image":"","background-repeat":"repeat","background-position":"center center","background-size":"auto","background-attachment":"scroll","background-type":"","background-media":"","overlay-type":"","overlay-color":"","overlay-opacity":"","overlay-gradient":""},"tablet":{"background-color":"var(--ast-global-color-5)","background-image":"","background-repeat":"repeat","background-position":"center center","background-size":"auto","background-attachment":"scroll","background-type":"","background-media":"","overlay-type":"","overlay-color":"","overlay-opacity":"","overlay-gradient":""},"mobile":{"background-color":"var(--ast-global-color-5)","background-image":"","background-repeat":"repeat","background-position":"center center","background-size":"auto","background-attachment":"scroll","background-type":"","background-media":"","overlay-type":"","overlay-color":"","overlay-opacity":"","overlay-gradient":""}},"footnotes":""},"class_list":["post-753","page","type-page","status-publish","hentry"],"post_mailing_queue_ids":[],"_links":{"self":[{"href":"https:\/\/agora.xtec.cat\/escolapapasseitmollet\/wp-json\/wp\/v2\/pages\/753","targetHints":{"allow":["GET"]}}],"collection":[{"href":"https:\/\/agora.xtec.cat\/escolapapasseitmollet\/wp-json\/wp\/v2\/pages"}],"about":[{"href":"https:\/\/agora.xtec.cat\/escolapapasseitmollet\/wp-json\/wp\/v2\/types\/page"}],"author":[{"embeddable":true,"href":"https:\/\/agora.xtec.cat\/escolapapasseitmollet\/wp-json\/wp\/v2\/users\/1"}],"replies":[{"embeddable":true,"href":"https:\/\/agora.xtec.cat\/escolapapasseitmollet\/wp-json\/wp\/v2\/comments?post=753"}],"version-history":[{"count":7,"href":"https:\/\/agora.xtec.cat\/escolapapasseitmollet\/wp-json\/wp\/v2\/pages\/753\/revisions"}],"predecessor-version":[{"id":1440,"href":"https:\/\/agora.xtec.cat\/escolapapasseitmollet\/wp-json\/wp\/v2\/pages\/753\/revisions\/1440"}],"up":[{"embeddable":true,"href":"https:\/\/agora.xtec.cat\/escolapapasseitmollet\/wp-json\/wp\/v2\/pages\/742"}],"wp:attachment":[{"href":"https:\/\/agora.xtec.cat\/escolapapasseitmollet\/wp-json\/wp\/v2\/media?parent=753"}],"curies":[{"name":"wp","href":"https:\/\/api.w.org\/{rel}","templated":true}]}}