{"id":2126,"date":"2026-03-04T21:23:27","date_gmt":"2026-03-04T20:23:27","guid":{"rendered":"https:\/\/agora.xtec.cat\/escolapapasseitmollet\/?page_id=2126"},"modified":"2026-03-09T16:02:28","modified_gmt":"2026-03-09T15:02:28","slug":"objectius","status":"publish","type":"page","link":"https:\/\/agora.xtec.cat\/escolapapasseitmollet\/lescola\/estrategia-digital-de-centre-edc\/objectius\/","title":{"rendered":"Objectius"},"content":{"rendered":"\n<p class=\"has-ast-global-color-0-background-color has-background\" style=\"border-style:none;border-width:0px\">A continuaci\u00f3, podeu consultar els <strong>objectius <\/strong>de la nostra <strong>Estrat\u00e8gia Digital del centre<\/strong> (EDC) durant el curs <strong>2025-2026<\/strong>.<\/p>\n\n\n\n<div class=\"wp-block-getwid-toggle has-icon-left\">\n<div class=\"wp-block-getwid-toggle__row\"><div class=\"wp-block-getwid-toggle__header-wrapper\"><span class=\"wp-block-getwid-toggle__header\"><a href=\"#\"><span class=\"wp-block-getwid-toggle__header-title\">Objectiu 1: Millorar la compet\u00e8ncia digital de l\u2019alumnat<\/span><span class=\"wp-block-getwid-toggle__icon is-active\"><i class=\"fas fa-plus\"><\/i><\/span><span class=\"wp-block-getwid-toggle__icon is-passive\"><i class=\"fas fa-minus\"><\/i><\/span><\/a><\/span><\/div><div class=\"wp-block-getwid-toggle__content-wrapper\"><div class=\"wp-block-getwid-toggle__content\">\n<p><strong>Actititat 1.1 &#8211; <\/strong>Actualitzar la seq\u00fcenciaci\u00f3 de la compet\u00e8ncia digital de l\u2019alumnat a tots els nivells de prim\u00e0ria i infantil per aplicar el nou curr\u00edculum.<\/p>\n\n\n\n<p><strong>Activitat 1.2 &#8211; <\/strong>Realitzar activitats digitals integrades en diferents \u00e0rees del curr\u00edculum.<\/p>\n<\/div><\/div><\/div>\n\n\n\n<div class=\"wp-block-getwid-toggle__row\"><div class=\"wp-block-getwid-toggle__header-wrapper\"><span class=\"wp-block-getwid-toggle__header\"><a href=\"#\"><span class=\"wp-block-getwid-toggle__header-title\">Objectiu 2: Mantenir i millorar els tallers de rob\u00f2tica de prim\u00e0ria.<\/span><span class=\"wp-block-getwid-toggle__icon is-active\"><i class=\"fas fa-plus\"><\/i><\/span><span class=\"wp-block-getwid-toggle__icon is-passive\"><i class=\"fas fa-minus\"><\/i><\/span><\/a><\/span><\/div><div class=\"wp-block-getwid-toggle__content-wrapper\"><div class=\"wp-block-getwid-toggle__content\">\n<p><strong>Activitat 2.1 &#8211; <\/strong>Recollir i documentar la programaci\u00f3 de rob\u00f2tica realitzada als tallers de prim\u00e0ria.<\/p>\n\n\n\n<p><strong>Activitat 2.2 &#8211;<\/strong> Elaborar una nova programaci\u00f3 de tallers de rob\u00f2tica per al proper cicle de tallers.<\/p>\n<\/div><\/div><\/div>\n\n\n\n<div class=\"wp-block-getwid-toggle__row\"><div class=\"wp-block-getwid-toggle__header-wrapper\"><span class=\"wp-block-getwid-toggle__header\"><a href=\"#\"><span class=\"wp-block-getwid-toggle__header-title\">Objectiu 3 &#8211; Potenciar la compet\u00e8ncia digital del professorat i la difusi\u00f3 de les activitats del centre a trav\u00e9s del web i les xarxes socials.<\/span><span class=\"wp-block-getwid-toggle__icon is-active\"><i class=\"fas fa-plus\"><\/i><\/span><span class=\"wp-block-getwid-toggle__icon is-passive\"><i class=\"fas fa-minus\"><\/i><\/span><\/a><\/span><\/div><div class=\"wp-block-getwid-toggle__content-wrapper\"><div class=\"wp-block-getwid-toggle__content\">\n<p><strong>Activitat 3.1 &#8211; <\/strong>Realitzar cicles pedag\u00f2gics entre el professorat per compartir eines i recursos digitals.<\/p>\n\n\n\n<p><strong>Activitat 3.2 &#8211; <\/strong>Formar el professorat per publicar articles al web del centre.<\/p>\n<\/div><\/div><\/div>\n\n\n\n<div class=\"wp-block-getwid-toggle__row\"><div class=\"wp-block-getwid-toggle__header-wrapper\"><span class=\"wp-block-getwid-toggle__header\"><a href=\"#\"><span class=\"wp-block-getwid-toggle__header-title\">Objectiu 4 &#8211; Millorar la comunicaci\u00f3 del centre amb les fam\u00edlies i la comunitat educativa mitjan\u00e7ant el web.<\/span><span class=\"wp-block-getwid-toggle__icon is-active\"><i class=\"fas fa-plus\"><\/i><\/span><span class=\"wp-block-getwid-toggle__icon is-passive\"><i class=\"fas fa-minus\"><\/i><\/span><\/a><\/span><\/div><div class=\"wp-block-getwid-toggle__content-wrapper\"><div class=\"wp-block-getwid-toggle__content\">\n<p><strong>Activitat 4.1 &#8211;<\/strong> Mantenir el bon funcionament de TokApp com a canal de comunicaci\u00f3 amb les fam\u00edlies.<\/p>\n\n\n\n<p><strong>Activitat 4.2 &#8211;<\/strong> Elaborar i publicar articles al web del centre amb la participaci\u00f3 de l\u2019alumnat.<\/p>\n<\/div><\/div><\/div>\n\n\n\n<div class=\"wp-block-getwid-toggle__row\"><div class=\"wp-block-getwid-toggle__header-wrapper\"><span class=\"wp-block-getwid-toggle__header\"><a href=\"#\"><span class=\"wp-block-getwid-toggle__header-title\">Objectiu 5 &#8211; Promoure l\u2019\u00fas responsable i segur de les tecnologies digitals entre l\u2019alumnat.<\/span><span class=\"wp-block-getwid-toggle__icon is-active\"><i class=\"fas fa-plus\"><\/i><\/span><span class=\"wp-block-getwid-toggle__icon is-passive\"><i class=\"fas fa-minus\"><\/i><\/span><\/a><\/span><\/div><div class=\"wp-block-getwid-toggle__content-wrapper\"><div class=\"wp-block-getwid-toggle__content\">\n<p><strong>Activitat 5.1 &#8211; <\/strong>Realitzar activitats de sensibilitzaci\u00f3 sobre l\u2019\u00fas responsable i segur de les tecnologies digitals a partir de cicle superior.<\/p>\n<\/div><\/div><\/div>\n<\/div>\n\n\n\n<p><\/p>\n","protected":false},"excerpt":{"rendered":"<p>A continuaci\u00f3, podeu consultar els objectius de la nostra Estrat\u00e8gia Digital del centre (EDC) durant el curs 2025-2026.<\/p>\n","protected":false},"author":1,"featured_media":0,"parent":2106,"menu_order":2,"comment_status":"closed","ping_status":"closed","template":"","meta":{"_bbp_topic_count":0,"_bbp_reply_count":0,"_bbp_total_topic_count":0,"_bbp_total_reply_count":0,"_bbp_voice_count":0,"_bbp_anonymous_reply_count":0,"_bbp_topic_count_hidden":0,"_bbp_reply_count_hidden":0,"_bbp_forum_subforum_count":0,"site-sidebar-layout":"default","site-content-layout":"","ast-site-content-layout":"default","site-content-style":"default","site-sidebar-style":"default","ast-global-header-display":"","ast-banner-title-visibility":"","ast-main-header-display":"","ast-hfb-above-header-display":"","ast-hfb-below-header-display":"","ast-hfb-mobile-header-display":"","site-post-title":"","ast-breadcrumbs-content":"","ast-featured-img":"","footer-sml-layout":"","theme-transparent-header-meta":"","adv-header-id-meta":"","stick-header-meta":"","header-above-stick-meta":"","header-main-stick-meta":"","header-below-stick-meta":"","astra-migrate-meta-layouts":"set","ast-page-background-enabled":"default","ast-page-background-meta":{"desktop":{"background-color":"var(--ast-global-color-4)","background-image":"","background-repeat":"repeat","background-position":"center center","background-size":"auto","background-attachment":"scroll","background-type":"","background-media":"","overlay-type":"","overlay-color":"","overlay-opacity":"","overlay-gradient":""},"tablet":{"background-color":"","background-image":"","background-repeat":"repeat","background-position":"center center","background-size":"auto","background-attachment":"scroll","background-type":"","background-media":"","overlay-type":"","overlay-color":"","overlay-opacity":"","overlay-gradient":""},"mobile":{"background-color":"","background-image":"","background-repeat":"repeat","background-position":"center center","background-size":"auto","background-attachment":"scroll","background-type":"","background-media":"","overlay-type":"","overlay-color":"","overlay-opacity":"","overlay-gradient":""}},"ast-content-background-meta":{"desktop":{"background-color":"var(--ast-global-color-5)","background-image":"","background-repeat":"repeat","background-position":"center center","background-size":"auto","background-attachment":"scroll","background-type":"","background-media":"","overlay-type":"","overlay-color":"","overlay-opacity":"","overlay-gradient":""},"tablet":{"background-color":"var(--ast-global-color-5)","background-image":"","background-repeat":"repeat","background-position":"center center","background-size":"auto","background-attachment":"scroll","background-type":"","background-media":"","overlay-type":"","overlay-color":"","overlay-opacity":"","overlay-gradient":""},"mobile":{"background-color":"var(--ast-global-color-5)","background-image":"","background-repeat":"repeat","background-position":"center center","background-size":"auto","background-attachment":"scroll","background-type":"","background-media":"","overlay-type":"","overlay-color":"","overlay-opacity":"","overlay-gradient":""}},"footnotes":""},"class_list":["post-2126","page","type-page","status-publish","hentry"],"post_mailing_queue_ids":[],"_links":{"self":[{"href":"https:\/\/agora.xtec.cat\/escolapapasseitmollet\/wp-json\/wp\/v2\/pages\/2126","targetHints":{"allow":["GET"]}}],"collection":[{"href":"https:\/\/agora.xtec.cat\/escolapapasseitmollet\/wp-json\/wp\/v2\/pages"}],"about":[{"href":"https:\/\/agora.xtec.cat\/escolapapasseitmollet\/wp-json\/wp\/v2\/types\/page"}],"author":[{"embeddable":true,"href":"https:\/\/agora.xtec.cat\/escolapapasseitmollet\/wp-json\/wp\/v2\/users\/1"}],"replies":[{"embeddable":true,"href":"https:\/\/agora.xtec.cat\/escolapapasseitmollet\/wp-json\/wp\/v2\/comments?post=2126"}],"version-history":[{"count":3,"href":"https:\/\/agora.xtec.cat\/escolapapasseitmollet\/wp-json\/wp\/v2\/pages\/2126\/revisions"}],"predecessor-version":[{"id":2154,"href":"https:\/\/agora.xtec.cat\/escolapapasseitmollet\/wp-json\/wp\/v2\/pages\/2126\/revisions\/2154"}],"up":[{"embeddable":true,"href":"https:\/\/agora.xtec.cat\/escolapapasseitmollet\/wp-json\/wp\/v2\/pages\/2106"}],"wp:attachment":[{"href":"https:\/\/agora.xtec.cat\/escolapapasseitmollet\/wp-json\/wp\/v2\/media?parent=2126"}],"curies":[{"name":"wp","href":"https:\/\/api.w.org\/{rel}","templated":true}]}}