{"id":2106,"date":"2026-03-04T18:31:44","date_gmt":"2026-03-04T17:31:44","guid":{"rendered":"https:\/\/agora.xtec.cat\/escolapapasseitmollet\/?page_id=2106"},"modified":"2026-03-09T16:07:31","modified_gmt":"2026-03-09T15:07:31","slug":"estrategia-digital-de-centre-edc","status":"publish","type":"page","link":"https:\/\/agora.xtec.cat\/escolapapasseitmollet\/lescola\/estrategia-digital-de-centre-edc\/","title":{"rendered":"Estrat\u00e8gia digital de centre (EDC)"},"content":{"rendered":"\n<div class=\"wp-block-columns is-layout-flex wp-container-core-columns-is-layout-1 wp-block-columns-is-layout-flex\">\n<div class=\"wp-block-column is-layout-flow wp-block-column-is-layout-flow\">\n<p>L\u2019Escola Joan Salvat Papasseit va iniciar l\u2019elaboraci\u00f3 de la seva <strong><a href=\"https:\/\/sites.google.com\/xtec.cat\/escolajoansalvatpapasseit\/estrat%C3%A8gia-digital\">Estrat\u00e8gia Digital de Centre (EDC)<\/a><\/strong> el curs <strong>2021-22<\/strong>, amb l\u2019objectiu d\u2019impulsar la integraci\u00f3 de les tecnologies digitals en els processos d\u2019ensenyament i aprenentatge i en el funcionament del centre.<\/p>\n\n\n\n<p style=\"border-style:none;border-width:0px\">L\u2019EDC \u00e9s un document viu que recull els objectius i les actuacions relacionades amb l\u2019\u00e0mbit digital del centre. Aquest document es revisa peri\u00f2dicament per adaptar-se a les necessitats del centre i a l\u2019evoluci\u00f3 de les tecnologies digitals en l\u2019\u00e0mbit educatiu.<\/p>\n<\/div>\n\n\n\n<div class=\"wp-block-column is-layout-flow wp-block-column-is-layout-flow\">\n<figure class=\"wp-block-image aligncenter size-full is-style-default\" style=\"margin-top:0;margin-right:var(--wp--preset--spacing--60);margin-bottom:0;margin-left:var(--wp--preset--spacing--60)\"><a href=\"https:\/\/agora.xtec.cat\/escolapapasseitmollet\/wp-content\/uploads\/usu2048\/2026\/03\/Diseno-sin-titulo.png\"><img loading=\"lazy\" decoding=\"async\" width=\"350\" height=\"350\" src=\"https:\/\/agora.xtec.cat\/escolapapasseitmollet\/wp-content\/uploads\/usu2048\/2026\/03\/Diseno-sin-titulo.png\" alt=\"\" class=\"wp-image-2113\" srcset=\"https:\/\/agora.xtec.cat\/escolapapasseitmollet\/wp-content\/uploads\/usu2048\/2026\/03\/Diseno-sin-titulo.png 350w, https:\/\/agora.xtec.cat\/escolapapasseitmollet\/wp-content\/uploads\/usu2048\/2026\/03\/Diseno-sin-titulo-300x300.png 300w, https:\/\/agora.xtec.cat\/escolapapasseitmollet\/wp-content\/uploads\/usu2048\/2026\/03\/Diseno-sin-titulo-150x150.png 150w\" sizes=\"auto, (max-width: 350px) 100vw, 350px\" \/><\/a><\/figure>\n<\/div>\n<\/div>\n\n\n\n<p>En aquest apartat es recull la informaci\u00f3 relacionada amb la part estrat\u00e8gica de la nostra Estrat\u00e8gia Digital de Centre (EDC). Aquest proc\u00e9s es va iniciar el curs 2021-22 i es desenvolupa de manera progressiva fins al curs 2025-26.<\/p>\n\n\n\n<p>L&#8217;<strong>EDC<\/strong> s&#8217;ha estructurat en <strong>4 parts<\/strong>:<\/p>\n\n\n\n<ul class=\"wp-block-list\">\n<li><strong><a href=\"https:\/\/agora.xtec.cat\/escolapapasseitmollet\/lescola\/estrategia-digital-de-centre-edc\/part-estrategica-diagnosi\/\">Diagnosi<\/a><\/strong><\/li>\n\n\n\n<li><strong><a href=\"https:\/\/agora.xtec.cat\/escolapapasseitmollet\/lescola\/estrategia-digital-de-centre-edc\/objectius\/\">Objectius<\/a><\/strong><\/li>\n\n\n\n<li>Planificaci\u00f3 i seguiment <em>(en proc\u00e9s de creaci\u00f3)<\/em><\/li>\n\n\n\n<li>Avaluaci\u00f3 i millora <em>(en proc\u00e9s de creaci\u00f3)<\/em><\/li>\n<\/ul>\n\n\n\n<p><\/p>\n","protected":false},"excerpt":{"rendered":"<p>L\u2019Escola Joan Salvat Papasseit va iniciar l\u2019elaboraci\u00f3 de la seva Estrat\u00e8gia Digital de Centre (EDC) el curs 2021-22, amb l\u2019objectiu d\u2019impulsar la integraci\u00f3 de les tecnologies digitals en els processos d\u2019ensenyament i aprenentatge i en el funcionament del centre. L\u2019EDC \u00e9s un document viu que recull els objectius i les actuacions relacionades amb l\u2019\u00e0mbit digital [&hellip;]<\/p>\n","protected":false},"author":1,"featured_media":0,"parent":742,"menu_order":6,"comment_status":"closed","ping_status":"closed","template":"","meta":{"_bbp_topic_count":0,"_bbp_reply_count":0,"_bbp_total_topic_count":0,"_bbp_total_reply_count":0,"_bbp_voice_count":0,"_bbp_anonymous_reply_count":0,"_bbp_topic_count_hidden":0,"_bbp_reply_count_hidden":0,"_bbp_forum_subforum_count":0,"site-sidebar-layout":"default","site-content-layout":"","ast-site-content-layout":"default","site-content-style":"default","site-sidebar-style":"default","ast-global-header-display":"","ast-banner-title-visibility":"","ast-main-header-display":"","ast-hfb-above-header-display":"","ast-hfb-below-header-display":"","ast-hfb-mobile-header-display":"","site-post-title":"","ast-breadcrumbs-content":"","ast-featured-img":"","footer-sml-layout":"","theme-transparent-header-meta":"","adv-header-id-meta":"","stick-header-meta":"","header-above-stick-meta":"","header-main-stick-meta":"","header-below-stick-meta":"","astra-migrate-meta-layouts":"set","ast-page-background-enabled":"default","ast-page-background-meta":{"desktop":{"background-color":"var(--ast-global-color-4)","background-image":"","background-repeat":"repeat","background-position":"center center","background-size":"auto","background-attachment":"scroll","background-type":"","background-media":"","overlay-type":"","overlay-color":"","overlay-opacity":"","overlay-gradient":""},"tablet":{"background-color":"","background-image":"","background-repeat":"repeat","background-position":"center center","background-size":"auto","background-attachment":"scroll","background-type":"","background-media":"","overlay-type":"","overlay-color":"","overlay-opacity":"","overlay-gradient":""},"mobile":{"background-color":"","background-image":"","background-repeat":"repeat","background-position":"center center","background-size":"auto","background-attachment":"scroll","background-type":"","background-media":"","overlay-type":"","overlay-color":"","overlay-opacity":"","overlay-gradient":""}},"ast-content-background-meta":{"desktop":{"background-color":"var(--ast-global-color-5)","background-image":"","background-repeat":"repeat","background-position":"center center","background-size":"auto","background-attachment":"scroll","background-type":"","background-media":"","overlay-type":"","overlay-color":"","overlay-opacity":"","overlay-gradient":""},"tablet":{"background-color":"var(--ast-global-color-5)","background-image":"","background-repeat":"repeat","background-position":"center center","background-size":"auto","background-attachment":"scroll","background-type":"","background-media":"","overlay-type":"","overlay-color":"","overlay-opacity":"","overlay-gradient":""},"mobile":{"background-color":"var(--ast-global-color-5)","background-image":"","background-repeat":"repeat","background-position":"center center","background-size":"auto","background-attachment":"scroll","background-type":"","background-media":"","overlay-type":"","overlay-color":"","overlay-opacity":"","overlay-gradient":""}},"footnotes":""},"class_list":["post-2106","page","type-page","status-publish","hentry"],"post_mailing_queue_ids":[],"_links":{"self":[{"href":"https:\/\/agora.xtec.cat\/escolapapasseitmollet\/wp-json\/wp\/v2\/pages\/2106","targetHints":{"allow":["GET"]}}],"collection":[{"href":"https:\/\/agora.xtec.cat\/escolapapasseitmollet\/wp-json\/wp\/v2\/pages"}],"about":[{"href":"https:\/\/agora.xtec.cat\/escolapapasseitmollet\/wp-json\/wp\/v2\/types\/page"}],"author":[{"embeddable":true,"href":"https:\/\/agora.xtec.cat\/escolapapasseitmollet\/wp-json\/wp\/v2\/users\/1"}],"replies":[{"embeddable":true,"href":"https:\/\/agora.xtec.cat\/escolapapasseitmollet\/wp-json\/wp\/v2\/comments?post=2106"}],"version-history":[{"count":4,"href":"https:\/\/agora.xtec.cat\/escolapapasseitmollet\/wp-json\/wp\/v2\/pages\/2106\/revisions"}],"predecessor-version":[{"id":2155,"href":"https:\/\/agora.xtec.cat\/escolapapasseitmollet\/wp-json\/wp\/v2\/pages\/2106\/revisions\/2155"}],"up":[{"embeddable":true,"href":"https:\/\/agora.xtec.cat\/escolapapasseitmollet\/wp-json\/wp\/v2\/pages\/742"}],"wp:attachment":[{"href":"https:\/\/agora.xtec.cat\/escolapapasseitmollet\/wp-json\/wp\/v2\/media?parent=2106"}],"curies":[{"name":"wp","href":"https:\/\/api.w.org\/{rel}","templated":true}]}}