{"id":1840,"date":"2026-01-28T20:18:17","date_gmt":"2026-01-28T19:18:17","guid":{"rendered":"https:\/\/agora.xtec.cat\/escolapapasseitmollet\/?page_id=1840"},"modified":"2026-01-28T20:18:58","modified_gmt":"2026-01-28T19:18:58","slug":"la-clika","status":"publish","type":"page","link":"https:\/\/agora.xtec.cat\/escolapapasseitmollet\/projectes\/la-clika\/","title":{"rendered":"La Clika"},"content":{"rendered":"\n<p>A 2n de prim\u00e0ria, l\u2019alumnat participa en <strong><a href=\"https:\/\/laclika.cat\/\">La Clika<\/a><\/strong>, un projecte musical pensat per viure la m\u00fasica de manera vivencial, l\u00fadica i motivadora. A trav\u00e9s de can\u00e7ons, jocs musicals, ritme i moviment, els infants desenvolupen la sensibilitat musical, la coordinaci\u00f3, l\u2019expressi\u00f3 emocional i la creativitat. El projecte afavoreix tamb\u00e9 la cohesi\u00f3 del grup i la participaci\u00f3 activa de tots els nens i nenes, independentment del seu nivell musical. La Clika integra la m\u00fasica com a eina educativa transversal, connectant-la amb emocions, valors i aprenentatges significatius que reforcen el vincle de l\u2019alumnat amb l\u2019escola.<\/p>\n\n\n\n<div class=\"wp-block-getwid-video-popup has-image\"><a class=\"wp-block-getwid-video-popup__link\" href=\"https:\/\/www.youtube.com\/watch?v=DfBi3Ghxt18\"><div class=\"wp-block-getwid-video-popup__wrapper\"><img loading=\"lazy\" decoding=\"async\" width=\"1600\" height=\"1200\" src=\"https:\/\/agora.xtec.cat\/escolapapasseitmollet\/wp-content\/uploads\/usu2048\/2026\/01\/WhatsApp-Image-2026-01-28-at-20.13.02-4.jpeg\" alt=\"\" class=\"wp-block-getwid-video-popup__image wp-block-getwid-video-popup__source wp-image-1841\" srcset=\"https:\/\/agora.xtec.cat\/escolapapasseitmollet\/wp-content\/uploads\/usu2048\/2026\/01\/WhatsApp-Image-2026-01-28-at-20.13.02-4.jpeg 1600w, https:\/\/agora.xtec.cat\/escolapapasseitmollet\/wp-content\/uploads\/usu2048\/2026\/01\/WhatsApp-Image-2026-01-28-at-20.13.02-4-300x225.jpeg 300w, https:\/\/agora.xtec.cat\/escolapapasseitmollet\/wp-content\/uploads\/usu2048\/2026\/01\/WhatsApp-Image-2026-01-28-at-20.13.02-4-1024x768.jpeg 1024w, https:\/\/agora.xtec.cat\/escolapapasseitmollet\/wp-content\/uploads\/usu2048\/2026\/01\/WhatsApp-Image-2026-01-28-at-20.13.02-4-768x576.jpeg 768w, https:\/\/agora.xtec.cat\/escolapapasseitmollet\/wp-content\/uploads\/usu2048\/2026\/01\/WhatsApp-Image-2026-01-28-at-20.13.02-4-1536x1152.jpeg 1536w\" sizes=\"auto, (max-width: 1600px) 100vw, 1600px\" \/><div class=\"wp-block-getwid-video-popup__button is-style-default has-animation-pulse\" style=\"border-color:var(--ast-global-color-0)\"><div class=\"wp-block-getwid-video-popup__icon has-background has-ast-global-color-0-background-color\" style=\"border-color:var(--ast-global-color-0)\"><i class=\"fas fa-play\" aria-hidden=\"true\"><\/i><\/div><\/div><\/div><\/a><div class=\"wp-block-getwid-video-popup__caption\"><\/div><\/div>\n","protected":false},"excerpt":{"rendered":"<p>A 2n de prim\u00e0ria, l\u2019alumnat participa en La Clika, un projecte musical pensat per viure la m\u00fasica de manera vivencial, l\u00fadica i motivadora. A trav\u00e9s de can\u00e7ons, jocs musicals, ritme i moviment, els infants desenvolupen la sensibilitat musical, la coordinaci\u00f3, l\u2019expressi\u00f3 emocional i la creativitat. El projecte afavoreix tamb\u00e9 la cohesi\u00f3 del grup i la [&hellip;]<\/p>\n","protected":false},"author":1,"featured_media":0,"parent":1745,"menu_order":9,"comment_status":"closed","ping_status":"closed","template":"","meta":{"_bbp_topic_count":0,"_bbp_reply_count":0,"_bbp_total_topic_count":0,"_bbp_total_reply_count":0,"_bbp_voice_count":0,"_bbp_anonymous_reply_count":0,"_bbp_topic_count_hidden":0,"_bbp_reply_count_hidden":0,"_bbp_forum_subforum_count":0,"site-sidebar-layout":"default","site-content-layout":"","ast-site-content-layout":"default","site-content-style":"default","site-sidebar-style":"default","ast-global-header-display":"","ast-banner-title-visibility":"","ast-main-header-display":"","ast-hfb-above-header-display":"","ast-hfb-below-header-display":"","ast-hfb-mobile-header-display":"","site-post-title":"","ast-breadcrumbs-content":"","ast-featured-img":"","footer-sml-layout":"","theme-transparent-header-meta":"","adv-header-id-meta":"","stick-header-meta":"","header-above-stick-meta":"","header-main-stick-meta":"","header-below-stick-meta":"","astra-migrate-meta-layouts":"set","ast-page-background-enabled":"default","ast-page-background-meta":{"desktop":{"background-color":"var(--ast-global-color-4)","background-image":"","background-repeat":"repeat","background-position":"center center","background-size":"auto","background-attachment":"scroll","background-type":"","background-media":"","overlay-type":"","overlay-color":"","overlay-opacity":"","overlay-gradient":""},"tablet":{"background-color":"","background-image":"","background-repeat":"repeat","background-position":"center center","background-size":"auto","background-attachment":"scroll","background-type":"","background-media":"","overlay-type":"","overlay-color":"","overlay-opacity":"","overlay-gradient":""},"mobile":{"background-color":"","background-image":"","background-repeat":"repeat","background-position":"center center","background-size":"auto","background-attachment":"scroll","background-type":"","background-media":"","overlay-type":"","overlay-color":"","overlay-opacity":"","overlay-gradient":""}},"ast-content-background-meta":{"desktop":{"background-color":"var(--ast-global-color-5)","background-image":"","background-repeat":"repeat","background-position":"center center","background-size":"auto","background-attachment":"scroll","background-type":"","background-media":"","overlay-type":"","overlay-color":"","overlay-opacity":"","overlay-gradient":""},"tablet":{"background-color":"var(--ast-global-color-5)","background-image":"","background-repeat":"repeat","background-position":"center center","background-size":"auto","background-attachment":"scroll","background-type":"","background-media":"","overlay-type":"","overlay-color":"","overlay-opacity":"","overlay-gradient":""},"mobile":{"background-color":"var(--ast-global-color-5)","background-image":"","background-repeat":"repeat","background-position":"center center","background-size":"auto","background-attachment":"scroll","background-type":"","background-media":"","overlay-type":"","overlay-color":"","overlay-opacity":"","overlay-gradient":""}},"footnotes":""},"class_list":["post-1840","page","type-page","status-publish","hentry"],"post_mailing_queue_ids":[],"_links":{"self":[{"href":"https:\/\/agora.xtec.cat\/escolapapasseitmollet\/wp-json\/wp\/v2\/pages\/1840","targetHints":{"allow":["GET"]}}],"collection":[{"href":"https:\/\/agora.xtec.cat\/escolapapasseitmollet\/wp-json\/wp\/v2\/pages"}],"about":[{"href":"https:\/\/agora.xtec.cat\/escolapapasseitmollet\/wp-json\/wp\/v2\/types\/page"}],"author":[{"embeddable":true,"href":"https:\/\/agora.xtec.cat\/escolapapasseitmollet\/wp-json\/wp\/v2\/users\/1"}],"replies":[{"embeddable":true,"href":"https:\/\/agora.xtec.cat\/escolapapasseitmollet\/wp-json\/wp\/v2\/comments?post=1840"}],"version-history":[{"count":2,"href":"https:\/\/agora.xtec.cat\/escolapapasseitmollet\/wp-json\/wp\/v2\/pages\/1840\/revisions"}],"predecessor-version":[{"id":1844,"href":"https:\/\/agora.xtec.cat\/escolapapasseitmollet\/wp-json\/wp\/v2\/pages\/1840\/revisions\/1844"}],"up":[{"embeddable":true,"href":"https:\/\/agora.xtec.cat\/escolapapasseitmollet\/wp-json\/wp\/v2\/pages\/1745"}],"wp:attachment":[{"href":"https:\/\/agora.xtec.cat\/escolapapasseitmollet\/wp-json\/wp\/v2\/media?parent=1840"}],"curies":[{"name":"wp","href":"https:\/\/api.w.org\/{rel}","templated":true}]}}