{"id":1767,"date":"2026-01-27T12:17:15","date_gmt":"2026-01-27T11:17:15","guid":{"rendered":"https:\/\/agora.xtec.cat\/escolapapasseitmollet\/?page_id=1767"},"modified":"2026-01-27T12:18:17","modified_gmt":"2026-01-27T11:18:17","slug":"ambients","status":"publish","type":"page","link":"https:\/\/agora.xtec.cat\/escolapapasseitmollet\/metodologia-descola\/ambients\/","title":{"rendered":"Ambients"},"content":{"rendered":"\n<p>Pel que fa al treball per <strong>ambients<\/strong>, els infants d\u2019I3, I4 i I5 es barregen i comparteixen espais, fet que afavoreix l\u2019aprenentatge entre iguals, la cooperaci\u00f3 i l\u2019autonomia. Cada ambient ofereix propostes obertes que permeten experimentar, crear i expressar-se lliurement.<\/p>\n\n\n\n<p><strong>Ambient de joc simb\u00f2lic<\/strong><br>Espai on els infants representen situacions de la vida quotidiana, assumeixen rols i expressen emocions i idees a trav\u00e9s del llenguatge oral i el joc. Afavoreix el desenvolupament del llenguatge, la imaginaci\u00f3 i les habilitats socials.<\/p>\n\n\n\n<p><strong>Ambient de construccions<\/strong><br>Mitjan\u00e7ant materials diversos, els infants construeixen, desmunten i experimenten amb formes i estructures. Aquest ambient potencia el pensament l\u00f2gic, la creativitat, la cooperaci\u00f3 i la resoluci\u00f3 de problemes.<\/p>\n\n\n\n<p><strong>Ambient d\u2019arts pl\u00e0stiques<\/strong><br>Espai dedicat a l\u2019expressi\u00f3 art\u00edstica, on els infants exploren diferents t\u00e8cniques, materials i llenguatges visuals. Es fomenta la creativitat, l\u2019expressi\u00f3 personal i el plaer per crear.<\/p>\n\n\n\n<p><strong>Ambient d\u2019experimentaci\u00f3<\/strong><br>En aquest ambient els infants observen, manipulen i investiguen elements de l\u2019entorn natural i quotidi\u00e0. A trav\u00e9s de l\u2019experimentaci\u00f3, es desperta la curiositat, el pensament cient\u00edfic i el llenguatge associat a l\u2019observaci\u00f3 i la descoberta.<\/p>\n\n\n\n<div class=\"wp-block-getwid-images-slider has-arrows-inside has-dots-inside has-images-center has-cropped-images\"><div class=\"wp-block-getwid-images-slider__wrapper\" data-effect=\"slide\" data-slides-show=\"1\" data-slides-show-laptop=\"1\" data-slides-show-tablet=\"1\" data-slides-show-mobile=\"1\" data-slides-scroll=\"1\" data-autoplay=\"false\" data-pause-hover=\"false\" data-autoplay-speed=\"6000\" data-infinite=\"true\" data-animation-speed=\"800\" data-center-mode=\"false\" data-variable-width=\"false\" data-arrows=\"inside\" data-dots=\"inside\" data-spacing=\"none\"><div class=\"wp-block-getwid-images-slider__item\"><figure><img loading=\"lazy\" decoding=\"async\" width=\"1600\" height=\"900\" src=\"https:\/\/agora.xtec.cat\/escolapapasseitmollet\/wp-content\/uploads\/usu2048\/2026\/01\/WhatsApp-Image-2026-01-26-at-18.58.07-2.jpeg\" alt=\"\" data-id=\"1778\" data-link=\"https:\/\/agora.xtec.cat\/escolapapasseitmollet\/?attachment_id=1778\" data-original-link=\"https:\/\/agora.xtec.cat\/escolapapasseitmollet\/wp-content\/uploads\/usu2048\/2026\/01\/WhatsApp-Image-2026-01-26-at-18.58.07-2.jpeg\" class=\"wp-block-getwid-images-slider__image wp-image-1778\" srcset=\"https:\/\/agora.xtec.cat\/escolapapasseitmollet\/wp-content\/uploads\/usu2048\/2026\/01\/WhatsApp-Image-2026-01-26-at-18.58.07-2.jpeg 1600w, https:\/\/agora.xtec.cat\/escolapapasseitmollet\/wp-content\/uploads\/usu2048\/2026\/01\/WhatsApp-Image-2026-01-26-at-18.58.07-2-300x169.jpeg 300w, https:\/\/agora.xtec.cat\/escolapapasseitmollet\/wp-content\/uploads\/usu2048\/2026\/01\/WhatsApp-Image-2026-01-26-at-18.58.07-2-1024x576.jpeg 1024w, https:\/\/agora.xtec.cat\/escolapapasseitmollet\/wp-content\/uploads\/usu2048\/2026\/01\/WhatsApp-Image-2026-01-26-at-18.58.07-2-768x432.jpeg 768w, https:\/\/agora.xtec.cat\/escolapapasseitmollet\/wp-content\/uploads\/usu2048\/2026\/01\/WhatsApp-Image-2026-01-26-at-18.58.07-2-1536x864.jpeg 1536w\" sizes=\"auto, (max-width: 1600px) 100vw, 1600px\" \/><\/figure><\/div><div class=\"wp-block-getwid-images-slider__item\"><figure><img loading=\"lazy\" decoding=\"async\" width=\"1600\" height=\"900\" src=\"https:\/\/agora.xtec.cat\/escolapapasseitmollet\/wp-content\/uploads\/usu2048\/2026\/01\/WhatsApp-Image-2026-01-26-at-18.58.08.jpeg\" alt=\"\" data-id=\"1779\" data-link=\"https:\/\/agora.xtec.cat\/escolapapasseitmollet\/?attachment_id=1779\" data-original-link=\"https:\/\/agora.xtec.cat\/escolapapasseitmollet\/wp-content\/uploads\/usu2048\/2026\/01\/WhatsApp-Image-2026-01-26-at-18.58.08.jpeg\" class=\"wp-block-getwid-images-slider__image wp-image-1779\" srcset=\"https:\/\/agora.xtec.cat\/escolapapasseitmollet\/wp-content\/uploads\/usu2048\/2026\/01\/WhatsApp-Image-2026-01-26-at-18.58.08.jpeg 1600w, https:\/\/agora.xtec.cat\/escolapapasseitmollet\/wp-content\/uploads\/usu2048\/2026\/01\/WhatsApp-Image-2026-01-26-at-18.58.08-300x169.jpeg 300w, https:\/\/agora.xtec.cat\/escolapapasseitmollet\/wp-content\/uploads\/usu2048\/2026\/01\/WhatsApp-Image-2026-01-26-at-18.58.08-1024x576.jpeg 1024w, https:\/\/agora.xtec.cat\/escolapapasseitmollet\/wp-content\/uploads\/usu2048\/2026\/01\/WhatsApp-Image-2026-01-26-at-18.58.08-768x432.jpeg 768w, https:\/\/agora.xtec.cat\/escolapapasseitmollet\/wp-content\/uploads\/usu2048\/2026\/01\/WhatsApp-Image-2026-01-26-at-18.58.08-1536x864.jpeg 1536w\" sizes=\"auto, (max-width: 1600px) 100vw, 1600px\" \/><\/figure><\/div><div class=\"wp-block-getwid-images-slider__item\"><figure><img loading=\"lazy\" decoding=\"async\" width=\"900\" height=\"1600\" src=\"https:\/\/agora.xtec.cat\/escolapapasseitmollet\/wp-content\/uploads\/usu2048\/2026\/01\/WhatsApp-Image-2026-01-26-at-18.58.07-1.jpeg\" alt=\"\" data-id=\"1780\" data-link=\"https:\/\/agora.xtec.cat\/escolapapasseitmollet\/?attachment_id=1780\" data-original-link=\"https:\/\/agora.xtec.cat\/escolapapasseitmollet\/wp-content\/uploads\/usu2048\/2026\/01\/WhatsApp-Image-2026-01-26-at-18.58.07-1.jpeg\" class=\"wp-block-getwid-images-slider__image wp-image-1780\" srcset=\"https:\/\/agora.xtec.cat\/escolapapasseitmollet\/wp-content\/uploads\/usu2048\/2026\/01\/WhatsApp-Image-2026-01-26-at-18.58.07-1.jpeg 900w, https:\/\/agora.xtec.cat\/escolapapasseitmollet\/wp-content\/uploads\/usu2048\/2026\/01\/WhatsApp-Image-2026-01-26-at-18.58.07-1-169x300.jpeg 169w, https:\/\/agora.xtec.cat\/escolapapasseitmollet\/wp-content\/uploads\/usu2048\/2026\/01\/WhatsApp-Image-2026-01-26-at-18.58.07-1-576x1024.jpeg 576w, https:\/\/agora.xtec.cat\/escolapapasseitmollet\/wp-content\/uploads\/usu2048\/2026\/01\/WhatsApp-Image-2026-01-26-at-18.58.07-1-768x1365.jpeg 768w, https:\/\/agora.xtec.cat\/escolapapasseitmollet\/wp-content\/uploads\/usu2048\/2026\/01\/WhatsApp-Image-2026-01-26-at-18.58.07-1-864x1536.jpeg 864w\" sizes=\"auto, (max-width: 900px) 100vw, 900px\" \/><\/figure><\/div><div class=\"wp-block-getwid-images-slider__item\"><figure><img loading=\"lazy\" decoding=\"async\" width=\"900\" height=\"1600\" src=\"https:\/\/agora.xtec.cat\/escolapapasseitmollet\/wp-content\/uploads\/usu2048\/2026\/01\/WhatsApp-Image-2026-01-26-at-18.58.07.jpeg\" alt=\"\" data-id=\"1781\" data-link=\"https:\/\/agora.xtec.cat\/escolapapasseitmollet\/?attachment_id=1781\" data-original-link=\"https:\/\/agora.xtec.cat\/escolapapasseitmollet\/wp-content\/uploads\/usu2048\/2026\/01\/WhatsApp-Image-2026-01-26-at-18.58.07.jpeg\" class=\"wp-block-getwid-images-slider__image wp-image-1781\" srcset=\"https:\/\/agora.xtec.cat\/escolapapasseitmollet\/wp-content\/uploads\/usu2048\/2026\/01\/WhatsApp-Image-2026-01-26-at-18.58.07.jpeg 900w, https:\/\/agora.xtec.cat\/escolapapasseitmollet\/wp-content\/uploads\/usu2048\/2026\/01\/WhatsApp-Image-2026-01-26-at-18.58.07-169x300.jpeg 169w, https:\/\/agora.xtec.cat\/escolapapasseitmollet\/wp-content\/uploads\/usu2048\/2026\/01\/WhatsApp-Image-2026-01-26-at-18.58.07-576x1024.jpeg 576w, https:\/\/agora.xtec.cat\/escolapapasseitmollet\/wp-content\/uploads\/usu2048\/2026\/01\/WhatsApp-Image-2026-01-26-at-18.58.07-768x1365.jpeg 768w, https:\/\/agora.xtec.cat\/escolapapasseitmollet\/wp-content\/uploads\/usu2048\/2026\/01\/WhatsApp-Image-2026-01-26-at-18.58.07-864x1536.jpeg 864w\" sizes=\"auto, (max-width: 900px) 100vw, 900px\" \/><\/figure><\/div><\/div><\/div>\n","protected":false},"excerpt":{"rendered":"<p>Pel que fa al treball per ambients, els infants d\u2019I3, I4 i I5 es barregen i comparteixen espais, fet que afavoreix l\u2019aprenentatge entre iguals, la cooperaci\u00f3 i l\u2019autonomia. Cada ambient ofereix propostes obertes que permeten experimentar, crear i expressar-se lliurement. Ambient de joc simb\u00f2licEspai on els infants representen situacions de la vida quotidiana, assumeixen rols [&hellip;]<\/p>\n","protected":false},"author":1,"featured_media":0,"parent":1590,"menu_order":5,"comment_status":"closed","ping_status":"closed","template":"","meta":{"_bbp_topic_count":0,"_bbp_reply_count":0,"_bbp_total_topic_count":0,"_bbp_total_reply_count":0,"_bbp_voice_count":0,"_bbp_anonymous_reply_count":0,"_bbp_topic_count_hidden":0,"_bbp_reply_count_hidden":0,"_bbp_forum_subforum_count":0,"site-sidebar-layout":"default","site-content-layout":"","ast-site-content-layout":"default","site-content-style":"default","site-sidebar-style":"default","ast-global-header-display":"","ast-banner-title-visibility":"","ast-main-header-display":"","ast-hfb-above-header-display":"","ast-hfb-below-header-display":"","ast-hfb-mobile-header-display":"","site-post-title":"","ast-breadcrumbs-content":"","ast-featured-img":"","footer-sml-layout":"","theme-transparent-header-meta":"","adv-header-id-meta":"","stick-header-meta":"","header-above-stick-meta":"","header-main-stick-meta":"","header-below-stick-meta":"","astra-migrate-meta-layouts":"set","ast-page-background-enabled":"default","ast-page-background-meta":{"desktop":{"background-color":"var(--ast-global-color-4)","background-image":"","background-repeat":"repeat","background-position":"center center","background-size":"auto","background-attachment":"scroll","background-type":"","background-media":"","overlay-type":"","overlay-color":"","overlay-opacity":"","overlay-gradient":""},"tablet":{"background-color":"","background-image":"","background-repeat":"repeat","background-position":"center center","background-size":"auto","background-attachment":"scroll","background-type":"","background-media":"","overlay-type":"","overlay-color":"","overlay-opacity":"","overlay-gradient":""},"mobile":{"background-color":"","background-image":"","background-repeat":"repeat","background-position":"center center","background-size":"auto","background-attachment":"scroll","background-type":"","background-media":"","overlay-type":"","overlay-color":"","overlay-opacity":"","overlay-gradient":""}},"ast-content-background-meta":{"desktop":{"background-color":"var(--ast-global-color-5)","background-image":"","background-repeat":"repeat","background-position":"center center","background-size":"auto","background-attachment":"scroll","background-type":"","background-media":"","overlay-type":"","overlay-color":"","overlay-opacity":"","overlay-gradient":""},"tablet":{"background-color":"var(--ast-global-color-5)","background-image":"","background-repeat":"repeat","background-position":"center center","background-size":"auto","background-attachment":"scroll","background-type":"","background-media":"","overlay-type":"","overlay-color":"","overlay-opacity":"","overlay-gradient":""},"mobile":{"background-color":"var(--ast-global-color-5)","background-image":"","background-repeat":"repeat","background-position":"center center","background-size":"auto","background-attachment":"scroll","background-type":"","background-media":"","overlay-type":"","overlay-color":"","overlay-opacity":"","overlay-gradient":""}},"footnotes":""},"class_list":["post-1767","page","type-page","status-publish","hentry"],"post_mailing_queue_ids":[],"_links":{"self":[{"href":"https:\/\/agora.xtec.cat\/escolapapasseitmollet\/wp-json\/wp\/v2\/pages\/1767","targetHints":{"allow":["GET"]}}],"collection":[{"href":"https:\/\/agora.xtec.cat\/escolapapasseitmollet\/wp-json\/wp\/v2\/pages"}],"about":[{"href":"https:\/\/agora.xtec.cat\/escolapapasseitmollet\/wp-json\/wp\/v2\/types\/page"}],"author":[{"embeddable":true,"href":"https:\/\/agora.xtec.cat\/escolapapasseitmollet\/wp-json\/wp\/v2\/users\/1"}],"replies":[{"embeddable":true,"href":"https:\/\/agora.xtec.cat\/escolapapasseitmollet\/wp-json\/wp\/v2\/comments?post=1767"}],"version-history":[{"count":1,"href":"https:\/\/agora.xtec.cat\/escolapapasseitmollet\/wp-json\/wp\/v2\/pages\/1767\/revisions"}],"predecessor-version":[{"id":1783,"href":"https:\/\/agora.xtec.cat\/escolapapasseitmollet\/wp-json\/wp\/v2\/pages\/1767\/revisions\/1783"}],"up":[{"embeddable":true,"href":"https:\/\/agora.xtec.cat\/escolapapasseitmollet\/wp-json\/wp\/v2\/pages\/1590"}],"wp:attachment":[{"href":"https:\/\/agora.xtec.cat\/escolapapasseitmollet\/wp-json\/wp\/v2\/media?parent=1767"}],"curies":[{"name":"wp","href":"https:\/\/api.w.org\/{rel}","templated":true}]}}