{"id":1745,"date":"2026-01-26T16:21:06","date_gmt":"2026-01-26T15:21:06","guid":{"rendered":"https:\/\/agora.xtec.cat\/escolapapasseitmollet\/?page_id=1745"},"modified":"2026-01-28T20:50:14","modified_gmt":"2026-01-28T19:50:14","slug":"projectes","status":"publish","type":"page","link":"https:\/\/agora.xtec.cat\/escolapapasseitmollet\/projectes\/","title":{"rendered":"Projectes"},"content":{"rendered":"\n<p>A l\u2019Escola Joan Salvat Papasseit entenem els projectes com una manera d\u2019aprendre significativa, vivencial i connectada amb la realitat. Tots els projectes del centre neixen d\u2019una mirada pedag\u00f2gica compartida, que posa l\u2019alumnat al centre, fomenta la participaci\u00f3 activa i promou el treball transversal entre \u00e0rees.<\/p>\n\n\n\n<p>A trav\u00e9s dels projectes, l\u2019escola s\u2019obre a l\u2019entorn, a la cultura, a les emocions i al pensament cr\u00edtic, afavorint aprenentatges competencials i el desenvolupament personal i social dels infants. Cada projecte respon a una necessitat educativa concreta i contribueix a construir una escola viva, arrelada al territori i compromesa amb la comunitat.<\/p>\n\n\n\n<p><strong>Projectes del centre<\/strong><\/p>\n\n\n\n<ul class=\"wp-block-list\">\n<li><a href=\"https:\/\/agora.xtec.cat\/escolapapasseitmollet\/convivencia\/\">Projecte de conviv\u00e8ncia<\/a><\/li>\n\n\n\n<li><a href=\"https:\/\/agora.xtec.cat\/escolapapasseitmollet\/projectes-i-metodologia-descola\/projecte-dentitats-del-mollet\/\">Projecte d\u2019entitats culturals de Mollet<\/a><\/li>\n\n\n\n<li><a href=\"https:\/\/agora.xtec.cat\/escolapapasseitmollet\/komtu\/\">Komt\u00fc \u2013 benestar emocional<\/a><\/li>\n\n\n\n<li><a href=\"https:\/\/agora.xtec.cat\/escolapapasseitmollet\/escola-magnet\/\">Escola Magnet<\/a><\/li>\n\n\n\n<li><a href=\"https:\/\/agora.xtec.cat\/escolapapasseitmollet\/batucada-i-papasseitus-bum-bum\/\">Batukada i el Papasseitus Bum Bum<\/a><\/li>\n\n\n\n<li><a href=\"https:\/\/agora.xtec.cat\/escolapapasseitmollet\/catala-per-a-families\/\">Catal\u00e0 per a fam\u00edlies<\/a><\/li>\n\n\n\n<li><a href=\"https:\/\/agora.xtec.cat\/escolapapasseitmollet\/projectes\/cantania\/\">Cant\u00e0nia<\/a><\/li>\n\n\n\n<li><a href=\"https:\/\/agora.xtec.cat\/escolapapasseitmollet\/projectes\/la-clika\/\">La Clika<\/a><\/li>\n<\/ul>\n\n\n\n<p><\/p>\n","protected":false},"excerpt":{"rendered":"<p>A l\u2019Escola Joan Salvat Papasseit entenem els projectes com una manera d\u2019aprendre significativa, vivencial i connectada amb la realitat. Tots els projectes del centre neixen d\u2019una mirada pedag\u00f2gica compartida, que posa l\u2019alumnat al centre, fomenta la participaci\u00f3 activa i promou el treball transversal entre \u00e0rees. A trav\u00e9s dels projectes, l\u2019escola s\u2019obre a l\u2019entorn, a la [&hellip;]<\/p>\n","protected":false},"author":1,"featured_media":0,"parent":0,"menu_order":1,"comment_status":"closed","ping_status":"closed","template":"","meta":{"_bbp_topic_count":0,"_bbp_reply_count":0,"_bbp_total_topic_count":0,"_bbp_total_reply_count":0,"_bbp_voice_count":0,"_bbp_anonymous_reply_count":0,"_bbp_topic_count_hidden":0,"_bbp_reply_count_hidden":0,"_bbp_forum_subforum_count":0,"site-sidebar-layout":"left-sidebar","site-content-layout":"","ast-site-content-layout":"default","site-content-style":"default","site-sidebar-style":"default","ast-global-header-display":"","ast-banner-title-visibility":"","ast-main-header-display":"","ast-hfb-above-header-display":"","ast-hfb-below-header-display":"","ast-hfb-mobile-header-display":"","site-post-title":"","ast-breadcrumbs-content":"","ast-featured-img":"","footer-sml-layout":"","theme-transparent-header-meta":"","adv-header-id-meta":"","stick-header-meta":"","header-above-stick-meta":"","header-main-stick-meta":"","header-below-stick-meta":"","astra-migrate-meta-layouts":"set","ast-page-background-enabled":"default","ast-page-background-meta":{"desktop":{"background-color":"var(--ast-global-color-4)","background-image":"","background-repeat":"repeat","background-position":"center center","background-size":"auto","background-attachment":"scroll","background-type":"","background-media":"","overlay-type":"","overlay-color":"","overlay-opacity":"","overlay-gradient":""},"tablet":{"background-color":"","background-image":"","background-repeat":"repeat","background-position":"center center","background-size":"auto","background-attachment":"scroll","background-type":"","background-media":"","overlay-type":"","overlay-color":"","overlay-opacity":"","overlay-gradient":""},"mobile":{"background-color":"","background-image":"","background-repeat":"repeat","background-position":"center center","background-size":"auto","background-attachment":"scroll","background-type":"","background-media":"","overlay-type":"","overlay-color":"","overlay-opacity":"","overlay-gradient":""}},"ast-content-background-meta":{"desktop":{"background-color":"var(--ast-global-color-5)","background-image":"","background-repeat":"repeat","background-position":"center center","background-size":"auto","background-attachment":"scroll","background-type":"","background-media":"","overlay-type":"","overlay-color":"","overlay-opacity":"","overlay-gradient":""},"tablet":{"background-color":"var(--ast-global-color-5)","background-image":"","background-repeat":"repeat","background-position":"center center","background-size":"auto","background-attachment":"scroll","background-type":"","background-media":"","overlay-type":"","overlay-color":"","overlay-opacity":"","overlay-gradient":""},"mobile":{"background-color":"var(--ast-global-color-5)","background-image":"","background-repeat":"repeat","background-position":"center center","background-size":"auto","background-attachment":"scroll","background-type":"","background-media":"","overlay-type":"","overlay-color":"","overlay-opacity":"","overlay-gradient":""}},"footnotes":""},"class_list":["post-1745","page","type-page","status-publish","hentry"],"post_mailing_queue_ids":[],"_links":{"self":[{"href":"https:\/\/agora.xtec.cat\/escolapapasseitmollet\/wp-json\/wp\/v2\/pages\/1745","targetHints":{"allow":["GET"]}}],"collection":[{"href":"https:\/\/agora.xtec.cat\/escolapapasseitmollet\/wp-json\/wp\/v2\/pages"}],"about":[{"href":"https:\/\/agora.xtec.cat\/escolapapasseitmollet\/wp-json\/wp\/v2\/types\/page"}],"author":[{"embeddable":true,"href":"https:\/\/agora.xtec.cat\/escolapapasseitmollet\/wp-json\/wp\/v2\/users\/1"}],"replies":[{"embeddable":true,"href":"https:\/\/agora.xtec.cat\/escolapapasseitmollet\/wp-json\/wp\/v2\/comments?post=1745"}],"version-history":[{"count":3,"href":"https:\/\/agora.xtec.cat\/escolapapasseitmollet\/wp-json\/wp\/v2\/pages\/1745\/revisions"}],"predecessor-version":[{"id":1854,"href":"https:\/\/agora.xtec.cat\/escolapapasseitmollet\/wp-json\/wp\/v2\/pages\/1745\/revisions\/1854"}],"wp:attachment":[{"href":"https:\/\/agora.xtec.cat\/escolapapasseitmollet\/wp-json\/wp\/v2\/media?parent=1745"}],"curies":[{"name":"wp","href":"https:\/\/api.w.org\/{rel}","templated":true}]}}