{"id":1623,"date":"2026-01-19T16:21:34","date_gmt":"2026-01-19T15:21:34","guid":{"rendered":"https:\/\/agora.xtec.cat\/escolapapasseitmollet\/?page_id=1623"},"modified":"2026-03-09T16:35:21","modified_gmt":"2026-03-09T15:35:21","slug":"tsae","status":"publish","type":"page","link":"https:\/\/agora.xtec.cat\/escolapapasseitmollet\/serveis\/afa\/activitats-extraescolars\/tsae\/","title":{"rendered":"Tallers d&#8217;Estudi Assistit (TEA)"},"content":{"rendered":"\n<p>Els Tallers d\u2019Estudi Assistit (TEA) s\u00f3n una proposta educativa fora de l\u2019horari lectiu adre\u00e7ada principalment a l\u2019alumnat de cicle mitj\u00e0 i superior. L\u2019objectiu \u00e9s oferir un espai de suport per refor\u00e7ar els h\u00e0bits d\u2019estudi, l\u2019organitzaci\u00f3 i l\u2019autonomia en el treball escolar.<\/p>\n\n\n\n<p>La proposta t\u00e9 una <strong>vessant l\u00fadica<\/strong>, amb activitats que afavoreixen la conviv\u00e8ncia, el benestar emocional i la salut f\u00edsica, tot fomentant l\u2019\u00fas de la llengua catalana en contextos quotidians i significatius.<\/p>\n\n\n\n<p>Amb aquesta iniciativa, l\u2019escola reafirma el seu comprom\u00eds amb l\u2019acompanyament educatiu, la inclusi\u00f3 i el benestar integral de l\u2019alumnat.<\/p>\n\n\n\n<p><strong>Horari:<\/strong> dilluns i dimecres de 16.30 h a 17.45 h.<\/p>\n\n\n\n<p><\/p>\n\n\n\n<p><\/p>\n\n\n\n<p><\/p>\n\n\n\n<p><\/p>\n","protected":false},"excerpt":{"rendered":"<p>Els Tallers d\u2019Estudi Assistit (TEA) s\u00f3n una proposta educativa fora de l\u2019horari lectiu adre\u00e7ada principalment a l\u2019alumnat de cicle mitj\u00e0 i superior. L\u2019objectiu \u00e9s oferir un espai de suport per refor\u00e7ar els h\u00e0bits d\u2019estudi, l\u2019organitzaci\u00f3 i l\u2019autonomia en el treball escolar. La proposta t\u00e9 una vessant l\u00fadica, amb activitats que afavoreixen la conviv\u00e8ncia, el benestar [&hellip;]<\/p>\n","protected":false},"author":1,"featured_media":0,"parent":879,"menu_order":2,"comment_status":"closed","ping_status":"closed","template":"","meta":{"_bbp_topic_count":0,"_bbp_reply_count":0,"_bbp_total_topic_count":0,"_bbp_total_reply_count":0,"_bbp_voice_count":0,"_bbp_anonymous_reply_count":0,"_bbp_topic_count_hidden":0,"_bbp_reply_count_hidden":0,"_bbp_forum_subforum_count":0,"site-sidebar-layout":"default","site-content-layout":"","ast-site-content-layout":"default","site-content-style":"default","site-sidebar-style":"default","ast-global-header-display":"","ast-banner-title-visibility":"","ast-main-header-display":"","ast-hfb-above-header-display":"","ast-hfb-below-header-display":"","ast-hfb-mobile-header-display":"","site-post-title":"","ast-breadcrumbs-content":"","ast-featured-img":"","footer-sml-layout":"","theme-transparent-header-meta":"","adv-header-id-meta":"","stick-header-meta":"","header-above-stick-meta":"","header-main-stick-meta":"","header-below-stick-meta":"","astra-migrate-meta-layouts":"set","ast-page-background-enabled":"default","ast-page-background-meta":{"desktop":{"background-color":"var(--ast-global-color-4)","background-image":"","background-repeat":"repeat","background-position":"center center","background-size":"auto","background-attachment":"scroll","background-type":"","background-media":"","overlay-type":"","overlay-color":"","overlay-opacity":"","overlay-gradient":""},"tablet":{"background-color":"","background-image":"","background-repeat":"repeat","background-position":"center center","background-size":"auto","background-attachment":"scroll","background-type":"","background-media":"","overlay-type":"","overlay-color":"","overlay-opacity":"","overlay-gradient":""},"mobile":{"background-color":"","background-image":"","background-repeat":"repeat","background-position":"center center","background-size":"auto","background-attachment":"scroll","background-type":"","background-media":"","overlay-type":"","overlay-color":"","overlay-opacity":"","overlay-gradient":""}},"ast-content-background-meta":{"desktop":{"background-color":"var(--ast-global-color-5)","background-image":"","background-repeat":"repeat","background-position":"center center","background-size":"auto","background-attachment":"scroll","background-type":"","background-media":"","overlay-type":"","overlay-color":"","overlay-opacity":"","overlay-gradient":""},"tablet":{"background-color":"var(--ast-global-color-5)","background-image":"","background-repeat":"repeat","background-position":"center center","background-size":"auto","background-attachment":"scroll","background-type":"","background-media":"","overlay-type":"","overlay-color":"","overlay-opacity":"","overlay-gradient":""},"mobile":{"background-color":"var(--ast-global-color-5)","background-image":"","background-repeat":"repeat","background-position":"center center","background-size":"auto","background-attachment":"scroll","background-type":"","background-media":"","overlay-type":"","overlay-color":"","overlay-opacity":"","overlay-gradient":""}},"footnotes":""},"class_list":["post-1623","page","type-page","status-publish","hentry"],"post_mailing_queue_ids":[],"_links":{"self":[{"href":"https:\/\/agora.xtec.cat\/escolapapasseitmollet\/wp-json\/wp\/v2\/pages\/1623","targetHints":{"allow":["GET"]}}],"collection":[{"href":"https:\/\/agora.xtec.cat\/escolapapasseitmollet\/wp-json\/wp\/v2\/pages"}],"about":[{"href":"https:\/\/agora.xtec.cat\/escolapapasseitmollet\/wp-json\/wp\/v2\/types\/page"}],"author":[{"embeddable":true,"href":"https:\/\/agora.xtec.cat\/escolapapasseitmollet\/wp-json\/wp\/v2\/users\/1"}],"replies":[{"embeddable":true,"href":"https:\/\/agora.xtec.cat\/escolapapasseitmollet\/wp-json\/wp\/v2\/comments?post=1623"}],"version-history":[{"count":3,"href":"https:\/\/agora.xtec.cat\/escolapapasseitmollet\/wp-json\/wp\/v2\/pages\/1623\/revisions"}],"predecessor-version":[{"id":2162,"href":"https:\/\/agora.xtec.cat\/escolapapasseitmollet\/wp-json\/wp\/v2\/pages\/1623\/revisions\/2162"}],"up":[{"embeddable":true,"href":"https:\/\/agora.xtec.cat\/escolapapasseitmollet\/wp-json\/wp\/v2\/pages\/879"}],"wp:attachment":[{"href":"https:\/\/agora.xtec.cat\/escolapapasseitmollet\/wp-json\/wp\/v2\/media?parent=1623"}],"curies":[{"name":"wp","href":"https:\/\/api.w.org\/{rel}","templated":true}]}}