{"id":1604,"date":"2026-01-19T16:02:49","date_gmt":"2026-01-19T15:02:49","guid":{"rendered":"https:\/\/agora.xtec.cat\/escolapapasseitmollet\/?page_id=1604"},"modified":"2026-01-26T18:43:14","modified_gmt":"2026-01-26T17:43:14","slug":"catala-per-a-families","status":"publish","type":"page","link":"https:\/\/agora.xtec.cat\/escolapapasseitmollet\/projectes\/catala-per-a-families\/","title":{"rendered":"Catal\u00e0 per a fam\u00edlies"},"content":{"rendered":"\n<p>A l\u2019escola oferim un <strong>curs de catal\u00e0<\/strong> adre\u00e7at a les <strong>fam\u00edlies<\/strong> com a espai de trobada, aprenentatge i relaci\u00f3. El projecte, desenvolupat amb <strong>\u00d2mnium Cultural<\/strong> dins el<strong> Projecte Vincles<\/strong>, parteix de l\u2019\u00fas real de la llengua en el dia a dia i posa al centre les persones i els vincles que es creen.<\/p>\n\n\n\n<p>El curs es basa en la conversa, la participaci\u00f3 i les situacions quotidianes, i combina sessions a l\u2019escola amb activitats vinculades a la vida del centre i del poble. M\u00e9s enll\u00e0 d\u2019aprendre catal\u00e0, \u00e9s un espai per compartir, con\u00e8ixer l\u2019entorn i sentir-se part de la comunitat educativa.<\/p>\n\n\n\n<p><strong>Qu\u00e8 hi treballem?<\/strong><\/p>\n\n\n\n<ul class=\"wp-block-list\">\n<li>\u00das pr\u00e0ctic del catal\u00e0 en situacions reals<\/li>\n\n\n\n<li>Relaci\u00f3 i confian\u00e7a entre fam\u00edlies<\/li>\n\n\n\n<li>Participaci\u00f3 activa a la vida de l\u2019escola<\/li>\n\n\n\n<li>Coneixement del territori i la cultura local<\/li>\n<\/ul>\n\n\n\n<p>\u00c9s un projecte que refor\u00e7a la cohesi\u00f3, la conviv\u00e8ncia i la implicaci\u00f3 de les fam\u00edlies dins i fora de l\u2019aula.<\/p>\n\n\n\n<p>Consulta el seg\u00fcent <strong>document<\/strong> per a m\u00e9s informaci\u00f3:<\/p>\n\n\n\n<div data-wp-interactive=\"core\/file\" class=\"wp-block-file\"><object data-wp-bind--hidden=\"!state.hasPdfPreview\" hidden class=\"wp-block-file__embed\" data=\"https:\/\/agora.xtec.cat\/escolapapasseitmollet\/wp-content\/uploads\/usu2048\/2026\/01\/FITXA-CURS-CATALA-FAMILIES-EQUIP-SOCIAL.pdf\" type=\"application\/pdf\" style=\"width:100%;height:360px\" aria-label=\"Incrustaci\u00f3 del fitxer FITXA CURS CATAL\u00c0 FAM\u00cdLIES EQUIP SOCIAL.\"><\/object><a id=\"wp-block-file--media-ecd92132-08e4-4b1e-a7fc-06fe834203b5\" href=\"https:\/\/agora.xtec.cat\/escolapapasseitmollet\/wp-content\/uploads\/usu2048\/2026\/01\/FITXA-CURS-CATALA-FAMILIES-EQUIP-SOCIAL.pdf\">FITXA CURS CATAL\u00c0 FAM\u00cdLIES EQUIP SOCIAL<\/a><a href=\"https:\/\/agora.xtec.cat\/escolapapasseitmollet\/wp-content\/uploads\/usu2048\/2026\/01\/FITXA-CURS-CATALA-FAMILIES-EQUIP-SOCIAL.pdf\" class=\"wp-block-file__button wp-element-button\" download aria-describedby=\"wp-block-file--media-ecd92132-08e4-4b1e-a7fc-06fe834203b5\">Baixa<\/a><\/div>\n","protected":false},"excerpt":{"rendered":"<p>A l\u2019escola oferim un curs de catal\u00e0 adre\u00e7at a les fam\u00edlies com a espai de trobada, aprenentatge i relaci\u00f3. El projecte, desenvolupat amb \u00d2mnium Cultural dins el Projecte Vincles, parteix de l\u2019\u00fas real de la llengua en el dia a dia i posa al centre les persones i els vincles que es creen. El curs [&hellip;]<\/p>\n","protected":false},"author":1,"featured_media":0,"parent":1745,"menu_order":6,"comment_status":"closed","ping_status":"closed","template":"","meta":{"_bbp_topic_count":0,"_bbp_reply_count":0,"_bbp_total_topic_count":0,"_bbp_total_reply_count":0,"_bbp_voice_count":0,"_bbp_anonymous_reply_count":0,"_bbp_topic_count_hidden":0,"_bbp_reply_count_hidden":0,"_bbp_forum_subforum_count":0,"site-sidebar-layout":"default","site-content-layout":"","ast-site-content-layout":"default","site-content-style":"default","site-sidebar-style":"default","ast-global-header-display":"","ast-banner-title-visibility":"","ast-main-header-display":"","ast-hfb-above-header-display":"","ast-hfb-below-header-display":"","ast-hfb-mobile-header-display":"","site-post-title":"","ast-breadcrumbs-content":"","ast-featured-img":"","footer-sml-layout":"","theme-transparent-header-meta":"","adv-header-id-meta":"","stick-header-meta":"","header-above-stick-meta":"","header-main-stick-meta":"","header-below-stick-meta":"","astra-migrate-meta-layouts":"set","ast-page-background-enabled":"default","ast-page-background-meta":{"desktop":{"background-color":"var(--ast-global-color-4)","background-image":"","background-repeat":"repeat","background-position":"center center","background-size":"auto","background-attachment":"scroll","background-type":"","background-media":"","overlay-type":"","overlay-color":"","overlay-opacity":"","overlay-gradient":""},"tablet":{"background-color":"","background-image":"","background-repeat":"repeat","background-position":"center center","background-size":"auto","background-attachment":"scroll","background-type":"","background-media":"","overlay-type":"","overlay-color":"","overlay-opacity":"","overlay-gradient":""},"mobile":{"background-color":"","background-image":"","background-repeat":"repeat","background-position":"center center","background-size":"auto","background-attachment":"scroll","background-type":"","background-media":"","overlay-type":"","overlay-color":"","overlay-opacity":"","overlay-gradient":""}},"ast-content-background-meta":{"desktop":{"background-color":"var(--ast-global-color-5)","background-image":"","background-repeat":"repeat","background-position":"center center","background-size":"auto","background-attachment":"scroll","background-type":"","background-media":"","overlay-type":"","overlay-color":"","overlay-opacity":"","overlay-gradient":""},"tablet":{"background-color":"var(--ast-global-color-5)","background-image":"","background-repeat":"repeat","background-position":"center center","background-size":"auto","background-attachment":"scroll","background-type":"","background-media":"","overlay-type":"","overlay-color":"","overlay-opacity":"","overlay-gradient":""},"mobile":{"background-color":"var(--ast-global-color-5)","background-image":"","background-repeat":"repeat","background-position":"center center","background-size":"auto","background-attachment":"scroll","background-type":"","background-media":"","overlay-type":"","overlay-color":"","overlay-opacity":"","overlay-gradient":""}},"footnotes":""},"class_list":["post-1604","page","type-page","status-publish","hentry"],"post_mailing_queue_ids":[],"_links":{"self":[{"href":"https:\/\/agora.xtec.cat\/escolapapasseitmollet\/wp-json\/wp\/v2\/pages\/1604","targetHints":{"allow":["GET"]}}],"collection":[{"href":"https:\/\/agora.xtec.cat\/escolapapasseitmollet\/wp-json\/wp\/v2\/pages"}],"about":[{"href":"https:\/\/agora.xtec.cat\/escolapapasseitmollet\/wp-json\/wp\/v2\/types\/page"}],"author":[{"embeddable":true,"href":"https:\/\/agora.xtec.cat\/escolapapasseitmollet\/wp-json\/wp\/v2\/users\/1"}],"replies":[{"embeddable":true,"href":"https:\/\/agora.xtec.cat\/escolapapasseitmollet\/wp-json\/wp\/v2\/comments?post=1604"}],"version-history":[{"count":6,"href":"https:\/\/agora.xtec.cat\/escolapapasseitmollet\/wp-json\/wp\/v2\/pages\/1604\/revisions"}],"predecessor-version":[{"id":1677,"href":"https:\/\/agora.xtec.cat\/escolapapasseitmollet\/wp-json\/wp\/v2\/pages\/1604\/revisions\/1677"}],"up":[{"embeddable":true,"href":"https:\/\/agora.xtec.cat\/escolapapasseitmollet\/wp-json\/wp\/v2\/pages\/1745"}],"wp:attachment":[{"href":"https:\/\/agora.xtec.cat\/escolapapasseitmollet\/wp-json\/wp\/v2\/media?parent=1604"}],"curies":[{"name":"wp","href":"https:\/\/api.w.org\/{rel}","templated":true}]}}