{"id":1587,"date":"2026-01-19T15:53:50","date_gmt":"2026-01-19T14:53:50","guid":{"rendered":"https:\/\/agora.xtec.cat\/escolapapasseitmollet\/?page_id=1587"},"modified":"2026-01-28T21:05:36","modified_gmt":"2026-01-28T20:05:36","slug":"convivencia","status":"publish","type":"page","link":"https:\/\/agora.xtec.cat\/escolapapasseitmollet\/projectes\/convivencia\/","title":{"rendered":"Conviv\u00e8ncia"},"content":{"rendered":"\n<p>A l\u2019Escola Joan Salvat Papasseit, la gesti\u00f3 de les emocions i la conviv\u00e8ncia formen part del dia a dia educatiu. Amb la incorporaci\u00f3 de diferents perfils socials al centre i a partir del treball conjunt amb les tutories, es va detectar la necessitat de definir una <strong>l\u00ednia d\u2019escola comuna<\/strong> que don\u00e9s coher\u00e8ncia a l\u2019acci\u00f3 tutorial i a l\u2019acompanyament emocional de l\u2019alumnat.<\/p>\n\n\n\n<p>Les entrevistes entre direcci\u00f3 i tutories van evidenciar que, tot i que ja es feien moltes actuacions positives, calia ordenar-les, compartir criteris i garantir unes bases comunes per a totes les etapes.<\/p>\n\n\n\n<p><strong>El plaf\u00f3 tutorial<\/strong><\/p>\n\n\n\n<p>El plaf\u00f3 tutorial estableix uns m\u00ednims comuns a totes les aules, respectant l\u2019estil de cada tutoria. Recull rutines, c\u00e0rrecs d\u2019aula, acords de conviv\u00e8ncia i informaci\u00f3 rellevant del grup, aportant estructura, claredat i seguretat a l\u2019alumnat i al professorat.<\/p>\n\n\n\n<p>Aquest element facilita la coher\u00e8ncia entre aules i contribueix a crear un entorn estable, previsible i compartit a tot el centre.<\/p>\n\n\n\n<p><strong>El rac\u00f3 de la conviv\u00e8ncia<\/strong><\/p>\n\n\n\n<p>El rac\u00f3 de la conviv\u00e8ncia \u00e9s un espai i un temps dedicats al treball emocional i relacional de l\u2019alumnat. A trav\u00e9s de sessions comunes a l\u2019inici de curs, es construeixen acords d\u2019aula, es treballen les emocions i s\u2019estableixen les bases de la conviv\u00e8ncia del centre.<\/p>\n\n\n\n<p>Inclou tamb\u00e9 un espai de calma i reflexi\u00f3, amb recursos perqu\u00e8 l\u2019alumnat pugui identificar qu\u00e8 li passa, regular-se emocionalment i tornar a l\u2019aula amb serenor.<\/p>\n\n\n\n<p>Aquest projecte permet que tota l\u2019escola comparteixi un mateix llenguatge emocional i una manera coherent d\u2019acompanyar l\u2019alumnat en la gesti\u00f3 de les emocions i la conviv\u00e8ncia.<\/p>\n\n\n\n<div class=\"wp-block-getwid-images-slider has-arrows-inside has-dots-inside has-images-center has-fitted-images\"><div class=\"wp-block-getwid-images-slider__wrapper\" data-effect=\"slide\" data-slides-show=\"1\" data-slides-show-laptop=\"1\" data-slides-show-tablet=\"1\" data-slides-show-mobile=\"1\" data-slides-scroll=\"1\" data-autoplay=\"false\" data-pause-hover=\"false\" data-autoplay-speed=\"6000\" data-infinite=\"true\" data-animation-speed=\"800\" data-center-mode=\"false\" data-variable-width=\"false\" data-arrows=\"inside\" data-dots=\"inside\" data-spacing=\"none\"><div class=\"wp-block-getwid-images-slider__item\"><figure><img loading=\"lazy\" decoding=\"async\" width=\"768\" height=\"1024\" src=\"https:\/\/agora.xtec.cat\/escolapapasseitmollet\/wp-content\/uploads\/usu2048\/2026\/01\/WhatsApp-Image-2026-01-28-at-20.55.57-2-768x1024.jpeg\" alt=\"\" data-id=\"1864\" data-link=\"https:\/\/agora.xtec.cat\/escolapapasseitmollet\/projectes\/convivencia\/attachment\/whatsapp-image-2026-01-28-at-20-55-57-2\/\" data-original-link=\"https:\/\/agora.xtec.cat\/escolapapasseitmollet\/wp-content\/uploads\/usu2048\/2026\/01\/WhatsApp-Image-2026-01-28-at-20.55.57-2.jpeg\" class=\"wp-block-getwid-images-slider__image wp-image-1864\" srcset=\"https:\/\/agora.xtec.cat\/escolapapasseitmollet\/wp-content\/uploads\/usu2048\/2026\/01\/WhatsApp-Image-2026-01-28-at-20.55.57-2-768x1024.jpeg 768w, https:\/\/agora.xtec.cat\/escolapapasseitmollet\/wp-content\/uploads\/usu2048\/2026\/01\/WhatsApp-Image-2026-01-28-at-20.55.57-2-225x300.jpeg 225w, https:\/\/agora.xtec.cat\/escolapapasseitmollet\/wp-content\/uploads\/usu2048\/2026\/01\/WhatsApp-Image-2026-01-28-at-20.55.57-2-1152x1536.jpeg 1152w, https:\/\/agora.xtec.cat\/escolapapasseitmollet\/wp-content\/uploads\/usu2048\/2026\/01\/WhatsApp-Image-2026-01-28-at-20.55.57-2.jpeg 1500w\" sizes=\"auto, (max-width: 768px) 100vw, 768px\" \/><\/figure><\/div><div class=\"wp-block-getwid-images-slider__item\"><figure><img loading=\"lazy\" decoding=\"async\" width=\"768\" height=\"1024\" src=\"https:\/\/agora.xtec.cat\/escolapapasseitmollet\/wp-content\/uploads\/usu2048\/2026\/01\/WhatsApp-Image-2026-01-28-at-20.55.57-768x1024.jpeg\" alt=\"\" data-id=\"1865\" data-link=\"https:\/\/agora.xtec.cat\/escolapapasseitmollet\/projectes\/convivencia\/attachment\/whatsapp-image-2026-01-28-at-20-55-57\/\" data-original-link=\"https:\/\/agora.xtec.cat\/escolapapasseitmollet\/wp-content\/uploads\/usu2048\/2026\/01\/WhatsApp-Image-2026-01-28-at-20.55.57.jpeg\" class=\"wp-block-getwid-images-slider__image wp-image-1865\" srcset=\"https:\/\/agora.xtec.cat\/escolapapasseitmollet\/wp-content\/uploads\/usu2048\/2026\/01\/WhatsApp-Image-2026-01-28-at-20.55.57-768x1024.jpeg 768w, https:\/\/agora.xtec.cat\/escolapapasseitmollet\/wp-content\/uploads\/usu2048\/2026\/01\/WhatsApp-Image-2026-01-28-at-20.55.57-225x300.jpeg 225w, https:\/\/agora.xtec.cat\/escolapapasseitmollet\/wp-content\/uploads\/usu2048\/2026\/01\/WhatsApp-Image-2026-01-28-at-20.55.57-1152x1536.jpeg 1152w, https:\/\/agora.xtec.cat\/escolapapasseitmollet\/wp-content\/uploads\/usu2048\/2026\/01\/WhatsApp-Image-2026-01-28-at-20.55.57.jpeg 1500w\" sizes=\"auto, (max-width: 768px) 100vw, 768px\" \/><\/figure><\/div><div class=\"wp-block-getwid-images-slider__item\"><figure><img loading=\"lazy\" decoding=\"async\" width=\"768\" height=\"1024\" src=\"https:\/\/agora.xtec.cat\/escolapapasseitmollet\/wp-content\/uploads\/usu2048\/2026\/01\/WhatsApp-Image-2026-01-28-at-20.55.56-768x1024.jpeg\" alt=\"\" data-id=\"1857\" data-link=\"https:\/\/agora.xtec.cat\/escolapapasseitmollet\/projectes\/convivencia\/attachment\/whatsapp-image-2026-01-28-at-20-55-56\/\" data-original-link=\"https:\/\/agora.xtec.cat\/escolapapasseitmollet\/wp-content\/uploads\/usu2048\/2026\/01\/WhatsApp-Image-2026-01-28-at-20.55.56.jpeg\" class=\"wp-block-getwid-images-slider__image wp-image-1857\" srcset=\"https:\/\/agora.xtec.cat\/escolapapasseitmollet\/wp-content\/uploads\/usu2048\/2026\/01\/WhatsApp-Image-2026-01-28-at-20.55.56-768x1024.jpeg 768w, https:\/\/agora.xtec.cat\/escolapapasseitmollet\/wp-content\/uploads\/usu2048\/2026\/01\/WhatsApp-Image-2026-01-28-at-20.55.56-225x300.jpeg 225w, https:\/\/agora.xtec.cat\/escolapapasseitmollet\/wp-content\/uploads\/usu2048\/2026\/01\/WhatsApp-Image-2026-01-28-at-20.55.56-1152x1536.jpeg 1152w, https:\/\/agora.xtec.cat\/escolapapasseitmollet\/wp-content\/uploads\/usu2048\/2026\/01\/WhatsApp-Image-2026-01-28-at-20.55.56.jpeg 1500w\" sizes=\"auto, (max-width: 768px) 100vw, 768px\" \/><\/figure><\/div><div class=\"wp-block-getwid-images-slider__item\"><figure><img loading=\"lazy\" decoding=\"async\" width=\"768\" height=\"576\" src=\"https:\/\/agora.xtec.cat\/escolapapasseitmollet\/wp-content\/uploads\/usu2048\/2026\/01\/WhatsApp-Image-2026-01-28-at-20.55.57-3-768x576.jpeg\" alt=\"\" data-id=\"1858\" data-link=\"https:\/\/agora.xtec.cat\/escolapapasseitmollet\/projectes\/convivencia\/attachment\/whatsapp-image-2026-01-28-at-20-55-57-3\/\" data-original-link=\"https:\/\/agora.xtec.cat\/escolapapasseitmollet\/wp-content\/uploads\/usu2048\/2026\/01\/WhatsApp-Image-2026-01-28-at-20.55.57-3.jpeg\" class=\"wp-block-getwid-images-slider__image wp-image-1858\" srcset=\"https:\/\/agora.xtec.cat\/escolapapasseitmollet\/wp-content\/uploads\/usu2048\/2026\/01\/WhatsApp-Image-2026-01-28-at-20.55.57-3-768x576.jpeg 768w, https:\/\/agora.xtec.cat\/escolapapasseitmollet\/wp-content\/uploads\/usu2048\/2026\/01\/WhatsApp-Image-2026-01-28-at-20.55.57-3-300x225.jpeg 300w, https:\/\/agora.xtec.cat\/escolapapasseitmollet\/wp-content\/uploads\/usu2048\/2026\/01\/WhatsApp-Image-2026-01-28-at-20.55.57-3-1024x768.jpeg 1024w, https:\/\/agora.xtec.cat\/escolapapasseitmollet\/wp-content\/uploads\/usu2048\/2026\/01\/WhatsApp-Image-2026-01-28-at-20.55.57-3-1536x1152.jpeg 1536w, https:\/\/agora.xtec.cat\/escolapapasseitmollet\/wp-content\/uploads\/usu2048\/2026\/01\/WhatsApp-Image-2026-01-28-at-20.55.57-3.jpeg 2000w\" sizes=\"auto, (max-width: 768px) 100vw, 768px\" \/><\/figure><\/div><div class=\"wp-block-getwid-images-slider__item\"><figure><img loading=\"lazy\" decoding=\"async\" width=\"768\" height=\"1024\" src=\"https:\/\/agora.xtec.cat\/escolapapasseitmollet\/wp-content\/uploads\/usu2048\/2026\/01\/WhatsApp-Image-2026-01-28-at-20.55.57-1-768x1024.jpeg\" alt=\"\" data-id=\"1859\" data-link=\"https:\/\/agora.xtec.cat\/escolapapasseitmollet\/projectes\/convivencia\/attachment\/whatsapp-image-2026-01-28-at-20-55-57-1\/\" data-original-link=\"https:\/\/agora.xtec.cat\/escolapapasseitmollet\/wp-content\/uploads\/usu2048\/2026\/01\/WhatsApp-Image-2026-01-28-at-20.55.57-1.jpeg\" class=\"wp-block-getwid-images-slider__image wp-image-1859\" srcset=\"https:\/\/agora.xtec.cat\/escolapapasseitmollet\/wp-content\/uploads\/usu2048\/2026\/01\/WhatsApp-Image-2026-01-28-at-20.55.57-1-768x1024.jpeg 768w, https:\/\/agora.xtec.cat\/escolapapasseitmollet\/wp-content\/uploads\/usu2048\/2026\/01\/WhatsApp-Image-2026-01-28-at-20.55.57-1-225x300.jpeg 225w, https:\/\/agora.xtec.cat\/escolapapasseitmollet\/wp-content\/uploads\/usu2048\/2026\/01\/WhatsApp-Image-2026-01-28-at-20.55.57-1-1152x1536.jpeg 1152w, https:\/\/agora.xtec.cat\/escolapapasseitmollet\/wp-content\/uploads\/usu2048\/2026\/01\/WhatsApp-Image-2026-01-28-at-20.55.57-1.jpeg 1500w\" sizes=\"auto, (max-width: 768px) 100vw, 768px\" \/><\/figure><\/div><div class=\"wp-block-getwid-images-slider__item\"><figure><img loading=\"lazy\" decoding=\"async\" width=\"768\" height=\"576\" src=\"https:\/\/agora.xtec.cat\/escolapapasseitmollet\/wp-content\/uploads\/usu2048\/2026\/01\/WhatsApp-Image-2026-01-28-at-20.56.14-768x576.jpeg\" alt=\"\" data-id=\"1860\" data-link=\"https:\/\/agora.xtec.cat\/escolapapasseitmollet\/projectes\/convivencia\/attachment\/whatsapp-image-2026-01-28-at-20-56-14\/\" data-original-link=\"https:\/\/agora.xtec.cat\/escolapapasseitmollet\/wp-content\/uploads\/usu2048\/2026\/01\/WhatsApp-Image-2026-01-28-at-20.56.14.jpeg\" class=\"wp-block-getwid-images-slider__image wp-image-1860\" srcset=\"https:\/\/agora.xtec.cat\/escolapapasseitmollet\/wp-content\/uploads\/usu2048\/2026\/01\/WhatsApp-Image-2026-01-28-at-20.56.14-768x576.jpeg 768w, https:\/\/agora.xtec.cat\/escolapapasseitmollet\/wp-content\/uploads\/usu2048\/2026\/01\/WhatsApp-Image-2026-01-28-at-20.56.14-300x225.jpeg 300w, https:\/\/agora.xtec.cat\/escolapapasseitmollet\/wp-content\/uploads\/usu2048\/2026\/01\/WhatsApp-Image-2026-01-28-at-20.56.14-1024x768.jpeg 1024w, https:\/\/agora.xtec.cat\/escolapapasseitmollet\/wp-content\/uploads\/usu2048\/2026\/01\/WhatsApp-Image-2026-01-28-at-20.56.14-1536x1152.jpeg 1536w, https:\/\/agora.xtec.cat\/escolapapasseitmollet\/wp-content\/uploads\/usu2048\/2026\/01\/WhatsApp-Image-2026-01-28-at-20.56.14.jpeg 2000w\" sizes=\"auto, (max-width: 768px) 100vw, 768px\" \/><\/figure><\/div><div class=\"wp-block-getwid-images-slider__item\"><figure><img loading=\"lazy\" decoding=\"async\" width=\"768\" height=\"1024\" src=\"https:\/\/agora.xtec.cat\/escolapapasseitmollet\/wp-content\/uploads\/usu2048\/2026\/01\/WhatsApp-Image-2026-01-28-at-20.55.56-2-768x1024.jpeg\" alt=\"\" data-id=\"1861\" data-link=\"https:\/\/agora.xtec.cat\/escolapapasseitmollet\/projectes\/convivencia\/attachment\/whatsapp-image-2026-01-28-at-20-55-56-2\/\" data-original-link=\"https:\/\/agora.xtec.cat\/escolapapasseitmollet\/wp-content\/uploads\/usu2048\/2026\/01\/WhatsApp-Image-2026-01-28-at-20.55.56-2.jpeg\" class=\"wp-block-getwid-images-slider__image wp-image-1861\" srcset=\"https:\/\/agora.xtec.cat\/escolapapasseitmollet\/wp-content\/uploads\/usu2048\/2026\/01\/WhatsApp-Image-2026-01-28-at-20.55.56-2-768x1024.jpeg 768w, https:\/\/agora.xtec.cat\/escolapapasseitmollet\/wp-content\/uploads\/usu2048\/2026\/01\/WhatsApp-Image-2026-01-28-at-20.55.56-2-225x300.jpeg 225w, https:\/\/agora.xtec.cat\/escolapapasseitmollet\/wp-content\/uploads\/usu2048\/2026\/01\/WhatsApp-Image-2026-01-28-at-20.55.56-2-1152x1536.jpeg 1152w, https:\/\/agora.xtec.cat\/escolapapasseitmollet\/wp-content\/uploads\/usu2048\/2026\/01\/WhatsApp-Image-2026-01-28-at-20.55.56-2.jpeg 1500w\" sizes=\"auto, (max-width: 768px) 100vw, 768px\" \/><\/figure><\/div><div class=\"wp-block-getwid-images-slider__item\"><figure><img loading=\"lazy\" decoding=\"async\" width=\"768\" height=\"1024\" src=\"https:\/\/agora.xtec.cat\/escolapapasseitmollet\/wp-content\/uploads\/usu2048\/2026\/01\/WhatsApp-Image-2026-01-28-at-20.55.56-3-768x1024.jpeg\" alt=\"\" data-id=\"1862\" data-link=\"https:\/\/agora.xtec.cat\/escolapapasseitmollet\/projectes\/convivencia\/attachment\/whatsapp-image-2026-01-28-at-20-55-56-3\/\" data-original-link=\"https:\/\/agora.xtec.cat\/escolapapasseitmollet\/wp-content\/uploads\/usu2048\/2026\/01\/WhatsApp-Image-2026-01-28-at-20.55.56-3.jpeg\" class=\"wp-block-getwid-images-slider__image wp-image-1862\" srcset=\"https:\/\/agora.xtec.cat\/escolapapasseitmollet\/wp-content\/uploads\/usu2048\/2026\/01\/WhatsApp-Image-2026-01-28-at-20.55.56-3-768x1024.jpeg 768w, https:\/\/agora.xtec.cat\/escolapapasseitmollet\/wp-content\/uploads\/usu2048\/2026\/01\/WhatsApp-Image-2026-01-28-at-20.55.56-3-225x300.jpeg 225w, https:\/\/agora.xtec.cat\/escolapapasseitmollet\/wp-content\/uploads\/usu2048\/2026\/01\/WhatsApp-Image-2026-01-28-at-20.55.56-3-1152x1536.jpeg 1152w, https:\/\/agora.xtec.cat\/escolapapasseitmollet\/wp-content\/uploads\/usu2048\/2026\/01\/WhatsApp-Image-2026-01-28-at-20.55.56-3.jpeg 1500w\" sizes=\"auto, (max-width: 768px) 100vw, 768px\" \/><\/figure><\/div><div class=\"wp-block-getwid-images-slider__item\"><figure><img loading=\"lazy\" decoding=\"async\" width=\"768\" height=\"1024\" src=\"https:\/\/agora.xtec.cat\/escolapapasseitmollet\/wp-content\/uploads\/usu2048\/2026\/01\/WhatsApp-Image-2026-01-28-at-20.55.56-1-768x1024.jpeg\" alt=\"\" data-id=\"1863\" data-link=\"https:\/\/agora.xtec.cat\/escolapapasseitmollet\/projectes\/convivencia\/attachment\/whatsapp-image-2026-01-28-at-20-55-56-1\/\" data-original-link=\"https:\/\/agora.xtec.cat\/escolapapasseitmollet\/wp-content\/uploads\/usu2048\/2026\/01\/WhatsApp-Image-2026-01-28-at-20.55.56-1.jpeg\" class=\"wp-block-getwid-images-slider__image wp-image-1863\" srcset=\"https:\/\/agora.xtec.cat\/escolapapasseitmollet\/wp-content\/uploads\/usu2048\/2026\/01\/WhatsApp-Image-2026-01-28-at-20.55.56-1-768x1024.jpeg 768w, https:\/\/agora.xtec.cat\/escolapapasseitmollet\/wp-content\/uploads\/usu2048\/2026\/01\/WhatsApp-Image-2026-01-28-at-20.55.56-1-225x300.jpeg 225w, https:\/\/agora.xtec.cat\/escolapapasseitmollet\/wp-content\/uploads\/usu2048\/2026\/01\/WhatsApp-Image-2026-01-28-at-20.55.56-1-1152x1536.jpeg 1152w, https:\/\/agora.xtec.cat\/escolapapasseitmollet\/wp-content\/uploads\/usu2048\/2026\/01\/WhatsApp-Image-2026-01-28-at-20.55.56-1.jpeg 1500w\" sizes=\"auto, (max-width: 768px) 100vw, 768px\" \/><\/figure><\/div><\/div><\/div>\n","protected":false},"excerpt":{"rendered":"<p>A l\u2019Escola Joan Salvat Papasseit, la gesti\u00f3 de les emocions i la conviv\u00e8ncia formen part del dia a dia educatiu. Amb la incorporaci\u00f3 de diferents perfils socials al centre i a partir del treball conjunt amb les tutories, es va detectar la necessitat de definir una l\u00ednia d\u2019escola comuna que don\u00e9s coher\u00e8ncia a l\u2019acci\u00f3 tutorial [&hellip;]<\/p>\n","protected":false},"author":1,"featured_media":0,"parent":1745,"menu_order":1,"comment_status":"closed","ping_status":"closed","template":"","meta":{"_bbp_topic_count":0,"_bbp_reply_count":0,"_bbp_total_topic_count":0,"_bbp_total_reply_count":0,"_bbp_voice_count":0,"_bbp_anonymous_reply_count":0,"_bbp_topic_count_hidden":0,"_bbp_reply_count_hidden":0,"_bbp_forum_subforum_count":0,"site-sidebar-layout":"left-sidebar","site-content-layout":"","ast-site-content-layout":"default","site-content-style":"default","site-sidebar-style":"default","ast-global-header-display":"","ast-banner-title-visibility":"","ast-main-header-display":"","ast-hfb-above-header-display":"","ast-hfb-below-header-display":"","ast-hfb-mobile-header-display":"","site-post-title":"","ast-breadcrumbs-content":"","ast-featured-img":"","footer-sml-layout":"","theme-transparent-header-meta":"","adv-header-id-meta":"","stick-header-meta":"","header-above-stick-meta":"","header-main-stick-meta":"","header-below-stick-meta":"","astra-migrate-meta-layouts":"set","ast-page-background-enabled":"default","ast-page-background-meta":{"desktop":{"background-color":"var(--ast-global-color-4)","background-image":"","background-repeat":"repeat","background-position":"center center","background-size":"auto","background-attachment":"scroll","background-type":"","background-media":"","overlay-type":"","overlay-color":"","overlay-opacity":"","overlay-gradient":""},"tablet":{"background-color":"","background-image":"","background-repeat":"repeat","background-position":"center center","background-size":"auto","background-attachment":"scroll","background-type":"","background-media":"","overlay-type":"","overlay-color":"","overlay-opacity":"","overlay-gradient":""},"mobile":{"background-color":"","background-image":"","background-repeat":"repeat","background-position":"center center","background-size":"auto","background-attachment":"scroll","background-type":"","background-media":"","overlay-type":"","overlay-color":"","overlay-opacity":"","overlay-gradient":""}},"ast-content-background-meta":{"desktop":{"background-color":"var(--ast-global-color-5)","background-image":"","background-repeat":"repeat","background-position":"center center","background-size":"auto","background-attachment":"scroll","background-type":"","background-media":"","overlay-type":"","overlay-color":"","overlay-opacity":"","overlay-gradient":""},"tablet":{"background-color":"var(--ast-global-color-5)","background-image":"","background-repeat":"repeat","background-position":"center center","background-size":"auto","background-attachment":"scroll","background-type":"","background-media":"","overlay-type":"","overlay-color":"","overlay-opacity":"","overlay-gradient":""},"mobile":{"background-color":"var(--ast-global-color-5)","background-image":"","background-repeat":"repeat","background-position":"center center","background-size":"auto","background-attachment":"scroll","background-type":"","background-media":"","overlay-type":"","overlay-color":"","overlay-opacity":"","overlay-gradient":""}},"footnotes":""},"class_list":["post-1587","page","type-page","status-publish","hentry"],"post_mailing_queue_ids":[],"_links":{"self":[{"href":"https:\/\/agora.xtec.cat\/escolapapasseitmollet\/wp-json\/wp\/v2\/pages\/1587","targetHints":{"allow":["GET"]}}],"collection":[{"href":"https:\/\/agora.xtec.cat\/escolapapasseitmollet\/wp-json\/wp\/v2\/pages"}],"about":[{"href":"https:\/\/agora.xtec.cat\/escolapapasseitmollet\/wp-json\/wp\/v2\/types\/page"}],"author":[{"embeddable":true,"href":"https:\/\/agora.xtec.cat\/escolapapasseitmollet\/wp-json\/wp\/v2\/users\/1"}],"replies":[{"embeddable":true,"href":"https:\/\/agora.xtec.cat\/escolapapasseitmollet\/wp-json\/wp\/v2\/comments?post=1587"}],"version-history":[{"count":3,"href":"https:\/\/agora.xtec.cat\/escolapapasseitmollet\/wp-json\/wp\/v2\/pages\/1587\/revisions"}],"predecessor-version":[{"id":1867,"href":"https:\/\/agora.xtec.cat\/escolapapasseitmollet\/wp-json\/wp\/v2\/pages\/1587\/revisions\/1867"}],"up":[{"embeddable":true,"href":"https:\/\/agora.xtec.cat\/escolapapasseitmollet\/wp-json\/wp\/v2\/pages\/1745"}],"wp:attachment":[{"href":"https:\/\/agora.xtec.cat\/escolapapasseitmollet\/wp-json\/wp\/v2\/media?parent=1587"}],"curies":[{"name":"wp","href":"https:\/\/api.w.org\/{rel}","templated":true}]}}