{"id":1584,"date":"2026-01-19T15:53:07","date_gmt":"2026-01-19T14:53:07","guid":{"rendered":"https:\/\/agora.xtec.cat\/escolapapasseitmollet\/?page_id=1584"},"modified":"2026-02-01T19:38:00","modified_gmt":"2026-02-01T18:38:00","slug":"escola-magnet","status":"publish","type":"page","link":"https:\/\/agora.xtec.cat\/escolapapasseitmollet\/projectes\/escola-magnet\/","title":{"rendered":"Escola Magnet"},"content":{"rendered":"\n<p>Des d&#8217;aquest curs, a l&#8217;escola participem en el<strong> programa\u00a0Magnet<\/strong>.\u00a0Aliances per a l&#8217;\u00e8xit educatiu, gr\u00e0cies al qual tindrem l&#8217;oportunitat de fer una alian\u00e7a durant tres cursos amb una instituci\u00f3 d&#8217;excel\u00b7l\u00e8ncia del pa\u00eds.\u00a0<\/p>\n\n\n\n<p>Aquesta col\u00b7laboraci\u00f3 ens permetr\u00e0 desenvolupar un <strong>projecte educatiu<\/strong> innovador, \u00fanic i de qualitat, aportant el coneixement dels professionals de la instituci\u00f3 en el dia a dia de l&#8217;escola des d&#8217;un enfocament globalitzat de l&#8217;aprenentatge. El programa, a m\u00e9s, ofereix a l&#8217;equip docent un acompanyament formatiu personalitzat enfocat a la millora i la transformaci\u00f3 educativa, que enriqueix el nostre projecte de centre i el model pedag\u00f2gic que volem impulsar per acompanyar al nostre alumnat en el seu creixement.\u00a0<\/p>\n\n\n\n<p>Si vols m\u00e9s informaci\u00f3 sobre les escoles Magnet:<\/p>\n\n\n\n<ul class=\"wp-block-list\">\n<li><a href=\"https:\/\/magnet.cat\/\" data-type=\"link\" data-id=\"https:\/\/magnet.cat\/\"><strong>Projecte Magnet<\/strong><\/a><\/li>\n<\/ul>\n\n\n\n<figure class=\"wp-block-image size-full\"><a href=\"https:\/\/agora.xtec.cat\/escolapapasseitmollet\/wp-content\/uploads\/usu2048\/2026\/01\/Logo-Magnet-1.1-Positiu-Color-RGB-1.png\"><img loading=\"lazy\" decoding=\"async\" width=\"223\" height=\"299\" src=\"https:\/\/agora.xtec.cat\/escolapapasseitmollet\/wp-content\/uploads\/usu2048\/2026\/01\/Logo-Magnet-1.1-Positiu-Color-RGB-1.png\" alt=\"\" class=\"wp-image-1825\"\/><\/a><\/figure>\n","protected":false},"excerpt":{"rendered":"<p>Des d&#8217;aquest curs, a l&#8217;escola participem en el programa\u00a0Magnet.\u00a0Aliances per a l&#8217;\u00e8xit educatiu, gr\u00e0cies al qual tindrem l&#8217;oportunitat de fer una alian\u00e7a durant tres cursos amb una instituci\u00f3 d&#8217;excel\u00b7l\u00e8ncia del pa\u00eds.\u00a0 Aquesta col\u00b7laboraci\u00f3 ens permetr\u00e0 desenvolupar un projecte educatiu innovador, \u00fanic i de qualitat, aportant el coneixement dels professionals de la instituci\u00f3 en el dia [&hellip;]<\/p>\n","protected":false},"author":1,"featured_media":0,"parent":1745,"menu_order":4,"comment_status":"closed","ping_status":"closed","template":"","meta":{"_bbp_topic_count":0,"_bbp_reply_count":0,"_bbp_total_topic_count":0,"_bbp_total_reply_count":0,"_bbp_voice_count":0,"_bbp_anonymous_reply_count":0,"_bbp_topic_count_hidden":0,"_bbp_reply_count_hidden":0,"_bbp_forum_subforum_count":0,"site-sidebar-layout":"default","site-content-layout":"","ast-site-content-layout":"default","site-content-style":"default","site-sidebar-style":"default","ast-global-header-display":"","ast-banner-title-visibility":"","ast-main-header-display":"","ast-hfb-above-header-display":"","ast-hfb-below-header-display":"","ast-hfb-mobile-header-display":"","site-post-title":"","ast-breadcrumbs-content":"","ast-featured-img":"","footer-sml-layout":"","theme-transparent-header-meta":"","adv-header-id-meta":"","stick-header-meta":"","header-above-stick-meta":"","header-main-stick-meta":"","header-below-stick-meta":"","astra-migrate-meta-layouts":"set","ast-page-background-enabled":"default","ast-page-background-meta":{"desktop":{"background-color":"var(--ast-global-color-4)","background-image":"","background-repeat":"repeat","background-position":"center center","background-size":"auto","background-attachment":"scroll","background-type":"","background-media":"","overlay-type":"","overlay-color":"","overlay-opacity":"","overlay-gradient":""},"tablet":{"background-color":"","background-image":"","background-repeat":"repeat","background-position":"center center","background-size":"auto","background-attachment":"scroll","background-type":"","background-media":"","overlay-type":"","overlay-color":"","overlay-opacity":"","overlay-gradient":""},"mobile":{"background-color":"","background-image":"","background-repeat":"repeat","background-position":"center center","background-size":"auto","background-attachment":"scroll","background-type":"","background-media":"","overlay-type":"","overlay-color":"","overlay-opacity":"","overlay-gradient":""}},"ast-content-background-meta":{"desktop":{"background-color":"var(--ast-global-color-5)","background-image":"","background-repeat":"repeat","background-position":"center center","background-size":"auto","background-attachment":"scroll","background-type":"","background-media":"","overlay-type":"","overlay-color":"","overlay-opacity":"","overlay-gradient":""},"tablet":{"background-color":"var(--ast-global-color-5)","background-image":"","background-repeat":"repeat","background-position":"center center","background-size":"auto","background-attachment":"scroll","background-type":"","background-media":"","overlay-type":"","overlay-color":"","overlay-opacity":"","overlay-gradient":""},"mobile":{"background-color":"var(--ast-global-color-5)","background-image":"","background-repeat":"repeat","background-position":"center center","background-size":"auto","background-attachment":"scroll","background-type":"","background-media":"","overlay-type":"","overlay-color":"","overlay-opacity":"","overlay-gradient":""}},"footnotes":""},"class_list":["post-1584","page","type-page","status-publish","hentry"],"post_mailing_queue_ids":[],"_links":{"self":[{"href":"https:\/\/agora.xtec.cat\/escolapapasseitmollet\/wp-json\/wp\/v2\/pages\/1584","targetHints":{"allow":["GET"]}}],"collection":[{"href":"https:\/\/agora.xtec.cat\/escolapapasseitmollet\/wp-json\/wp\/v2\/pages"}],"about":[{"href":"https:\/\/agora.xtec.cat\/escolapapasseitmollet\/wp-json\/wp\/v2\/types\/page"}],"author":[{"embeddable":true,"href":"https:\/\/agora.xtec.cat\/escolapapasseitmollet\/wp-json\/wp\/v2\/users\/1"}],"replies":[{"embeddable":true,"href":"https:\/\/agora.xtec.cat\/escolapapasseitmollet\/wp-json\/wp\/v2\/comments?post=1584"}],"version-history":[{"count":6,"href":"https:\/\/agora.xtec.cat\/escolapapasseitmollet\/wp-json\/wp\/v2\/pages\/1584\/revisions"}],"predecessor-version":[{"id":1907,"href":"https:\/\/agora.xtec.cat\/escolapapasseitmollet\/wp-json\/wp\/v2\/pages\/1584\/revisions\/1907"}],"up":[{"embeddable":true,"href":"https:\/\/agora.xtec.cat\/escolapapasseitmollet\/wp-json\/wp\/v2\/pages\/1745"}],"wp:attachment":[{"href":"https:\/\/agora.xtec.cat\/escolapapasseitmollet\/wp-json\/wp\/v2\/media?parent=1584"}],"curies":[{"name":"wp","href":"https:\/\/api.w.org\/{rel}","templated":true}]}}