{"id":1557,"date":"2025-11-14T21:19:49","date_gmt":"2025-11-14T20:19:49","guid":{"rendered":"https:\/\/agora.xtec.cat\/escolapapasseitmollet\/?page_id=1557"},"modified":"2026-01-27T12:08:44","modified_gmt":"2026-01-27T11:08:44","slug":"espais-de-llengua","status":"publish","type":"page","link":"https:\/\/agora.xtec.cat\/escolapapasseitmollet\/metodologia-descola\/espais-de-llengua\/","title":{"rendered":"Espais de llengua a prim\u00e0ria"},"content":{"rendered":"\n<p>A l\u2019\u00e0rea de llengua catalana treballem mitjan\u00e7ant <strong>espais de llengua<\/strong>, on l\u2019alumnat es distribueix en <strong>petits grups rotatoris<\/strong>. Aquesta organitzaci\u00f3 permet atendre la diversitat de ritmes i necessitats i afavorir un aprenentatge m\u00e9s personalitzat.<\/p>\n\n\n\n<p>Els diferents espais s\u00f3n:<\/p>\n\n\n\n<ul class=\"wp-block-list\">\n<li><strong>Expressi\u00f3 escrita<\/strong>, on es treballa la producci\u00f3 de textos de diferents tipologies.<\/li>\n\n\n\n<li><strong>Estrat\u00e8gies de comprensi\u00f3 lectora<\/strong>, per millorar la interpretaci\u00f3, an\u00e0lisi i reflexi\u00f3 dels textos.<\/li>\n\n\n\n<li><strong>Gram\u00e0tica i ortografia<\/strong>, amb activitats manipulatives i contextualitzades.<\/li>\n\n\n\n<li><strong>Comprensi\u00f3 i expressi\u00f3 oral<\/strong>, fomentant la comunicaci\u00f3, l\u2019escolta activa i l\u2019argumentaci\u00f3.<\/li>\n<\/ul>\n\n\n\n<p>Aquesta metodologia potencia l\u2019\u00fas funcional de la llengua i el desenvolupament de la compet\u00e8ncia comunicativa en totes les seves dimensions.<\/p>\n\n\n\n<div class=\"wp-block-getwid-images-slider has-arrows-inside has-dots-inside has-images-center has-cropped-images\"><div class=\"wp-block-getwid-images-slider__wrapper\" data-effect=\"slide\" data-slides-show=\"1\" data-slides-show-laptop=\"1\" data-slides-show-tablet=\"1\" data-slides-show-mobile=\"1\" data-slides-scroll=\"1\" data-autoplay=\"false\" data-pause-hover=\"false\" data-autoplay-speed=\"6000\" data-infinite=\"true\" data-animation-speed=\"800\" data-center-mode=\"false\" data-variable-width=\"false\" data-arrows=\"inside\" data-dots=\"inside\" data-spacing=\"none\"><\/div><\/div>\n","protected":false},"excerpt":{"rendered":"<p>A l\u2019\u00e0rea de llengua catalana treballem mitjan\u00e7ant espais de llengua, on l\u2019alumnat es distribueix en petits grups rotatoris. Aquesta organitzaci\u00f3 permet atendre la diversitat de ritmes i necessitats i afavorir un aprenentatge m\u00e9s personalitzat. Els diferents espais s\u00f3n: Aquesta metodologia potencia l\u2019\u00fas funcional de la llengua i el desenvolupament de la compet\u00e8ncia comunicativa en totes [&hellip;]<\/p>\n","protected":false},"author":1,"featured_media":0,"parent":1590,"menu_order":2,"comment_status":"closed","ping_status":"closed","template":"","meta":{"_bbp_topic_count":0,"_bbp_reply_count":0,"_bbp_total_topic_count":0,"_bbp_total_reply_count":0,"_bbp_voice_count":0,"_bbp_anonymous_reply_count":0,"_bbp_topic_count_hidden":0,"_bbp_reply_count_hidden":0,"_bbp_forum_subforum_count":0,"site-sidebar-layout":"default","site-content-layout":"","ast-site-content-layout":"default","site-content-style":"default","site-sidebar-style":"default","ast-global-header-display":"","ast-banner-title-visibility":"","ast-main-header-display":"","ast-hfb-above-header-display":"","ast-hfb-below-header-display":"","ast-hfb-mobile-header-display":"","site-post-title":"","ast-breadcrumbs-content":"","ast-featured-img":"","footer-sml-layout":"","theme-transparent-header-meta":"","adv-header-id-meta":"","stick-header-meta":"","header-above-stick-meta":"","header-main-stick-meta":"","header-below-stick-meta":"","astra-migrate-meta-layouts":"set","ast-page-background-enabled":"default","ast-page-background-meta":{"desktop":{"background-color":"var(--ast-global-color-4)","background-image":"","background-repeat":"repeat","background-position":"center center","background-size":"auto","background-attachment":"scroll","background-type":"","background-media":"","overlay-type":"","overlay-color":"","overlay-opacity":"","overlay-gradient":""},"tablet":{"background-color":"","background-image":"","background-repeat":"repeat","background-position":"center center","background-size":"auto","background-attachment":"scroll","background-type":"","background-media":"","overlay-type":"","overlay-color":"","overlay-opacity":"","overlay-gradient":""},"mobile":{"background-color":"","background-image":"","background-repeat":"repeat","background-position":"center center","background-size":"auto","background-attachment":"scroll","background-type":"","background-media":"","overlay-type":"","overlay-color":"","overlay-opacity":"","overlay-gradient":""}},"ast-content-background-meta":{"desktop":{"background-color":"var(--ast-global-color-5)","background-image":"","background-repeat":"repeat","background-position":"center center","background-size":"auto","background-attachment":"scroll","background-type":"","background-media":"","overlay-type":"","overlay-color":"","overlay-opacity":"","overlay-gradient":""},"tablet":{"background-color":"var(--ast-global-color-5)","background-image":"","background-repeat":"repeat","background-position":"center center","background-size":"auto","background-attachment":"scroll","background-type":"","background-media":"","overlay-type":"","overlay-color":"","overlay-opacity":"","overlay-gradient":""},"mobile":{"background-color":"var(--ast-global-color-5)","background-image":"","background-repeat":"repeat","background-position":"center center","background-size":"auto","background-attachment":"scroll","background-type":"","background-media":"","overlay-type":"","overlay-color":"","overlay-opacity":"","overlay-gradient":""}},"footnotes":""},"class_list":["post-1557","page","type-page","status-publish","hentry"],"post_mailing_queue_ids":[],"_links":{"self":[{"href":"https:\/\/agora.xtec.cat\/escolapapasseitmollet\/wp-json\/wp\/v2\/pages\/1557","targetHints":{"allow":["GET"]}}],"collection":[{"href":"https:\/\/agora.xtec.cat\/escolapapasseitmollet\/wp-json\/wp\/v2\/pages"}],"about":[{"href":"https:\/\/agora.xtec.cat\/escolapapasseitmollet\/wp-json\/wp\/v2\/types\/page"}],"author":[{"embeddable":true,"href":"https:\/\/agora.xtec.cat\/escolapapasseitmollet\/wp-json\/wp\/v2\/users\/1"}],"replies":[{"embeddable":true,"href":"https:\/\/agora.xtec.cat\/escolapapasseitmollet\/wp-json\/wp\/v2\/comments?post=1557"}],"version-history":[{"count":4,"href":"https:\/\/agora.xtec.cat\/escolapapasseitmollet\/wp-json\/wp\/v2\/pages\/1557\/revisions"}],"predecessor-version":[{"id":1770,"href":"https:\/\/agora.xtec.cat\/escolapapasseitmollet\/wp-json\/wp\/v2\/pages\/1557\/revisions\/1770"}],"up":[{"embeddable":true,"href":"https:\/\/agora.xtec.cat\/escolapapasseitmollet\/wp-json\/wp\/v2\/pages\/1590"}],"wp:attachment":[{"href":"https:\/\/agora.xtec.cat\/escolapapasseitmollet\/wp-json\/wp\/v2\/media?parent=1557"}],"curies":[{"name":"wp","href":"https:\/\/api.w.org\/{rel}","templated":true}]}}