{"id":1138,"date":"2024-02-15T13:31:18","date_gmt":"2024-02-15T12:31:18","guid":{"rendered":"https:\/\/agora.xtec.cat\/escolapapasseitmollet\/?page_id=1138"},"modified":"2026-01-26T19:11:32","modified_gmt":"2026-01-26T18:11:32","slug":"equip-directiu","status":"publish","type":"page","link":"https:\/\/agora.xtec.cat\/escolapapasseitmollet\/lescola\/comunitat-educativa\/equip-directiu\/","title":{"rendered":"Equip directiu"},"content":{"rendered":"<table style=\"width: 95.1168%; height: 1006px;\">\n<tbody>\n<tr style=\"height: 33px;\">\n<td style=\"height: 33px;\" width=\"680\"><strong>EQUIP DIRECTIU<\/strong><\/td>\n<\/tr>\n<tr style=\"height: 396px;\">\n<td style=\"height: 395px;\" width=\"680\"><strong>Director:<\/strong>\u00a0Pol Moreno<\/p>\n<p><span style=\"text-decoration: underline;\"><strong>Perfil i traject\u00f2ria professional:\u00a0<\/strong><\/span><\/p>\n<p align=\"justify\"><span style=\"font-family: Arial, sans-serif;\">Pel que fa a la meva traject\u00f2ria professional, voldria destacar la meva implicaci\u00f3 constant en aquest centre des de l&#8217;any 2007. Durant aquest temps, he assumit diverses responsabilitats, com ara les de coordinador d&#8217;esports, coordinador d&#8217;inform\u00e0tica i coordinador de cicle i pedag\u00f2gic, entre altres. Actualment, ocupo la posici\u00f3 de director des de fa set cursos consecutius, iniciant en el 2016, amb una avaluaci\u00f3 positiva al finalitzar el mandat el 2021.<\/span><\/p>\n<p align=\"justify\"><span style=\"font-family: Arial, sans-serif;\">La meva formaci\u00f3 acad\u00e8mica m&#8217;habilita per impartir classes en angl\u00e8s, educaci\u00f3 f\u00edsica i prim\u00e0ria, oferint una perspectiva multidisciplin\u00e0ria en el meu desenvolupament professional. A m\u00e9s, destaco la meva participaci\u00f3 en la formaci\u00f3 de la funci\u00f3 directiva del Departament el 2016, la seva actualitzaci\u00f3 el 2023 i la realitzaci\u00f3 del curs de Funci\u00f3 Directiva i Lideratge Pedag\u00f2gic de la fundaci\u00f3 &#8220;LaCaixa&#8221;.<\/span><\/p>\n<p align=\"justify\"><span style=\"font-family: Arial, sans-serif;\">Estic comprom\u00e8s amb l&#8217;excel\u00b7l\u00e8ncia educativa i la millora cont\u00ednua, emocional i pedag\u00f2gica, aspectes que donen suport al meu rendiment en el rol directiu.<\/span><\/p>\n<\/td>\n<\/tr>\n<tr style=\"height: 467px;\">\n<td style=\"height: 282px;\" width=\"680\"><strong>Cap d\u2019Estudis:\u00a0<\/strong>Miriam Luque<\/p>\n<p><span style=\"text-decoration: underline;\"><strong>Perfil i traject\u00f2ria professional:\u00a0<\/strong><\/span><\/p>\n<p align=\"justify\"><span style=\"font-family: Arial, sans-serif;\">La meva traject\u00f2ria professional en aquest centre s&#8217;inicia l&#8217;any 2005 i continua fins a l&#8217;actualitat. Durant aquest per\u00edode, he ocupat diverses posicions de responsabilitat, incloent-hi la coordinaci\u00f3 de cicle i de Prim\u00e0ria, i actualment s\u00f3c Cap d&#8217;Estudis des del 2022.<\/span><\/p>\n<p align=\"justify\"><span style=\"font-family: Arial, sans-serif;\">La meva formaci\u00f3 em capacita per a impartir classes d&#8217;angl\u00e8s i de prim\u00e0ria, habilitat que he anat perfeccionant mitjan\u00e7ant diverses formacions complement\u00e0ries Externes i del Departament d\u2019Educaci\u00f3. A m\u00e9s, voldria destacar el perfil d\u2019Atenci\u00f3 a la diversitat obtingut amb la meva traject\u00f2ria professional.<\/span><\/p>\n<p align=\"justify\"><span style=\"font-family: Arial, sans-serif;\">Desitjo destacar el meu comprom\u00eds amb el projecte educatiu de l&#8217;escola, amb l&#8217;objectiu de fomentar valors com l&#8217;esfor\u00e7, l&#8217;empatia, l\u2019equitat i la col\u00b7laboraci\u00f3, aix\u00ed com aspectes pedag\u00f2gics centrats en la innovaci\u00f3, la creativitat, la reflexi\u00f3 i la cr\u00edtica.<\/span><\/p>\n<\/td>\n<\/tr>\n<tr style=\"height: 296px;\">\n<td style=\"height: 296px;\" width=\"680\"><strong>Secret\u00e0ria:<\/strong>\u00a0Loli Rodr\u00edguez<\/p>\n<p><span style=\"text-decoration: underline;\"><strong>Perfil i traject\u00f2ria professional:\u00a0<\/strong><\/span><\/p>\n<p align=\"justify\"><span style=\"font-family: Arial, sans-serif;\">Fent refer\u00e8ncia a la meva traject\u00f2ria professional, des del curs 2006-07 m&#8217;he dedicat a impulsar la millora educativa del centre. Durant aquest per\u00edode, he assumit diverses responsabilitats, incloent-hi la coordinaci\u00f3 amb centres d&#8217;Educaci\u00f3 Especial i la funci\u00f3 de Secret\u00e0ria de l&#8217;Equip Directiu des del 2016.<\/span><\/p>\n<p align=\"justify\"><span style=\"font-family: Arial, sans-serif;\">La meva formaci\u00f3 em proporciona les capacitats necess\u00e0ries per a desenvolupar tasques de tutoria i Pedagogia Terap\u00e8utica, i estic constantment en proc\u00e9s de formaci\u00f3 per millorar les meves compet\u00e8ncies professionals. Cal destacar la realitzaci\u00f3 del curs de Funci\u00f3 Directiva i Lideratge Pedag\u00f2gic de la fundaci\u00f3 &#8220;LaCaixa&#8221;.<\/span><\/p>\n<p align=\"justify\"><span style=\"font-family: Arial, sans-serif;\">Finalment, vull subratllar el meu comprom\u00eds ferm amb l&#8217;escola, impulsant diversos aspectes com la compet\u00e8ncia digital, l&#8217;enfoc sist\u00e8mic amb l&#8217;alumnat d&#8217;Educaci\u00f3 Especial i la cura del benestar, tant emocional com pedag\u00f2gic.<\/span><\/p>\n<\/td>\n<\/tr>\n<\/tbody>\n<\/table>\n","protected":false},"excerpt":{"rendered":"<p>EQUIP DIRECTIU Director:\u00a0Pol Moreno Perfil i traject\u00f2ria professional:\u00a0 Pel que fa a la meva traject\u00f2ria professional, voldria destacar la meva implicaci\u00f3 constant en aquest centre des de l&#8217;any 2007. Durant aquest temps, he assumit diverses responsabilitats, com ara les de coordinador d&#8217;esports, coordinador d&#8217;inform\u00e0tica i coordinador de cicle i pedag\u00f2gic, entre altres. Actualment, ocupo la [&hellip;]<\/p>\n","protected":false},"author":1,"featured_media":0,"parent":779,"menu_order":1,"comment_status":"closed","ping_status":"closed","template":"","meta":{"_bbp_topic_count":0,"_bbp_reply_count":0,"_bbp_total_topic_count":0,"_bbp_total_reply_count":0,"_bbp_voice_count":0,"_bbp_anonymous_reply_count":0,"_bbp_topic_count_hidden":0,"_bbp_reply_count_hidden":0,"_bbp_forum_subforum_count":0,"site-sidebar-layout":"default","site-content-layout":"","ast-site-content-layout":"","site-content-style":"default","site-sidebar-style":"default","ast-global-header-display":"","ast-banner-title-visibility":"","ast-main-header-display":"","ast-hfb-above-header-display":"","ast-hfb-below-header-display":"","ast-hfb-mobile-header-display":"","site-post-title":"","ast-breadcrumbs-content":"","ast-featured-img":"","footer-sml-layout":"","theme-transparent-header-meta":"","adv-header-id-meta":"","stick-header-meta":"","header-above-stick-meta":"","header-main-stick-meta":"","header-below-stick-meta":"","astra-migrate-meta-layouts":"default","ast-page-background-enabled":"default","ast-page-background-meta":{"desktop":{"background-color":"var(--ast-global-color-4)","background-image":"","background-repeat":"repeat","background-position":"center center","background-size":"auto","background-attachment":"scroll","background-type":"","background-media":"","overlay-type":"","overlay-color":"","overlay-opacity":"","overlay-gradient":""},"tablet":{"background-color":"","background-image":"","background-repeat":"repeat","background-position":"center center","background-size":"auto","background-attachment":"scroll","background-type":"","background-media":"","overlay-type":"","overlay-color":"","overlay-opacity":"","overlay-gradient":""},"mobile":{"background-color":"","background-image":"","background-repeat":"repeat","background-position":"center center","background-size":"auto","background-attachment":"scroll","background-type":"","background-media":"","overlay-type":"","overlay-color":"","overlay-opacity":"","overlay-gradient":""}},"ast-content-background-meta":{"desktop":{"background-color":"var(--ast-global-color-5)","background-image":"","background-repeat":"repeat","background-position":"center center","background-size":"auto","background-attachment":"scroll","background-type":"","background-media":"","overlay-type":"","overlay-color":"","overlay-opacity":"","overlay-gradient":""},"tablet":{"background-color":"var(--ast-global-color-5)","background-image":"","background-repeat":"repeat","background-position":"center center","background-size":"auto","background-attachment":"scroll","background-type":"","background-media":"","overlay-type":"","overlay-color":"","overlay-opacity":"","overlay-gradient":""},"mobile":{"background-color":"var(--ast-global-color-5)","background-image":"","background-repeat":"repeat","background-position":"center center","background-size":"auto","background-attachment":"scroll","background-type":"","background-media":"","overlay-type":"","overlay-color":"","overlay-opacity":"","overlay-gradient":""}},"footnotes":""},"class_list":["post-1138","page","type-page","status-publish","hentry"],"post_mailing_queue_ids":[],"_links":{"self":[{"href":"https:\/\/agora.xtec.cat\/escolapapasseitmollet\/wp-json\/wp\/v2\/pages\/1138","targetHints":{"allow":["GET"]}}],"collection":[{"href":"https:\/\/agora.xtec.cat\/escolapapasseitmollet\/wp-json\/wp\/v2\/pages"}],"about":[{"href":"https:\/\/agora.xtec.cat\/escolapapasseitmollet\/wp-json\/wp\/v2\/types\/page"}],"author":[{"embeddable":true,"href":"https:\/\/agora.xtec.cat\/escolapapasseitmollet\/wp-json\/wp\/v2\/users\/1"}],"replies":[{"embeddable":true,"href":"https:\/\/agora.xtec.cat\/escolapapasseitmollet\/wp-json\/wp\/v2\/comments?post=1138"}],"version-history":[{"count":5,"href":"https:\/\/agora.xtec.cat\/escolapapasseitmollet\/wp-json\/wp\/v2\/pages\/1138\/revisions"}],"predecessor-version":[{"id":1193,"href":"https:\/\/agora.xtec.cat\/escolapapasseitmollet\/wp-json\/wp\/v2\/pages\/1138\/revisions\/1193"}],"up":[{"embeddable":true,"href":"https:\/\/agora.xtec.cat\/escolapapasseitmollet\/wp-json\/wp\/v2\/pages\/779"}],"wp:attachment":[{"href":"https:\/\/agora.xtec.cat\/escolapapasseitmollet\/wp-json\/wp\/v2\/media?parent=1138"}],"curies":[{"name":"wp","href":"https:\/\/api.w.org\/{rel}","templated":true}]}}