{"id":77,"date":"2014-09-18T14:05:08","date_gmt":"2014-09-18T13:05:08","guid":{"rendered":"http:\/\/agora.xtec.cat\/escolapalaudametlla\/?page_id=77"},"modified":"2025-03-06T15:52:57","modified_gmt":"2025-03-06T14:52:57","slug":"acollida","status":"publish","type":"page","link":"https:\/\/agora.xtec.cat\/escolapalaudametlla\/serveis\/acollida\/","title":{"rendered":"Acollida"},"content":{"rendered":"<p>A l&#8217; Escola Palau d&#8217; Ametlla s&#8217;ofereix el Servei d&#8217; Acollida matinal di\u00e0riament en 3 torns diferenciats:<\/p>\n<p>de 7:30 h a 9:00 h<\/p>\n<p>de 8:00 h a 9:00h<\/p>\n<p>i de 8:30h a 9:00 h<\/p>\n<p>Els alumnes poden tenir fixes uns dies a la setmana o b\u00e9 utilitzar-lo espor\u00e0dicament els dies que ho necessiti la fam\u00edlia.<\/p>\n<p><strong>Els preus del servei s\u00f3n:<\/strong><\/p>\n<p><span style=\"text-decoration: underline;\"><strong>Els mesos de<\/strong> <strong>setembre a juny:<\/strong><\/span><\/p>\n<p>1:30 h\/dia&#8230; 58\u20ac\/mes<\/p>\n<p>1:00 h\/dia&#8230; 39,5\u20ac\/mes<\/p>\n<p>30 min\/dia&#8230; 21\u20ac\/mes<\/p>\n<p><strong>La tarifa per l&#8217;alumnat que utilitzi el servei de manera espor\u00e0dica ser\u00e0:<\/strong><\/p>\n<p>1:30 h&#8230;&#8230; 6\u20ac\/dia<\/p>\n<p>1:00 h&#8230;.. 5\u20ac\/dia<\/p>\n<p>30 min&#8230;.. 4\u20ac\/dia<\/p>\n<p>La responsable del servei \u00e9s la Laura Albacete de l&#8217;empresa &#8221; SOM VALORS&#8221; i us podeu posar en contacte amb ella al telf. <strong>682 67 82 62<\/strong> o b\u00e9 al mail <strong>palauametlla@somvalors.com<\/strong><\/p>\n<p>&nbsp;<\/p>\n<p>&nbsp;<\/p>\n","protected":false},"excerpt":{"rendered":"<p>A l&#8217; Escola Palau d&#8217; Ametlla s&#8217;ofereix el Servei d&#8217; Acollida matinal di\u00e0riament en 3 torns diferenciats:<br \/>\nde 7:30 h a 9:00 h<br \/>\nde 8:00 h a 9:00h<br \/>\ni de 8:30h a 9:00 h<br \/>\nEls alumnes poden tenir fixes uns dies a la setmana o b\u00e9 utilitzar-lo espor\u00e0dicament els&hellip;  <a href=\"https:\/\/agora.xtec.cat\/escolapalaudametlla\/serveis\/acollida\/\" title=\"Read Acollida\">Llegeix m\u00e9s\u00bb<\/a><\/p>\n","protected":false},"author":1,"featured_media":0,"parent":66,"menu_order":20,"comment_status":"closed","ping_status":"closed","template":"page-templates\/side-menu.php","meta":{"_bbp_topic_count":0,"_bbp_reply_count":0,"_bbp_total_topic_count":0,"_bbp_total_reply_count":0,"_bbp_voice_count":0,"_bbp_anonymous_reply_count":0,"_bbp_topic_count_hidden":0,"_bbp_reply_count_hidden":0,"_bbp_forum_subforum_count":0,"footnotes":""},"class_list":["post-77","page","type-page","status-publish","hentry"],"post_mailing_queue_ids":[],"_links":{"self":[{"href":"https:\/\/agora.xtec.cat\/escolapalaudametlla\/wp-json\/wp\/v2\/pages\/77","targetHints":{"allow":["GET"]}}],"collection":[{"href":"https:\/\/agora.xtec.cat\/escolapalaudametlla\/wp-json\/wp\/v2\/pages"}],"about":[{"href":"https:\/\/agora.xtec.cat\/escolapalaudametlla\/wp-json\/wp\/v2\/types\/page"}],"author":[{"embeddable":true,"href":"https:\/\/agora.xtec.cat\/escolapalaudametlla\/wp-json\/wp\/v2\/users\/1"}],"replies":[{"embeddable":true,"href":"https:\/\/agora.xtec.cat\/escolapalaudametlla\/wp-json\/wp\/v2\/comments?post=77"}],"version-history":[{"count":6,"href":"https:\/\/agora.xtec.cat\/escolapalaudametlla\/wp-json\/wp\/v2\/pages\/77\/revisions"}],"predecessor-version":[{"id":8512,"href":"https:\/\/agora.xtec.cat\/escolapalaudametlla\/wp-json\/wp\/v2\/pages\/77\/revisions\/8512"}],"up":[{"embeddable":true,"href":"https:\/\/agora.xtec.cat\/escolapalaudametlla\/wp-json\/wp\/v2\/pages\/66"}],"wp:attachment":[{"href":"https:\/\/agora.xtec.cat\/escolapalaudametlla\/wp-json\/wp\/v2\/media?parent=77"}],"curies":[{"name":"wp","href":"https:\/\/api.w.org\/{rel}","templated":true}]}}