{"id":4645,"date":"2021-03-10T12:17:49","date_gmt":"2021-03-10T11:17:49","guid":{"rendered":"http:\/\/agora.xtec.cat\/escolapalaudametlla\/?page_id=4645"},"modified":"2026-03-09T17:49:19","modified_gmt":"2026-03-09T16:49:19","slug":"com-es-un-dia-a-p3","status":"publish","type":"page","link":"https:\/\/agora.xtec.cat\/escolapalaudametlla\/lescola\/preinscripcio-i-matricula\/com-es-un-dia-a-p3\/","title":{"rendered":"COM \u00c9S UN DIA A I3?"},"content":{"rendered":"<p>Us deixem un enlla\u00e7 a una presentaci\u00f3 de les activitats que realitzen els nens i nenes del nostre centre en el seu dia a dia a la nostra escola.<\/p>\n<p><a href=\"https:\/\/www.dropbox.com\/scl\/fi\/m76u03jzl59mugmrse0x2\/Un-dia-a-I3.pdf?rlkey=s5ga45kkot2u1hj18v6qrv5g9&amp;st=ddzyld8q&amp;dl=0\"><img loading=\"lazy\" decoding=\"async\" class=\"aligncenter wp-image-9277 size-large\" src=\"https:\/\/agora.xtec.cat\/escolapalaudametlla\/wp-content\/uploads\/usu1214\/2026\/03\/Captura-1024x578.jpg\" alt=\"\" width=\"1024\" height=\"578\" srcset=\"https:\/\/agora.xtec.cat\/escolapalaudametlla\/wp-content\/uploads\/usu1214\/2026\/03\/Captura-1024x578.jpg 1024w, https:\/\/agora.xtec.cat\/escolapalaudametlla\/wp-content\/uploads\/usu1214\/2026\/03\/Captura-300x169.jpg 300w, https:\/\/agora.xtec.cat\/escolapalaudametlla\/wp-content\/uploads\/usu1214\/2026\/03\/Captura-768x434.jpg 768w, https:\/\/agora.xtec.cat\/escolapalaudametlla\/wp-content\/uploads\/usu1214\/2026\/03\/Captura.jpg 1176w\" sizes=\"auto, (max-width: 1024px) 100vw, 1024px\" \/><\/a><\/p>\n<p>&nbsp;<\/p>\n","protected":false},"excerpt":{"rendered":"<p>Us deixem un enlla\u00e7 a una presentaci\u00f3 de les activitats que realitzen els nens i nenes del nostre centre en el seu dia a dia a la nostra escola.<br \/>\n<a href=\"https:\/\/www.dropbox.com\/scl\/fi\/m76u03jzl59mugmrse0x2\/Un-dia-a-I3.pdf?rlkey=s5ga45kkot2u1hj18v6qrv5g9&amp;st=ddzyld8q&amp;dl=0\"><\/a><br \/>\n&nbsp;<\/p>\n","protected":false},"author":20,"featured_media":0,"parent":4534,"menu_order":0,"comment_status":"closed","ping_status":"closed","template":"","meta":{"_bbp_topic_count":0,"_bbp_reply_count":0,"_bbp_total_topic_count":0,"_bbp_total_reply_count":0,"_bbp_voice_count":0,"_bbp_anonymous_reply_count":0,"_bbp_topic_count_hidden":0,"_bbp_reply_count_hidden":0,"_bbp_forum_subforum_count":0,"footnotes":""},"class_list":["post-4645","page","type-page","status-publish","hentry"],"post_mailing_queue_ids":[],"_links":{"self":[{"href":"https:\/\/agora.xtec.cat\/escolapalaudametlla\/wp-json\/wp\/v2\/pages\/4645","targetHints":{"allow":["GET"]}}],"collection":[{"href":"https:\/\/agora.xtec.cat\/escolapalaudametlla\/wp-json\/wp\/v2\/pages"}],"about":[{"href":"https:\/\/agora.xtec.cat\/escolapalaudametlla\/wp-json\/wp\/v2\/types\/page"}],"author":[{"embeddable":true,"href":"https:\/\/agora.xtec.cat\/escolapalaudametlla\/wp-json\/wp\/v2\/users\/20"}],"replies":[{"embeddable":true,"href":"https:\/\/agora.xtec.cat\/escolapalaudametlla\/wp-json\/wp\/v2\/comments?post=4645"}],"version-history":[{"count":6,"href":"https:\/\/agora.xtec.cat\/escolapalaudametlla\/wp-json\/wp\/v2\/pages\/4645\/revisions"}],"predecessor-version":[{"id":9279,"href":"https:\/\/agora.xtec.cat\/escolapalaudametlla\/wp-json\/wp\/v2\/pages\/4645\/revisions\/9279"}],"up":[{"embeddable":true,"href":"https:\/\/agora.xtec.cat\/escolapalaudametlla\/wp-json\/wp\/v2\/pages\/4534"}],"wp:attachment":[{"href":"https:\/\/agora.xtec.cat\/escolapalaudametlla\/wp-json\/wp\/v2\/media?parent=4645"}],"curies":[{"name":"wp","href":"https:\/\/api.w.org\/{rel}","templated":true}]}}