{"id":4554,"date":"2021-02-16T10:40:59","date_gmt":"2021-02-16T09:40:59","guid":{"rendered":"http:\/\/agora.xtec.cat\/escolapalaudametlla\/?page_id=4554"},"modified":"2026-03-05T12:16:06","modified_gmt":"2026-03-05T11:16:06","slug":"informacions-escola","status":"publish","type":"page","link":"https:\/\/agora.xtec.cat\/escolapalaudametlla\/lescola\/preinscripcio-i-matricula\/informacions-escola\/","title":{"rendered":"INFORMACI\u00d3 ESCOLA"},"content":{"rendered":"<h5>Clica sobre la imatge per poder con\u00e8ixer els punts m\u00e9s importants del nostre Projecte Educatiu.<a href=\"https:\/\/www.dropbox.com\/scl\/fi\/j8yexsfoi2ldofvn4pwkm\/Full-informatiu-escola.pdf?rlkey=o4ew771lj22efxc3ei4fjlq6j&amp;st=16vrs83g&amp;dl=0\"><img loading=\"lazy\" decoding=\"async\" class=\"alignnone wp-image-4568 size-large\" src=\"https:\/\/agora.xtec.cat\/escolapalaudametlla\/wp-content\/uploads\/usu1214\/2021\/02\/portada-document-escola-724x1024.jpg\" alt=\"\" width=\"724\" height=\"1024\" srcset=\"https:\/\/agora.xtec.cat\/escolapalaudametlla\/wp-content\/uploads\/usu1214\/2021\/02\/portada-document-escola-724x1024.jpg 724w, https:\/\/agora.xtec.cat\/escolapalaudametlla\/wp-content\/uploads\/usu1214\/2021\/02\/portada-document-escola-212x300.jpg 212w, https:\/\/agora.xtec.cat\/escolapalaudametlla\/wp-content\/uploads\/usu1214\/2021\/02\/portada-document-escola-768x1086.jpg 768w, https:\/\/agora.xtec.cat\/escolapalaudametlla\/wp-content\/uploads\/usu1214\/2021\/02\/portada-document-escola.jpg 1587w\" sizes=\"auto, (max-width: 724px) 100vw, 724px\" \/><\/a><\/h5>\n","protected":false},"excerpt":{"rendered":"<p>Clica sobre la imatge per poder con\u00e8ixer els punts m\u00e9s importants del nostre Projecte Educatiu.<a href=\"https:\/\/www.dropbox.com\/scl\/fi\/j8yexsfoi2ldofvn4pwkm\/Full-informatiu-escola.pdf?rlkey=o4ew771lj22efxc3ei4fjlq6j&amp;st=16vrs83g&amp;dl=0\"><\/a><\/p>\n","protected":false},"author":20,"featured_media":0,"parent":4534,"menu_order":0,"comment_status":"closed","ping_status":"closed","template":"page-templates\/side-menu.php","meta":{"_bbp_topic_count":0,"_bbp_reply_count":0,"_bbp_total_topic_count":0,"_bbp_total_reply_count":0,"_bbp_voice_count":0,"_bbp_anonymous_reply_count":0,"_bbp_topic_count_hidden":0,"_bbp_reply_count_hidden":0,"_bbp_forum_subforum_count":0,"footnotes":""},"class_list":["post-4554","page","type-page","status-publish","hentry"],"post_mailing_queue_ids":[],"_links":{"self":[{"href":"https:\/\/agora.xtec.cat\/escolapalaudametlla\/wp-json\/wp\/v2\/pages\/4554","targetHints":{"allow":["GET"]}}],"collection":[{"href":"https:\/\/agora.xtec.cat\/escolapalaudametlla\/wp-json\/wp\/v2\/pages"}],"about":[{"href":"https:\/\/agora.xtec.cat\/escolapalaudametlla\/wp-json\/wp\/v2\/types\/page"}],"author":[{"embeddable":true,"href":"https:\/\/agora.xtec.cat\/escolapalaudametlla\/wp-json\/wp\/v2\/users\/20"}],"replies":[{"embeddable":true,"href":"https:\/\/agora.xtec.cat\/escolapalaudametlla\/wp-json\/wp\/v2\/comments?post=4554"}],"version-history":[{"count":4,"href":"https:\/\/agora.xtec.cat\/escolapalaudametlla\/wp-json\/wp\/v2\/pages\/4554\/revisions"}],"predecessor-version":[{"id":9267,"href":"https:\/\/agora.xtec.cat\/escolapalaudametlla\/wp-json\/wp\/v2\/pages\/4554\/revisions\/9267"}],"up":[{"embeddable":true,"href":"https:\/\/agora.xtec.cat\/escolapalaudametlla\/wp-json\/wp\/v2\/pages\/4534"}],"wp:attachment":[{"href":"https:\/\/agora.xtec.cat\/escolapalaudametlla\/wp-json\/wp\/v2\/media?parent=4554"}],"curies":[{"name":"wp","href":"https:\/\/api.w.org\/{rel}","templated":true}]}}