{"id":4427,"date":"2021-01-26T19:36:08","date_gmt":"2021-01-26T18:36:08","guid":{"rendered":"http:\/\/agora.xtec.cat\/escolapalaudametlla\/?page_id=4427"},"modified":"2023-10-18T12:05:41","modified_gmt":"2023-10-18T10:05:41","slug":"projecte-educatiu-de-centre","status":"publish","type":"page","link":"https:\/\/agora.xtec.cat\/escolapalaudametlla\/lescola\/documents-escola\/projecte-educatiu-de-centre\/","title":{"rendered":"PEC"},"content":{"rendered":"<p>&nbsp;<\/p>\n<h1>PROJECTE EDUCATIU<\/h1>\n<p>D\u2019acord amb la\u00a0<a title=\"Article 91 LEC\" href=\"http:\/\/www20.gencat.cat\/portal\/site\/portaljuridic\/menuitem.d15a4e5dfb99396dc366ec10b0c0e1a0\/?vgnextoid=b85297b5a87d6210VgnVCM1000000b0c1e0aRCRD&amp;vgnextchannel=b85297b5a87d6210VgnVCM1000000b0c1e0aRCRD&amp;vgnextfmt=default&amp;action=fitxa&amp;portalId=1&amp;documentId=480169&amp;newLang=ca_ES#fragment-1182442\" target=\"_blank\" rel=\"noopener noreferrer\">Llei d\u2019Educaci\u00f3 de Catalunya<\/a>, el projecte educatiu de centre \u00e9s el document que permet definir i singularitzar el centre. \u00c9s l\u2019eina que serveix com a marc de refer\u00e8ncia d\u2019altres documents per a la gesti\u00f3 i la presa de decisions i orienta els seus objectius i prioritats d\u2019actuaci\u00f3 en els \u00e0mbits curricular, organitzatiu, de gesti\u00f3 econ\u00f2mica i de gesti\u00f3 de personal, adaptat a la realitat del vostre entorn per tal que tot l\u2019alumnat del vostre centre assoleixi millors resultats educatius.<\/p>\n<p>La comunicaci\u00f3 i la difusi\u00f3 del projecte educatiu \u00e9s un element clau per a facilitar que la comunitat educativa i l\u2019entorn en tinguin bon coneixement i, entre d\u2019altres, t\u00e9 l\u2019objectiu de facilitar a les fam\u00edlies el coneixement del vostre centre en el proc\u00e9s de preinscripci\u00f3. Alhora, ser\u00e0 \u00fatil per als docents que estiguin interessats a formar-ne part i per fer la proposta de llocs de treball amb perfil professional a la plantilla del centre.<\/p>\n<p>D\u2019aquest Projecte Educatiu es desprenen altres documents importants pel funcionament i l\u2019organitzaci\u00f3 del centre com :<\/p>\n<ul>\n<li>\u00a0NOFC<\/li>\n<li>PLA DE CONVIV\u00c8NCIA<\/li>\n<li>PLA D\u2019ATENCI\u00d3 A LA DIVERSITAT.<\/li>\n<li>PLA D\u2019ACCI\u00d3 TUTORIAL<\/li>\n<li>PLA D\u2019ACOLLIDA DE CENTRE<\/li>\n<li>PROTOCOL D\u2019ABSENTISME<\/li>\n<li>PLA D\u2019EMERG\u00c8NCIA<\/li>\n<li>PLA DE FUNCIONAMENT DEL MENJADOR<\/li>\n<li>PROJECTE LING\u00dc\u00cdSTIC<\/li>\n<li>PLA LECTOR<\/li>\n<li>PLA DE LLENG\u00dcES ESTRANGERES<\/li>\n<li>PLA TAC<\/li>\n<\/ul>\n<p>El nostre projecte educatiu va ser aprovat en Consell Escolar\u00a0 en data 10 de juny de 2015 i va ser revisat el curs 22-23 .<\/p>\n<p><a href=\"https:\/\/www.dropbox.com\/scl\/fi\/ivsitkmynh6bbtkd16gh2\/PEC-DEFINITIU-22-23.pdf?rlkey=hsba07i00694716xo40b2r39j&amp;dl=0\"><img loading=\"lazy\" decoding=\"async\" class=\"aligncenter wp-image-6268 size-full\" src=\"https:\/\/agora.xtec.cat\/escolapalaudametlla\/wp-content\/uploads\/usu1214\/2023\/10\/PEC-22-23.jpg\" alt=\"\" width=\"306\" height=\"435\" srcset=\"https:\/\/agora.xtec.cat\/escolapalaudametlla\/wp-content\/uploads\/usu1214\/2023\/10\/PEC-22-23.jpg 306w, https:\/\/agora.xtec.cat\/escolapalaudametlla\/wp-content\/uploads\/usu1214\/2023\/10\/PEC-22-23-211x300.jpg 211w\" sizes=\"auto, (max-width: 306px) 100vw, 306px\" \/><\/a><\/p>\n<p>&nbsp;<\/p>\n","protected":false},"excerpt":{"rendered":"<p>&nbsp;<br \/>\nPROJECTE EDUCATIU<br \/>\nD\u2019acord amb la\u00a0<a title=\"Article 91 LEC\" href=\"http:\/\/www20.gencat.cat\/portal\/site\/portaljuridic\/menuitem.d15a4e5dfb99396dc366ec10b0c0e1a0\/?vgnextoid=b85297b5a87d6210VgnVCM1000000b0c1e0aRCRD&amp;vgnextchannel=b85297b5a87d6210VgnVCM1000000b0c1e0aRCRD&amp;vgnextfmt=default&amp;action=fitxa&amp;portalId=1&amp;documentId=480169&amp;newLang=ca_ES#fragment-1182442\" target=\"_blank\" rel=\"noopener noreferrer\">Llei d\u2019Educaci\u00f3 de Catalunya<\/a>, el projecte educatiu de centre \u00e9s el document que permet definir i singularitzar el centre. \u00c9s l\u2019eina que serveix com a marc de refer\u00e8ncia d\u2019altres documents per a la gesti\u00f3 i&hellip;  <a href=\"https:\/\/agora.xtec.cat\/escolapalaudametlla\/lescola\/documents-escola\/projecte-educatiu-de-centre\/\" title=\"Read PEC\">Llegeix m\u00e9s\u00bb<\/a><\/p>\n","protected":false},"author":1,"featured_media":0,"parent":966,"menu_order":0,"comment_status":"closed","ping_status":"closed","template":"","meta":{"_bbp_topic_count":0,"_bbp_reply_count":0,"_bbp_total_topic_count":0,"_bbp_total_reply_count":0,"_bbp_voice_count":0,"_bbp_anonymous_reply_count":0,"_bbp_topic_count_hidden":0,"_bbp_reply_count_hidden":0,"_bbp_forum_subforum_count":0,"footnotes":""},"class_list":["post-4427","page","type-page","status-publish","hentry"],"post_mailing_queue_ids":[],"_links":{"self":[{"href":"https:\/\/agora.xtec.cat\/escolapalaudametlla\/wp-json\/wp\/v2\/pages\/4427","targetHints":{"allow":["GET"]}}],"collection":[{"href":"https:\/\/agora.xtec.cat\/escolapalaudametlla\/wp-json\/wp\/v2\/pages"}],"about":[{"href":"https:\/\/agora.xtec.cat\/escolapalaudametlla\/wp-json\/wp\/v2\/types\/page"}],"author":[{"embeddable":true,"href":"https:\/\/agora.xtec.cat\/escolapalaudametlla\/wp-json\/wp\/v2\/users\/1"}],"replies":[{"embeddable":true,"href":"https:\/\/agora.xtec.cat\/escolapalaudametlla\/wp-json\/wp\/v2\/comments?post=4427"}],"version-history":[{"count":3,"href":"https:\/\/agora.xtec.cat\/escolapalaudametlla\/wp-json\/wp\/v2\/pages\/4427\/revisions"}],"predecessor-version":[{"id":6269,"href":"https:\/\/agora.xtec.cat\/escolapalaudametlla\/wp-json\/wp\/v2\/pages\/4427\/revisions\/6269"}],"up":[{"embeddable":true,"href":"https:\/\/agora.xtec.cat\/escolapalaudametlla\/wp-json\/wp\/v2\/pages\/966"}],"wp:attachment":[{"href":"https:\/\/agora.xtec.cat\/escolapalaudametlla\/wp-json\/wp\/v2\/media?parent=4427"}],"curies":[{"name":"wp","href":"https:\/\/api.w.org\/{rel}","templated":true}]}}