{"id":30,"date":"2014-09-18T12:30:23","date_gmt":"2014-09-18T11:30:23","guid":{"rendered":"http:\/\/agora.xtec.cat\/escolapalaudametlla\/?page_id=30"},"modified":"2024-09-03T10:13:55","modified_gmt":"2024-09-03T08:13:55","slug":"instal%c2%b7lacions","status":"publish","type":"page","link":"https:\/\/agora.xtec.cat\/escolapalaudametlla\/lescola\/instal%c2%b7lacions\/","title":{"rendered":"Instal\u00b7lacions"},"content":{"rendered":"<p>El nostre centre es va inaugurar el 9 de gener de 2019. \u00c9s un edifici en forma de L que consta de dues plantes i est\u00e0 constru\u00eft per donar cabuda a dues classes per curs, des d&#8217;I3 a 6\u00e8 de Prim\u00e0ria. A banda de les aules ordin\u00e0ries comptem amb biblioteca, laboratori, aula d&#8217;educaci\u00f3 especial, sala d&#8217;inform\u00e0tica, sala de psicomotricitat, aules de desdoblaments aula d&#8217;Arts&amp;Crafts i aula de m\u00fasica. Els\/les alumnes gaudeixen de dos patis molt grans diferenciats pels alumnes d&#8217;Educaci\u00f3 Infantil i Ed. Prim\u00e0ria.<\/p>\n<p>A la planta baixa tenim cuina pr\u00f2pia i un menjador que pot donar cabuda a 150 nens i nenes.<\/p>\n<p>Per realitzar l&#8217;Educaci\u00f3 F\u00edsica i els actes oberts a les fam\u00edlies o per tots\/es els\/les alumnes disposem d&#8217;un pavell\u00f3 cobert.<\/p>\n<p><a href=\"https:\/\/agora.xtec.cat\/escolapalaudametlla\/wp-content\/uploads\/usu1214\/2019\/05\/20190527_115038_Easy-Resize.com_-e1574246088284.jpg\"><img loading=\"lazy\" decoding=\"async\" class=\"wp-image-2730 size-large aligncenter\" src=\"https:\/\/agora.xtec.cat\/escolapalaudametlla\/wp-content\/uploads\/usu1214\/2019\/05\/20190527_115038_Easy-Resize.com_-e1559136188689-1024x768.jpg\" alt=\"\" width=\"1024\" height=\"768\" \/><\/a><\/p>\n<p><a href=\"https:\/\/agora.xtec.cat\/escolapalaudametlla\/wp-content\/uploads\/usu1214\/2019\/10\/IMG-20191029-WA0026.jpg\"><img loading=\"lazy\" decoding=\"async\" class=\"aligncenter wp-image-2922 size-large\" src=\"https:\/\/agora.xtec.cat\/escolapalaudametlla\/wp-content\/uploads\/usu1214\/2019\/10\/IMG-20191029-WA0026-1024x768.jpg\" alt=\"\" width=\"1024\" height=\"768\" srcset=\"https:\/\/agora.xtec.cat\/escolapalaudametlla\/wp-content\/uploads\/usu1214\/2019\/10\/IMG-20191029-WA0026.jpg 1024w, https:\/\/agora.xtec.cat\/escolapalaudametlla\/wp-content\/uploads\/usu1214\/2019\/10\/IMG-20191029-WA0026-300x225.jpg 300w, https:\/\/agora.xtec.cat\/escolapalaudametlla\/wp-content\/uploads\/usu1214\/2019\/10\/IMG-20191029-WA0026-768x576.jpg 768w, https:\/\/agora.xtec.cat\/escolapalaudametlla\/wp-content\/uploads\/usu1214\/2019\/10\/IMG-20191029-WA0026-200x150.jpg 200w\" sizes=\"auto, (max-width: 1024px) 100vw, 1024px\" \/><\/a><\/p>\n<p><a href=\"https:\/\/agora.xtec.cat\/escolapalaudametlla\/wp-content\/uploads\/usu1214\/2020\/11\/resized_IMG_20201106_111413.jpg\"><img loading=\"lazy\" decoding=\"async\" class=\"wp-image-4224 size-medium alignleft\" src=\"https:\/\/agora.xtec.cat\/escolapalaudametlla\/wp-content\/uploads\/usu1214\/2020\/11\/resized_IMG_20201106_111413-300x225.jpg\" alt=\"\" width=\"300\" height=\"225\" srcset=\"https:\/\/agora.xtec.cat\/escolapalaudametlla\/wp-content\/uploads\/usu1214\/2020\/11\/resized_IMG_20201106_111413-300x225.jpg 300w, https:\/\/agora.xtec.cat\/escolapalaudametlla\/wp-content\/uploads\/usu1214\/2020\/11\/resized_IMG_20201106_111413-768x576.jpg 768w, https:\/\/agora.xtec.cat\/escolapalaudametlla\/wp-content\/uploads\/usu1214\/2020\/11\/resized_IMG_20201106_111413-1024x768.jpg 1024w, https:\/\/agora.xtec.cat\/escolapalaudametlla\/wp-content\/uploads\/usu1214\/2020\/11\/resized_IMG_20201106_111413-200x150.jpg 200w, https:\/\/agora.xtec.cat\/escolapalaudametlla\/wp-content\/uploads\/usu1214\/2020\/11\/resized_IMG_20201106_111413.jpg 2000w\" sizes=\"auto, (max-width: 300px) 100vw, 300px\" \/><\/a> <a href=\"https:\/\/agora.xtec.cat\/escolapalaudametlla\/wp-content\/uploads\/usu1214\/2020\/09\/resized_IMG_20200918_104213.jpg\"><img loading=\"lazy\" decoding=\"async\" class=\"wp-image-4051 size-medium alignleft\" src=\"https:\/\/agora.xtec.cat\/escolapalaudametlla\/wp-content\/uploads\/usu1214\/2020\/09\/resized_IMG_20200918_104213-300x225.jpg\" alt=\"\" width=\"300\" height=\"225\" srcset=\"https:\/\/agora.xtec.cat\/escolapalaudametlla\/wp-content\/uploads\/usu1214\/2020\/09\/resized_IMG_20200918_104213-300x225.jpg 300w, https:\/\/agora.xtec.cat\/escolapalaudametlla\/wp-content\/uploads\/usu1214\/2020\/09\/resized_IMG_20200918_104213-768x576.jpg 768w, https:\/\/agora.xtec.cat\/escolapalaudametlla\/wp-content\/uploads\/usu1214\/2020\/09\/resized_IMG_20200918_104213-1024x768.jpg 1024w, https:\/\/agora.xtec.cat\/escolapalaudametlla\/wp-content\/uploads\/usu1214\/2020\/09\/resized_IMG_20200918_104213-200x150.jpg 200w\" sizes=\"auto, (max-width: 300px) 100vw, 300px\" \/><\/a> <a href=\"https:\/\/agora.xtec.cat\/escolapalaudametlla\/wp-content\/uploads\/usu1214\/2020\/02\/IMG_20200218_111202.jpg\"><img loading=\"lazy\" decoding=\"async\" class=\"wp-image-3584 size-medium alignleft\" src=\"https:\/\/agora.xtec.cat\/escolapalaudametlla\/wp-content\/uploads\/usu1214\/2020\/02\/IMG_20200218_111202-300x225.jpg\" alt=\"\" width=\"300\" height=\"225\" srcset=\"https:\/\/agora.xtec.cat\/escolapalaudametlla\/wp-content\/uploads\/usu1214\/2020\/02\/IMG_20200218_111202-300x225.jpg 300w, https:\/\/agora.xtec.cat\/escolapalaudametlla\/wp-content\/uploads\/usu1214\/2020\/02\/IMG_20200218_111202-768x576.jpg 768w, https:\/\/agora.xtec.cat\/escolapalaudametlla\/wp-content\/uploads\/usu1214\/2020\/02\/IMG_20200218_111202-1024x768.jpg 1024w, https:\/\/agora.xtec.cat\/escolapalaudametlla\/wp-content\/uploads\/usu1214\/2020\/02\/IMG_20200218_111202-200x150.jpg 200w, https:\/\/agora.xtec.cat\/escolapalaudametlla\/wp-content\/uploads\/usu1214\/2020\/02\/IMG_20200218_111202.jpg 1600w\" sizes=\"auto, (max-width: 300px) 100vw, 300px\" \/><\/a><\/p>\n<p><a href=\"https:\/\/agora.xtec.cat\/escolapalaudametlla\/wp-content\/uploads\/usu1214\/2020\/11\/IMG-20201115-WA0000.jpg\"><img loading=\"lazy\" decoding=\"async\" class=\"wp-image-4217 size-medium alignnone\" src=\"https:\/\/agora.xtec.cat\/escolapalaudametlla\/wp-content\/uploads\/usu1214\/2020\/11\/IMG-20201115-WA0000-225x300.jpg\" alt=\"\" width=\"225\" height=\"300\" srcset=\"https:\/\/agora.xtec.cat\/escolapalaudametlla\/wp-content\/uploads\/usu1214\/2020\/11\/IMG-20201115-WA0000-225x300.jpg 225w, https:\/\/agora.xtec.cat\/escolapalaudametlla\/wp-content\/uploads\/usu1214\/2020\/11\/IMG-20201115-WA0000.jpg 768w\" sizes=\"auto, (max-width: 225px) 100vw, 225px\" \/><\/a><img loading=\"lazy\" decoding=\"async\" class=\"alignnone wp-image-1928 size-medium\" src=\"https:\/\/agora.xtec.cat\/escolapalaudametlla\/wp-content\/uploads\/usu1214\/2017\/10\/resized_VISTA-PATI-300x152.jpg\" alt=\"\" width=\"300\" height=\"152\" srcset=\"https:\/\/agora.xtec.cat\/escolapalaudametlla\/wp-content\/uploads\/usu1214\/2017\/10\/resized_VISTA-PATI-300x152.jpg 300w, https:\/\/agora.xtec.cat\/escolapalaudametlla\/wp-content\/uploads\/usu1214\/2017\/10\/resized_VISTA-PATI-768x389.jpg 768w, https:\/\/agora.xtec.cat\/escolapalaudametlla\/wp-content\/uploads\/usu1214\/2017\/10\/resized_VISTA-PATI-1024x519.jpg 1024w, https:\/\/agora.xtec.cat\/escolapalaudametlla\/wp-content\/uploads\/usu1214\/2017\/10\/resized_VISTA-PATI.jpg 1600w\" sizes=\"auto, (max-width: 300px) 100vw, 300px\" \/><img loading=\"lazy\" decoding=\"async\" class=\"wp-image-4464 size-medium alignleft\" src=\"https:\/\/agora.xtec.cat\/escolapalaudametlla\/wp-content\/uploads\/usu1214\/2021\/01\/resized_01-300x174.jpg\" alt=\"\" width=\"300\" height=\"174\" srcset=\"https:\/\/agora.xtec.cat\/escolapalaudametlla\/wp-content\/uploads\/usu1214\/2021\/01\/resized_01-300x174.jpg 300w, https:\/\/agora.xtec.cat\/escolapalaudametlla\/wp-content\/uploads\/usu1214\/2021\/01\/resized_01-768x445.jpg 768w, https:\/\/agora.xtec.cat\/escolapalaudametlla\/wp-content\/uploads\/usu1214\/2021\/01\/resized_01-1024x594.jpg 1024w\" sizes=\"auto, (max-width: 300px) 100vw, 300px\" \/><img loading=\"lazy\" decoding=\"async\" class=\"wp-image-4463 size-medium alignleft\" src=\"https:\/\/agora.xtec.cat\/escolapalaudametlla\/wp-content\/uploads\/usu1214\/2021\/01\/resized_02-300x134.jpg\" alt=\"\" width=\"300\" height=\"134\" srcset=\"https:\/\/agora.xtec.cat\/escolapalaudametlla\/wp-content\/uploads\/usu1214\/2021\/01\/resized_02-300x134.jpg 300w, https:\/\/agora.xtec.cat\/escolapalaudametlla\/wp-content\/uploads\/usu1214\/2021\/01\/resized_02-768x343.jpg 768w, https:\/\/agora.xtec.cat\/escolapalaudametlla\/wp-content\/uploads\/usu1214\/2021\/01\/resized_02-1024x457.jpg 1024w\" sizes=\"auto, (max-width: 300px) 100vw, 300px\" \/><img loading=\"lazy\" decoding=\"async\" class=\"wp-image-2832 size-medium alignleft\" src=\"https:\/\/agora.xtec.cat\/escolapalaudametlla\/wp-content\/uploads\/usu1214\/2019\/09\/15__1568716860_37757-300x139.jpg\" alt=\"\" width=\"300\" height=\"139\" srcset=\"https:\/\/agora.xtec.cat\/escolapalaudametlla\/wp-content\/uploads\/usu1214\/2019\/09\/15__1568716860_37757-300x139.jpg 300w, https:\/\/agora.xtec.cat\/escolapalaudametlla\/wp-content\/uploads\/usu1214\/2019\/09\/15__1568716860_37757-768x355.jpg 768w, https:\/\/agora.xtec.cat\/escolapalaudametlla\/wp-content\/uploads\/usu1214\/2019\/09\/15__1568716860_37757.jpg 800w\" sizes=\"auto, (max-width: 300px) 100vw, 300px\" \/><\/p>\n","protected":false},"excerpt":{"rendered":"<p>El nostre centre es va inaugurar el 9 de gener de 2019. \u00c9s un edifici en forma de L que consta de dues plantes i est\u00e0 constru\u00eft per donar cabuda a dues classes per curs, des d&#8217;I3 a 6\u00e8 de Prim\u00e0ria. A banda de les&hellip;  <a href=\"https:\/\/agora.xtec.cat\/escolapalaudametlla\/lescola\/instal%c2%b7lacions\/\" title=\"Read Instal\u00b7lacions\">Llegeix m\u00e9s\u00bb<\/a><\/p>\n","protected":false},"author":1,"featured_media":0,"parent":22,"menu_order":40,"comment_status":"closed","ping_status":"closed","template":"page-templates\/side-menu.php","meta":{"_bbp_topic_count":0,"_bbp_reply_count":0,"_bbp_total_topic_count":0,"_bbp_total_reply_count":0,"_bbp_voice_count":0,"_bbp_anonymous_reply_count":0,"_bbp_topic_count_hidden":0,"_bbp_reply_count_hidden":0,"_bbp_forum_subforum_count":0,"footnotes":""},"class_list":["post-30","page","type-page","status-publish","hentry"],"post_mailing_queue_ids":[],"_links":{"self":[{"href":"https:\/\/agora.xtec.cat\/escolapalaudametlla\/wp-json\/wp\/v2\/pages\/30","targetHints":{"allow":["GET"]}}],"collection":[{"href":"https:\/\/agora.xtec.cat\/escolapalaudametlla\/wp-json\/wp\/v2\/pages"}],"about":[{"href":"https:\/\/agora.xtec.cat\/escolapalaudametlla\/wp-json\/wp\/v2\/types\/page"}],"author":[{"embeddable":true,"href":"https:\/\/agora.xtec.cat\/escolapalaudametlla\/wp-json\/wp\/v2\/users\/1"}],"replies":[{"embeddable":true,"href":"https:\/\/agora.xtec.cat\/escolapalaudametlla\/wp-json\/wp\/v2\/comments?post=30"}],"version-history":[{"count":4,"href":"https:\/\/agora.xtec.cat\/escolapalaudametlla\/wp-json\/wp\/v2\/pages\/30\/revisions"}],"predecessor-version":[{"id":7770,"href":"https:\/\/agora.xtec.cat\/escolapalaudametlla\/wp-json\/wp\/v2\/pages\/30\/revisions\/7770"}],"up":[{"embeddable":true,"href":"https:\/\/agora.xtec.cat\/escolapalaudametlla\/wp-json\/wp\/v2\/pages\/22"}],"wp:attachment":[{"href":"https:\/\/agora.xtec.cat\/escolapalaudametlla\/wp-json\/wp\/v2\/media?parent=30"}],"curies":[{"name":"wp","href":"https:\/\/api.w.org\/{rel}","templated":true}]}}