{"id":28,"date":"2014-09-18T12:29:35","date_gmt":"2014-09-18T11:29:35","guid":{"rendered":"http:\/\/agora.xtec.cat\/escolapalaudametlla\/?page_id=28"},"modified":"2025-11-20T13:45:05","modified_gmt":"2025-11-20T12:45:05","slug":"consell-escolar","status":"publish","type":"page","link":"https:\/\/agora.xtec.cat\/escolapalaudametlla\/consell-escolar\/","title":{"rendered":"Consell escolar 25-26"},"content":{"rendered":"<p>El consell escolar \u00e9s l&#8217;\u00f2rgan de participaci\u00f3 dels diferents sectors de la comunitat educativa en el govern dels centres.<\/p>\n<p>La funci\u00f3 principal del consell escolar \u00e9s participar en la presa de decisions en relaci\u00f3 amb aquells temes importants per al funcionament i l&#8217;organitzaci\u00f3 del centre: el projecte educatiu, la programaci\u00f3 general, la gesti\u00f3 econ\u00f2mica, etc.<\/p>\n<p>Formen part del consell escolar del centre, les mares i els pares dels alumnes matriculats en un centre educatiu, per mitj\u00e0 dels representants escollits en les eleccions.<\/p>\n<p>A la nostra escola el consell escolar est\u00e0 format per :<\/p>\n<p>&#8211;<strong> Equip Directiu<\/strong>:\u00a0 Adri\u00e0 Mart\u00ednez, Inma Paz i Alba Farr\u00e9<\/p>\n<p>&#8211; <strong>Sector mestres<\/strong>: Guillem Mayoral, Jose Montes, \u00c8rika La\u00edn, In\u00e9s Conde i Jordi Zacar\u00e9s<\/p>\n<p>&#8211;<strong> Sector pares: <\/strong>Sergio D\u00edaz, Ivan Mart\u00ednez, Luis Ben\u00edtez i Sergi Xibeli<\/p>\n<p>&#8211;<strong> Representant AMPA<\/strong>: Susana Pip\u00f3<\/p>\n<p>&#8211;<strong> Representant Ajuntament:<\/strong> Jos\u00e9 Montero<\/p>\n<p>&#8211;<strong> Representant PAS:<\/strong> Maika Mart\u00ednez<\/p>\n<p>Cada dos anys (els anys senars) es realitzen les eleccions per renovar els i les representants de cada sector.<\/p>\n<p>Les reunions ordin\u00e0ries es realitzen uns 5 o 6 cops l&#8217;any, entre les 16:45 h i les 18:00 h aproximadament.<\/p>\n","protected":false},"excerpt":{"rendered":"<p>El consell escolar \u00e9s l&#8217;\u00f2rgan de participaci\u00f3 dels diferents sectors de la comunitat educativa en el govern dels centres.<br \/>\nLa funci\u00f3 principal del consell escolar \u00e9s participar en la presa de decisions en relaci\u00f3 amb aquells temes importants per al funcionament i l&#8217;organitzaci\u00f3 del centre: el&hellip;  <a href=\"https:\/\/agora.xtec.cat\/escolapalaudametlla\/consell-escolar\/\" title=\"Read Consell escolar 25-26\">Llegeix m\u00e9s\u00bb<\/a><\/p>\n","protected":false},"author":1,"featured_media":0,"parent":0,"menu_order":30,"comment_status":"closed","ping_status":"closed","template":"page-templates\/side-menu.php","meta":{"_bbp_topic_count":0,"_bbp_reply_count":0,"_bbp_total_topic_count":0,"_bbp_total_reply_count":0,"_bbp_voice_count":0,"_bbp_anonymous_reply_count":0,"_bbp_topic_count_hidden":0,"_bbp_reply_count_hidden":0,"_bbp_forum_subforum_count":0,"footnotes":""},"class_list":["post-28","page","type-page","status-publish","hentry"],"post_mailing_queue_ids":[],"_links":{"self":[{"href":"https:\/\/agora.xtec.cat\/escolapalaudametlla\/wp-json\/wp\/v2\/pages\/28","targetHints":{"allow":["GET"]}}],"collection":[{"href":"https:\/\/agora.xtec.cat\/escolapalaudametlla\/wp-json\/wp\/v2\/pages"}],"about":[{"href":"https:\/\/agora.xtec.cat\/escolapalaudametlla\/wp-json\/wp\/v2\/types\/page"}],"author":[{"embeddable":true,"href":"https:\/\/agora.xtec.cat\/escolapalaudametlla\/wp-json\/wp\/v2\/users\/1"}],"replies":[{"embeddable":true,"href":"https:\/\/agora.xtec.cat\/escolapalaudametlla\/wp-json\/wp\/v2\/comments?post=28"}],"version-history":[{"count":7,"href":"https:\/\/agora.xtec.cat\/escolapalaudametlla\/wp-json\/wp\/v2\/pages\/28\/revisions"}],"predecessor-version":[{"id":9120,"href":"https:\/\/agora.xtec.cat\/escolapalaudametlla\/wp-json\/wp\/v2\/pages\/28\/revisions\/9120"}],"wp:attachment":[{"href":"https:\/\/agora.xtec.cat\/escolapalaudametlla\/wp-json\/wp\/v2\/media?parent=28"}],"curies":[{"name":"wp","href":"https:\/\/api.w.org\/{rel}","templated":true}]}}