{"id":22,"date":"2014-09-18T12:19:57","date_gmt":"2014-09-18T11:19:57","guid":{"rendered":"http:\/\/agora.xtec.cat\/escolapalaudametlla\/?page_id=22"},"modified":"2025-09-16T15:29:09","modified_gmt":"2025-09-16T13:29:09","slug":"lescola","status":"publish","type":"page","link":"https:\/\/agora.xtec.cat\/escolapalaudametlla\/lescola\/","title":{"rendered":"L&#8217;Escola"},"content":{"rendered":"<h1 style=\"text-align: center;\"><strong>EQUIP DOCENT 2025-2026<\/strong><\/h1>\n<p><a href=\"https:\/\/agora.xtec.cat\/escolapalaudametlla\/wp-content\/uploads\/usu1214\/2025\/09\/Mestres.jpg\"><img loading=\"lazy\" decoding=\"async\" class=\"alignnone size-large wp-image-9021\" src=\"https:\/\/agora.xtec.cat\/escolapalaudametlla\/wp-content\/uploads\/usu1214\/2025\/09\/Mestres-1024x768.jpg\" alt=\"\" width=\"1024\" height=\"768\" srcset=\"https:\/\/agora.xtec.cat\/escolapalaudametlla\/wp-content\/uploads\/usu1214\/2025\/09\/Mestres-1024x768.jpg 1024w, https:\/\/agora.xtec.cat\/escolapalaudametlla\/wp-content\/uploads\/usu1214\/2025\/09\/Mestres-300x225.jpg 300w, https:\/\/agora.xtec.cat\/escolapalaudametlla\/wp-content\/uploads\/usu1214\/2025\/09\/Mestres-768x576.jpg 768w, https:\/\/agora.xtec.cat\/escolapalaudametlla\/wp-content\/uploads\/usu1214\/2025\/09\/Mestres-1536x1152.jpg 1536w, https:\/\/agora.xtec.cat\/escolapalaudametlla\/wp-content\/uploads\/usu1214\/2025\/09\/Mestres-200x150.jpg 200w, https:\/\/agora.xtec.cat\/escolapalaudametlla\/wp-content\/uploads\/usu1214\/2025\/09\/Mestres.jpg 1600w\" sizes=\"auto, (max-width: 1024px) 100vw, 1024px\" \/><\/a><\/p>\n<p>&nbsp;<\/p>\n<h3><strong><u>EQUIP DIRECTIU<\/u><\/strong><\/h3>\n<h3>Director: Adri\u00e0 Mart\u00ednez<\/h3>\n<h3>Cap d\u2019Estudis: Alba Farr\u00e9<\/h3>\n<h3>Secret\u00e0ria: Inma Paz<\/h3>\n<p>&nbsp;<\/p>\n<h3><strong><u>EDUCACI\u00d3 INFANTIL<\/u><\/strong><\/h3>\n<h3>I3: In\u00e9s Conde<\/h3>\n<h3>TEI: Eva Roura<\/h3>\n<h3>I4: Magda Blanco<\/h3>\n<h3>I5: Marta S\u00e1nchez<\/h3>\n<h3>Suport EI: Ester Adame<\/h3>\n<h3>Ed Especial: \u00c0frica P\u00e9rez<\/h3>\n<p>&nbsp;<\/p>\n<h3><strong><u>CICLE INICIAL<\/u><\/strong><\/h3>\n<h3>1r: Txell Batlle<\/h3>\n<h3>2n: Merc\u00e8 Velasco<\/h3>\n<h3><\/h3>\n<p>&nbsp;<\/p>\n<h3><strong><u>CICLE MITJ\u00c0<\/u><\/strong><\/h3>\n<h3>3r: Jose Montes<\/h3>\n<h3>4t: \u00c8rica La\u00edn<\/h3>\n<p>&nbsp;<\/p>\n<h3><strong><u>CICLE SUPERIOR<\/u><\/strong><\/h3>\n<h3>5\u00e8: Jordi Zacar\u00e9s<\/h3>\n<h3>6\u00e8:\u00a0Robert D\u00edaz<\/h3>\n<p>&nbsp;<\/p>\n<h3><strong><u>REFOR\u00c7 EDUCACI\u00d3 PRIM\u00c0RIA<\/u><\/strong><\/h3>\n<h3>Alba Farr\u00e9 \/ Adri\u00e0 Mart\u00ednez<\/h3>\n<h3>Vetlladora: Rosa Nieto<\/h3>\n<p>&nbsp;<\/p>\n<h3><strong><u>EDUCACI\u00d3 ESPECIAL<\/u><\/strong><\/h3>\n<h3>\u00c0frica P\u00e9rez<\/h3>\n<p>&nbsp;<\/p>\n<h3><strong><u>ESPECIALISTES D\u2019ANGL\u00c8S<\/u><\/strong><\/h3>\n<h3>Montse Estadella \/ \u00c8rica La\u00edn<\/h3>\n<p>&nbsp;<\/p>\n<h3><strong><u>ESPECIALISTA DE M\u00daSICA<\/u><\/strong><\/h3>\n<h3>Dani Iglesias<\/h3>\n<p>&nbsp;<\/p>\n<h3><strong><u>ESPECIALISTES ED. F\u00cdSICA \/ PSICOMOTRICITAT<\/u><\/strong><\/h3>\n<h3>Robert D\u00edaz \/ Guillem Mayoral<\/h3>\n<p>&nbsp;<\/p>\n<h3><strong><u>ARTS AND CRAFT&#8217;S TEACHER<\/u><\/strong><\/h3>\n<h3>Montse Estadella<\/h3>\n<p>&nbsp;<\/p>\n<h3><strong><u>PAS<\/u><\/strong><\/h3>\n<h3>Administrativa: Montse Fanlo<\/h3>\n<h3>Conserge: Maica Mart\u00ednez<\/h3>\n<p>&nbsp;<\/p>\n<p>&nbsp;<\/p>\n","protected":false},"excerpt":{"rendered":"<p>EQUIP DOCENT 2025-2026<br \/>\n<a href=\"https:\/\/agora.xtec.cat\/escolapalaudametlla\/wp-content\/uploads\/usu1214\/2025\/09\/Mestres.jpg\"><\/a><br \/>\n&nbsp;<br \/>\nEQUIP DIRECTIU<br \/>\nDirector: Adri\u00e0 Mart\u00ednez<br \/>\nCap d\u2019Estudis: Alba Farr\u00e9<br \/>\nSecret\u00e0ria: Inma Paz<br \/>\n&nbsp;<br \/>\nEDUCACI\u00d3 INFANTIL<br \/>\nI3: In\u00e9s Conde<br \/>\nTEI: Eva Roura<br \/>\nI4: Magda Blanco<br \/>\nI5: Marta S\u00e1nchez<br \/>\nSuport EI: Ester Adame<br \/>\nEd Especial: \u00c0frica P\u00e9rez<br \/>\n&nbsp;<br \/>\nCICLE INICIAL<br \/>\n1r: Txell Batlle<br \/>\n2n: Merc\u00e8 Velasco<\/p>\n<p>&nbsp;<br \/>\nCICLE MITJ\u00c0<br \/>\n3r: Jose Montes<br \/>\n4t: \u00c8rica La\u00edn<br \/>\n&nbsp;<br \/>\nCICLE SUPERIOR<br \/>\n5\u00e8: Jordi Zacar\u00e9s<br \/>\n6\u00e8:\u00a0Robert D\u00edaz<br \/>\n&nbsp;<br \/>\nREFOR\u00c7 EDUCACI\u00d3 PRIM\u00c0RIA<br \/>\nAlba Farr\u00e9 \/&hellip;  <a href=\"https:\/\/agora.xtec.cat\/escolapalaudametlla\/lescola\/\" title=\"Read L&#8217;Escola\">Llegeix m\u00e9s\u00bb<\/a><\/p>\n","protected":false},"author":1,"featured_media":0,"parent":0,"menu_order":0,"comment_status":"closed","ping_status":"closed","template":"page-templates\/side-menu.php","meta":{"_bbp_topic_count":0,"_bbp_reply_count":0,"_bbp_total_topic_count":0,"_bbp_total_reply_count":0,"_bbp_voice_count":0,"_bbp_anonymous_reply_count":0,"_bbp_topic_count_hidden":0,"_bbp_reply_count_hidden":0,"_bbp_forum_subforum_count":0,"footnotes":""},"class_list":["post-22","page","type-page","status-publish","hentry"],"post_mailing_queue_ids":[],"_links":{"self":[{"href":"https:\/\/agora.xtec.cat\/escolapalaudametlla\/wp-json\/wp\/v2\/pages\/22","targetHints":{"allow":["GET"]}}],"collection":[{"href":"https:\/\/agora.xtec.cat\/escolapalaudametlla\/wp-json\/wp\/v2\/pages"}],"about":[{"href":"https:\/\/agora.xtec.cat\/escolapalaudametlla\/wp-json\/wp\/v2\/types\/page"}],"author":[{"embeddable":true,"href":"https:\/\/agora.xtec.cat\/escolapalaudametlla\/wp-json\/wp\/v2\/users\/1"}],"replies":[{"embeddable":true,"href":"https:\/\/agora.xtec.cat\/escolapalaudametlla\/wp-json\/wp\/v2\/comments?post=22"}],"version-history":[{"count":7,"href":"https:\/\/agora.xtec.cat\/escolapalaudametlla\/wp-json\/wp\/v2\/pages\/22\/revisions"}],"predecessor-version":[{"id":9024,"href":"https:\/\/agora.xtec.cat\/escolapalaudametlla\/wp-json\/wp\/v2\/pages\/22\/revisions\/9024"}],"wp:attachment":[{"href":"https:\/\/agora.xtec.cat\/escolapalaudametlla\/wp-json\/wp\/v2\/media?parent=22"}],"curies":[{"name":"wp","href":"https:\/\/api.w.org\/{rel}","templated":true}]}}