{"id":9,"date":"2014-09-17T15:08:18","date_gmt":"2014-09-17T13:08:18","guid":{"rendered":"http:\/\/agora.xtec.cat\/ceippalau\/?page_id=9"},"modified":"2026-03-03T15:24:18","modified_gmt":"2026-03-03T14:24:18","slug":"pagina-dinici-buida","status":"publish","type":"page","link":"https:\/\/agora.xtec.cat\/escolapalau\/","title":{"rendered":"PREINSCRIPCI\u00d3 CURS 2026\/2027"},"content":{"rendered":"<p><a href=\"https:\/\/agora.xtec.cat\/escolapalau\/wp-content\/uploads\/usu367\/2026\/03\/INFORME_OFERTA_INICIAL.pdf\"><img loading=\"lazy\" decoding=\"async\" class=\"alignnone  wp-image-12535\" src=\"https:\/\/agora.xtec.cat\/escolapalau\/wp-content\/uploads\/usu367\/2026\/03\/OFERTA-INCIAL.png\" alt=\"\" width=\"854\" height=\"626\" srcset=\"https:\/\/agora.xtec.cat\/escolapalau\/wp-content\/uploads\/usu367\/2026\/03\/OFERTA-INCIAL.png 1233w, https:\/\/agora.xtec.cat\/escolapalau\/wp-content\/uploads\/usu367\/2026\/03\/OFERTA-INCIAL-300x220.png 300w, https:\/\/agora.xtec.cat\/escolapalau\/wp-content\/uploads\/usu367\/2026\/03\/OFERTA-INCIAL-1024x751.png 1024w, https:\/\/agora.xtec.cat\/escolapalau\/wp-content\/uploads\/usu367\/2026\/03\/OFERTA-INCIAL-768x563.png 768w\" sizes=\"auto, (max-width: 854px) 100vw, 854px\" \/><\/a><\/p>\n<p><a href=\"https:\/\/agora.xtec.cat\/escolapalau\/wp-content\/uploads\/usu367\/2026\/03\/INFORME_OFERTA_INICIAL.pdf\"><img loading=\"lazy\" decoding=\"async\" class=\"alignnone  wp-image-12517\" src=\"https:\/\/agora.xtec.cat\/escolapalau\/wp-content\/uploads\/usu367\/2026\/02\/Portes-obertes-4.png\" alt=\"\" width=\"848\" height=\"602\" srcset=\"https:\/\/agora.xtec.cat\/escolapalau\/wp-content\/uploads\/usu367\/2026\/02\/Portes-obertes-4.png 1311w, https:\/\/agora.xtec.cat\/escolapalau\/wp-content\/uploads\/usu367\/2026\/02\/Portes-obertes-4-300x213.png 300w, https:\/\/agora.xtec.cat\/escolapalau\/wp-content\/uploads\/usu367\/2026\/02\/Portes-obertes-4-1024x726.png 1024w, https:\/\/agora.xtec.cat\/escolapalau\/wp-content\/uploads\/usu367\/2026\/02\/Portes-obertes-4-768x545.png 768w\" sizes=\"auto, (max-width: 848px) 100vw, 848px\" \/><\/a><\/p>\n<p><img loading=\"lazy\" decoding=\"async\" class=\"alignnone size-full wp-image-12519\" src=\"https:\/\/agora.xtec.cat\/escolapalau\/wp-content\/uploads\/usu367\/2026\/02\/fulleto_page-0001.jpg\" alt=\"\" width=\"1755\" height=\"1241\" srcset=\"https:\/\/agora.xtec.cat\/escolapalau\/wp-content\/uploads\/usu367\/2026\/02\/fulleto_page-0001.jpg 1755w, https:\/\/agora.xtec.cat\/escolapalau\/wp-content\/uploads\/usu367\/2026\/02\/fulleto_page-0001-300x212.jpg 300w, https:\/\/agora.xtec.cat\/escolapalau\/wp-content\/uploads\/usu367\/2026\/02\/fulleto_page-0001-1024x724.jpg 1024w, https:\/\/agora.xtec.cat\/escolapalau\/wp-content\/uploads\/usu367\/2026\/02\/fulleto_page-0001-768x543.jpg 768w, https:\/\/agora.xtec.cat\/escolapalau\/wp-content\/uploads\/usu367\/2026\/02\/fulleto_page-0001-1536x1086.jpg 1536w\" sizes=\"auto, (max-width: 1755px) 100vw, 1755px\" \/><\/p>\n<h2><strong><span style=\"color: #339966;\">L&#8217;ESCOLA PALAU VOL VIURE EN UN M\u00d3N EN PAU!!!<\/span><\/strong><\/h2>\n<p><img loading=\"lazy\" decoding=\"async\" class=\"size-full wp-image-12522\" src=\"https:\/\/agora.xtec.cat\/escolapalau\/wp-content\/uploads\/usu367\/2026\/02\/Foto-simbol-Pau-1.jpg\" alt=\"\" width=\"1330\" height=\"1021\" srcset=\"https:\/\/agora.xtec.cat\/escolapalau\/wp-content\/uploads\/usu367\/2026\/02\/Foto-simbol-Pau-1.jpg 1330w, https:\/\/agora.xtec.cat\/escolapalau\/wp-content\/uploads\/usu367\/2026\/02\/Foto-simbol-Pau-1-300x230.jpg 300w, https:\/\/agora.xtec.cat\/escolapalau\/wp-content\/uploads\/usu367\/2026\/02\/Foto-simbol-Pau-1-1024x786.jpg 1024w, https:\/\/agora.xtec.cat\/escolapalau\/wp-content\/uploads\/usu367\/2026\/02\/Foto-simbol-Pau-1-768x590.jpg 768w\" sizes=\"auto, (max-width: 1330px) 100vw, 1330px\" \/><\/p>\n<p><img loading=\"lazy\" decoding=\"async\" class=\"alignnone size-full wp-image-12504\" src=\"https:\/\/agora.xtec.cat\/escolapalau\/wp-content\/uploads\/usu367\/2025\/09\/mc3a0gic_o.jpg\" alt=\"\" width=\"1861\" height=\"1316\" srcset=\"https:\/\/agora.xtec.cat\/escolapalau\/wp-content\/uploads\/usu367\/2025\/09\/mc3a0gic_o.jpg 1861w, https:\/\/agora.xtec.cat\/escolapalau\/wp-content\/uploads\/usu367\/2025\/09\/mc3a0gic_o-300x212.jpg 300w, https:\/\/agora.xtec.cat\/escolapalau\/wp-content\/uploads\/usu367\/2025\/09\/mc3a0gic_o-1024x724.jpg 1024w, https:\/\/agora.xtec.cat\/escolapalau\/wp-content\/uploads\/usu367\/2025\/09\/mc3a0gic_o-768x543.jpg 768w, https:\/\/agora.xtec.cat\/escolapalau\/wp-content\/uploads\/usu367\/2025\/09\/mc3a0gic_o-1536x1086.jpg 1536w\" sizes=\"auto, (max-width: 1861px) 100vw, 1861px\" \/><\/p>\n<h1><\/h1>\n<h1><\/h1>\n<h1><img loading=\"lazy\" decoding=\"async\" class=\"alignnone wp-image-12507\" src=\"https:\/\/agora.xtec.cat\/escolapalau\/wp-content\/uploads\/usu367\/2025\/09\/Captura-de-pantalla-2025-09-18-115908.png\" alt=\"\" width=\"1095\" height=\"1443\" srcset=\"https:\/\/agora.xtec.cat\/escolapalau\/wp-content\/uploads\/usu367\/2025\/09\/Captura-de-pantalla-2025-09-18-115908.png 504w, https:\/\/agora.xtec.cat\/escolapalau\/wp-content\/uploads\/usu367\/2025\/09\/Captura-de-pantalla-2025-09-18-115908-228x300.png 228w\" sizes=\"auto, (max-width: 1095px) 100vw, 1095px\" \/><\/h1>\n<h2><\/h2>\n<p>&nbsp;<\/p>\n<p><iframe loading=\"lazy\" title=\"YouTube video player\" src=\"https:\/\/www.youtube.com\/embed\/3BsJZerAt7M?si=D0Qv0rdElAsMn4Hu\" width=\"853\" height=\"606\" frameborder=\"0\" allowfullscreen=\"allowfullscreen\"><\/iframe><\/p>\n<p><strong>\u00a0 \u00a0 \u00a0(Volem donar les gr\u00e0cies a en Jos\u00e9 Pi\u00f1a, pare d&#8217;una alumna de l&#8217;escola, per haver realitzat aquest v\u00eddeo).<\/strong><\/p>\n<p>&nbsp;<\/p>\n<p><iframe loading=\"lazy\" src=\"https:\/\/www.youtube.com\/embed\/WbWxKB8vXpw\" width=\"853\" height=\"606\" frameborder=\"0\"><\/iframe><\/p>\n<p>&nbsp;<\/p>\n<p><img loading=\"lazy\" decoding=\"async\" class=\"alignnone size-full wp-image-12378\" src=\"https:\/\/agora.xtec.cat\/escolapalau\/wp-content\/uploads\/usu367\/2024\/09\/Informacio-AFA-curs-2024-25_pages-to-jpg-0001.jpg\" alt=\"\" width=\"1241\" height=\"1755\" srcset=\"https:\/\/agora.xtec.cat\/escolapalau\/wp-content\/uploads\/usu367\/2024\/09\/Informacio-AFA-curs-2024-25_pages-to-jpg-0001.jpg 1241w, https:\/\/agora.xtec.cat\/escolapalau\/wp-content\/uploads\/usu367\/2024\/09\/Informacio-AFA-curs-2024-25_pages-to-jpg-0001-212x300.jpg 212w, https:\/\/agora.xtec.cat\/escolapalau\/wp-content\/uploads\/usu367\/2024\/09\/Informacio-AFA-curs-2024-25_pages-to-jpg-0001-724x1024.jpg 724w, https:\/\/agora.xtec.cat\/escolapalau\/wp-content\/uploads\/usu367\/2024\/09\/Informacio-AFA-curs-2024-25_pages-to-jpg-0001-768x1086.jpg 768w, https:\/\/agora.xtec.cat\/escolapalau\/wp-content\/uploads\/usu367\/2024\/09\/Informacio-AFA-curs-2024-25_pages-to-jpg-0001-1086x1536.jpg 1086w\" sizes=\"auto, (max-width: 1241px) 100vw, 1241px\" \/><\/p>\n<p><span style=\"font-family: inherit; font-size: 1em;\">\u00a0<\/span><span style=\"font-family: inherit; font-size: 1em;\"> <img loading=\"lazy\" decoding=\"async\" class=\"alignnone size-full wp-image-12379\" src=\"https:\/\/agora.xtec.cat\/escolapalau\/wp-content\/uploads\/usu367\/2024\/09\/Informacio-AFA-curs-2024-25_pages-to-jpg-0002.jpg\" alt=\"\" width=\"1241\" height=\"1755\" srcset=\"https:\/\/agora.xtec.cat\/escolapalau\/wp-content\/uploads\/usu367\/2024\/09\/Informacio-AFA-curs-2024-25_pages-to-jpg-0002.jpg 1241w, https:\/\/agora.xtec.cat\/escolapalau\/wp-content\/uploads\/usu367\/2024\/09\/Informacio-AFA-curs-2024-25_pages-to-jpg-0002-212x300.jpg 212w, https:\/\/agora.xtec.cat\/escolapalau\/wp-content\/uploads\/usu367\/2024\/09\/Informacio-AFA-curs-2024-25_pages-to-jpg-0002-724x1024.jpg 724w, https:\/\/agora.xtec.cat\/escolapalau\/wp-content\/uploads\/usu367\/2024\/09\/Informacio-AFA-curs-2024-25_pages-to-jpg-0002-768x1086.jpg 768w, https:\/\/agora.xtec.cat\/escolapalau\/wp-content\/uploads\/usu367\/2024\/09\/Informacio-AFA-curs-2024-25_pages-to-jpg-0002-1086x1536.jpg 1086w\" sizes=\"auto, (max-width: 1241px) 100vw, 1241px\" \/><\/span><\/p>\n<p><img loading=\"lazy\" decoding=\"async\" class=\"alignnone size-full wp-image-12380\" src=\"https:\/\/agora.xtec.cat\/escolapalau\/wp-content\/uploads\/usu367\/2024\/09\/Informacio-AFA-curs-2024-25_pages-to-jpg-0003.jpg\" alt=\"\" width=\"1241\" height=\"1755\" srcset=\"https:\/\/agora.xtec.cat\/escolapalau\/wp-content\/uploads\/usu367\/2024\/09\/Informacio-AFA-curs-2024-25_pages-to-jpg-0003.jpg 1241w, https:\/\/agora.xtec.cat\/escolapalau\/wp-content\/uploads\/usu367\/2024\/09\/Informacio-AFA-curs-2024-25_pages-to-jpg-0003-212x300.jpg 212w, https:\/\/agora.xtec.cat\/escolapalau\/wp-content\/uploads\/usu367\/2024\/09\/Informacio-AFA-curs-2024-25_pages-to-jpg-0003-724x1024.jpg 724w, https:\/\/agora.xtec.cat\/escolapalau\/wp-content\/uploads\/usu367\/2024\/09\/Informacio-AFA-curs-2024-25_pages-to-jpg-0003-768x1086.jpg 768w, https:\/\/agora.xtec.cat\/escolapalau\/wp-content\/uploads\/usu367\/2024\/09\/Informacio-AFA-curs-2024-25_pages-to-jpg-0003-1086x1536.jpg 1086w\" sizes=\"auto, (max-width: 1241px) 100vw, 1241px\" \/><\/p>\n<h3><\/h3>\n<p>Iniciem el nou curs escolar amb moltes ganes de retrobar-nos tots plegats i de compartir les viv\u00e8ncies d\u2019aquest estiu, que ben segur que hauran sigut moltes i ben variades.<\/p>\n<p>Reprenem la vida escolar amb el repte d\u2019avan\u00e7ar en l\u2019aplicaci\u00f3 del curr\u00edculum LOMLOE a les aules. Com anireu veient, a poc a poc anem progressant en la incorporaci\u00f3 de canvis metodol\u00f2gics que impulsin l\u2019aprenentatge competencial, estimulant i enriquidor per l\u2019alumnat. Una novetat per aquest any ser\u00e0 <strong>el nou model<\/strong> <strong>d\u2019informes d\u2019avaluaci\u00f3 a les fam\u00edlies<\/strong> d\u2019acord els nous criteris legislatius.<\/p>\n<p>Aquest curs l\u2019iniciem el 6 de setembre amb jornada de mat\u00ed i tarda amb tot el professorat i els serveis de menjador i acollida a punt pel nou curs.<\/p>\n<p>Tal i com vam fer el curs passat, l\u2019equip docent s\u2019ha proposat que tot el centre porti a terme un projecte transversal com\u00fa, tant per a definir accions educatives globals de centre com per a elaborar activitats diferenciades a cada cicle.<\/p>\n<p>Tamb\u00e9 informar-vos, que \u00a0l\u2019escola continua adaptant els espais a les noves necessitats educatives i aix\u00f2 ha significat la reorganitzaci\u00f3 de tutories, ampliaci\u00f3 d\u2019aula per a l\u2019atenci\u00f3 de la diversitat i creaci\u00f3 d\u2019un entorn d\u2019ambients per a educaci\u00f3 infantil a l\u2019aula del m\u00f2dul.<\/p>\n<p>A m\u00e9s a m\u00e9s, el centre continuar\u00e0 portant a terme diferents projectes pedag\u00f2gics que volem compartir amb la comunitat educativa:<\/p>\n<ul>\n<li>Seguiment del\u00a0<span style=\"color: #ff6600;\"><strong>Pla de digitalitzaci\u00f3 del centre (Fase II) <\/strong><\/span>per tal de garantir la compet\u00e8ncia digital d\u2019alumnat, docents i fam\u00edlies.<\/li>\n<li><span style=\"color: #0000ff;\"><strong>Manteniment dels desdoblaments en l\u2019aprenentatge de llengua anglesa <\/strong><\/span>a tot el centre i estimulaci\u00f3 de la llengua anglesa als Tallers de Prim\u00e0ria i als Ambients d\u2019educaci\u00f3 infantil.<\/li>\n<li><span style=\"color: #993300;\"><strong>Pla de consum de la fruita <\/strong><\/span>a tota l\u2019escola.<\/li>\n<li>Ensenyament de la matem\u00e0tica a tota la Prim\u00e0ria partint de les propostes educatives del\u00a0<span style=\"color: #ff00ff;\"><strong>Projecte Innovamat<\/strong>.<\/span><\/li>\n<li><span style=\"color: #ff0000;\"><strong>Ambients\u00a0<\/strong><\/span>a Educaci\u00f3 Infantil i <strong><span style=\"color: #ff0000;\">Tallers<\/span>\u00a0<\/strong>per cicles\u00a0a Educaci\u00f3 Prim\u00e0ria.<\/li>\n<li><span style=\"color: #33cccc;\"><strong>Rob\u00f2tica i pensament computacional <\/strong><\/span>des d\u2019Educaci\u00f3 Infantil fins a la Prim\u00e0ria.<\/li>\n<li><span style=\"color: #008000;\"><strong>Participaci\u00f3 de les fam\u00edlies<\/strong><\/span>, dins de la seva expertesa, en les activitats educatives d\u2019aula, presentaci\u00f3 de Projectes de centre, acompanyament a sortides locals, participaci\u00f3 festes escolars&#8230;<\/li>\n<li><span style=\"color: #ff6600;\"><strong>Jornades de millora de pati <\/strong><\/span>obert a tota la comunitat educativa.<\/li>\n<li>Som\u00a0<strong><span style=\"color: #008080;\">Escola Verda<\/span>\u00a0<\/strong>i pretenem millorar la participaci\u00f3 dels\u00a0<span style=\"color: #008080;\"><strong>delegats verds <\/strong><\/span>en la presa de decisions de campanyes i activitats vinculades a protegir l\u2019entorn natural i potenciar h\u00e0bits sostenibles.<\/li>\n<\/ul>\n<h3><strong><span style=\"color: #339966;\">Salut i empenta pel nou curs escolar!<\/span><\/strong><\/h3>\n<h2><img loading=\"lazy\" decoding=\"async\" class=\"wp-image-12067 aligncenter\" src=\"https:\/\/agora.xtec.cat\/escolapalau\/wp-content\/uploads\/usu367\/2022\/03\/no-a-la-guerra.jpg\" alt=\"\" width=\"854\" height=\"1208\" srcset=\"https:\/\/agora.xtec.cat\/escolapalau\/wp-content\/uploads\/usu367\/2022\/03\/no-a-la-guerra.jpg 1587w, https:\/\/agora.xtec.cat\/escolapalau\/wp-content\/uploads\/usu367\/2022\/03\/no-a-la-guerra-212x300.jpg 212w, https:\/\/agora.xtec.cat\/escolapalau\/wp-content\/uploads\/usu367\/2022\/03\/no-a-la-guerra-724x1024.jpg 724w, https:\/\/agora.xtec.cat\/escolapalau\/wp-content\/uploads\/usu367\/2022\/03\/no-a-la-guerra-768x1086.jpg 768w, https:\/\/agora.xtec.cat\/escolapalau\/wp-content\/uploads\/usu367\/2022\/03\/no-a-la-guerra-1086x1536.jpg 1086w, https:\/\/agora.xtec.cat\/escolapalau\/wp-content\/uploads\/usu367\/2022\/03\/no-a-la-guerra-1448x2048.jpg 1448w\" sizes=\"auto, (max-width: 854px) 100vw, 854px\" \/><\/h2>\n<p>&nbsp;<\/p>\n<h3><strong><span style=\"color: #008000;\"><iframe loading=\"lazy\" src=\"https:\/\/www.youtube.com\/embed\/imrCmTiF8hM\" width=\"853\" height=\"480\" frameborder=\"0\"><\/iframe><\/span><\/strong><\/h3>\n<p><iframe loading=\"lazy\" src=\"https:\/\/www.youtube.com\/embed\/serC_Fl-K6M\" width=\"853\" height=\"480\" frameborder=\"0\"><\/iframe><\/p>\n<p>&nbsp;<\/p>\n<h2><a href=\"https:\/\/prezi.com\/1iqvhqybrq5w\/escola-palau\/?utm_campaign=share&amp;utm_medium=copy\"><img loading=\"lazy\" decoding=\"async\" class=\"wp-image-11124 alignnone\" src=\"https:\/\/agora.xtec.cat\/escolapalau\/wp-content\/uploads\/usu367\/2020\/03\/Escola-verda.jpg\" alt=\"\" width=\"855\" height=\"507\" srcset=\"https:\/\/agora.xtec.cat\/escolapalau\/wp-content\/uploads\/usu367\/2020\/03\/Escola-verda.jpg 1107w, https:\/\/agora.xtec.cat\/escolapalau\/wp-content\/uploads\/usu367\/2020\/03\/Escola-verda-300x178.jpg 300w, https:\/\/agora.xtec.cat\/escolapalau\/wp-content\/uploads\/usu367\/2020\/03\/Escola-verda-768x456.jpg 768w, https:\/\/agora.xtec.cat\/escolapalau\/wp-content\/uploads\/usu367\/2020\/03\/Escola-verda-1024x608.jpg 1024w\" sizes=\"auto, (max-width: 855px) 100vw, 855px\" \/><\/a><\/h2>\n<h3><\/h3>\n<h3><a href=\"https:\/\/agora.xtec.cat\/escolapalau\/wp-content\/uploads\/usu367\/2020\/10\/Fulleto-1-2020-21.jpg\"><img loading=\"lazy\" decoding=\"async\" class=\" wp-image-11270 alignnone\" src=\"https:\/\/agora.xtec.cat\/escolapalau\/wp-content\/uploads\/usu367\/2020\/10\/Fulleto-1-2020-21.jpg\" alt=\"\" width=\"838\" height=\"590\" srcset=\"https:\/\/agora.xtec.cat\/escolapalau\/wp-content\/uploads\/usu367\/2020\/10\/Fulleto-1-2020-21.jpg 800w, https:\/\/agora.xtec.cat\/escolapalau\/wp-content\/uploads\/usu367\/2020\/10\/Fulleto-1-2020-21-300x211.jpg 300w, https:\/\/agora.xtec.cat\/escolapalau\/wp-content\/uploads\/usu367\/2020\/10\/Fulleto-1-2020-21-768x540.jpg 768w\" sizes=\"auto, (max-width: 838px) 100vw, 838px\" \/><\/a><a href=\"https:\/\/agora.xtec.cat\/escolapalau\/wp-content\/uploads\/usu367\/2020\/10\/Fulleto-2-2020-21.jpg\"><img loading=\"lazy\" decoding=\"async\" class=\" wp-image-11271 alignleft\" src=\"https:\/\/agora.xtec.cat\/escolapalau\/wp-content\/uploads\/usu367\/2020\/10\/Fulleto-2-2020-21.jpg\" alt=\"\" width=\"841\" height=\"594\" srcset=\"https:\/\/agora.xtec.cat\/escolapalau\/wp-content\/uploads\/usu367\/2020\/10\/Fulleto-2-2020-21.jpg 800w, https:\/\/agora.xtec.cat\/escolapalau\/wp-content\/uploads\/usu367\/2020\/10\/Fulleto-2-2020-21-300x212.jpg 300w, https:\/\/agora.xtec.cat\/escolapalau\/wp-content\/uploads\/usu367\/2020\/10\/Fulleto-2-2020-21-768x542.jpg 768w\" sizes=\"auto, (max-width: 841px) 100vw, 841px\" \/><\/a><\/h3>\n<p>&nbsp;<\/p>\n","protected":false},"excerpt":{"rendered":"<p><a href=\"https:\/\/agora.xtec.cat\/escolapalau\/wp-content\/uploads\/usu367\/2026\/03\/INFORME_OFERTA_INICIAL.pdf\"><\/a><br \/>\n<a href=\"https:\/\/agora.xtec.cat\/escolapalau\/wp-content\/uploads\/usu367\/2026\/03\/INFORME_OFERTA_INICIAL.pdf\"><\/a><\/p>\n<p>L&#8217;ESCOLA PALAU VOL VIURE EN UN M\u00d3N EN PAU!!!<\/p>\n<p>&nbsp;<\/p>\n<p>\u00a0 \u00a0 \u00a0(Volem donar les gr\u00e0cies a en Jos\u00e9 Pi\u00f1a, pare d&#8217;una alumna de l&#8217;escola, per haver realitzat aquest v\u00eddeo).<br \/>\n&nbsp;<\/p>\n<p>&nbsp;<\/p>\n<p>\u00a0 <\/p>\n<p>Iniciem el nou curs escolar amb moltes ganes de retrobar-nos tots plegats i de compartir&hellip;  <a href=\"https:\/\/agora.xtec.cat\/escolapalau\/\" title=\"Read PREINSCRIPCI\u00d3 CURS 2026\/2027\">Llegeix m\u00e9s\u00bb<\/a><\/p>\n","protected":false},"author":1,"featured_media":0,"parent":7,"menu_order":0,"comment_status":"closed","ping_status":"closed","template":"","meta":{"_bbp_topic_count":0,"_bbp_reply_count":0,"_bbp_total_topic_count":0,"_bbp_total_reply_count":0,"_bbp_voice_count":0,"_bbp_anonymous_reply_count":0,"_bbp_topic_count_hidden":0,"_bbp_reply_count_hidden":0,"_bbp_forum_subforum_count":0,"footnotes":""},"class_list":["post-9","page","type-page","status-publish","hentry"],"post_mailing_queue_ids":[],"_links":{"self":[{"href":"https:\/\/agora.xtec.cat\/escolapalau\/wp-json\/wp\/v2\/pages\/9","targetHints":{"allow":["GET"]}}],"collection":[{"href":"https:\/\/agora.xtec.cat\/escolapalau\/wp-json\/wp\/v2\/pages"}],"about":[{"href":"https:\/\/agora.xtec.cat\/escolapalau\/wp-json\/wp\/v2\/types\/page"}],"author":[{"embeddable":true,"href":"https:\/\/agora.xtec.cat\/escolapalau\/wp-json\/wp\/v2\/users\/1"}],"replies":[{"embeddable":true,"href":"https:\/\/agora.xtec.cat\/escolapalau\/wp-json\/wp\/v2\/comments?post=9"}],"version-history":[{"count":7,"href":"https:\/\/agora.xtec.cat\/escolapalau\/wp-json\/wp\/v2\/pages\/9\/revisions"}],"predecessor-version":[{"id":12538,"href":"https:\/\/agora.xtec.cat\/escolapalau\/wp-json\/wp\/v2\/pages\/9\/revisions\/12538"}],"up":[{"embeddable":true,"href":"https:\/\/agora.xtec.cat\/escolapalau\/wp-json\/wp\/v2\/pages\/7"}],"wp:attachment":[{"href":"https:\/\/agora.xtec.cat\/escolapalau\/wp-json\/wp\/v2\/media?parent=9"}],"curies":[{"name":"wp","href":"https:\/\/api.w.org\/{rel}","templated":true}]}}