{"id":8853,"date":"2017-07-07T13:48:22","date_gmt":"2017-07-07T11:48:22","guid":{"rendered":"http:\/\/agora.xtec.cat\/escolapalau\/?page_id=8853"},"modified":"2018-09-14T17:59:29","modified_gmt":"2018-09-14T15:59:29","slug":"avaluacio","status":"publish","type":"page","link":"https:\/\/agora.xtec.cat\/escolapalau\/avaluacio\/","title":{"rendered":"Avaluaci\u00f3"},"content":{"rendered":"<p>L&#8217; Escola Palau va incorporant en la seva metodologia i pr\u00e0ctica educativa l&#8217;avaluaci\u00f3 competencial.<\/p>\n<p>El Departament ha elaborat un full informatiu que explica aquests canvis i que publiquem en aquesta p\u00e0gina web.<\/p>\n<p>Per altra banda, el centre ha elaborat els <a href=\"http:\/\/agora.xtec.cat\/escolapalau\/wp-content\/uploads\/usu367\/2018\/09\/Avaluacio.pdf\">criteris d&#8217;avaluaci\u00f3<\/a> a \u00a0partir dels quals l&#8217;equip docent portar\u00e0 a terme l&#8217;avaluaci\u00f3 competencial.<\/p>\n<p>&nbsp;<\/p>\n","protected":false},"excerpt":{"rendered":"<p>L&#8217; Escola Palau va incorporant en la seva metodologia i pr\u00e0ctica educativa l&#8217;avaluaci\u00f3 competencial.<br \/>\nEl Departament ha elaborat un full informatiu que explica aquests canvis i que publiquem en aquesta p\u00e0gina web.<br \/>\nPer altra banda, el centre ha elaborat els <a href=\"http:\/\/agora.xtec.cat\/escolapalau\/wp-content\/uploads\/usu367\/2018\/09\/Avaluacio.pdf\">criteris d&#8217;avaluaci\u00f3<\/a> a \u00a0partir dels quals&hellip;  <a href=\"https:\/\/agora.xtec.cat\/escolapalau\/avaluacio\/\" title=\"Read Avaluaci\u00f3\">Llegeix m\u00e9s\u00bb<\/a><\/p>\n","protected":false},"author":1,"featured_media":0,"parent":0,"menu_order":0,"comment_status":"closed","ping_status":"closed","template":"page-templates\/side-menu.php","meta":{"_bbp_topic_count":0,"_bbp_reply_count":0,"_bbp_total_topic_count":0,"_bbp_total_reply_count":0,"_bbp_voice_count":0,"_bbp_anonymous_reply_count":0,"_bbp_topic_count_hidden":0,"_bbp_reply_count_hidden":0,"_bbp_forum_subforum_count":0,"footnotes":""},"class_list":["post-8853","page","type-page","status-publish","hentry"],"post_mailing_queue_ids":[],"_links":{"self":[{"href":"https:\/\/agora.xtec.cat\/escolapalau\/wp-json\/wp\/v2\/pages\/8853","targetHints":{"allow":["GET"]}}],"collection":[{"href":"https:\/\/agora.xtec.cat\/escolapalau\/wp-json\/wp\/v2\/pages"}],"about":[{"href":"https:\/\/agora.xtec.cat\/escolapalau\/wp-json\/wp\/v2\/types\/page"}],"author":[{"embeddable":true,"href":"https:\/\/agora.xtec.cat\/escolapalau\/wp-json\/wp\/v2\/users\/1"}],"replies":[{"embeddable":true,"href":"https:\/\/agora.xtec.cat\/escolapalau\/wp-json\/wp\/v2\/comments?post=8853"}],"version-history":[{"count":2,"href":"https:\/\/agora.xtec.cat\/escolapalau\/wp-json\/wp\/v2\/pages\/8853\/revisions"}],"predecessor-version":[{"id":10100,"href":"https:\/\/agora.xtec.cat\/escolapalau\/wp-json\/wp\/v2\/pages\/8853\/revisions\/10100"}],"wp:attachment":[{"href":"https:\/\/agora.xtec.cat\/escolapalau\/wp-json\/wp\/v2\/media?parent=8853"}],"curies":[{"name":"wp","href":"https:\/\/api.w.org\/{rel}","templated":true}]}}