{"id":8847,"date":"2017-07-07T13:24:58","date_gmt":"2017-07-07T11:24:58","guid":{"rendered":"http:\/\/agora.xtec.cat\/escolapalau\/?page_id=8847"},"modified":"2018-11-27T18:06:21","modified_gmt":"2018-11-27T17:06:21","slug":"informacio-avaluacio-primaria","status":"publish","type":"page","link":"https:\/\/agora.xtec.cat\/escolapalau\/avaluacio\/informacio-avaluacio-primaria\/","title":{"rendered":"Informaci\u00f3 a les families dels nous criteris d&#8217;avaluaci\u00f3"},"content":{"rendered":"<p>Si voleu con\u00e8ixer els nous criteris d&#8217;avaluaci\u00f3 de Prim\u00e0ria feu clic en aquests enlla\u00e7os:<\/p>\n<ul>\n<li><a href=\"http:\/\/agora.xtec.cat\/escolapalau\/wp-content\/uploads\/usu367\/2017\/07\/info-primaria_AVALUACI\u00d3.pdf\" target=\"_blank\" rel=\"noopener noreferrer\">Nous criteris d&#8217;avaluaci\u00f3<\/a><\/li>\n<li><a href=\"https:\/\/agora.xtec.cat\/escolapalau\/wp-content\/uploads\/usu367\/2018\/11\/criterisavaluacio_families-1.pdf\">Criteris d&#8217;avaluaci\u00f3 en els informes de l&#8217;Escola Palau<\/a><\/li>\n<\/ul>\n","protected":false},"excerpt":{"rendered":"<p>Si voleu con\u00e8ixer els nous criteris d&#8217;avaluaci\u00f3 de Prim\u00e0ria feu clic en aquests enlla\u00e7os:<\/p>\n<ul>\n<li><a href=\"http:\/\/agora.xtec.cat\/escolapalau\/wp-content\/uploads\/usu367\/2017\/07\/info-primaria_AVALUACI\u00d3.pdf\" target=\"_blank\" rel=\"noopener noreferrer\">Nous criteris d&#8217;avaluaci\u00f3<\/a><\/li>\n<li><a href=\"https:\/\/agora.xtec.cat\/escolapalau\/wp-content\/uploads\/usu367\/2018\/11\/criterisavaluacio_families-1.pdf\">Criteris d&#8217;avaluaci\u00f3 en els informes de l&#8217;Escola Palau<\/a><\/li>\n<\/ul>\n","protected":false},"author":1,"featured_media":0,"parent":8853,"menu_order":0,"comment_status":"closed","ping_status":"closed","template":"page-templates\/side-menu.php","meta":{"_bbp_topic_count":0,"_bbp_reply_count":0,"_bbp_total_topic_count":0,"_bbp_total_reply_count":0,"_bbp_voice_count":0,"_bbp_anonymous_reply_count":0,"_bbp_topic_count_hidden":0,"_bbp_reply_count_hidden":0,"_bbp_forum_subforum_count":0,"footnotes":""},"class_list":["post-8847","page","type-page","status-publish","hentry"],"post_mailing_queue_ids":[],"_links":{"self":[{"href":"https:\/\/agora.xtec.cat\/escolapalau\/wp-json\/wp\/v2\/pages\/8847","targetHints":{"allow":["GET"]}}],"collection":[{"href":"https:\/\/agora.xtec.cat\/escolapalau\/wp-json\/wp\/v2\/pages"}],"about":[{"href":"https:\/\/agora.xtec.cat\/escolapalau\/wp-json\/wp\/v2\/types\/page"}],"author":[{"embeddable":true,"href":"https:\/\/agora.xtec.cat\/escolapalau\/wp-json\/wp\/v2\/users\/1"}],"replies":[{"embeddable":true,"href":"https:\/\/agora.xtec.cat\/escolapalau\/wp-json\/wp\/v2\/comments?post=8847"}],"version-history":[{"count":3,"href":"https:\/\/agora.xtec.cat\/escolapalau\/wp-json\/wp\/v2\/pages\/8847\/revisions"}],"predecessor-version":[{"id":10798,"href":"https:\/\/agora.xtec.cat\/escolapalau\/wp-json\/wp\/v2\/pages\/8847\/revisions\/10798"}],"up":[{"embeddable":true,"href":"https:\/\/agora.xtec.cat\/escolapalau\/wp-json\/wp\/v2\/pages\/8853"}],"wp:attachment":[{"href":"https:\/\/agora.xtec.cat\/escolapalau\/wp-json\/wp\/v2\/media?parent=8847"}],"curies":[{"name":"wp","href":"https:\/\/api.w.org\/{rel}","templated":true}]}}