{"id":8830,"date":"2017-07-07T12:45:11","date_gmt":"2017-07-07T10:45:11","guid":{"rendered":"http:\/\/agora.xtec.cat\/escolapalau\/?page_id=8830"},"modified":"2023-07-21T10:54:35","modified_gmt":"2023-07-21T08:54:35","slug":"esmorzars-saludables","status":"publish","type":"page","link":"https:\/\/agora.xtec.cat\/escolapalau\/informacio-2020-21\/esmorzars-saludables\/","title":{"rendered":"Esmorzars saludables"},"content":{"rendered":"<ul>\n<li>Us emplacem a seguir les recomanacions de bons h\u00e0bits alimentaris de l&#8217;Ag\u00e8ncia de Salut P\u00fablica fent clic a l&#8217;enlla\u00e7 seg\u00fcent.\u00a0<a href=\"http:\/\/agora.xtec.cat\/escolapalau\/wp-content\/uploads\/usu367\/2017\/07\/Esmorzars-saludables.pdf\" target=\"_blank\" rel=\"noopener noreferrer\">Esmorzars saludables<\/a><\/li>\n<li>L&#8217;Escola Palau participa en el <a href=\"http:\/\/agricultura.gencat.cat\/ca\/ambits\/alimentacio\/fruita-llet-escoles\/fruita-escoles\/\">Pla de Consum de fruites a les escoles<\/a>. El programa consisteix en distribuir gratu\u00eftament fruita i verdura fresca als escolars de segon cicle d\u2019educaci\u00f3 infantil i de prim\u00e0ria (infants de 3 a 12 anys) de centres educatius que ho demanin. \u00c9s una iniciativa de la Uni\u00f3 Europea amb l&#8217;acci\u00f3 conjunta dels departaments d\u2019Agricultura, Salut i Educaci\u00f3. <strong>Els objectius s\u00f3n<\/strong>:\n<ul>\n<li>Oferir fruita gratu\u00efta en els esmorzars i berenars dins del centre escolar.<\/li>\n<li>Informar sobre els beneficis de pujar el consum de fruites i verdures, i sobre la seva diversitat, trets, producci\u00f3, estacionalitat&#8230;<\/li>\n<\/ul>\n<\/li>\n<\/ul>\n<p>Proposar el consum de fruites com una alternativa excel\u00b7lent al consum d\u2019altres aliments amb menys qualitat nutricional. Es pret\u00e9n afavorir la salut dels infants i promoure el consum de fruites, verdures, fruita seca, llegums, aigua i joc actiu aix\u00ed com reduir el consum llaminadures, begudes refrescants, brioxeria i videojocs sedentaris.<\/p>\n<p>L&#8217; Escola Palau participa del <span style=\"color: #3366ff;\"><em>Pla de\u00a0 Consum de fruites<\/em><\/span> <strong>des d&#8217;I3 fins a 6\u00e8 de Prim\u00e0ria.<\/strong> I a m\u00e9s a m\u00e9s,\u00a0 <strong>TOT EL CENTRE esmorza fruita<\/strong> <strong>portada des de CASA AMB UNA CARMANYOLA,\u00a0 els DIMECRES ;<\/strong> si ho veieu convenient, podeu complementar l&#8217;esmorzar de fruita amb un entrep\u00e0 petit.<\/p>\n<p><a href=\"https:\/\/agora.xtec.cat\/escolapalau\/wp-content\/uploads\/usu367\/2019\/03\/cartell-programa-consum-fruita-hortalisses-escoles-unio-europea-750.jpg_1332006011.jpg\"><img loading=\"lazy\" decoding=\"async\" class=\"aligncenter wp-image-10979\" src=\"https:\/\/agora.xtec.cat\/escolapalau\/wp-content\/uploads\/usu367\/2019\/03\/cartell-programa-consum-fruita-hortalisses-escoles-unio-europea-750.jpg_1332006011.jpg\" alt=\"\" width=\"686\" height=\"683\" srcset=\"https:\/\/agora.xtec.cat\/escolapalau\/wp-content\/uploads\/usu367\/2019\/03\/cartell-programa-consum-fruita-hortalisses-escoles-unio-europea-750.jpg_1332006011.jpg 750w, https:\/\/agora.xtec.cat\/escolapalau\/wp-content\/uploads\/usu367\/2019\/03\/cartell-programa-consum-fruita-hortalisses-escoles-unio-europea-750.jpg_1332006011-150x150.jpg 150w, https:\/\/agora.xtec.cat\/escolapalau\/wp-content\/uploads\/usu367\/2019\/03\/cartell-programa-consum-fruita-hortalisses-escoles-unio-europea-750.jpg_1332006011-300x300.jpg 300w\" sizes=\"auto, (max-width: 686px) 100vw, 686px\" \/><\/a><\/p>\n<p>&nbsp;<\/p>\n<p>&nbsp;<\/p>\n<p>&nbsp;<\/p>\n","protected":false},"excerpt":{"rendered":"<ul>\n<li>Us emplacem a seguir les recomanacions de bons h\u00e0bits alimentaris de l&#8217;Ag\u00e8ncia de Salut P\u00fablica fent clic a l&#8217;enlla\u00e7 seg\u00fcent.\u00a0<a href=\"http:\/\/agora.xtec.cat\/escolapalau\/wp-content\/uploads\/usu367\/2017\/07\/Esmorzars-saludables.pdf\" target=\"_blank\" rel=\"noopener noreferrer\">Esmorzars saludables<\/a><\/li>\n<li>L&#8217;Escola Palau participa en el <a href=\"http:\/\/agricultura.gencat.cat\/ca\/ambits\/alimentacio\/fruita-llet-escoles\/fruita-escoles\/\">Pla de Consum de fruites a les escoles<\/a>. El programa consisteix en distribuir gratu\u00eftament fruita&hellip;  <a href=\"https:\/\/agora.xtec.cat\/escolapalau\/informacio-2020-21\/esmorzars-saludables\/\" title=\"Read Esmorzars saludables\">Llegeix m\u00e9s\u00bb<\/a><br \/>\n","protected":false},"author":1,"featured_media":0,"parent":587,"menu_order":3,"comment_status":"closed","ping_status":"closed","template":"page-templates\/side-menu.php","meta":{"_bbp_topic_count":0,"_bbp_reply_count":0,"_bbp_total_topic_count":0,"_bbp_total_reply_count":0,"_bbp_voice_count":0,"_bbp_anonymous_reply_count":0,"_bbp_topic_count_hidden":0,"_bbp_reply_count_hidden":0,"_bbp_forum_subforum_count":0,"footnotes":""},"class_list":["post-8830","page","type-page","status-publish","hentry"],"post_mailing_queue_ids":[],"_links":{"self":[{"href":"https:\/\/agora.xtec.cat\/escolapalau\/wp-json\/wp\/v2\/pages\/8830","targetHints":{"allow":["GET"]}}],"collection":[{"href":"https:\/\/agora.xtec.cat\/escolapalau\/wp-json\/wp\/v2\/pages"}],"about":[{"href":"https:\/\/agora.xtec.cat\/escolapalau\/wp-json\/wp\/v2\/types\/page"}],"author":[{"embeddable":true,"href":"https:\/\/agora.xtec.cat\/escolapalau\/wp-json\/wp\/v2\/users\/1"}],"replies":[{"embeddable":true,"href":"https:\/\/agora.xtec.cat\/escolapalau\/wp-json\/wp\/v2\/comments?post=8830"}],"version-history":[{"count":4,"href":"https:\/\/agora.xtec.cat\/escolapalau\/wp-json\/wp\/v2\/pages\/8830\/revisions"}],"predecessor-version":[{"id":10975,"href":"https:\/\/agora.xtec.cat\/escolapalau\/wp-json\/wp\/v2\/pages\/8830\/revisions\/10975"}],"up":[{"embeddable":true,"href":"https:\/\/agora.xtec.cat\/escolapalau\/wp-json\/wp\/v2\/pages\/587"}],"wp:attachment":[{"href":"https:\/\/agora.xtec.cat\/escolapalau\/wp-json\/wp\/v2\/media?parent=8830"}],"curies":[{"name":"wp","href":"https:\/\/api.w.org\/{rel}","templated":true}]}}