{"id":817,"date":"2017-02-16T09:25:59","date_gmt":"2017-02-16T08:25:59","guid":{"rendered":"http:\/\/agora.xtec.cat\/ceippalau\/?page_id=817"},"modified":"2024-09-03T20:36:01","modified_gmt":"2024-09-03T18:36:01","slug":"qui-som","status":"publish","type":"page","link":"https:\/\/agora.xtec.cat\/escolapalau\/lescola\/qui-som\/","title":{"rendered":"Qui som?"},"content":{"rendered":"<p style=\"text-align: justify;\">Un centre educatiu p\u00fablic democr\u00e0tic, aconfessional i respectu\u00f3s amb les diferents religions i ideologies. Tenim un comprom\u00eds ferm amb el medi ambient. La llengua d\u2019aprenentatge \u00e9s la catalana, per\u00f2 garantim el domini oral i escrit de les dues lleng\u00fces oficials: el catal\u00e0 i el castell\u00e0. La llengua estrangera \u00e9s l\u2019angl\u00e8s que s\u2019inicia dins l\u2019aula a I3 i l\u2019imparteix un especialista a partir de 2n d\u2019Educaci\u00f3 Infantil (I4) fins a 6\u00e8.<br \/>\nMetodol\u00f2gicament optem per un ensenyament actiu i competencial, on les noves tecnologies hi s\u00f3n molt presents, en un ambient de responsabilitat, de conviv\u00e8ncia, de solidaritat, de no discriminaci\u00f3 i de coeducaci\u00f3.<br \/>\nPer nosaltres \u00e9s molt important la relaci\u00f3 de l\u2019escola amb la fam\u00edlia pel creixement intel\u00b7lectual i personal de l\u2019alumnat.<\/p>\n","protected":false},"excerpt":{"rendered":"<p>Un centre educatiu p\u00fablic democr\u00e0tic, aconfessional i respectu\u00f3s amb les diferents religions i ideologies. Tenim un comprom\u00eds ferm amb el medi ambient. La llengua d\u2019aprenentatge \u00e9s la catalana, per\u00f2 garantim el domini oral i escrit de les dues lleng\u00fces oficials: el catal\u00e0 i el castell\u00e0.&hellip;  <a href=\"https:\/\/agora.xtec.cat\/escolapalau\/lescola\/qui-som\/\" title=\"Read Qui som?\">Llegeix m\u00e9s\u00bb<\/a><\/p>\n","protected":false},"author":1,"featured_media":0,"parent":22,"menu_order":1,"comment_status":"closed","ping_status":"closed","template":"page-templates\/side-menu.php","meta":{"_bbp_topic_count":0,"_bbp_reply_count":0,"_bbp_total_topic_count":0,"_bbp_total_reply_count":0,"_bbp_voice_count":0,"_bbp_anonymous_reply_count":0,"_bbp_topic_count_hidden":0,"_bbp_reply_count_hidden":0,"_bbp_forum_subforum_count":0,"footnotes":""},"class_list":["post-817","page","type-page","status-publish","hentry"],"post_mailing_queue_ids":[],"_links":{"self":[{"href":"https:\/\/agora.xtec.cat\/escolapalau\/wp-json\/wp\/v2\/pages\/817","targetHints":{"allow":["GET"]}}],"collection":[{"href":"https:\/\/agora.xtec.cat\/escolapalau\/wp-json\/wp\/v2\/pages"}],"about":[{"href":"https:\/\/agora.xtec.cat\/escolapalau\/wp-json\/wp\/v2\/types\/page"}],"author":[{"embeddable":true,"href":"https:\/\/agora.xtec.cat\/escolapalau\/wp-json\/wp\/v2\/users\/1"}],"replies":[{"embeddable":true,"href":"https:\/\/agora.xtec.cat\/escolapalau\/wp-json\/wp\/v2\/comments?post=817"}],"version-history":[{"count":4,"href":"https:\/\/agora.xtec.cat\/escolapalau\/wp-json\/wp\/v2\/pages\/817\/revisions"}],"predecessor-version":[{"id":12369,"href":"https:\/\/agora.xtec.cat\/escolapalau\/wp-json\/wp\/v2\/pages\/817\/revisions\/12369"}],"up":[{"embeddable":true,"href":"https:\/\/agora.xtec.cat\/escolapalau\/wp-json\/wp\/v2\/pages\/22"}],"wp:attachment":[{"href":"https:\/\/agora.xtec.cat\/escolapalau\/wp-json\/wp\/v2\/media?parent=817"}],"curies":[{"name":"wp","href":"https:\/\/api.w.org\/{rel}","templated":true}]}}