{"id":631,"date":"2017-02-10T12:54:02","date_gmt":"2017-02-10T11:54:02","guid":{"rendered":"http:\/\/agora.xtec.cat\/ceippalau\/?page_id=631"},"modified":"2023-07-21T11:19:16","modified_gmt":"2023-07-21T09:19:16","slug":"cantania","status":"publish","type":"page","link":"https:\/\/agora.xtec.cat\/escolapalau\/projectes-pedagogics\/cantania\/","title":{"rendered":"Cant\u00e0nia"},"content":{"rendered":"<p><img loading=\"lazy\" decoding=\"async\" class=\"\" src=\"https:\/\/www.auditori.cat\/wp-content\/uploads\/Temporada%2022-23\/cantania_web.jpg\" alt=\"Cant\u00e0nia\" width=\"901\" height=\"507\" \/><\/p>\n<h6>Qu\u00e8 \u00e9s la Cant\u00e0nia?<\/h6>\n<p style=\"text-align: justify;\">Cant\u00e0nia \u00e9s una activitat participativa amb diferents fases d&#8217;actuaci\u00f3: sessions de formaci\u00f3 amb el professorat, treball dels mestres a la seva aula i concerts finals interpretats per l&#8217;alumnat inscrit. Durant tot el curs escolar es treballa tant des de l&#8217;organitzaci\u00f3 com des de l&#8217;escola. L&#8217;objectiu \u00e9s organitzar un acte pels alumnes que, per les caracter\u00edstiques globals pensades exclusivament per ells, per la qualitat i la implicaci\u00f3 personal i col\u00b7lectiva en l&#8217;acte, es converteixi en una viv\u00e8ncia important, emotiva i inoblidable.<\/p>\n<p style=\"text-align: justify;\">Aquest curs l&#8217;espectacle es diu <strong>EL NAUFRAGI &#8230;<\/strong> i es celebra els 35 anys de Cant\u00e0nia.<\/p>\n<p style=\"text-align: justify;\">Els\/les\u00a0 alumnes de cinqu\u00e8 interpretaran la cantata a l&#8217; Auditori de Barcelona.<\/p>\n<p>Int\u00e8rprets i artistes convidats:<\/p>\n<ul>\n<li>Marc Tim\u00f3n, composici\u00f3<\/li>\n<li>Jair Dom\u00ednguez, dramat\u00fargia<\/li>\n<li>Elisenda Carrasco, Oriol Castanyer i Eva Mart\u00ednez, direcci\u00f3 musical<\/li>\n<li>Cristina Mart\u00ed i Adri\u00e0 Aubert, direcci\u00f3 esc\u00e8nica<\/li>\n<li>Josep Prats, coordinaci\u00f3 musical<\/li>\n<\/ul>\n","protected":false},"excerpt":{"rendered":"<p>Qu\u00e8 \u00e9s la Cant\u00e0nia?<br \/>\nCant\u00e0nia \u00e9s una activitat participativa amb diferents fases d&#8217;actuaci\u00f3: sessions de formaci\u00f3 amb el professorat, treball dels mestres a la seva aula i concerts finals interpretats per l&#8217;alumnat inscrit. Durant tot el curs escolar es treballa tant des de l&#8217;organitzaci\u00f3 com des&hellip;  <a href=\"https:\/\/agora.xtec.cat\/escolapalau\/projectes-pedagogics\/cantania\/\" title=\"Read Cant\u00e0nia\">Llegeix m\u00e9s\u00bb<\/a><\/p>\n","protected":false},"author":1,"featured_media":0,"parent":591,"menu_order":4,"comment_status":"closed","ping_status":"closed","template":"page-templates\/side-menu.php","meta":{"_bbp_topic_count":0,"_bbp_reply_count":0,"_bbp_total_topic_count":0,"_bbp_total_reply_count":0,"_bbp_voice_count":0,"_bbp_anonymous_reply_count":0,"_bbp_topic_count_hidden":0,"_bbp_reply_count_hidden":0,"_bbp_forum_subforum_count":0,"footnotes":""},"class_list":["post-631","page","type-page","status-publish","hentry"],"post_mailing_queue_ids":[],"_links":{"self":[{"href":"https:\/\/agora.xtec.cat\/escolapalau\/wp-json\/wp\/v2\/pages\/631","targetHints":{"allow":["GET"]}}],"collection":[{"href":"https:\/\/agora.xtec.cat\/escolapalau\/wp-json\/wp\/v2\/pages"}],"about":[{"href":"https:\/\/agora.xtec.cat\/escolapalau\/wp-json\/wp\/v2\/types\/page"}],"author":[{"embeddable":true,"href":"https:\/\/agora.xtec.cat\/escolapalau\/wp-json\/wp\/v2\/users\/1"}],"replies":[{"embeddable":true,"href":"https:\/\/agora.xtec.cat\/escolapalau\/wp-json\/wp\/v2\/comments?post=631"}],"version-history":[{"count":4,"href":"https:\/\/agora.xtec.cat\/escolapalau\/wp-json\/wp\/v2\/pages\/631\/revisions"}],"predecessor-version":[{"id":12232,"href":"https:\/\/agora.xtec.cat\/escolapalau\/wp-json\/wp\/v2\/pages\/631\/revisions\/12232"}],"up":[{"embeddable":true,"href":"https:\/\/agora.xtec.cat\/escolapalau\/wp-json\/wp\/v2\/pages\/591"}],"wp:attachment":[{"href":"https:\/\/agora.xtec.cat\/escolapalau\/wp-json\/wp\/v2\/media?parent=631"}],"curies":[{"name":"wp","href":"https:\/\/api.w.org\/{rel}","templated":true}]}}