{"id":594,"date":"2017-02-10T10:35:20","date_gmt":"2017-02-10T09:35:20","guid":{"rendered":"http:\/\/agora.xtec.cat\/ceippalau\/?page_id=594"},"modified":"2025-11-03T19:40:16","modified_gmt":"2025-11-03T18:40:16","slug":"ampa","status":"publish","type":"page","link":"https:\/\/agora.xtec.cat\/escolapalau\/lescola\/ampa\/","title":{"rendered":"AFA"},"content":{"rendered":"<h6><img loading=\"lazy\" decoding=\"async\" class=\"wp-image-12409 aligncenter\" src=\"https:\/\/agora.xtec.cat\/escolapalau\/wp-content\/uploads\/usu367\/2025\/02\/Foto-de-Aaro-Blaya.jpg\" alt=\"\" width=\"171\" height=\"215\" srcset=\"https:\/\/agora.xtec.cat\/escolapalau\/wp-content\/uploads\/usu367\/2025\/02\/Foto-de-Aaro-Blaya.jpg 663w, https:\/\/agora.xtec.cat\/escolapalau\/wp-content\/uploads\/usu367\/2025\/02\/Foto-de-Aaro-Blaya-239x300.jpg 239w\" sizes=\"auto, (max-width: 171px) 100vw, 171px\" \/><\/h6>\n<p>&nbsp;<\/p>\n<h6>L&#8217;Associaci\u00f3 de Fam\u00edlies (AFA) de l&#8217;Escola Palau \u00e9s molt m\u00e9s que una associaci\u00f3: som una comunitat que treballa per millorar l&#8217;experi\u00e8ncia educativa i vital de les nostres filles i fills.<\/h6>\n<p>&nbsp;<\/p>\n<p><span style=\"text-decoration: underline;\">Aquest \u00e9s el nostre comprom\u00eds<\/span>:<\/p>\n<p><strong>1. Gestionem el servei de menjador: <\/strong>Cuina pr\u00f2pia amb menjar casol\u00e0, garantint una alimentaci\u00f3 sana i de qualitat per als nostres fills.<\/p>\n<p><strong>2. Acollides de matins i tardes: <\/strong>Oferim un espai segur i acollidor abans i despr\u00e9s de l\u2019horari escolar.<\/p>\n<p><strong>3. Activitats extraescolars: <\/strong>Organitzem una \u00e0mplia oferta d\u2019activitats per complementar la formaci\u00f3 i el desenvolupament dels infants.<\/p>\n<p><strong>4. Festes i esdeveniments: <\/strong>Coordinem festes i activitats que fomenten la conviv\u00e8ncia i el sentiment de comunitat.<\/p>\n<p><strong>5. Participaci\u00f3 en l\u2019equip escolar: <\/strong>Tenim veu i vot en les decisions de l\u2019escola, contribuint a la millora cont\u00ednua del projecte educatiu.<\/p>\n<p><strong>6. Resoluci\u00f3 d\u2019incid\u00e8ncies: <\/strong>Estem a la vostra disposici\u00f3 per resoldre qualsevol incid\u00e8ncia o dubte relacionat amb els serveis que oferim.<\/p>\n<p>Fes-te soci\/a i forma part d\u2019aquest gran projecte!\u00a0La teva participaci\u00f3 \u00e9s clau per seguir creixent i millorant.<\/p>\n<h3><strong>AFA Escola Palau \u2013 Junts fem escola!<\/strong><\/h3>\n<p>&nbsp;<\/p>\n<p style=\"text-align: center;\"><span style=\"text-decoration: underline;\">Tel\u00e8fon<\/span>: 620.60.56.41\u00a0 \u00a0 \u00a0 \u00a0 \u00a0 \u00a0 \u00a0 \u00a0 \u00a0 \u00a0 \u00a0 <span style=\"text-decoration: underline;\">e-mail:<\/span> afaescolapalau@hotmail.com<\/p>\n<p>&nbsp;<\/p>\n<h6><\/h6>\n<h6 style=\"text-align: left;\">\u00a0 \u00a0 \u00a0 \u00a0 \u00a0 \u00a0 \u00a0 \u00a0 \u00a0 \u00a0 \u00a0 \u00a0 \u00a0 \u00a0 \u00a0 \u00a0 \u00a0 \u00a0 \u00a0 \u00a0 \u00a0 Horari d&#8217;Atenci\u00f3:\u00a0 \u00a0 \u00a0 \u00a0 \u00a0 \u00a0 \u00a0 \u00a0 \u00a0 \u00a0 \u00a0 \u00a0 \u00a0 \u00a0 \u00a0 \u00a0 \u00a0 \u00a0 \u00a0 \u00a0 \u00a0 \u00a0 \u00a0 \u00a0 \u00a0 \u00a0 \u00a0 \u00a0 \u00a0 \u00a0 \u00a0 \u00a0 Quota soci AFA:<\/h6>\n<table style=\"height: 144px; width: 77.1296%;\">\n<tbody>\n<tr style=\"height: 33px;\">\n<td style=\"width: 59.3187%; height: 33px; text-align: center;\">\u00a0 \u00a0Dilluns de 9 a 13h<\/td>\n<td style=\"width: 123.451%; height: 33px; text-align: center;\">\u00a0 \u00a0 Quota un fill\/a 34\u20ac<\/td>\n<\/tr>\n<tr style=\"height: 33px;\">\n<td style=\"width: 59.3187%; height: 33px; text-align: center;\">\u00a0 \u00a0Dimarts de 9 a 13h<\/td>\n<td style=\"width: 123.451%; height: 33px; text-align: center;\">\u00a0 \u00a0 Quota dos fills\/es 61\u20ac<\/td>\n<\/tr>\n<tr style=\"height: 33px;\">\n<td style=\"width: 59.3187%; height: 33px; text-align: center;\">\u00a0 \u00a0Dimecres de 9 a 13h<\/td>\n<td style=\"width: 123.451%; height: 33px; text-align: center;\">\u00a0 \u00a0 Quota tres fills\/es 75,50\u20ac<\/td>\n<\/tr>\n<tr style=\"height: 33px;\">\n<td style=\"width: 59.3187%; height: 33px; text-align: center;\">\u00a0 \u00a0Dijous de 9 a 13h<\/td>\n<td style=\"width: 123.451%; height: 33px; text-align: center;\">\u00a0 \u00a0 Quota m\u00e9s de tres fills\/es 89\u20ac<\/td>\n<\/tr>\n<tr style=\"height: 33px;\">\n<td style=\"width: 59.3187%; height: 33px; text-align: center;\">\u00a0 \u00a0Divendres de 9 a 13h<\/td>\n<td style=\"width: 123.451%; height: 33px; text-align: center;\"><\/td>\n<\/tr>\n<\/tbody>\n<\/table>\n<p>&nbsp;<\/p>\n<p><img loading=\"lazy\" decoding=\"async\" class=\"size-full wp-image-12405 aligncenter\" src=\"https:\/\/agora.xtec.cat\/escolapalau\/wp-content\/uploads\/usu367\/2025\/02\/Equip-AFA-1.png\" alt=\"\" width=\"1024\" height=\"768\" srcset=\"https:\/\/agora.xtec.cat\/escolapalau\/wp-content\/uploads\/usu367\/2025\/02\/Equip-AFA-1.png 1024w, https:\/\/agora.xtec.cat\/escolapalau\/wp-content\/uploads\/usu367\/2025\/02\/Equip-AFA-1-300x225.png 300w, https:\/\/agora.xtec.cat\/escolapalau\/wp-content\/uploads\/usu367\/2025\/02\/Equip-AFA-1-768x576.png 768w, https:\/\/agora.xtec.cat\/escolapalau\/wp-content\/uploads\/usu367\/2025\/02\/Equip-AFA-1-200x150.png 200w\" sizes=\"auto, (max-width: 1024px) 100vw, 1024px\" \/><\/p>\n","protected":false},"excerpt":{"rendered":"<p>&nbsp;<br \/>\nL&#8217;Associaci\u00f3 de Fam\u00edlies (AFA) de l&#8217;Escola Palau \u00e9s molt m\u00e9s que una associaci\u00f3: som una comunitat que treballa per millorar l&#8217;experi\u00e8ncia educativa i vital de les nostres filles i fills.<br \/>\n&nbsp;<br \/>\nAquest \u00e9s el nostre comprom\u00eds:<br \/>\n1. Gestionem el servei de menjador: Cuina pr\u00f2pia amb menjar casol\u00e0, garantint&hellip;  <a href=\"https:\/\/agora.xtec.cat\/escolapalau\/lescola\/ampa\/\" title=\"Read AFA\">Llegeix m\u00e9s\u00bb<\/a><\/p>\n","protected":false},"author":1,"featured_media":0,"parent":22,"menu_order":6,"comment_status":"closed","ping_status":"closed","template":"page-templates\/side-menu.php","meta":{"_bbp_topic_count":0,"_bbp_reply_count":0,"_bbp_total_topic_count":0,"_bbp_total_reply_count":0,"_bbp_voice_count":0,"_bbp_anonymous_reply_count":0,"_bbp_topic_count_hidden":0,"_bbp_reply_count_hidden":0,"_bbp_forum_subforum_count":0,"footnotes":""},"class_list":["post-594","page","type-page","status-publish","hentry"],"post_mailing_queue_ids":[],"_links":{"self":[{"href":"https:\/\/agora.xtec.cat\/escolapalau\/wp-json\/wp\/v2\/pages\/594","targetHints":{"allow":["GET"]}}],"collection":[{"href":"https:\/\/agora.xtec.cat\/escolapalau\/wp-json\/wp\/v2\/pages"}],"about":[{"href":"https:\/\/agora.xtec.cat\/escolapalau\/wp-json\/wp\/v2\/types\/page"}],"author":[{"embeddable":true,"href":"https:\/\/agora.xtec.cat\/escolapalau\/wp-json\/wp\/v2\/users\/1"}],"replies":[{"embeddable":true,"href":"https:\/\/agora.xtec.cat\/escolapalau\/wp-json\/wp\/v2\/comments?post=594"}],"version-history":[{"count":6,"href":"https:\/\/agora.xtec.cat\/escolapalau\/wp-json\/wp\/v2\/pages\/594\/revisions"}],"predecessor-version":[{"id":12510,"href":"https:\/\/agora.xtec.cat\/escolapalau\/wp-json\/wp\/v2\/pages\/594\/revisions\/12510"}],"up":[{"embeddable":true,"href":"https:\/\/agora.xtec.cat\/escolapalau\/wp-json\/wp\/v2\/pages\/22"}],"wp:attachment":[{"href":"https:\/\/agora.xtec.cat\/escolapalau\/wp-json\/wp\/v2\/media?parent=594"}],"curies":[{"name":"wp","href":"https:\/\/api.w.org\/{rel}","templated":true}]}}