{"id":558,"date":"2017-02-10T09:44:11","date_gmt":"2017-02-10T08:44:11","guid":{"rendered":"http:\/\/agora.xtec.cat\/ceippalau\/?page_id=558"},"modified":"2024-09-03T20:15:15","modified_gmt":"2024-09-03T18:15:15","slug":"informacio-families","status":"publish","type":"page","link":"https:\/\/agora.xtec.cat\/escolapalau\/informacio-2020-21\/informacio-families\/","title":{"rendered":"Informaci\u00f3 fam\u00edlies"},"content":{"rendered":"<h5>1. Beques:<\/h5>\n<ul>\n<li><a href=\"https:\/\/sede.educacion.gob.es\/comunes\/saliendo.html?destino=https:\/\/www.educacionfpydeportes.gob.es\/servicios-al-ciudadano\/catalogo\/general\/05\/050140\/ficha\/050140-2024.html\">Enlla\u00e7 a la Convocat\u00f2ria de beques per alumnes amb NESE\u00a0 pel curs 2024-2025<\/a><\/li>\n<\/ul>\n<h5>2. Web del Departament d&#8217;Educaci\u00f3:<\/h5>\n<ul style=\"list-style-type: disc;\">\n<li><a href=\"https:\/\/educacio.gencat.cat\/ca\/arees-actuacio\/families\/\">Enlla\u00e7 a l&#8217;espai<\/a> que ofereix eines amb la voluntat de <strong>facilitar la participaci\u00f3 de les fam\u00edlies en la vida escolar dels fills i filles i guiar-les en l&#8217;acompanyament de la seva educaci\u00f3.<\/strong><\/li>\n<\/ul>\n<p><img loading=\"lazy\" decoding=\"async\" class=\"alignnone size-full wp-image-11984\" src=\"https:\/\/agora.xtec.cat\/escolapalau\/wp-content\/uploads\/usu367\/2021\/09\/Relacio-familia-escola.jpg\" alt=\"\" width=\"1278\" height=\"985\" srcset=\"https:\/\/agora.xtec.cat\/escolapalau\/wp-content\/uploads\/usu367\/2021\/09\/Relacio-familia-escola.jpg 1278w, https:\/\/agora.xtec.cat\/escolapalau\/wp-content\/uploads\/usu367\/2021\/09\/Relacio-familia-escola-300x231.jpg 300w, https:\/\/agora.xtec.cat\/escolapalau\/wp-content\/uploads\/usu367\/2021\/09\/Relacio-familia-escola-1024x789.jpg 1024w, https:\/\/agora.xtec.cat\/escolapalau\/wp-content\/uploads\/usu367\/2021\/09\/Relacio-familia-escola-768x592.jpg 768w\" sizes=\"auto, (max-width: 1278px) 100vw, 1278px\" \/><\/p>\n","protected":false},"excerpt":{"rendered":"<p>1. Beques:<\/p>\n<ul>\n<li><a href=\"https:\/\/sede.educacion.gob.es\/comunes\/saliendo.html?destino=https:\/\/www.educacionfpydeportes.gob.es\/servicios-al-ciudadano\/catalogo\/general\/05\/050140\/ficha\/050140-2024.html\">Enlla\u00e7 a la Convocat\u00f2ria de beques per alumnes amb NESE\u00a0 pel curs 2024-2025<\/a><\/li>\n<\/ul>\n<p>2. Web del Departament d&#8217;Educaci\u00f3:<\/p>\n<ul style=\"list-style-type: disc;\">\n<li><a href=\"https:\/\/educacio.gencat.cat\/ca\/arees-actuacio\/families\/\">Enlla\u00e7 a l&#8217;espai<\/a> que ofereix eines amb la voluntat de facilitar la participaci\u00f3 de les fam\u00edlies en la vida escolar dels fills i filles&hellip;  <a href=\"https:\/\/agora.xtec.cat\/escolapalau\/informacio-2020-21\/informacio-families\/\" title=\"Read Informaci\u00f3 fam\u00edlies\">Llegeix m\u00e9s\u00bb<\/a><br \/>\n","protected":false},"author":1,"featured_media":0,"parent":587,"menu_order":5,"comment_status":"closed","ping_status":"closed","template":"page-templates\/side-menu.php","meta":{"_bbp_topic_count":0,"_bbp_reply_count":0,"_bbp_total_topic_count":0,"_bbp_total_reply_count":0,"_bbp_voice_count":0,"_bbp_anonymous_reply_count":0,"_bbp_topic_count_hidden":0,"_bbp_reply_count_hidden":0,"_bbp_forum_subforum_count":0,"footnotes":""},"class_list":["post-558","page","type-page","status-publish","hentry"],"post_mailing_queue_ids":[],"_links":{"self":[{"href":"https:\/\/agora.xtec.cat\/escolapalau\/wp-json\/wp\/v2\/pages\/558","targetHints":{"allow":["GET"]}}],"collection":[{"href":"https:\/\/agora.xtec.cat\/escolapalau\/wp-json\/wp\/v2\/pages"}],"about":[{"href":"https:\/\/agora.xtec.cat\/escolapalau\/wp-json\/wp\/v2\/types\/page"}],"author":[{"embeddable":true,"href":"https:\/\/agora.xtec.cat\/escolapalau\/wp-json\/wp\/v2\/users\/1"}],"replies":[{"embeddable":true,"href":"https:\/\/agora.xtec.cat\/escolapalau\/wp-json\/wp\/v2\/comments?post=558"}],"version-history":[{"count":7,"href":"https:\/\/agora.xtec.cat\/escolapalau\/wp-json\/wp\/v2\/pages\/558\/revisions"}],"predecessor-version":[{"id":12367,"href":"https:\/\/agora.xtec.cat\/escolapalau\/wp-json\/wp\/v2\/pages\/558\/revisions\/12367"}],"up":[{"embeddable":true,"href":"https:\/\/agora.xtec.cat\/escolapalau\/wp-json\/wp\/v2\/pages\/587"}],"wp:attachment":[{"href":"https:\/\/agora.xtec.cat\/escolapalau\/wp-json\/wp\/v2\/media?parent=558"}],"curies":[{"name":"wp","href":"https:\/\/api.w.org\/{rel}","templated":true}]}}