{"id":28,"date":"2014-09-18T12:29:35","date_gmt":"2014-09-18T10:29:35","guid":{"rendered":"http:\/\/agora.xtec.cat\/ceippalau\/?page_id=28"},"modified":"2023-07-21T10:51:13","modified_gmt":"2023-07-21T08:51:13","slug":"consell-escolar","status":"publish","type":"page","link":"https:\/\/agora.xtec.cat\/escolapalau\/lescola\/consell-escolar\/","title":{"rendered":"Consell escolar"},"content":{"rendered":"<table style=\"width: 397px; height: 697px;\">\n<tbody>\n<tr style=\"height: 44px;\">\n<td style=\"width: 181.333px; height: 44px;\">\n<h6>Presidenta<\/h6>\n<\/td>\n<td style=\"width: 208px; height: 44px;\">Montserrat Pag\u00e8s Mart\u00ednez<\/td>\n<\/tr>\n<tr style=\"height: 44px;\">\n<td style=\"width: 181.333px; height: 44px;\">\n<h6>Cap d&#8217;estudis<\/h6>\n<\/td>\n<td style=\"width: 208px; height: 44px;\">Aar\u00f3 Blaya P\u00e9rez<\/td>\n<\/tr>\n<tr style=\"height: 44px;\">\n<td style=\"width: 181.333px; height: 44px;\">\n<h6>Secret\u00e0ria<\/h6>\n<\/td>\n<td style=\"width: 208px; height: 44px;\">N\u00faria L\u00f3pez Mu\u00f1oz<\/td>\n<\/tr>\n<tr style=\"height: 63px;\">\n<td style=\"width: 181.333px; height: 63px;\">\n<h6>Representant Ajuntament<\/h6>\n<\/td>\n<td style=\"width: 208px; height: 63px;\">Ignasi Fargas<\/td>\n<\/tr>\n<tr style=\"height: 44px;\">\n<td style=\"text-align: center; width: 390.667px; height: 44px;\" colspan=\"2\">\n<h6>Sector Pares:<\/h6>\n<\/td>\n<\/tr>\n<tr style=\"height: 30px;\">\n<td style=\"width: 390.667px; text-align: center; height: 30px;\" colspan=\"2\">\u00a0Oscar Ra\u00fal Rodr\u00edguez D\u00edaz<\/td>\n<\/tr>\n<tr style=\"height: 30px;\">\n<td style=\"width: 390.667px; text-align: center; height: 30px;\" colspan=\"2\">\u00a0M. Carmen Ojeda Mendoza<\/td>\n<\/tr>\n<tr style=\"height: 30px;\">\n<td style=\"width: 390.667px; text-align: center; height: 30px;\" colspan=\"2\">Miriam Portillo<\/td>\n<\/tr>\n<tr style=\"height: 30px;\">\n<td style=\"width: 390.667px; text-align: center; height: 30px;\" colspan=\"2\">L\u00eddia Sanjuan P\u00e9rez<\/td>\n<\/tr>\n<tr style=\"height: 30px;\">\n<td style=\"width: 390.667px; text-align: center; height: 30px;\" colspan=\"2\">Raquel Gil Ponz \/\u00a0 Representant AFA<\/td>\n<\/tr>\n<tr style=\"height: 44px;\">\n<td style=\"text-align: center; width: 390.667px; height: 44px;\" colspan=\"2\">\n<h6>Sector mestres:<\/h6>\n<\/td>\n<\/tr>\n<tr style=\"height: 30px;\">\n<td style=\"width: 390.667px; text-align: center; height: 30px;\" colspan=\"2\">\u00a0Montse Denc\u00e0s Rigol<\/td>\n<\/tr>\n<tr style=\"height: 30px;\">\n<td style=\"width: 390.667px; text-align: center; height: 30px;\" colspan=\"2\">\u00a0Magdalena Creus Ragasol<\/td>\n<\/tr>\n<tr style=\"height: 30px;\">\n<td style=\"width: 390.667px; text-align: center; height: 30px;\" colspan=\"2\">\u00a0Cristina Angulo Escriu<\/td>\n<\/tr>\n<tr style=\"height: 30px;\">\n<td style=\"width: 390.667px; text-align: center; height: 30px;\" colspan=\"2\">Francisco Gabriel Morales P\u00e9rez<\/td>\n<\/tr>\n<tr style=\"height: 30px;\">\n<td style=\"width: 390.667px; text-align: center; height: 30px;\" colspan=\"2\">\u00a0Evelin S\u00e1nchez Ram\u00edrez<\/td>\n<\/tr>\n<tr style=\"height: 30px;\">\n<td style=\"width: 390.667px; text-align: center; height: 30px;\" colspan=\"2\">\u00a0Marta Porqueras Talavera<\/td>\n<\/tr>\n<tr style=\"height: 44px;\">\n<td style=\"text-align: center; width: 390.667px; height: 44px;\" colspan=\"2\">\n<h6>Sector PAS<\/h6>\n<\/td>\n<\/tr>\n<tr style=\"height: 30px;\">\n<td style=\"width: 390.667px; text-align: center; height: 30px;\" colspan=\"2\">Liliana Domenech Cabellut<\/td>\n<\/tr>\n<\/tbody>\n<\/table>\n<p style=\"color: #444444;\">\n","protected":false},"excerpt":{"rendered":"<p>Presidenta<\/p>\n<p>Montserrat Pag\u00e8s Mart\u00ednez<\/p>\n<p>Cap d&#8217;estudis<\/p>\n<p>Aar\u00f3 Blaya P\u00e9rez<\/p>\n<p>Secret\u00e0ria<\/p>\n<p>N\u00faria L\u00f3pez Mu\u00f1oz<\/p>\n<p>Representant Ajuntament<\/p>\n<p>Ignasi Fargas<\/p>\n<p>Sector Pares:<\/p>\n<p>\u00a0Oscar Ra\u00fal Rodr\u00edguez D\u00edaz<\/p>\n<p>\u00a0M. Carmen Ojeda Mendoza<\/p>\n<p>Miriam Portillo<\/p>\n<p>L\u00eddia Sanjuan P\u00e9rez<\/p>\n<p>Raquel Gil Ponz \/\u00a0 Representant AFA<\/p>\n<p>Sector mestres:<\/p>\n<p>\u00a0Montse Denc\u00e0s Rigol<\/p>\n<p>\u00a0Magdalena Creus Ragasol<\/p>\n<p>\u00a0Cristina Angulo Escriu<\/p>\n<p>Francisco Gabriel Morales P\u00e9rez<\/p>\n<p>\u00a0Evelin S\u00e1nchez Ram\u00edrez<\/p>\n<p>\u00a0Marta Porqueras Talavera<\/p>\n<p>Sector PAS<\/p>\n<p>Liliana Domenech Cabellut<\/p>\n","protected":false},"author":1,"featured_media":0,"parent":22,"menu_order":4,"comment_status":"closed","ping_status":"closed","template":"page-templates\/side-menu.php","meta":{"_bbp_topic_count":0,"_bbp_reply_count":0,"_bbp_total_topic_count":0,"_bbp_total_reply_count":0,"_bbp_voice_count":0,"_bbp_anonymous_reply_count":0,"_bbp_topic_count_hidden":0,"_bbp_reply_count_hidden":0,"_bbp_forum_subforum_count":0,"footnotes":""},"class_list":["post-28","page","type-page","status-publish","hentry"],"post_mailing_queue_ids":[],"_links":{"self":[{"href":"https:\/\/agora.xtec.cat\/escolapalau\/wp-json\/wp\/v2\/pages\/28","targetHints":{"allow":["GET"]}}],"collection":[{"href":"https:\/\/agora.xtec.cat\/escolapalau\/wp-json\/wp\/v2\/pages"}],"about":[{"href":"https:\/\/agora.xtec.cat\/escolapalau\/wp-json\/wp\/v2\/types\/page"}],"author":[{"embeddable":true,"href":"https:\/\/agora.xtec.cat\/escolapalau\/wp-json\/wp\/v2\/users\/1"}],"replies":[{"embeddable":true,"href":"https:\/\/agora.xtec.cat\/escolapalau\/wp-json\/wp\/v2\/comments?post=28"}],"version-history":[{"count":4,"href":"https:\/\/agora.xtec.cat\/escolapalau\/wp-json\/wp\/v2\/pages\/28\/revisions"}],"predecessor-version":[{"id":12227,"href":"https:\/\/agora.xtec.cat\/escolapalau\/wp-json\/wp\/v2\/pages\/28\/revisions\/12227"}],"up":[{"embeddable":true,"href":"https:\/\/agora.xtec.cat\/escolapalau\/wp-json\/wp\/v2\/pages\/22"}],"wp:attachment":[{"href":"https:\/\/agora.xtec.cat\/escolapalau\/wp-json\/wp\/v2\/media?parent=28"}],"curies":[{"name":"wp","href":"https:\/\/api.w.org\/{rel}","templated":true}]}}