{"id":26,"date":"2014-09-18T12:24:32","date_gmt":"2014-09-18T10:24:32","guid":{"rendered":"http:\/\/agora.xtec.cat\/ceippalau\/?page_id=26"},"modified":"2025-08-04T01:21:21","modified_gmt":"2025-08-03T23:21:21","slug":"historia","status":"publish","type":"page","link":"https:\/\/agora.xtec.cat\/escolapalau\/lescola\/historia\/","title":{"rendered":"Programes espec\u00edfics de centre"},"content":{"rendered":"<p>En el Pla Anual de centre es programen i aproven les activitats que es realitzen al llarg del curs i que complementen el curr\u00edculum.<\/p>\n<p style=\"text-align: justify;\">L\u2019escola va posar en marxa, durant el curs 2002-2003, un Pla estrat\u00e8gic de \u201cL\u2019hort com a fil motivador per a\u00a0 l\u2019adquisici\u00f3 de les compet\u00e8ncies b\u00e0siques\u201d, actualment es continua treballant el projecte de l\u2019hort al llarg de tota l\u2019escolaritzaci\u00f3 i el centre est\u00e0\u00a0 dins la <strong>Xarxa d\u2019Escoles Verdes de Catalunya. <\/strong>El curs 2019-20 iniciem el <strong>Projecte de Pati, <\/strong>el curs 2020-21 es fa possible l&#8217;ampliaci\u00f3 del pati de Prim\u00e0ria i des de llavors s&#8217;han anat fent inversions de forma progressiva per tal de crear nous espais de joc i aprenentatge.<\/p>\n<ul>\n<li style=\"text-align: justify;\"><strong>Programa d\u2019Impuls a la Lectura<\/strong> de la Generalitat de Catalunya. Es vol \u00a0potenciar el gust per llegir, saber llegir i llegir per aprendre.<\/li>\n<\/ul>\n<p style=\"text-align: justify;\"><span style=\"text-decoration: underline;\">Es realitzen<\/span>:<\/p>\n<ul>\n<li>Apadrinaments lectors dels alumnes de 5\u00e8 amb els de 1r i trobades de seguiment al curs seg\u00fcent.<\/li>\n<li>Hora del conte a Educaci\u00f3 Infantil.<\/li>\n<li>Tert\u00falies liter\u00e0ries entre els alumnes a Prim\u00e0ria.<\/li>\n<li>Visita d\u2019autors o d&#8217;il\u00b7lustradors literaris a 3r i 6\u00e8.<\/li>\n<li>Tallers de lectura a Educaci\u00f3 Prim\u00e0ria.<\/li>\n<li>Participaci\u00f3 de fam\u00edlies volunt\u00e0ries en jornades vinculades a la lectura: Sant Jordi, Castanyada, Nadal.<\/li>\n<\/ul>\n<p>&nbsp;<\/p>\n<ul>\n<li><strong>Pla d\u2019Acci\u00f3 Tutorial<\/strong>: Es vetlla pel benestar emocional dels alumnes, des d&#8217;Infantil 3 anys\u00a0 fins a 6\u00e8 de Prim\u00e0ria amb activitats engrescadores i participatives.<\/li>\n<\/ul>\n<p>&nbsp;<\/p>\n<ul>\n<li style=\"text-align: justify;\"><strong>Participaci\u00f3 al Programa Cant\u00e0nia<\/strong> de l\u2019Auditori de Barcelona dels alumnes de cinqu\u00e8\u00a0 de Prim\u00e0ria, amb representaci\u00f3 esc\u00e8nica al final de curs i en directe a l&#8217;Auditori de Barcelona conjuntament amb altres alumnes de Catalunya, que tamb\u00e9 poden gaudir les fam\u00edlies i el p\u00fablic, en general.<\/li>\n<\/ul>\n<p>&nbsp;<\/p>\n<ul>\n<li style=\"text-align: justify;\"><strong>Grups redu\u00efts de parla<\/strong> a Educaci\u00f3 Infantil un cop per setmana.<\/li>\n<\/ul>\n<p>&nbsp;<\/p>\n<ul>\n<li style=\"text-align: justify;\"><strong>Es fan desdoblaments heterogenis<\/strong> de 12 \u00f3 13 alumnes a prim\u00e0ria per desenvolupar el curr\u00edculum competencial de catal\u00e0, matem\u00e0tiques i angl\u00e8s.<\/li>\n<\/ul>\n<p>&nbsp;<\/p>\n<ul>\n<li><strong>Ampliaci\u00f3 de l&#8217;aprenentatge en llengua anglesa<\/strong> a altres \u00e0rees del curr\u00edculum.<\/li>\n<\/ul>\n<p>&nbsp;<\/p>\n<ul>\n<li style=\"text-align: justify;\"><strong>Projectes<\/strong> a Educaci\u00f3 Infantil i Prim\u00e0ria vinculats amb el Coneixement del Medi Natural i social.<\/li>\n<\/ul>\n<p>&nbsp;<\/p>\n<ul>\n<li style=\"text-align: justify;\"><strong>Ambients<\/strong> a Educaci\u00f3 Infantil, un dia a la setmana s&#8217;ajunten els alumnes d&#8217;educaci\u00f3 infantil per treballar plegats i <strong>Tallers internivell\u00a0 <\/strong>a Educaci\u00f3 Prim\u00e0ria.<\/li>\n<\/ul>\n<p>&nbsp;<\/p>\n<ul>\n<li style=\"text-align: justify;\"><strong>Les noves tecnologies (TAC) i la compet\u00e8ncia digital d&#8217;alumnes<\/strong> estan immerses en les activitats d&#8217;Ensenyament\/Aprenentatge de l&#8217;aula; disposem de PDI a totes les classes, port\u00e0tils i tauletes per a aprendre amb les noves tecnologies.<\/li>\n<\/ul>\n<p>&nbsp;<\/p>\n<ul>\n<li><strong>Rob\u00f2tica i pensament computacional<\/strong> a l&#8217;educaci\u00f3 infantil i a la Prim\u00e0ria.<\/li>\n<\/ul>\n<p>&nbsp;<\/p>\n<ul>\n<li style=\"text-align: justify;\"><strong>Potenciaci\u00f3 de la participaci\u00f3 dels alumnes<\/strong>: \u00a0Assemblea de Delegats de Classe de CM i CS. Vetlladors del medi ambient i\/o Delegats Verds, com a Escola Verda.<\/li>\n<\/ul>\n<p>&nbsp;<\/p>\n<ul>\n<li style=\"text-align: justify;\"><strong>Potenciaci\u00f3 de la participaci\u00f3 de les fam\u00edlies:<\/strong> Hi ha voluntaris a totes les etapes educatives, pares\/mares delegats\/des de classe i activitats conjuntes entre pares i fills.<\/li>\n<\/ul>\n<p>&nbsp;<\/p>\n<ul>\n<li style=\"text-align: justify;\"><strong>Es treballem\u00a0 les festes tradicionals<\/strong> <strong>catalanes:<\/strong> Castanyada, Nadal, Carnaval, Sant Jordi. A final de curs es fa la graduaci\u00f3 de l&#8217;alumnat de 6\u00e8 i una festa amb totes les fam\u00edlies del centre.<\/li>\n<\/ul>\n<p>&nbsp;<\/p>\n<ul>\n<li style=\"text-align: justify;\"><strong>Es fan sortides pedag\u00f2giques<\/strong> <strong>d\u2019un dia<\/strong> a tots els nivells. <strong>Col\u00f2nies<\/strong> de tres dies &#8211; dues nits a final de Cicle (P5, 2n i 4t).<\/li>\n<\/ul>\n<p>&nbsp;<\/p>\n<ul>\n<li style=\"text-align: justify;\"><strong>Viatge de fi de curs<\/strong> a 6\u00e8 de quatre dies &#8211; tres nits.<\/li>\n<\/ul>\n<p>&nbsp;<\/p>\n<ul>\n<li style=\"text-align: justify;\">Es participa en les <strong>activitats ofertades per l\u2019Ajuntament<\/strong> com teatre, medi ambient i tallers de la Diputaci\u00f3 de Barcelona.<\/li>\n<\/ul>\n<p>&nbsp;<\/p>\n<p><strong>\u00a0<\/strong><\/p>\n","protected":false},"excerpt":{"rendered":"<p>En el Pla Anual de centre es programen i aproven les activitats que es realitzen al llarg del curs i que complementen el curr\u00edculum.<br \/>\nL\u2019escola va posar en marxa, durant el curs 2002-2003, un Pla estrat\u00e8gic de \u201cL\u2019hort com a fil motivador per a\u00a0 l\u2019adquisici\u00f3 de&hellip;  <a href=\"https:\/\/agora.xtec.cat\/escolapalau\/lescola\/historia\/\" title=\"Read Programes espec\u00edfics de centre\">Llegeix m\u00e9s\u00bb<\/a><\/p>\n","protected":false},"author":1,"featured_media":0,"parent":22,"menu_order":2,"comment_status":"closed","ping_status":"closed","template":"page-templates\/side-menu.php","meta":{"_bbp_topic_count":0,"_bbp_reply_count":0,"_bbp_total_topic_count":0,"_bbp_total_reply_count":0,"_bbp_voice_count":0,"_bbp_anonymous_reply_count":0,"_bbp_topic_count_hidden":0,"_bbp_reply_count_hidden":0,"_bbp_forum_subforum_count":0,"footnotes":""},"class_list":["post-26","page","type-page","status-publish","hentry"],"post_mailing_queue_ids":[],"_links":{"self":[{"href":"https:\/\/agora.xtec.cat\/escolapalau\/wp-json\/wp\/v2\/pages\/26","targetHints":{"allow":["GET"]}}],"collection":[{"href":"https:\/\/agora.xtec.cat\/escolapalau\/wp-json\/wp\/v2\/pages"}],"about":[{"href":"https:\/\/agora.xtec.cat\/escolapalau\/wp-json\/wp\/v2\/types\/page"}],"author":[{"embeddable":true,"href":"https:\/\/agora.xtec.cat\/escolapalau\/wp-json\/wp\/v2\/users\/1"}],"replies":[{"embeddable":true,"href":"https:\/\/agora.xtec.cat\/escolapalau\/wp-json\/wp\/v2\/comments?post=26"}],"version-history":[{"count":4,"href":"https:\/\/agora.xtec.cat\/escolapalau\/wp-json\/wp\/v2\/pages\/26\/revisions"}],"predecessor-version":[{"id":12463,"href":"https:\/\/agora.xtec.cat\/escolapalau\/wp-json\/wp\/v2\/pages\/26\/revisions\/12463"}],"up":[{"embeddable":true,"href":"https:\/\/agora.xtec.cat\/escolapalau\/wp-json\/wp\/v2\/pages\/22"}],"wp:attachment":[{"href":"https:\/\/agora.xtec.cat\/escolapalau\/wp-json\/wp\/v2\/media?parent=26"}],"curies":[{"name":"wp","href":"https:\/\/api.w.org\/{rel}","templated":true}]}}