{"id":8496,"date":"2019-06-15T21:12:15","date_gmt":"2019-06-15T19:12:15","guid":{"rendered":"http:\/\/agora.xtec.cat\/escolapaisoscatalans\/?page_id=8496"},"modified":"2020-08-03T12:18:08","modified_gmt":"2020-08-03T10:18:08","slug":"opcio-religio","status":"publish","type":"page","link":"https:\/\/agora.xtec.cat\/escolapaisoscatalans\/documents-descola\/circulars-families\/opcio-religio\/","title":{"rendered":"Opci\u00f3 Religi\u00f3"},"content":{"rendered":"<p style=\"text-align: justify;\"><span style=\"color: #008080;\">D&#8217;acord amb la normativa vigent, l&#8217;ensenyament de la religi\u00f3 t\u00e9 car\u00e0cter optatiu per als alumnes i \u00e9s d&#8217;oferta obligat\u00f2ria per als centres.<\/span><br \/>\n<span style=\"color: #008080;\">El centre ha d&#8217;oferir la possibilitat d&#8217;optar a rebre l&#8217;ensenyament de la religi\u00f3 als alumnes, mitjan\u00e7ant el full de preinscripci\u00f3 o una declaraci\u00f3 d&#8217;acord amb el model \u201cDeclaraci\u00f3 sobre l&#8217;opci\u00f3 per rebre l&#8217;ensenyament de la religi\u00f3 o l&#8217;atenci\u00f3 educativa alternativa per als alumnes de nou ingr\u00e9s en el centre\u201d (educaci\u00f3 infantil, educaci\u00f3 prim\u00e0ria, ESO o batxillerat), segons l&#8217;etapa educativa que correspongui.<\/span><\/p>\n<p style=\"text-align: justify;\"><span style=\"color: #008080;\">Els pares o tutors legals dels alumnes, per iniciativa pr\u00f2pia, poden modificar l&#8217;opci\u00f3 feta comunicant-ho per escrit al director o directora del centre abans de l&#8217;inici de cada curs.<\/span><\/p>\n<p style=\"text-align: justify;\"><a href=\"https:\/\/agora.xtec.cat\/escolapaisoscatalans\/wp-content\/uploads\/usu491\/2020\/08\/OPCI\u00d3-RELIGI\u00d3.pdf\"><img loading=\"lazy\" decoding=\"async\" class=\"size-full wp-image-8725 alignleft\" src=\"https:\/\/agora.xtec.cat\/escolapaisoscatalans\/wp-content\/uploads\/usu491\/2019\/09\/Opci\u00f3-Religi\u00f3.jpg\" alt=\"\" width=\"639\" height=\"87\" srcset=\"https:\/\/agora.xtec.cat\/escolapaisoscatalans\/wp-content\/uploads\/usu491\/2019\/09\/Opci\u00f3-Religi\u00f3.jpg 639w, https:\/\/agora.xtec.cat\/escolapaisoscatalans\/wp-content\/uploads\/usu491\/2019\/09\/Opci\u00f3-Religi\u00f3-300x41.jpg 300w\" sizes=\"auto, (max-width: 639px) 100vw, 639px\" \/><\/a><\/p>\n<p>&nbsp;<\/p>\n<p>&nbsp;<\/p>\n<p>&nbsp;<\/p>\n<p>&nbsp;<\/p>\n","protected":false},"excerpt":{"rendered":"<p>D&#8217;acord amb la normativa vigent, l&#8217;ensenyament de la religi\u00f3 t\u00e9 car\u00e0cter optatiu per als alumnes i \u00e9s d&#8217;oferta obligat\u00f2ria per als centres.<br \/>\nEl centre ha d&#8217;oferir la possibilitat d&#8217;optar a rebre l&#8217;ensenyament de la religi\u00f3 als alumnes, mitjan\u00e7ant el full de preinscripci\u00f3 o una declaraci\u00f3 d&#8217;acord&hellip;  <a href=\"https:\/\/agora.xtec.cat\/escolapaisoscatalans\/documents-descola\/circulars-families\/opcio-religio\/\" title=\"Read Opci\u00f3 Religi\u00f3\">Llegeix m\u00e9s\u00bb<\/a><\/p>\n","protected":false},"author":1,"featured_media":0,"parent":8507,"menu_order":26,"comment_status":"closed","ping_status":"closed","template":"page-templates\/side-menu.php","meta":{"_bbp_topic_count":0,"_bbp_reply_count":0,"_bbp_total_topic_count":0,"_bbp_total_reply_count":0,"_bbp_voice_count":0,"_bbp_anonymous_reply_count":0,"_bbp_topic_count_hidden":0,"_bbp_reply_count_hidden":0,"_bbp_forum_subforum_count":0,"footnotes":""},"class_list":["post-8496","page","type-page","status-publish","hentry"],"post_mailing_queue_ids":[],"_links":{"self":[{"href":"https:\/\/agora.xtec.cat\/escolapaisoscatalans\/wp-json\/wp\/v2\/pages\/8496","targetHints":{"allow":["GET"]}}],"collection":[{"href":"https:\/\/agora.xtec.cat\/escolapaisoscatalans\/wp-json\/wp\/v2\/pages"}],"about":[{"href":"https:\/\/agora.xtec.cat\/escolapaisoscatalans\/wp-json\/wp\/v2\/types\/page"}],"author":[{"embeddable":true,"href":"https:\/\/agora.xtec.cat\/escolapaisoscatalans\/wp-json\/wp\/v2\/users\/1"}],"replies":[{"embeddable":true,"href":"https:\/\/agora.xtec.cat\/escolapaisoscatalans\/wp-json\/wp\/v2\/comments?post=8496"}],"version-history":[{"count":3,"href":"https:\/\/agora.xtec.cat\/escolapaisoscatalans\/wp-json\/wp\/v2\/pages\/8496\/revisions"}],"predecessor-version":[{"id":14935,"href":"https:\/\/agora.xtec.cat\/escolapaisoscatalans\/wp-json\/wp\/v2\/pages\/8496\/revisions\/14935"}],"up":[{"embeddable":true,"href":"https:\/\/agora.xtec.cat\/escolapaisoscatalans\/wp-json\/wp\/v2\/pages\/8507"}],"wp:attachment":[{"href":"https:\/\/agora.xtec.cat\/escolapaisoscatalans\/wp-json\/wp\/v2\/media?parent=8496"}],"curies":[{"name":"wp","href":"https:\/\/api.w.org\/{rel}","templated":true}]}}