{"id":8486,"date":"2019-06-15T20:37:30","date_gmt":"2019-06-15T18:37:30","guid":{"rendered":"http:\/\/agora.xtec.cat\/escolapaisoscatalans\/?page_id=8486"},"modified":"2020-08-03T11:29:49","modified_gmt":"2020-08-03T09:29:49","slug":"carta-de-compromis","status":"publish","type":"page","link":"https:\/\/agora.xtec.cat\/escolapaisoscatalans\/documents-descola\/circulars-families\/carta-de-compromis\/","title":{"rendered":"Carta de comprom\u00eds educatiu"},"content":{"rendered":"<p style=\"text-align: justify;\"><span style=\"color: #008080;\">La carta de comprom\u00eds educatiu \u00e9s un document que t\u00e9 com a finalitat potenciar la comunicaci\u00f3, la participaci\u00f3, la implicaci\u00f3, el comprom\u00eds i la corresponsabilitat entre els centres i les fam\u00edlies en l&#8217;educaci\u00f3 d&#8217;infants i joves.<\/span><\/p>\n<p style=\"text-align: justify;\"><span style=\"color: #008080;\">Per tant, la carta ha de contribuir, entre altres, als objectius seg\u00fcents:<\/span><\/p>\n<ul>\n<li><span style=\"color: #008080;\">Compartir amb les fam\u00edlies els principis i els continguts del projecte educatiu del centre i, si escau, els projectes educatius de l&#8217;entorn.<\/span><\/li>\n<li><span style=\"color: #008080;\">Millorar la informaci\u00f3 i la comunicaci\u00f3 entre el centre i les fam\u00edlies.<\/span><\/li>\n<li><span style=\"color: #008080;\">Facilitar a les fam\u00edlies l&#8217;exercici dels seus drets i el compliment dels deures.<\/span><\/li>\n<li><span style=\"color: #008080;\">Fomentar la conviv\u00e8ncia i el bon clima escolar.<\/span><\/li>\n<li><span style=\"color: #008080;\">Corresponsabilitzar el centre i la fam\u00edlia en l&#8217;\u00e8xit acad\u00e8mic, personal i social dels alumnes i tamb\u00e9 en el comprom\u00eds c\u00edvic dels infants i joves.<\/span><\/li>\n<\/ul>\n<p><a href=\"https:\/\/agora.xtec.cat\/escolapaisoscatalans\/wp-content\/uploads\/usu491\/2019\/09\/Carta-de-Comprom\u00eds-INFANTIL.pdf\"><img loading=\"lazy\" decoding=\"async\" class=\"size-full wp-image-8720 alignleft\" src=\"https:\/\/agora.xtec.cat\/escolapaisoscatalans\/wp-content\/uploads\/usu491\/2019\/09\/Carta-de-comprom\u00eds-educatiu-Ed.-Inf..jpg\" alt=\"\" width=\"495\" height=\"93\" srcset=\"https:\/\/agora.xtec.cat\/escolapaisoscatalans\/wp-content\/uploads\/usu491\/2019\/09\/Carta-de-comprom\u00eds-educatiu-Ed.-Inf..jpg 495w, https:\/\/agora.xtec.cat\/escolapaisoscatalans\/wp-content\/uploads\/usu491\/2019\/09\/Carta-de-comprom\u00eds-educatiu-Ed.-Inf.-300x56.jpg 300w\" sizes=\"auto, (max-width: 495px) 100vw, 495px\" \/><\/a><\/p>\n<p><a href=\"https:\/\/agora.xtec.cat\/escolapaisoscatalans\/wp-content\/uploads\/usu491\/2019\/09\/carta-de-comprom\u00eds-educatiu.pdf\">\u00a0<\/a><\/p>\n<p>&nbsp;<\/p>\n<p>&nbsp;<\/p>\n<p><a href=\"https:\/\/agora.xtec.cat\/escolapaisoscatalans\/wp-content\/uploads\/usu491\/2019\/09\/Carta-de-Comprom\u00eds-PRIM\u00c0RIA.pdf\"><img loading=\"lazy\" decoding=\"async\" class=\"size-full wp-image-8719 alignleft\" src=\"https:\/\/agora.xtec.cat\/escolapaisoscatalans\/wp-content\/uploads\/usu491\/2019\/09\/Carta-de-comprom\u00eds-educatiu-Cicle-Inicial.jpg\" alt=\"\" width=\"497\" height=\"88\" srcset=\"https:\/\/agora.xtec.cat\/escolapaisoscatalans\/wp-content\/uploads\/usu491\/2019\/09\/Carta-de-comprom\u00eds-educatiu-Cicle-Inicial.jpg 497w, https:\/\/agora.xtec.cat\/escolapaisoscatalans\/wp-content\/uploads\/usu491\/2019\/09\/Carta-de-comprom\u00eds-educatiu-Cicle-Inicial-300x53.jpg 300w\" sizes=\"auto, (max-width: 497px) 100vw, 497px\" \/><\/a><\/p>\n<p>&nbsp;<\/p>\n<p>&nbsp;<\/p>\n<p>&nbsp;<\/p>\n","protected":false},"excerpt":{"rendered":"<p>La carta de comprom\u00eds educatiu \u00e9s un document que t\u00e9 com a finalitat potenciar la comunicaci\u00f3, la participaci\u00f3, la implicaci\u00f3, el comprom\u00eds i la corresponsabilitat entre els centres i les fam\u00edlies en l&#8217;educaci\u00f3 d&#8217;infants i joves.<br \/>\nPer tant, la carta ha de contribuir, entre altres, als&hellip;  <a href=\"https:\/\/agora.xtec.cat\/escolapaisoscatalans\/documents-descola\/circulars-families\/carta-de-compromis\/\" title=\"Read Carta de comprom\u00eds educatiu\">Llegeix m\u00e9s\u00bb<\/a><\/p>\n","protected":false},"author":1,"featured_media":0,"parent":8507,"menu_order":22,"comment_status":"closed","ping_status":"closed","template":"page-templates\/side-menu.php","meta":{"_bbp_topic_count":0,"_bbp_reply_count":0,"_bbp_total_topic_count":0,"_bbp_total_reply_count":0,"_bbp_voice_count":0,"_bbp_anonymous_reply_count":0,"_bbp_topic_count_hidden":0,"_bbp_reply_count_hidden":0,"_bbp_forum_subforum_count":0,"footnotes":""},"class_list":["post-8486","page","type-page","status-publish","hentry"],"post_mailing_queue_ids":[],"_links":{"self":[{"href":"https:\/\/agora.xtec.cat\/escolapaisoscatalans\/wp-json\/wp\/v2\/pages\/8486","targetHints":{"allow":["GET"]}}],"collection":[{"href":"https:\/\/agora.xtec.cat\/escolapaisoscatalans\/wp-json\/wp\/v2\/pages"}],"about":[{"href":"https:\/\/agora.xtec.cat\/escolapaisoscatalans\/wp-json\/wp\/v2\/types\/page"}],"author":[{"embeddable":true,"href":"https:\/\/agora.xtec.cat\/escolapaisoscatalans\/wp-json\/wp\/v2\/users\/1"}],"replies":[{"embeddable":true,"href":"https:\/\/agora.xtec.cat\/escolapaisoscatalans\/wp-json\/wp\/v2\/comments?post=8486"}],"version-history":[{"count":4,"href":"https:\/\/agora.xtec.cat\/escolapaisoscatalans\/wp-json\/wp\/v2\/pages\/8486\/revisions"}],"predecessor-version":[{"id":14927,"href":"https:\/\/agora.xtec.cat\/escolapaisoscatalans\/wp-json\/wp\/v2\/pages\/8486\/revisions\/14927"}],"up":[{"embeddable":true,"href":"https:\/\/agora.xtec.cat\/escolapaisoscatalans\/wp-json\/wp\/v2\/pages\/8507"}],"wp:attachment":[{"href":"https:\/\/agora.xtec.cat\/escolapaisoscatalans\/wp-json\/wp\/v2\/media?parent=8486"}],"curies":[{"name":"wp","href":"https:\/\/api.w.org\/{rel}","templated":true}]}}