{"id":38,"date":"2014-09-18T12:34:08","date_gmt":"2014-09-18T12:34:08","guid":{"rendered":"http:\/\/agora.xtec.cat\/escolapaisoscatalans\/?page_id=38"},"modified":"2024-01-22T16:36:18","modified_gmt":"2024-01-22T15:36:18","slug":"salut","status":"publish","type":"page","link":"https:\/\/agora.xtec.cat\/escolapaisoscatalans\/lescola\/salut-2\/salut\/","title":{"rendered":"Salut de l&#8217;alumnat"},"content":{"rendered":"<p style=\"text-align: justify;\">El car\u00e0cter d&#8217;aquesta p\u00e0gina \u00e9s b\u00e0sicament informatiu. En aquesta secci\u00f3 fem una refer\u00e8ncia directa a q\u00fcestions de salut que afecten directament als alumnes del centre. Categoritzem la informaci\u00f3 en <strong>medicaments<\/strong>, <strong>al\u00b7l\u00e8rgies<\/strong> i <strong>par\u00e0sits<\/strong>.<\/p>\n<p style=\"text-align: justify;\"><span class=\"Estilo9\"><strong><a href=\"https:\/\/drive.google.com\/file\/d\/0B8eNhZEnOcHrclZWeTJnYm41Yzg\/view?usp=sharing\" target=\"_blank\" rel=\"noopener noreferrer\">AUTORITZACI\u00d3 MEDICACI\u00d3<\/a><\/strong><\/span><\/p>\n<p style=\"text-align: justify;\">(1) <strong><a class=\"descargar\" title=\"Obre finestra nova (descarregar pdf)\" href=\"http:\/\/educacio.gencat.cat\/documents\/IPCNormativa\/DOIGC\/Resolucio_instruccions_15_16.pdf\" target=\"_blank\" rel=\"noopener noreferrer\">Resoluci\u00f3 de 19 de juny de 2015<\/a>, <\/strong>per la qual s\u2019aproven els documents per a l\u2019organitzaci\u00f3 i la gesti\u00f3 dels centres per al curs 2015-2016, diu textualment, al punt 1.2\u00a0de l\u2019apartat\u00a0\u201cSeguretat i salut\u201d, el seg\u00fcent:<\/p>\n<p style=\"text-align: justify;\"><em>\u201cPer poder administrar medicaments als alumnes, sempre que sigui imprescindible fer-ho\u00a0en horari lectiu, cal que els pares, mares o tutors legals aportin un informe m\u00e8dic on\u00a0consti el nom de l\u2019alumne, el nom del medicament que ha de prendre i la pauta\u00a0d\u2019administraci\u00f3. Aix\u00ed mateix, els pares, mares o tutors legals han d\u2019aportar un\u00a0<a href=\"https:\/\/drive.google.com\/file\/d\/0B8eNhZEnOcHrclZWeTJnYm41Yzg\/view?usp=sharing\" target=\"_blank\" rel=\"noopener noreferrer\"><strong>escrit <\/strong><\/a>on\u00a0es demani, al director o directora del centre educatiu, l\u2019administraci\u00f3 al fill o filla del\u00a0medicament prescrit d\u2019acord amb les pautes que constin en l\u2019informe esmentat, i se\u00a0n\u2019autoritzi l\u2019administraci\u00f3 als docents del centre\u2026\u00a0En aquest sentit cal assenyalar que els docents nom\u00e9s podran fer accions que no\u00a0requereixen cap titulaci\u00f3 sanit\u00e0ria i que les poden fer els pares, mares, familiars o\u00a0cuidadors en general, sempre que hagin tingut un ensinistrament previ\u201d.<\/em><\/p>\n<p style=\"text-align: justify;\">Us recordem tamb\u00e9 que, segons les NOFC\u00a0de l\u2019Escola:<\/p>\n<ul style=\"text-align: justify;\">\n<li>El\/la nen\/a amb febre, polls o amb malalties infeccioses no pot venir a l\u2019escola.<\/li>\n<li>No podem guardar cap medicament a la nevera.<\/li>\n<\/ul>\n<p>&nbsp;<\/p>\n<p>&nbsp;<\/p>\n<p>&nbsp;<\/p>\n","protected":false},"excerpt":{"rendered":"<p>El car\u00e0cter d&#8217;aquesta p\u00e0gina \u00e9s b\u00e0sicament informatiu. En aquesta secci\u00f3 fem una refer\u00e8ncia directa a q\u00fcestions de salut que afecten directament als alumnes del centre. Categoritzem la informaci\u00f3 en medicaments, al\u00b7l\u00e8rgies i par\u00e0sits.<br \/>\n<a href=\"https:\/\/drive.google.com\/file\/d\/0B8eNhZEnOcHrclZWeTJnYm41Yzg\/view?usp=sharing\" target=\"_blank\" rel=\"noopener noreferrer\">AUTORITZACI\u00d3 MEDICACI\u00d3<\/a><br \/>\n(1) <a class=\"descargar\" title=\"Obre finestra nova (descarregar pdf)\"&hellip;  <a href=\"https:\/\/agora.xtec.cat\/escolapaisoscatalans\/lescola\/salut-2\/salut\/\" title=\"Read Salut de l&#8217;alumnat\">Llegeix m\u00e9s\u00bb<\/a><\/p>\n","protected":false},"author":2,"featured_media":0,"parent":28488,"menu_order":80,"comment_status":"closed","ping_status":"closed","template":"page-templates\/side-menu.php","meta":{"_bbp_topic_count":0,"_bbp_reply_count":0,"_bbp_total_topic_count":0,"_bbp_total_reply_count":0,"_bbp_voice_count":0,"_bbp_anonymous_reply_count":0,"_bbp_topic_count_hidden":0,"_bbp_reply_count_hidden":0,"_bbp_forum_subforum_count":0,"footnotes":""},"class_list":["post-38","page","type-page","status-publish","hentry"],"post_mailing_queue_ids":[],"_links":{"self":[{"href":"https:\/\/agora.xtec.cat\/escolapaisoscatalans\/wp-json\/wp\/v2\/pages\/38","targetHints":{"allow":["GET"]}}],"collection":[{"href":"https:\/\/agora.xtec.cat\/escolapaisoscatalans\/wp-json\/wp\/v2\/pages"}],"about":[{"href":"https:\/\/agora.xtec.cat\/escolapaisoscatalans\/wp-json\/wp\/v2\/types\/page"}],"author":[{"embeddable":true,"href":"https:\/\/agora.xtec.cat\/escolapaisoscatalans\/wp-json\/wp\/v2\/users\/2"}],"replies":[{"embeddable":true,"href":"https:\/\/agora.xtec.cat\/escolapaisoscatalans\/wp-json\/wp\/v2\/comments?post=38"}],"version-history":[{"count":5,"href":"https:\/\/agora.xtec.cat\/escolapaisoscatalans\/wp-json\/wp\/v2\/pages\/38\/revisions"}],"predecessor-version":[{"id":28490,"href":"https:\/\/agora.xtec.cat\/escolapaisoscatalans\/wp-json\/wp\/v2\/pages\/38\/revisions\/28490"}],"up":[{"embeddable":true,"href":"https:\/\/agora.xtec.cat\/escolapaisoscatalans\/wp-json\/wp\/v2\/pages\/28488"}],"wp:attachment":[{"href":"https:\/\/agora.xtec.cat\/escolapaisoscatalans\/wp-json\/wp\/v2\/media?parent=38"}],"curies":[{"name":"wp","href":"https:\/\/api.w.org\/{rel}","templated":true}]}}