{"id":28480,"date":"2024-01-22T16:14:49","date_gmt":"2024-01-22T15:14:49","guid":{"rendered":"https:\/\/agora.xtec.cat\/escolapaisoscatalans\/?page_id=28480"},"modified":"2025-10-05T10:12:40","modified_gmt":"2025-10-05T08:12:40","slug":"salut-digital","status":"publish","type":"page","link":"https:\/\/agora.xtec.cat\/escolapaisoscatalans\/lescola\/salut-2\/salut-digital\/","title":{"rendered":"Salut Digital"},"content":{"rendered":"<h4>ACOMPANYAMENT \u00daS TEL\u00c8FON M\u00d2BIL<\/h4>\n<p style=\"text-align: justify;\">Fam\u00edlies, us compartim aquesta guia ja que creiem que pot ser del vostre inter\u00e8s perqu\u00e8, tard o d&#8217;hora, hi ha la possibilitat que us trobeu aquesta situaci\u00f3 amb els vostres fills\/es.<\/p>\n<p><a href=\"https:\/\/agora.xtec.cat\/escolapaisoscatalans\/wp-content\/uploads\/usu491\/2022\/10\/GuiaSomConnexio-Online-Catala-Pagines.pdf\" target=\"_blank\" rel=\"noopener\"><img loading=\"lazy\" decoding=\"async\" class=\"wp-image-22345 aligncenter\" src=\"https:\/\/agora.xtec.cat\/escolapaisoscatalans\/wp-content\/uploads\/usu491\/2022\/10\/Portada-guia.jpg\" alt=\"\" width=\"388\" height=\"385\" srcset=\"https:\/\/agora.xtec.cat\/escolapaisoscatalans\/wp-content\/uploads\/usu491\/2022\/10\/Portada-guia.jpg 980w, https:\/\/agora.xtec.cat\/escolapaisoscatalans\/wp-content\/uploads\/usu491\/2022\/10\/Portada-guia-300x297.jpg 300w, https:\/\/agora.xtec.cat\/escolapaisoscatalans\/wp-content\/uploads\/usu491\/2022\/10\/Portada-guia-150x150.jpg 150w, https:\/\/agora.xtec.cat\/escolapaisoscatalans\/wp-content\/uploads\/usu491\/2022\/10\/Portada-guia-768x761.jpg 768w\" sizes=\"auto, (max-width: 388px) 100vw, 388px\" \/><\/a><\/p>\n<p>&nbsp;<\/p>\n<h4><a href=\"https:\/\/agora.xtec.cat\/escolapaisoscatalans\/general\/menys-pantalla-mes-vida\/\">MENYS PANTALLA, M\u00c9S VIDA!<\/a><\/h4>\n<p style=\"text-align: justify;\">Us compartim i us encoratgem a consultar la <strong>Guia per acompanyar les fam\u00edlies en l&#8217;educaci\u00f3 i la digitalitzaci\u00f3 <\/strong>que creat el Departament d&#8217;Educaci\u00f3 i Formaci\u00f3 Professional:<\/p>\n<p><a href=\"https:\/\/agora.xtec.cat\/escolapaisoscatalans\/wp-content\/uploads\/usu491\/2025\/09\/guia-families.pdf\" target=\"_blank\" rel=\"noopener\">GUIA FAM\u00cdLIES<\/a><\/p>\n<p>VIDEO EXPLICATIU DE LA CAMPANYA<\/p>\n<p><a href=\"https:\/\/www.youtube.com\/watch?v=wn7_gVc0FQc\" target=\"_blank\" rel=\"noopener\"><img loading=\"lazy\" decoding=\"async\" class=\"size-medium wp-image-37347 alignleft\" src=\"https:\/\/agora.xtec.cat\/escolapaisoscatalans\/wp-content\/uploads\/usu491\/2025\/09\/Captura-imatge-menys-pantalla-300x167.jpg\" alt=\"\" width=\"300\" height=\"167\" srcset=\"https:\/\/agora.xtec.cat\/escolapaisoscatalans\/wp-content\/uploads\/usu491\/2025\/09\/Captura-imatge-menys-pantalla-300x167.jpg 300w, https:\/\/agora.xtec.cat\/escolapaisoscatalans\/wp-content\/uploads\/usu491\/2025\/09\/Captura-imatge-menys-pantalla-768x428.jpg 768w, https:\/\/agora.xtec.cat\/escolapaisoscatalans\/wp-content\/uploads\/usu491\/2025\/09\/Captura-imatge-menys-pantalla.jpg 975w\" sizes=\"auto, (max-width: 300px) 100vw, 300px\" \/><\/a><\/p>\n","protected":false},"excerpt":{"rendered":"<p>ACOMPANYAMENT \u00daS TEL\u00c8FON M\u00d2BIL<br \/>\nFam\u00edlies, us compartim aquesta guia ja que creiem que pot ser del vostre inter\u00e8s perqu\u00e8, tard o d&#8217;hora, hi ha la possibilitat que us trobeu aquesta situaci\u00f3 amb els vostres fills\/es.<br \/>\n<a href=\"https:\/\/agora.xtec.cat\/escolapaisoscatalans\/wp-content\/uploads\/usu491\/2022\/10\/GuiaSomConnexio-Online-Catala-Pagines.pdf\" target=\"_blank\" rel=\"noopener\"><\/a><br \/>\n&nbsp;<br \/>\n<a href=\"https:\/\/agora.xtec.cat\/escolapaisoscatalans\/general\/menys-pantalla-mes-vida\/\">MENYS PANTALLA, M\u00c9S VIDA!<\/a><br \/>\nUs compartim i us encoratgem&hellip;  <a href=\"https:\/\/agora.xtec.cat\/escolapaisoscatalans\/lescola\/salut-2\/salut-digital\/\" title=\"Read Salut Digital\">Llegeix m\u00e9s\u00bb<\/a><\/p>\n","protected":false},"author":1,"featured_media":0,"parent":28488,"menu_order":0,"comment_status":"closed","ping_status":"closed","template":"page-templates\/side-menu.php","meta":{"_bbp_topic_count":0,"_bbp_reply_count":0,"_bbp_total_topic_count":0,"_bbp_total_reply_count":0,"_bbp_voice_count":0,"_bbp_anonymous_reply_count":0,"_bbp_topic_count_hidden":0,"_bbp_reply_count_hidden":0,"_bbp_forum_subforum_count":0,"footnotes":""},"class_list":["post-28480","page","type-page","status-publish","hentry"],"post_mailing_queue_ids":[],"_links":{"self":[{"href":"https:\/\/agora.xtec.cat\/escolapaisoscatalans\/wp-json\/wp\/v2\/pages\/28480","targetHints":{"allow":["GET"]}}],"collection":[{"href":"https:\/\/agora.xtec.cat\/escolapaisoscatalans\/wp-json\/wp\/v2\/pages"}],"about":[{"href":"https:\/\/agora.xtec.cat\/escolapaisoscatalans\/wp-json\/wp\/v2\/types\/page"}],"author":[{"embeddable":true,"href":"https:\/\/agora.xtec.cat\/escolapaisoscatalans\/wp-json\/wp\/v2\/users\/1"}],"replies":[{"embeddable":true,"href":"https:\/\/agora.xtec.cat\/escolapaisoscatalans\/wp-json\/wp\/v2\/comments?post=28480"}],"version-history":[{"count":6,"href":"https:\/\/agora.xtec.cat\/escolapaisoscatalans\/wp-json\/wp\/v2\/pages\/28480\/revisions"}],"predecessor-version":[{"id":37430,"href":"https:\/\/agora.xtec.cat\/escolapaisoscatalans\/wp-json\/wp\/v2\/pages\/28480\/revisions\/37430"}],"up":[{"embeddable":true,"href":"https:\/\/agora.xtec.cat\/escolapaisoscatalans\/wp-json\/wp\/v2\/pages\/28488"}],"wp:attachment":[{"href":"https:\/\/agora.xtec.cat\/escolapaisoscatalans\/wp-json\/wp\/v2\/media?parent=28480"}],"curies":[{"name":"wp","href":"https:\/\/api.w.org\/{rel}","templated":true}]}}