{"id":28,"date":"2014-09-18T12:29:35","date_gmt":"2014-09-18T12:29:35","guid":{"rendered":"http:\/\/agora.xtec.cat\/escolapaisoscatalans\/?page_id=28"},"modified":"2025-09-24T13:26:58","modified_gmt":"2025-09-24T11:26:58","slug":"consell-escolar","status":"publish","type":"page","link":"https:\/\/agora.xtec.cat\/escolapaisoscatalans\/lescola\/consell-escolar\/","title":{"rendered":"Consell escolar"},"content":{"rendered":"<p style=\"text-align: justify;\">El consell escolar del centre \u00e9s l&#8217;<strong>\u00f2rgan col\u00b7legiat de participaci\u00f3<\/strong> de la comunitat escolar en el govern del centre, on hi ha representats tots els col\u00b7lectius que intervenen en la comunitat educativa.<\/p>\n<p style=\"text-align: justify;\">La funci\u00f3 principal del consell escolar \u00e9s participar en la presa de decisions en relaci\u00f3 amb aquells temes importants per al funcionament i l&#8217;organitzaci\u00f3 del centre: el projecte educatiu, la programaci\u00f3 general, la gesti\u00f3 econ\u00f2mica, etc.<\/p>\n<p style=\"text-align: justify;\">Els membres del consell escolar s\u00f3n elegits per un per\u00edode de quatre anys i es renoven per meitats cada dos anys.<\/p>\n<p style=\"text-align: justify;\"><span style=\"font-family: inherit; font-size: 1em;\">Actualment els membres del nostre consell escolar s\u00f3n:<\/span><\/p>\n<div class=\"entry-content\" style=\"text-align: justify;\">\n<p><strong>Direcci\u00f3:<\/strong><\/p>\n<p>Adri\u00e0 L. (Director)<\/p>\n<p>Al\u00edcia C. (Cap d\u2019estudis)<\/p>\n<p>Raquel G. (Secret\u00e0ria)<\/p>\n<p><strong>Sector Mares i Pares\u00a0<\/strong><\/p>\n<p>Pilar R.<\/p>\n<p>Eduard F.<\/p>\n<p>Cristina F.<\/p>\n<p>Albert F.<\/p>\n<p><strong>Representant de la junta de l\u2019AFA:<br \/>\n<\/strong><\/p>\n<p>Silvia A.<\/p>\n<p><strong>Sector Mestres<\/strong><\/p>\n<p>Chus G.<\/p>\n<p>Neus C.<\/p>\n<p>M\u00f2nica C.<\/p>\n<p>Iris J.<\/p>\n<p><strong>PAS i PAE<\/strong><\/p>\n<p>Pili L.<\/p>\n<p>Ana G.<\/p>\n<p><strong>Representant de l\u2019Ajuntament<\/strong><\/p>\n<p>Carme V.<\/p>\n<p><strong>Acords del consell escolar presos durant el curs 23\/24:<\/strong><\/p>\n<p>Consell Escolar de 26 de setembre de 2023<\/p>\n<ol>\n<li>S\u2019aprova l\u2019acta anterior per unanimitat.<\/li>\n<li>S\u2019aprova el Pla de Funcionament i les sortides i col\u00f2nies previstes per al present curs.<\/li>\n<li>S&#8217;aproven les modificacions a les NOFC proposades.<\/li>\n<\/ol>\n<p>Consell Escolar de 4 de desembre de 2023<\/p>\n<ol>\n<li>Es constitueix\u00a0 el Consell Escolar i es creen les comissions pertinents.<\/li>\n<\/ol>\n<p>Consell Escolar de 15 de febrer de 2024<\/p>\n<ol>\n<li>S\u2019aprova l\u2019acta anterior per unanimitat.<\/li>\n<li>S\u2019aprova la liquidaci\u00f3 de comptes de l\u2019exercici 2023<\/li>\n<li>S\u2019aprova la previsi\u00f3 del pressupost per al 2024<\/li>\n<\/ol>\n<p>Consell Escolar de 12 de juny de 2024<\/p>\n<ol>\n<li>S&#8217;aprova la mem\u00f2ria del curs escolar 2023-24<\/li>\n<li>S&#8217;aprova l&#8217;horari, la jornada continua, els dies de lliure disposici\u00f3 i l&#8217;entrada esglaonada per I3.<\/li>\n<\/ol>\n<p>&nbsp;<\/p>\n<\/div>\n<p style=\"text-align: justify;\">\n","protected":false},"excerpt":{"rendered":"<p>El consell escolar del centre \u00e9s l&#8217;\u00f2rgan col\u00b7legiat de participaci\u00f3 de la comunitat escolar en el govern del centre, on hi ha representats tots els col\u00b7lectius que intervenen en la comunitat educativa.<br \/>\nLa funci\u00f3 principal del consell escolar \u00e9s participar en la presa de decisions en&hellip;  <a href=\"https:\/\/agora.xtec.cat\/escolapaisoscatalans\/lescola\/consell-escolar\/\" title=\"Read Consell escolar\">Llegeix m\u00e9s\u00bb<\/a><\/p>\n","protected":false},"author":2,"featured_media":0,"parent":22,"menu_order":30,"comment_status":"closed","ping_status":"closed","template":"page-templates\/side-menu.php","meta":{"_bbp_topic_count":0,"_bbp_reply_count":0,"_bbp_total_topic_count":0,"_bbp_total_reply_count":0,"_bbp_voice_count":0,"_bbp_anonymous_reply_count":0,"_bbp_topic_count_hidden":0,"_bbp_reply_count_hidden":0,"_bbp_forum_subforum_count":0,"footnotes":""},"class_list":["post-28","page","type-page","status-publish","hentry"],"post_mailing_queue_ids":[],"_links":{"self":[{"href":"https:\/\/agora.xtec.cat\/escolapaisoscatalans\/wp-json\/wp\/v2\/pages\/28","targetHints":{"allow":["GET"]}}],"collection":[{"href":"https:\/\/agora.xtec.cat\/escolapaisoscatalans\/wp-json\/wp\/v2\/pages"}],"about":[{"href":"https:\/\/agora.xtec.cat\/escolapaisoscatalans\/wp-json\/wp\/v2\/types\/page"}],"author":[{"embeddable":true,"href":"https:\/\/agora.xtec.cat\/escolapaisoscatalans\/wp-json\/wp\/v2\/users\/2"}],"replies":[{"embeddable":true,"href":"https:\/\/agora.xtec.cat\/escolapaisoscatalans\/wp-json\/wp\/v2\/comments?post=28"}],"version-history":[{"count":5,"href":"https:\/\/agora.xtec.cat\/escolapaisoscatalans\/wp-json\/wp\/v2\/pages\/28\/revisions"}],"predecessor-version":[{"id":37362,"href":"https:\/\/agora.xtec.cat\/escolapaisoscatalans\/wp-json\/wp\/v2\/pages\/28\/revisions\/37362"}],"up":[{"embeddable":true,"href":"https:\/\/agora.xtec.cat\/escolapaisoscatalans\/wp-json\/wp\/v2\/pages\/22"}],"wp:attachment":[{"href":"https:\/\/agora.xtec.cat\/escolapaisoscatalans\/wp-json\/wp\/v2\/media?parent=28"}],"curies":[{"name":"wp","href":"https:\/\/api.w.org\/{rel}","templated":true}]}}