{"id":26730,"date":"2023-10-24T20:50:25","date_gmt":"2023-10-24T18:50:25","guid":{"rendered":"https:\/\/agora.xtec.cat\/escolapaisoscatalans\/?page_id=26730"},"modified":"2023-10-24T20:50:25","modified_gmt":"2023-10-24T18:50:25","slug":"dia-internacional-de-les-biblioteques","status":"publish","type":"page","link":"https:\/\/agora.xtec.cat\/escolapaisoscatalans\/dia-internacional-de-les-biblioteques\/","title":{"rendered":"Dia Internacional de les Biblioteques"},"content":{"rendered":"<p>Avui \u00e9s el Dia Internacional de les Biblioteques. Des de l\u2019any 1997 es commemora aquesta data\u00a0en record de la destrucci\u00f3 de la <a href=\"https:\/\/es.wikipedia.org\/wiki\/Biblioteca_Nacional_y_Universitaria_de_Bosnia_y_Herzegovina\" target=\"_blank\" rel=\"noopener\">Biblioteca de Sarajevo<\/a> durant el conflicte dels Balcans.<a href=\"https:\/\/agora.xtec.cat\/escolapaisoscatalans\/wp-content\/uploads\/usu491\/2023\/10\/el-dia-e-les-biblioteques.png\"><img loading=\"lazy\" decoding=\"async\" class=\"wp-image-26731 aligncenter\" src=\"https:\/\/agora.xtec.cat\/escolapaisoscatalans\/wp-content\/uploads\/usu491\/2023\/10\/el-dia-e-les-biblioteques-804x1024.png\" alt=\"\" width=\"206\" height=\"262\" \/><\/a><\/p>\n<p>L&#8217;objectiu\u00a0d&#8217;aquesta efem\u00e8ride \u00e9s recordar la necessitat d&#8217;impulsar les biblioteques com a resguard de la cultura dels pobles, dels seus escrits i creences, de fer visible el seu paper a la societat actual com a lloc de trobada amb la cultura i el coneixement i com a instrument de millora de la societat.<\/p>\n<p>Aix\u00ed, biblioteques p\u00fabliques, escolars, universit\u00e0ries, especialitzades, nacionals i d&#8217;altres celebraran el seu dia arreu del m\u00f3n.<\/p>\n<p>&nbsp;<\/p>\n","protected":false},"excerpt":{"rendered":"<p>Avui \u00e9s el Dia Internacional de les Biblioteques. Des de l\u2019any 1997 es commemora aquesta data\u00a0en record de la destrucci\u00f3 de la <a href=\"https:\/\/es.wikipedia.org\/wiki\/Biblioteca_Nacional_y_Universitaria_de_Bosnia_y_Herzegovina\" target=\"_blank\" rel=\"noopener\">Biblioteca de Sarajevo<\/a> durant el conflicte dels Balcans.<a href=\"https:\/\/agora.xtec.cat\/escolapaisoscatalans\/wp-content\/uploads\/usu491\/2023\/10\/el-dia-e-les-biblioteques.png\"><\/a><br \/>\nL&#8217;objectiu\u00a0d&#8217;aquesta efem\u00e8ride \u00e9s recordar la necessitat d&#8217;impulsar les biblioteques com a resguard&hellip;  <a href=\"https:\/\/agora.xtec.cat\/escolapaisoscatalans\/dia-internacional-de-les-biblioteques\/\" title=\"Read Dia Internacional de les Biblioteques\">Llegeix m\u00e9s\u00bb<\/a><\/p>\n","protected":false},"author":20,"featured_media":0,"parent":0,"menu_order":0,"comment_status":"closed","ping_status":"closed","template":"","meta":{"_bbp_topic_count":0,"_bbp_reply_count":0,"_bbp_total_topic_count":0,"_bbp_total_reply_count":0,"_bbp_voice_count":0,"_bbp_anonymous_reply_count":0,"_bbp_topic_count_hidden":0,"_bbp_reply_count_hidden":0,"_bbp_forum_subforum_count":0,"footnotes":""},"class_list":["post-26730","page","type-page","status-publish","hentry"],"post_mailing_queue_ids":[],"_links":{"self":[{"href":"https:\/\/agora.xtec.cat\/escolapaisoscatalans\/wp-json\/wp\/v2\/pages\/26730","targetHints":{"allow":["GET"]}}],"collection":[{"href":"https:\/\/agora.xtec.cat\/escolapaisoscatalans\/wp-json\/wp\/v2\/pages"}],"about":[{"href":"https:\/\/agora.xtec.cat\/escolapaisoscatalans\/wp-json\/wp\/v2\/types\/page"}],"author":[{"embeddable":true,"href":"https:\/\/agora.xtec.cat\/escolapaisoscatalans\/wp-json\/wp\/v2\/users\/20"}],"replies":[{"embeddable":true,"href":"https:\/\/agora.xtec.cat\/escolapaisoscatalans\/wp-json\/wp\/v2\/comments?post=26730"}],"version-history":[{"count":3,"href":"https:\/\/agora.xtec.cat\/escolapaisoscatalans\/wp-json\/wp\/v2\/pages\/26730\/revisions"}],"predecessor-version":[{"id":26735,"href":"https:\/\/agora.xtec.cat\/escolapaisoscatalans\/wp-json\/wp\/v2\/pages\/26730\/revisions\/26735"}],"wp:attachment":[{"href":"https:\/\/agora.xtec.cat\/escolapaisoscatalans\/wp-json\/wp\/v2\/media?parent=26730"}],"curies":[{"name":"wp","href":"https:\/\/api.w.org\/{rel}","templated":true}]}}