{"id":26,"date":"2014-09-18T12:24:32","date_gmt":"2014-09-18T12:24:32","guid":{"rendered":"http:\/\/agora.xtec.cat\/escolapaisoscatalans\/?page_id=26"},"modified":"2022-11-25T20:02:45","modified_gmt":"2022-11-25T19:02:45","slug":"historia","status":"publish","type":"page","link":"https:\/\/agora.xtec.cat\/escolapaisoscatalans\/lescola\/historia\/","title":{"rendered":"Hist\u00f2ria"},"content":{"rendered":"<p style=\"text-align: justify;\">L&#8217;escola Pa\u00efsos Catalans \u00e9s una escola de doble l\u00ednia que es va posar en funcionament el curs 2006-2007.<a href=\"http:\/\/agora.xtec.cat\/escolapaisoscatalans\/wp-content\/uploads\/usu491\/2016\/03\/exteriors051.jpg\"><img loading=\"lazy\" decoding=\"async\" class=\"alignright wp-image-247\" src=\"http:\/\/agora.xtec.cat\/escolapaisoscatalans\/wp-content\/uploads\/usu491\/2016\/03\/exteriors051.jpg\" alt=\"exteriors05\" width=\"545\" height=\"409\" srcset=\"https:\/\/agora.xtec.cat\/escolapaisoscatalans\/wp-content\/uploads\/usu491\/2016\/03\/exteriors051.jpg 640w, https:\/\/agora.xtec.cat\/escolapaisoscatalans\/wp-content\/uploads\/usu491\/2016\/03\/exteriors051-300x225.jpg 300w, https:\/\/agora.xtec.cat\/escolapaisoscatalans\/wp-content\/uploads\/usu491\/2016\/03\/exteriors051-200x150.jpg 200w\" sizes=\"auto, (max-width: 545px) 100vw, 545px\" \/><\/a><\/p>\n<p style=\"text-align: justify;\">El 8 de gener de 2010 ens vam traslladar dels m\u00f2duls a l&#8217;edifici nou, un espai obert, llumin\u00f3s i funcional.<\/p>\n<p style=\"text-align: justify;\">A la nostra escola tenim una biblioteca molt maca, una aula d\u2019 inform\u00e0tica ben dotada, aula d&#8217;angl\u00e8s, aules per a fer desdoblaments, aules de pl\u00e0stica i de m\u00fasica. Totes les aules estan dotades amb equipament audiovisual. Tamb\u00e9 gaudim d&#8217;una sala de psicomotricitat i d&#8217;un gimn\u00e0s molt espai\u00f3s, amb for\u00e7a equipament esportiu i amb vestidors. Hi ha un pati per Infantil i un altre per Prim\u00e0ria, que inclou una pista esportiva.<\/p>\n<p style=\"text-align: justify;\">Comptem\u00a0amb una cuina ben equipada i un<span xml:lang=\"ca\">\u00a0<\/span>menjador.<\/p>\n<p style=\"text-align: justify;\">Completant les instal\u00b7lacions i equipaments escolars, disposem d&#8217;un espai per a l&#8217;hort i un bosquet dalt d&#8217;un tur\u00f3 a la part m\u00e9s alta de l&#8217;edifici, que en diem &#8220;la muntanyeta&#8221;.<\/p>\n<p style=\"text-align: justify;\"><img loading=\"lazy\" decoding=\"async\" class=\"alignleft wp-image-4757\" src=\"https:\/\/agora.xtec.cat\/escolapaisoscatalans\/wp-content\/uploads\/usu491\/2018\/09\/Joc-de-pati-a-la-muntanyeta-2.jpg\" alt=\"\" width=\"425\" height=\"239\" srcset=\"https:\/\/agora.xtec.cat\/escolapaisoscatalans\/wp-content\/uploads\/usu491\/2018\/09\/Joc-de-pati-a-la-muntanyeta-2.jpg 1328w, https:\/\/agora.xtec.cat\/escolapaisoscatalans\/wp-content\/uploads\/usu491\/2018\/09\/Joc-de-pati-a-la-muntanyeta-2-300x169.jpg 300w, https:\/\/agora.xtec.cat\/escolapaisoscatalans\/wp-content\/uploads\/usu491\/2018\/09\/Joc-de-pati-a-la-muntanyeta-2-768x432.jpg 768w, https:\/\/agora.xtec.cat\/escolapaisoscatalans\/wp-content\/uploads\/usu491\/2018\/09\/Joc-de-pati-a-la-muntanyeta-2-1024x576.jpg 1024w\" sizes=\"auto, (max-width: 425px) 100vw, 425px\" \/>Durant el curs 2012-13 tot l&#8217;alumnat va participar en el disseny <span style=\"font-family: inherit; font-size: 1em;\">d&#8217;aquest espai de la muntanyeta, presentant propostes per remodelar aquest espai de conviv\u00e8ncia i esbarjo. Algunes de les idees i dissenys\u00a0 es van poder fer realitat com ara, l&#8217;\u00c0gora, el &#8220;chillout&#8221;, el tobogan-t\u00fanel, el bosc dels sentits (amb plantes arom\u00e0tiques i diferents espais sensorials)&#8230; <\/span><\/p>\n<p style=\"text-align: justify;\">La darrera incorporaci\u00f3 a aquest espai l\u00fadic va ser la instal\u00b7laci\u00f3 d&#8217;un joc de pati molt atractiu.<\/p>\n<p style=\"text-align: justify;\">Pel que fa al pati d&#8217;infantil, el curs 2019-20 es van plantar 19 arbres, entre s\u00f2fores, lledoners i una alzina que amb el temps, crearan un petit bosquet i naturalitzaran el pati d&#8217;educaci\u00f3 infantil. Els infants d&#8217; I3, I4 i I5 van col.laborar en la plantada dels arbres que va estar dinamitzada per educadores del projecte Agenda 21, sent-hi present tamb\u00e9 representats de l&#8217;Ajuntament de Lleida.<\/p>\n<p style=\"text-align: justify;\">Altres actuacions fetes en aquesta zona d&#8217;esbarjo ha estat el desenvolupament del projecte EL PATI QUE SOMIEM. Es va facilitar a tota la comunitat educativa, via consulta, que pogu\u00e9s expressar quin seria el pati &#8220;dels nostres somnis&#8221; i es va poder constatar que tots vol\u00edem zones d&#8217;ombra, a m\u00e9s de diferents espais i jocs, com una paret musical, una zona d&#8217;experimentaci\u00f3, un espai d&#8217;equilibris i desnivells, un tipi&#8230;<\/p>\n<p style=\"text-align: justify;\">Es va constituir una comissi\u00f3 mixta on es va anar tractant i valorant la viabilitat de totes les propostes. Finalment, pas a pas, s&#8217;ha pogut implementar el projecte.<\/p>\n<p><a href=\"https:\/\/agora.xtec.cat\/escolapaisoscatalans\/wp-content\/uploads\/usu491\/2020\/02\/P5-76.jpg\"><img loading=\"lazy\" decoding=\"async\" class=\"aligncenter wp-image-11000 size-full\" src=\"https:\/\/agora.xtec.cat\/escolapaisoscatalans\/wp-content\/uploads\/usu491\/2020\/02\/P5-76.jpg\" alt=\"\" width=\"1920\" height=\"424\" srcset=\"https:\/\/agora.xtec.cat\/escolapaisoscatalans\/wp-content\/uploads\/usu491\/2020\/02\/P5-76.jpg 1920w, https:\/\/agora.xtec.cat\/escolapaisoscatalans\/wp-content\/uploads\/usu491\/2020\/02\/P5-76-300x66.jpg 300w, https:\/\/agora.xtec.cat\/escolapaisoscatalans\/wp-content\/uploads\/usu491\/2020\/02\/P5-76-768x170.jpg 768w, https:\/\/agora.xtec.cat\/escolapaisoscatalans\/wp-content\/uploads\/usu491\/2020\/02\/P5-76-1024x226.jpg 1024w\" sizes=\"auto, (max-width: 1920px) 100vw, 1920px\" \/><\/a><\/p>\n<p style=\"text-align: justify;\">Aquestes iniciatives i millores han estat possible gr\u00e0cies a la participaci\u00f3 de l&#8217;AFA,\u00a0 que s&#8217;ha mantingut sempre col\u00b7laboradora i amatent amb les demandes i necessitats de l&#8217;escola.<\/p>\n","protected":false},"excerpt":{"rendered":"<p>L&#8217;escola Pa\u00efsos Catalans \u00e9s una escola de doble l\u00ednia que es va posar en funcionament el curs 2006-2007.<a href=\"http:\/\/agora.xtec.cat\/escolapaisoscatalans\/wp-content\/uploads\/usu491\/2016\/03\/exteriors051.jpg\"><\/a><br \/>\nEl 8 de gener de 2010 ens vam traslladar dels m\u00f2duls a l&#8217;edifici nou, un espai obert, llumin\u00f3s i funcional.<br \/>\nA la nostra escola tenim una biblioteca molt&hellip;  <a href=\"https:\/\/agora.xtec.cat\/escolapaisoscatalans\/lescola\/historia\/\" title=\"Read Hist\u00f2ria\">Llegeix m\u00e9s\u00bb<\/a><\/p>\n","protected":false},"author":2,"featured_media":0,"parent":22,"menu_order":20,"comment_status":"closed","ping_status":"closed","template":"page-templates\/side-menu.php","meta":{"_bbp_topic_count":0,"_bbp_reply_count":0,"_bbp_total_topic_count":0,"_bbp_total_reply_count":0,"_bbp_voice_count":0,"_bbp_anonymous_reply_count":0,"_bbp_topic_count_hidden":0,"_bbp_reply_count_hidden":0,"_bbp_forum_subforum_count":0,"footnotes":""},"class_list":["post-26","page","type-page","status-publish","hentry"],"post_mailing_queue_ids":[],"_links":{"self":[{"href":"https:\/\/agora.xtec.cat\/escolapaisoscatalans\/wp-json\/wp\/v2\/pages\/26","targetHints":{"allow":["GET"]}}],"collection":[{"href":"https:\/\/agora.xtec.cat\/escolapaisoscatalans\/wp-json\/wp\/v2\/pages"}],"about":[{"href":"https:\/\/agora.xtec.cat\/escolapaisoscatalans\/wp-json\/wp\/v2\/types\/page"}],"author":[{"embeddable":true,"href":"https:\/\/agora.xtec.cat\/escolapaisoscatalans\/wp-json\/wp\/v2\/users\/2"}],"replies":[{"embeddable":true,"href":"https:\/\/agora.xtec.cat\/escolapaisoscatalans\/wp-json\/wp\/v2\/comments?post=26"}],"version-history":[{"count":4,"href":"https:\/\/agora.xtec.cat\/escolapaisoscatalans\/wp-json\/wp\/v2\/pages\/26\/revisions"}],"predecessor-version":[{"id":23188,"href":"https:\/\/agora.xtec.cat\/escolapaisoscatalans\/wp-json\/wp\/v2\/pages\/26\/revisions\/23188"}],"up":[{"embeddable":true,"href":"https:\/\/agora.xtec.cat\/escolapaisoscatalans\/wp-json\/wp\/v2\/pages\/22"}],"wp:attachment":[{"href":"https:\/\/agora.xtec.cat\/escolapaisoscatalans\/wp-json\/wp\/v2\/media?parent=26"}],"curies":[{"name":"wp","href":"https:\/\/api.w.org\/{rel}","templated":true}]}}