{"id":19766,"date":"2021-10-29T13:01:51","date_gmt":"2021-10-29T11:01:51","guid":{"rendered":"https:\/\/agora.xtec.cat\/escolapaisoscatalans\/?page_id=19766"},"modified":"2022-11-25T19:56:19","modified_gmt":"2022-11-25T18:56:19","slug":"gep-generacio-plurilingue","status":"publish","type":"page","link":"https:\/\/agora.xtec.cat\/escolapaisoscatalans\/a-mes-a-mes\/gep-generacio-plurilingue\/","title":{"rendered":"GEP (Generaci\u00f3 pluriling\u00fce)"},"content":{"rendered":"<p><a href=\"https:\/\/agora.xtec.cat\/escolapaisoscatalans\/wp-content\/uploads\/usu491\/2022\/01\/GEP.gif\"><img loading=\"lazy\" decoding=\"async\" class=\" wp-image-20422 aligncenter\" src=\"https:\/\/agora.xtec.cat\/escolapaisoscatalans\/wp-content\/uploads\/usu491\/2022\/01\/GEP-300x150.gif\" alt=\"\" width=\"372\" height=\"186\" srcset=\"https:\/\/agora.xtec.cat\/escolapaisoscatalans\/wp-content\/uploads\/usu491\/2022\/01\/GEP-300x150.gif 300w, https:\/\/agora.xtec.cat\/escolapaisoscatalans\/wp-content\/uploads\/usu491\/2022\/01\/GEP-1024x511.gif 1024w, https:\/\/agora.xtec.cat\/escolapaisoscatalans\/wp-content\/uploads\/usu491\/2022\/01\/GEP-768x383.gif 768w\" sizes=\"auto, (max-width: 372px) 100vw, 372px\" \/><\/a><span style=\"font-family: inherit; font-size: 1em; text-align: justify;\">Des del curs 21-22, estem immersos dintre del GEP ( <\/span><strong style=\"font-family: inherit; font-size: 1em; text-align: justify;\">Grup Experimental Pluriling\u00fce)<\/strong><span style=\"font-family: inherit; font-size: 1em; text-align: justify;\"> on participen m\u00e9s centres d\u2019arreu de Catalunya . La finalitat d\u2019aquest \u00e9s augmentar el temps d\u2019exposici\u00f3 de l\u2019alumnat en lleng\u00fces estrangeres i ens hem endinsat a iniciar continguts de \u00a0l\u2019\u00e0rea d\u2019educaci\u00f3 f\u00edsica en llengua anglesa a \u00a0cicle superior. El projecte es basa en l\u2019 \u00fas pr\u00e0ctic de l\u2019angl\u00e8s en les \u00e0rees no ling\u00fc\u00edstiques i la millora cont\u00ednua de l\u2019aprenent.<\/span><\/p>\n<p style=\"text-align: justify;\">Aquesta iniciativa complementa el nostre altre CLIL: <strong>Arts and crafts <\/strong>on s\u2019empra la llengua anglesa per treballar els continguts de l\u2019\u00e0rea de pl\u00e0stica comen\u00e7ant en el curs d&#8217; I4 fins al darrer curs de Prim\u00e0ria.<\/p>\n<p style=\"text-align: justify;\">Per con\u00e8ixer m\u00e9s informaci\u00f3 podeu visitar la p\u00e0gina oficial de la Generalitat:<\/p>\n<p><a href=\"http:\/\/xtec.gencat.cat\/ca\/projectes\/plurilinguisme\/programes\/institucionals\/gep\/\">http:\/\/xtec.gencat.cat\/ca\/projectes\/plurilinguisme\/programes\/institucionals\/gep<\/a><\/p>\n<p>&nbsp;<\/p>\n","protected":false},"excerpt":{"rendered":"<p><a href=\"https:\/\/agora.xtec.cat\/escolapaisoscatalans\/wp-content\/uploads\/usu491\/2022\/01\/GEP.gif\"><\/a>Des del curs 21-22, estem immersos dintre del GEP ( Grup Experimental Pluriling\u00fce) on participen m\u00e9s centres d\u2019arreu de Catalunya . La finalitat d\u2019aquest \u00e9s augmentar el temps d\u2019exposici\u00f3 de l\u2019alumnat en lleng\u00fces estrangeres i ens hem endinsat a iniciar continguts de \u00a0l\u2019\u00e0rea d\u2019educaci\u00f3&hellip;  <a href=\"https:\/\/agora.xtec.cat\/escolapaisoscatalans\/a-mes-a-mes\/gep-generacio-plurilingue\/\" title=\"Read GEP (Generaci\u00f3 pluriling\u00fce)\">Llegeix m\u00e9s\u00bb<\/a><\/p>\n","protected":false},"author":1,"featured_media":0,"parent":16171,"menu_order":5,"comment_status":"closed","ping_status":"closed","template":"","meta":{"_bbp_topic_count":0,"_bbp_reply_count":0,"_bbp_total_topic_count":0,"_bbp_total_reply_count":0,"_bbp_voice_count":0,"_bbp_anonymous_reply_count":0,"_bbp_topic_count_hidden":0,"_bbp_reply_count_hidden":0,"_bbp_forum_subforum_count":0,"footnotes":""},"class_list":["post-19766","page","type-page","status-publish","hentry"],"post_mailing_queue_ids":[],"_links":{"self":[{"href":"https:\/\/agora.xtec.cat\/escolapaisoscatalans\/wp-json\/wp\/v2\/pages\/19766","targetHints":{"allow":["GET"]}}],"collection":[{"href":"https:\/\/agora.xtec.cat\/escolapaisoscatalans\/wp-json\/wp\/v2\/pages"}],"about":[{"href":"https:\/\/agora.xtec.cat\/escolapaisoscatalans\/wp-json\/wp\/v2\/types\/page"}],"author":[{"embeddable":true,"href":"https:\/\/agora.xtec.cat\/escolapaisoscatalans\/wp-json\/wp\/v2\/users\/1"}],"replies":[{"embeddable":true,"href":"https:\/\/agora.xtec.cat\/escolapaisoscatalans\/wp-json\/wp\/v2\/comments?post=19766"}],"version-history":[{"count":4,"href":"https:\/\/agora.xtec.cat\/escolapaisoscatalans\/wp-json\/wp\/v2\/pages\/19766\/revisions"}],"predecessor-version":[{"id":23186,"href":"https:\/\/agora.xtec.cat\/escolapaisoscatalans\/wp-json\/wp\/v2\/pages\/19766\/revisions\/23186"}],"up":[{"embeddable":true,"href":"https:\/\/agora.xtec.cat\/escolapaisoscatalans\/wp-json\/wp\/v2\/pages\/16171"}],"wp:attachment":[{"href":"https:\/\/agora.xtec.cat\/escolapaisoscatalans\/wp-json\/wp\/v2\/media?parent=19766"}],"curies":[{"name":"wp","href":"https:\/\/api.w.org\/{rel}","templated":true}]}}