{"id":15448,"date":"2020-09-27T21:06:08","date_gmt":"2020-09-27T19:06:08","guid":{"rendered":"http:\/\/agora.xtec.cat\/escolapaisoscatalans\/?page_id=15448"},"modified":"2024-02-16T23:26:13","modified_gmt":"2024-02-16T22:26:13","slug":"reunio-amb-families-curs-i-nivell","status":"publish","type":"page","link":"https:\/\/agora.xtec.cat\/escolapaisoscatalans\/documents-descola\/circulars-families\/reunio-amb-families-curs-i-nivell\/","title":{"rendered":"Reuni\u00f3 amb les fam\u00edlies de cada curs"},"content":{"rendered":"<p style=\"text-align: justify;\">En aquesta p\u00e0gina us informem de les q\u00fcestions m\u00e9s essencials tractades a la reuni\u00f3 d&#8217;inici de curs amb les fam\u00edlies . Els dossiers contenen la informaci\u00f3 rellevant de cada curs, temes com el calendari, l&#8217;horari d&#8217;aula&#8230; i altres aspectes de funcionament i organitzaci\u00f3 del curs dels vostres fills i filles.<\/p>\n<table style=\"height: 46px; width: 836px;\" width=\"831\">\n<tbody>\n<tr>\n<td style=\"width: 160px;\"><img loading=\"lazy\" decoding=\"async\" class=\"alignnone wp-image-15450 size-thumbnail\" src=\"https:\/\/agora.xtec.cat\/escolapaisoscatalans\/wp-content\/uploads\/usu491\/2020\/09\/P-3-150x150.jpg\" alt=\"\" width=\"150\" height=\"150\" srcset=\"https:\/\/agora.xtec.cat\/escolapaisoscatalans\/wp-content\/uploads\/usu491\/2020\/09\/P-3-150x150.jpg 150w, https:\/\/agora.xtec.cat\/escolapaisoscatalans\/wp-content\/uploads\/usu491\/2020\/09\/P-3-300x300.jpg 300w, https:\/\/agora.xtec.cat\/escolapaisoscatalans\/wp-content\/uploads\/usu491\/2020\/09\/P-3.jpg 717w\" sizes=\"auto, (max-width: 150px) 100vw, 150px\" \/><\/td>\n<td style=\"width: 163.2px;\"><img loading=\"lazy\" decoding=\"async\" class=\"alignnone wp-image-15454 size-thumbnail\" src=\"https:\/\/agora.xtec.cat\/escolapaisoscatalans\/wp-content\/uploads\/usu491\/2020\/09\/P-4-150x150.jpg\" alt=\"\" width=\"150\" height=\"150\" srcset=\"https:\/\/agora.xtec.cat\/escolapaisoscatalans\/wp-content\/uploads\/usu491\/2020\/09\/P-4-150x150.jpg 150w, https:\/\/agora.xtec.cat\/escolapaisoscatalans\/wp-content\/uploads\/usu491\/2020\/09\/P-4-300x300.jpg 300w, https:\/\/agora.xtec.cat\/escolapaisoscatalans\/wp-content\/uploads\/usu491\/2020\/09\/P-4.jpg 717w\" sizes=\"auto, (max-width: 150px) 100vw, 150px\" \/><\/td>\n<td style=\"width: 167.2px;\"><img loading=\"lazy\" decoding=\"async\" class=\"alignnone wp-image-15455 size-thumbnail\" src=\"https:\/\/agora.xtec.cat\/escolapaisoscatalans\/wp-content\/uploads\/usu491\/2020\/09\/P-5-150x150.jpg\" alt=\"\" width=\"150\" height=\"150\" srcset=\"https:\/\/agora.xtec.cat\/escolapaisoscatalans\/wp-content\/uploads\/usu491\/2020\/09\/P-5-150x150.jpg 150w, https:\/\/agora.xtec.cat\/escolapaisoscatalans\/wp-content\/uploads\/usu491\/2020\/09\/P-5-300x300.jpg 300w, https:\/\/agora.xtec.cat\/escolapaisoscatalans\/wp-content\/uploads\/usu491\/2020\/09\/P-5.jpg 717w\" sizes=\"auto, (max-width: 150px) 100vw, 150px\" \/><\/td>\n<td><img loading=\"lazy\" decoding=\"async\" src=\"https:\/\/agora.xtec.cat\/escolapaisoscatalans\/wp-content\/uploads\/usu491\/2020\/09\/1r-150x150.jpg\" alt=\"\" width=\"150\" height=\"150\" \/><\/td>\n<td style=\"width: 167.2px;\"><img loading=\"lazy\" decoding=\"async\" class=\"alignnone wp-image-15464 size-thumbnail\" src=\"https:\/\/agora.xtec.cat\/escolapaisoscatalans\/wp-content\/uploads\/usu491\/2020\/09\/2n-150x150.jpg\" alt=\"\" width=\"150\" height=\"150\" srcset=\"https:\/\/agora.xtec.cat\/escolapaisoscatalans\/wp-content\/uploads\/usu491\/2020\/09\/2n-150x150.jpg 150w, https:\/\/agora.xtec.cat\/escolapaisoscatalans\/wp-content\/uploads\/usu491\/2020\/09\/2n-300x300.jpg 300w, https:\/\/agora.xtec.cat\/escolapaisoscatalans\/wp-content\/uploads\/usu491\/2020\/09\/2n.jpg 720w\" sizes=\"auto, (max-width: 150px) 100vw, 150px\" \/><\/td>\n<\/tr>\n<\/tbody>\n<\/table>\n<table style=\"width: 662px;\">\n<tbody>\n<tr>\n<td style=\"width: 157.6px;\"><img loading=\"lazy\" decoding=\"async\" class=\"alignnone wp-image-15465 size-thumbnail\" src=\"https:\/\/agora.xtec.cat\/escolapaisoscatalans\/wp-content\/uploads\/usu491\/2020\/09\/3r-150x150.jpg\" alt=\"\" width=\"150\" height=\"150\" srcset=\"https:\/\/agora.xtec.cat\/escolapaisoscatalans\/wp-content\/uploads\/usu491\/2020\/09\/3r-150x150.jpg 150w, https:\/\/agora.xtec.cat\/escolapaisoscatalans\/wp-content\/uploads\/usu491\/2020\/09\/3r-300x300.jpg 300w, https:\/\/agora.xtec.cat\/escolapaisoscatalans\/wp-content\/uploads\/usu491\/2020\/09\/3r.jpg 717w\" sizes=\"auto, (max-width: 150px) 100vw, 150px\" \/><\/td>\n<td style=\"width: 160px;\"><img loading=\"lazy\" decoding=\"async\" class=\"alignnone wp-image-15469 size-thumbnail\" src=\"https:\/\/agora.xtec.cat\/escolapaisoscatalans\/wp-content\/uploads\/usu491\/2020\/09\/4t-150x150.jpg\" alt=\"\" width=\"150\" height=\"150\" srcset=\"https:\/\/agora.xtec.cat\/escolapaisoscatalans\/wp-content\/uploads\/usu491\/2020\/09\/4t-150x150.jpg 150w, https:\/\/agora.xtec.cat\/escolapaisoscatalans\/wp-content\/uploads\/usu491\/2020\/09\/4t-300x300.jpg 300w, https:\/\/agora.xtec.cat\/escolapaisoscatalans\/wp-content\/uploads\/usu491\/2020\/09\/4t.jpg 720w\" sizes=\"auto, (max-width: 150px) 100vw, 150px\" \/><\/td>\n<td><img loading=\"lazy\" decoding=\"async\" src=\"https:\/\/agora.xtec.cat\/escolapaisoscatalans\/wp-content\/uploads\/usu491\/2020\/09\/5\u00e8-150x150.jpg\" alt=\"\" width=\"150\" height=\"150\" \/><\/td>\n<td style=\"width: 170.4px;\"><img loading=\"lazy\" decoding=\"async\" class=\"alignnone wp-image-15473 size-thumbnail\" src=\"https:\/\/agora.xtec.cat\/escolapaisoscatalans\/wp-content\/uploads\/usu491\/2020\/09\/6\u00e8-150x150.jpg\" alt=\"\" width=\"150\" height=\"150\" srcset=\"https:\/\/agora.xtec.cat\/escolapaisoscatalans\/wp-content\/uploads\/usu491\/2020\/09\/6\u00e8-150x150.jpg 150w, https:\/\/agora.xtec.cat\/escolapaisoscatalans\/wp-content\/uploads\/usu491\/2020\/09\/6\u00e8-300x300.jpg 300w, https:\/\/agora.xtec.cat\/escolapaisoscatalans\/wp-content\/uploads\/usu491\/2020\/09\/6\u00e8.jpg 717w\" sizes=\"auto, (max-width: 150px) 100vw, 150px\" \/><\/td>\n<\/tr>\n<\/tbody>\n<\/table>\n","protected":false},"excerpt":{"rendered":"<p>En aquesta p\u00e0gina us informem de les q\u00fcestions m\u00e9s essencials tractades a la reuni\u00f3 d&#8217;inici de curs amb les fam\u00edlies . Els dossiers contenen la informaci\u00f3 rellevant de cada curs, temes com el calendari, l&#8217;horari d&#8217;aula&#8230; i altres aspectes de funcionament i organitzaci\u00f3 del curs&hellip;  <a href=\"https:\/\/agora.xtec.cat\/escolapaisoscatalans\/documents-descola\/circulars-families\/reunio-amb-families-curs-i-nivell\/\" title=\"Read Reuni\u00f3 amb les fam\u00edlies de cada curs\">Llegeix m\u00e9s\u00bb<\/a><\/p>\n","protected":false},"author":1,"featured_media":0,"parent":8507,"menu_order":0,"comment_status":"closed","ping_status":"closed","template":"page-templates\/side-menu.php","meta":{"_bbp_topic_count":0,"_bbp_reply_count":0,"_bbp_total_topic_count":0,"_bbp_total_reply_count":0,"_bbp_voice_count":0,"_bbp_anonymous_reply_count":0,"_bbp_topic_count_hidden":0,"_bbp_reply_count_hidden":0,"_bbp_forum_subforum_count":0,"footnotes":""},"class_list":["post-15448","page","type-page","status-publish","hentry"],"post_mailing_queue_ids":[],"_links":{"self":[{"href":"https:\/\/agora.xtec.cat\/escolapaisoscatalans\/wp-json\/wp\/v2\/pages\/15448","targetHints":{"allow":["GET"]}}],"collection":[{"href":"https:\/\/agora.xtec.cat\/escolapaisoscatalans\/wp-json\/wp\/v2\/pages"}],"about":[{"href":"https:\/\/agora.xtec.cat\/escolapaisoscatalans\/wp-json\/wp\/v2\/types\/page"}],"author":[{"embeddable":true,"href":"https:\/\/agora.xtec.cat\/escolapaisoscatalans\/wp-json\/wp\/v2\/users\/1"}],"replies":[{"embeddable":true,"href":"https:\/\/agora.xtec.cat\/escolapaisoscatalans\/wp-json\/wp\/v2\/comments?post=15448"}],"version-history":[{"count":4,"href":"https:\/\/agora.xtec.cat\/escolapaisoscatalans\/wp-json\/wp\/v2\/pages\/15448\/revisions"}],"predecessor-version":[{"id":29255,"href":"https:\/\/agora.xtec.cat\/escolapaisoscatalans\/wp-json\/wp\/v2\/pages\/15448\/revisions\/29255"}],"up":[{"embeddable":true,"href":"https:\/\/agora.xtec.cat\/escolapaisoscatalans\/wp-json\/wp\/v2\/pages\/8507"}],"wp:attachment":[{"href":"https:\/\/agora.xtec.cat\/escolapaisoscatalans\/wp-json\/wp\/v2\/media?parent=15448"}],"curies":[{"name":"wp","href":"https:\/\/api.w.org\/{rel}","templated":true}]}}