{"id":8830,"date":"2024-02-22T14:23:19","date_gmt":"2024-02-22T13:23:19","guid":{"rendered":"https:\/\/agora.xtec.cat\/escolapacocandel\/?page_id=8830"},"modified":"2024-06-06T09:27:34","modified_gmt":"2024-06-06T07:27:34","slug":"ambient-de-caseta","status":"publish","type":"page","link":"https:\/\/agora.xtec.cat\/escolapacocandel\/projecte-educatiu\/ambients-daprenentatge\/ambients-comunitat-de-petits\/ambient-de-caseta\/","title":{"rendered":"Ambient de caseta"},"content":{"rendered":"<p><img loading=\"lazy\" decoding=\"async\" class=\"wp-image-8958 alignleft\" style=\"text-align: justify;\" src=\"https:\/\/agora.xtec.cat\/escolapacocandel\/wp-content\/uploads\/usu332\/2024\/03\/IMG_9309-768x1024.jpg\" alt=\"\" width=\"223\" height=\"297\" srcset=\"https:\/\/agora.xtec.cat\/escolapacocandel\/wp-content\/uploads\/usu332\/2024\/03\/IMG_9309-768x1024.jpg 768w, https:\/\/agora.xtec.cat\/escolapacocandel\/wp-content\/uploads\/usu332\/2024\/03\/IMG_9309-225x300.jpg 225w, https:\/\/agora.xtec.cat\/escolapacocandel\/wp-content\/uploads\/usu332\/2024\/03\/IMG_9309-1152x1536.jpg 1152w, https:\/\/agora.xtec.cat\/escolapacocandel\/wp-content\/uploads\/usu332\/2024\/03\/IMG_9309-1536x2048.jpg 1536w, https:\/\/agora.xtec.cat\/escolapacocandel\/wp-content\/uploads\/usu332\/2024\/03\/IMG_9309-scaled.jpg 1920w\" sizes=\"auto, (max-width: 223px) 100vw, 223px\" \/><\/p>\n<p style=\"text-align: left;\">El joc simb\u00f2lic \u00e9s el que passa quan observem que els infants exploren de forma espont\u00e0nia en la representaci\u00f3 de rols, accions i entorns adults. Les nenes i els nens necessiten \u201cjugar a la vida\u201d per, valgui la redund\u00e0ncia, aprendre a viure-la i en aquest sentit el joc simb\u00f2lic \u00e9s el millor camp d\u2019exploraci\u00f3 segur que poden tenir per assajar la \u201cvida adulta\u201d: jugar a mestres, conduir un cotxe, cuidar un nad\u00f3, o fins i tot jugar a ser all\u00f2 que creuen ser&#8230; El joc es dona a trav\u00e9s de la imitaci\u00f3 o quan proven de ser part activa de les nostres tasques o accions d&#8217;adults\u201d. Volen entendre i participar, per aix\u00ed assajar i assimilar els processos de la vida que passen al seu voltant.<\/p>\n<blockquote><p>&#8220;Los ni\u00f1os y ni\u00f1as no juegan para aprender, pero aprenden porque juegan\u201d. Jean Piaget.<\/p><\/blockquote>\n<p style=\"text-align: left;\">El joc simb\u00f2lic \u00e9s un catalitzador de l\u2019autonomia i l\u2019autoestima que acompanya les seves habilitats socials i emocionals. Comen\u00e7a quan neix la imaginaci\u00f3, que pot ser en alguns als 2 anys i mig i en d\u2019altres als 3 anys i sol estar present fins que ho necessiten, que en alguns casos \u00e9s fins als 9 anys i en d\u2019altres fins als 13, ja que el joc simb\u00f2lic va lligat per complet al proc\u00e9s maduratiu.<br \/>\nNo necessitem fer massa per fomentar el joc simb\u00f2lic, nom\u00e9s hem de deixar-los recrear les situacions, tasques, personatges o rols pels quals se sentin m\u00e9s atrets en cada etapa del seu desenvolupament.<\/p>\n<p style=\"text-align: left;\">Escoltar les converses entre infants ens deixa endinsar en el m\u00f3n real, escoltar, mirar, aprendre, gaudir&#8230; trossets d&#8217;aprenentatge tant per grans\u00a0com per petits.<\/p>\n<p><img loading=\"lazy\" decoding=\"async\" class=\"wp-image-8957 alignleft\" style=\"text-align: justify;\" src=\"https:\/\/agora.xtec.cat\/escolapacocandel\/wp-content\/uploads\/usu332\/2024\/03\/IMG_2726-1024x768.jpg\" alt=\"\" width=\"481\" height=\"360\" srcset=\"https:\/\/agora.xtec.cat\/escolapacocandel\/wp-content\/uploads\/usu332\/2024\/03\/IMG_2726-1024x768.jpg 1024w, https:\/\/agora.xtec.cat\/escolapacocandel\/wp-content\/uploads\/usu332\/2024\/03\/IMG_2726-300x225.jpg 300w, https:\/\/agora.xtec.cat\/escolapacocandel\/wp-content\/uploads\/usu332\/2024\/03\/IMG_2726-768x576.jpg 768w, https:\/\/agora.xtec.cat\/escolapacocandel\/wp-content\/uploads\/usu332\/2024\/03\/IMG_2726-1536x1152.jpg 1536w, https:\/\/agora.xtec.cat\/escolapacocandel\/wp-content\/uploads\/usu332\/2024\/03\/IMG_2726-2048x1536.jpg 2048w, https:\/\/agora.xtec.cat\/escolapacocandel\/wp-content\/uploads\/usu332\/2024\/03\/IMG_2726-200x150.jpg 200w\" sizes=\"auto, (max-width: 481px) 100vw, 481px\" \/><\/p>\n<p>&nbsp;<\/p>\n<p>&nbsp;<\/p>\n<p>&nbsp;<\/p>\n<p>&nbsp;<\/p>\n<p>&nbsp;<\/p>\n<p>&nbsp;<\/p>\n<p>&nbsp;<\/p>\n<p>&nbsp;<\/p>\n","protected":false},"excerpt":{"rendered":"<p>El joc simb\u00f2lic \u00e9s el que passa quan observem que els infants exploren de forma espont\u00e0nia en la representaci\u00f3 de rols, accions i entorns adults. Les nenes i els nens necessiten \u201cjugar a la vida\u201d per, valgui la redund\u00e0ncia, aprendre a viure-la i en aquest&hellip;  <a href=\"https:\/\/agora.xtec.cat\/escolapacocandel\/projecte-educatiu\/ambients-daprenentatge\/ambients-comunitat-de-petits\/ambient-de-caseta\/\" title=\"Read Ambient de caseta\">Llegeix m\u00e9s\u00bb<\/a><\/p>\n","protected":false},"author":1,"featured_media":0,"parent":190,"menu_order":0,"comment_status":"closed","ping_status":"closed","template":"","meta":{"_bbp_topic_count":0,"_bbp_reply_count":0,"_bbp_total_topic_count":0,"_bbp_total_reply_count":0,"_bbp_voice_count":0,"_bbp_anonymous_reply_count":0,"_bbp_topic_count_hidden":0,"_bbp_reply_count_hidden":0,"_bbp_forum_subforum_count":0,"footnotes":""},"class_list":["post-8830","page","type-page","status-publish","hentry"],"post_mailing_queue_ids":[],"_links":{"self":[{"href":"https:\/\/agora.xtec.cat\/escolapacocandel\/wp-json\/wp\/v2\/pages\/8830","targetHints":{"allow":["GET"]}}],"collection":[{"href":"https:\/\/agora.xtec.cat\/escolapacocandel\/wp-json\/wp\/v2\/pages"}],"about":[{"href":"https:\/\/agora.xtec.cat\/escolapacocandel\/wp-json\/wp\/v2\/types\/page"}],"author":[{"embeddable":true,"href":"https:\/\/agora.xtec.cat\/escolapacocandel\/wp-json\/wp\/v2\/users\/1"}],"replies":[{"embeddable":true,"href":"https:\/\/agora.xtec.cat\/escolapacocandel\/wp-json\/wp\/v2\/comments?post=8830"}],"version-history":[{"count":7,"href":"https:\/\/agora.xtec.cat\/escolapacocandel\/wp-json\/wp\/v2\/pages\/8830\/revisions"}],"predecessor-version":[{"id":9321,"href":"https:\/\/agora.xtec.cat\/escolapacocandel\/wp-json\/wp\/v2\/pages\/8830\/revisions\/9321"}],"up":[{"embeddable":true,"href":"https:\/\/agora.xtec.cat\/escolapacocandel\/wp-json\/wp\/v2\/pages\/190"}],"wp:attachment":[{"href":"https:\/\/agora.xtec.cat\/escolapacocandel\/wp-json\/wp\/v2\/media?parent=8830"}],"curies":[{"name":"wp","href":"https:\/\/api.w.org\/{rel}","templated":true}]}}