{"id":858,"date":"2020-01-16T21:32:48","date_gmt":"2020-01-16T20:32:48","guid":{"rendered":"http:\/\/agora.xtec.cat\/escolapacocandel\/?page_id=858"},"modified":"2025-10-16T13:40:58","modified_gmt":"2025-10-16T11:40:58","slug":"treball-per-projectes","status":"publish","type":"page","link":"https:\/\/agora.xtec.cat\/escolapacocandel\/projecte-educatiu\/teixit-daula\/treball-per-projectes\/","title":{"rendered":"Projectes de treball"},"content":{"rendered":"\n<p>El treball per projectes \u00e9s una metodologia que parteix dels interessos i curiositats dels infants per construir aprenentatges significatius i vivencials. A trav\u00e9s d\u2019un tema o pregunta inicial, els infants investiguen, experimenten, busquen informaci\u00f3 i comparteixen descobertes, treballant de manera cooperativa i activa.<\/p>\n\n\n\n<p>Aquesta manera de treballar afavoreix un aprenentatge competencial i interdisciplinari, integrant sabers de diferents \u00e0rees com llengua, matem\u00e0tiques, ci\u00e8ncies o art, i connectant-los amb la realitat propera dels infants.<\/p>\n\n\n\n<p>El paper del mestre \u00e9s el d\u2019acompanyar, guiar i provocar nous reptes, ajudant a transformar la curiositat en coneixement.<\/p>\n\n\n\n<h3 class=\"wp-block-heading\"><strong>Qu\u00e8 es vol aconseguir a trav\u00e9s del treball per projectes?<\/strong><\/h3>\n\n\n\n<ul class=\"wp-block-list\">\n<li>Fomentar la curiositat, la iniciativa i l\u2019esperit cr\u00edtic.<br><\/li>\n\n\n\n<li>Potenciar el treball cooperatiu i la comunicaci\u00f3.<br><\/li>\n\n\n\n<li>Promoure l\u2019autonomia i la responsabilitat en l\u2019aprenentatge.<br><\/li>\n\n\n\n<li>Afavorir la creativitat i la connexi\u00f3 entre sabers.<br><\/li>\n<\/ul>\n\n\n\n<p>El treball per projectes converteix l\u2019aula en un espai d\u2019exploraci\u00f3 i descoberta, on cada infant \u00e9s protagonista del seu aprenentatge i on aprendre es viu com una experi\u00e8ncia compartida i plena de sentit.<\/p>\n\n\n\n<p><\/p>\n","protected":false},"excerpt":{"rendered":"<p>El treball per projectes \u00e9s una metodologia que parteix dels interessos i curiositats dels infants per construir aprenentatges significatius i vivencials. A trav\u00e9s d\u2019un tema o pregunta inicial, els infants investiguen, experimenten, busquen informaci\u00f3 i comparteixen descobertes, treballant de manera cooperativa i activa.<\/p>\n<p>Aquesta manera de&hellip;  <a href=\"https:\/\/agora.xtec.cat\/escolapacocandel\/projecte-educatiu\/teixit-daula\/treball-per-projectes\/\" title=\"Read Projectes de treball\">Llegeix m\u00e9s\u00bb<\/a><\/p>\n","protected":false},"author":1,"featured_media":0,"parent":179,"menu_order":0,"comment_status":"closed","ping_status":"closed","template":"","meta":{"_bbp_topic_count":0,"_bbp_reply_count":0,"_bbp_total_topic_count":0,"_bbp_total_reply_count":0,"_bbp_voice_count":0,"_bbp_anonymous_reply_count":0,"_bbp_topic_count_hidden":0,"_bbp_reply_count_hidden":0,"_bbp_forum_subforum_count":0,"footnotes":""},"class_list":["post-858","page","type-page","status-publish","hentry"],"post_mailing_queue_ids":[],"_links":{"self":[{"href":"https:\/\/agora.xtec.cat\/escolapacocandel\/wp-json\/wp\/v2\/pages\/858","targetHints":{"allow":["GET"]}}],"collection":[{"href":"https:\/\/agora.xtec.cat\/escolapacocandel\/wp-json\/wp\/v2\/pages"}],"about":[{"href":"https:\/\/agora.xtec.cat\/escolapacocandel\/wp-json\/wp\/v2\/types\/page"}],"author":[{"embeddable":true,"href":"https:\/\/agora.xtec.cat\/escolapacocandel\/wp-json\/wp\/v2\/users\/1"}],"replies":[{"embeddable":true,"href":"https:\/\/agora.xtec.cat\/escolapacocandel\/wp-json\/wp\/v2\/comments?post=858"}],"version-history":[{"count":5,"href":"https:\/\/agora.xtec.cat\/escolapacocandel\/wp-json\/wp\/v2\/pages\/858\/revisions"}],"predecessor-version":[{"id":10262,"href":"https:\/\/agora.xtec.cat\/escolapacocandel\/wp-json\/wp\/v2\/pages\/858\/revisions\/10262"}],"up":[{"embeddable":true,"href":"https:\/\/agora.xtec.cat\/escolapacocandel\/wp-json\/wp\/v2\/pages\/179"}],"wp:attachment":[{"href":"https:\/\/agora.xtec.cat\/escolapacocandel\/wp-json\/wp\/v2\/media?parent=858"}],"curies":[{"name":"wp","href":"https:\/\/api.w.org\/{rel}","templated":true}]}}