{"id":190,"date":"2015-04-09T20:57:09","date_gmt":"2015-04-09T18:57:09","guid":{"rendered":"http:\/\/agora.xtec.cat\/escolapacocandel\/?page_id=190"},"modified":"2025-05-06T14:01:54","modified_gmt":"2025-05-06T12:01:54","slug":"ambients-comunitat-de-petits","status":"publish","type":"page","link":"https:\/\/agora.xtec.cat\/escolapacocandel\/projecte-educatiu\/ambients-daprenentatge\/ambients-comunitat-de-petits\/","title":{"rendered":"Ambients de Petites i Petits"},"content":{"rendered":"<p style=\"text-align: left;\"><span class=\"OYPEnA text-decoration-none text-strikethrough-none\">Els ambients a l\u2019escola s\u00f3n un temps diari i quotidi\u00e0, s\u00f3n uns materials per experimentar, crear\u2026 que esdevenen provocacions, per\u00f2 \u00e9s l\u2019intercanvi entre infants de diferents edats i en la relaci\u00f3 (amb el grup d\u2019iguals o amb els adults que acompanyen) on pot tenir lloc l\u2019aprenentatge i la transformaci\u00f3 dels coneixements.<\/span><\/p>\n<h4 style=\"text-align: left;\"><strong>Temps d&#8217;ambients<\/strong><\/h4>\n<p class=\"cvGsUA direction-ltr align-justify para-style-body\" style=\"text-align: left;\"><span class=\"OYPEnA text-decoration-none text-strikethrough-none\">El joc \u00e9s font d\u2019aprenentatge, com l\u2019activitat natural de qualsevol infant. En aquest sentit, la manipulaci\u00f3 i la viv\u00e8ncia esdevenen aspectes essencials per tal de crear xarxes de coneixements.<\/span><\/p>\n<p class=\"cvGsUA direction-ltr align-justify para-style-body\" style=\"text-align: left;\"><span class=\"OYPEnA text-decoration-none text-strikethrough-none\">L\u2019infant t\u00e9 un paper actiu en el seu propi aprenentatge i a m\u00e9s, la tria de diferents propostes i materials pot facilitar que desenvolupi el seu propi potencial.<\/span><\/p>\n<p class=\"cvGsUA direction-ltr align-justify para-style-body\" style=\"text-align: left;\"><span class=\"OYPEnA text-decoration-none text-strikethrough-none\">Els materials seleccionats dins dels ambients, ofereixen un ampli ventall de possibilitats. Materials oberts que ofereixen l&#8217;oportunitat d&#8217;experimentar amb cadascun dels usos i funcions dels diversos llenguatges.<\/span><\/p>\n<h4 style=\"text-align: left;\"><strong><span class=\"OYPEnA text-decoration-none text-strikethrough-none\">El paper de l&#8217;adult<\/span><\/strong><\/h4>\n<p style=\"text-align: left;\"><span class=\"OYPEnA text-decoration-none text-strikethrough-none\">Un adult, que tamb\u00e9 vetlla per la qualitat de l\u2019acci\u00f3, de joc i de pensament en els espais fomentat l\u2019atenci\u00f3 individualitzada o en petit grup que col\u00b7labora entre si. Moments tamb\u00e9 de respecte a la diversitat inherent en el grup aix\u00ed com una resposta als diferents moments evolutius i d\u2019aprenentatge dels infants.<\/span><\/p>\n<h4 style=\"text-align: left;\"><strong>Com ho fem?<\/strong><\/h4>\n<p class=\"cvGsUA direction-ltr align-start para-style-body\" style=\"text-align: left;\"><span class=\"OYPEnA text-decoration-none text-strikethrough-none\">Dins de cada ambient els infants troben propostes lliures i es poden moure segons el seu inter\u00e8s.<\/span><\/p>\n<p style=\"text-align: left;\"><span class=\"OYPEnA text-decoration-none text-strikethrough-none\"><strong>Temporalitzaci\u00f3. <\/strong>Els infants escullen l&#8217;ambient a realitzar durant 3 sessions.<\/span><\/p>\n<p style=\"text-align: left;\"><strong>Avaluaci\u00f3<\/strong>. <span class=\"OYPEnA text-decoration-none text-strikethrough-none\">La mestra recull en la llibreta d&#8217;observaci\u00f3 all\u00f2 que fa, com ho fa i amb qui ho fa.<\/span><\/p>\n<p style=\"text-align: left;\"><strong>Representaci\u00f3<\/strong>. <span class=\"OYPEnA text-decoration-none text-strikethrough-none\">Tots els ambients acaben plasmant de manera f\u00edsica all\u00f2 que s&#8217;ha fet en les sessions.<\/span><\/p>\n<h4 style=\"text-align: left;\"><strong>Quins ambients fem?<\/strong><\/h4>\n<p style=\"text-align: left;\"><strong><a href=\"https:\/\/agora.xtec.cat\/escolapacocandel\/projecte-educatiu\/ambients-daprenentatge\/ambients-comunitat-de-petits\/ambient-de-caseta\/\"><strong>Ambient de CASETA<\/strong><\/a>:<\/strong> L&#8217;oportunitat de crear i viure relats de la realitat dels infants que comencen amb moments quotidians i propers de casa a la cuina, cuidant uns beb\u00e8s, preparant el menjar, parlant per tel\u00e8fon\u2026 Hist\u00f2ries que a poc a poc parteixen de somnis i de la imaginaci\u00f3, m\u00e9s estructurades i complexes, amb m\u00e9s rols a interpretar i accions. Teles, disfresses, fer un p\u00edcnic, o un restaurant permeten que l\u2019infant quan jugui cre\u00ef, inventi i visqui una hist\u00f2ria.<\/p>\n<p style=\"text-align: left;\"><a href=\"https:\/\/agora.xtec.cat\/escolapacocandel\/projecte-educatiu\/ambients-daprenentatge\/ambients-comunitat-de-petits\/ambient-dart\/\"><strong>Ambient d&#8217;ART<\/strong><\/a>: A partir de materials oferts els infants creen i exploren, al voltant de la pintura, colors, gradacions i barreges, a trav\u00e9s del fang, sensacions, a trav\u00e9s del collage, moviments precisos i creativitat\u2026<\/p>\n<p style=\"text-align: left;\"><a href=\"https:\/\/agora.xtec.cat\/escolapacocandel\/projecte-educatiu\/ambients-daprenentatge\/ambients-comunitat-de-petits\/ambient-de-contes\/\"><strong>Ambient de CONTES<\/strong><\/a>: A partir de contes els infants poden crear, inventar, representar hist\u00f2ries pr\u00f2pies, reals o imagin\u00e0ries.<\/p>\n<p style=\"text-align: left;\"><a href=\"https:\/\/agora.xtec.cat\/escolapacocandel\/projecte-educatiu\/ambients-daprenentatge\/ambients-comunitat-de-petits\/ambient-de-natura\/\"><strong>Ambient de NATURA<\/strong><\/a>: \u00c9s la possibilitat de descobrir i observar altres aspectes del m\u00f3n, tresors que els fa evocar olors, textures i formes variades de pedres, flors, troncs com tamb\u00e9 observar i experimentar el naixement d\u2019una planta a l\u2019hort, la forma d\u2019una formiga, o l\u2019entramat de branquetes d\u2019un niu.<\/p>\n<p style=\"text-align: left;\"><a href=\"https:\/\/agora.xtec.cat\/escolapacocandel\/projecte-educatiu\/ambients-daprenentatge\/ambients-comunitat-de-petits\/ambient-de-laboratori-petites-i-petits\/\"><strong>Ambient de LABORATORI<\/strong><\/a>: Desplegar la capacitat explorat\u00f2ria, a trav\u00e9s de la seva curiositat innata. L\u2019experi\u00e8ncia en l\u2019espai amb els plans horitzontals, verticals i inclinats, les esferes i altres materials, possibilita endinsar-se en la complexitat del m\u00f3n f\u00edsic tot bregant amb la for\u00e7a de la gravetat, descobrint fen\u00f2mens i capbussant-se en reptes i preguntes.<\/p>\n<p style=\"text-align: left;\"><a href=\"https:\/\/agora.xtec.cat\/escolapacocandel\/projecte-educatiu\/ambients-daprenentatge\/ambients-comunitat-de-petits\/ambient-de-construccions\/\"><strong>Ambient de CONSTRUCCIONS<\/strong><\/a>: Ambient que permet desenvolupar i fer servir de manera intu\u00eftiva aspectes relacionats amb la mesura, orientaci\u00f3 en l&#8217;espai, classificaci\u00f3, percepci\u00f3 a trav\u00e9s de la construcci\u00f3 de castells, torres, cases, p\u00e0rquings\u2026 amb fusta, elements naturals, peces soltes.<\/p>\n<p style=\"text-align: left;\"><a href=\"https:\/\/agora.xtec.cat\/escolapacocandel\/projecte-educatiu\/ambients-daprenentatge\/ambients-comunitat-de-petits\/ambient-de-moviment\/\"><strong>Ambient de MOVIMENT<\/strong><\/a>: Espai provocador de moviment, de prendre consci\u00e8ncia del cos, control postural i coordinaci\u00f3, de l\u00edmits i capacitats, de joc simb\u00f2lic i relacional, de joc motriu, d\u2019equilibri, al\u00e7ada i profunditat.<\/p>\n<p style=\"text-align: left;\"><a href=\"https:\/\/agora.xtec.cat\/escolapacocandel\/portada\/pensar-tocar-i-crear-les-matematiques-en-accio\/\"><strong><strong>Ambient M<\/strong>ATEM\u00c0TIC:<\/strong><\/a> Aquesta proposta esdev\u00e9 un espai on poder descobrir, experimentar, interpretar i representar les matem\u00e0tiques a trav\u00e9s de puzles, jocs de taula, petits reptes com classificar, ordenar, agrupar, aix\u00ed com propostes de representaci\u00f3 i de programaci\u00f3 i rob\u00f2tica. En definitiva, un espai per ajudar els infants a estructurar el seu pensament com a mitj\u00e0 per con\u00e8ixer el m\u00f3n que els envolta.<\/p>\n","protected":false},"excerpt":{"rendered":"<p>Els ambients a l\u2019escola s\u00f3n un temps diari i quotidi\u00e0, s\u00f3n uns materials per experimentar, crear\u2026 que esdevenen provocacions, per\u00f2 \u00e9s l\u2019intercanvi entre infants de diferents edats i en la relaci\u00f3 (amb el grup d\u2019iguals o amb els adults que acompanyen) on pot tenir lloc&hellip;  <a href=\"https:\/\/agora.xtec.cat\/escolapacocandel\/projecte-educatiu\/ambients-daprenentatge\/ambients-comunitat-de-petits\/\" title=\"Read Ambients de Petites i Petits\">Llegeix m\u00e9s\u00bb<\/a><\/p>\n","protected":false},"author":1,"featured_media":0,"parent":188,"menu_order":0,"comment_status":"closed","ping_status":"closed","template":"","meta":{"_bbp_topic_count":0,"_bbp_reply_count":0,"_bbp_total_topic_count":0,"_bbp_total_reply_count":0,"_bbp_voice_count":0,"_bbp_anonymous_reply_count":0,"_bbp_topic_count_hidden":0,"_bbp_reply_count_hidden":0,"_bbp_forum_subforum_count":0,"footnotes":""},"class_list":["post-190","page","type-page","status-publish","hentry"],"post_mailing_queue_ids":[],"_links":{"self":[{"href":"https:\/\/agora.xtec.cat\/escolapacocandel\/wp-json\/wp\/v2\/pages\/190","targetHints":{"allow":["GET"]}}],"collection":[{"href":"https:\/\/agora.xtec.cat\/escolapacocandel\/wp-json\/wp\/v2\/pages"}],"about":[{"href":"https:\/\/agora.xtec.cat\/escolapacocandel\/wp-json\/wp\/v2\/types\/page"}],"author":[{"embeddable":true,"href":"https:\/\/agora.xtec.cat\/escolapacocandel\/wp-json\/wp\/v2\/users\/1"}],"replies":[{"embeddable":true,"href":"https:\/\/agora.xtec.cat\/escolapacocandel\/wp-json\/wp\/v2\/comments?post=190"}],"version-history":[{"count":8,"href":"https:\/\/agora.xtec.cat\/escolapacocandel\/wp-json\/wp\/v2\/pages\/190\/revisions"}],"predecessor-version":[{"id":9964,"href":"https:\/\/agora.xtec.cat\/escolapacocandel\/wp-json\/wp\/v2\/pages\/190\/revisions\/9964"}],"up":[{"embeddable":true,"href":"https:\/\/agora.xtec.cat\/escolapacocandel\/wp-json\/wp\/v2\/pages\/188"}],"wp:attachment":[{"href":"https:\/\/agora.xtec.cat\/escolapacocandel\/wp-json\/wp\/v2\/media?parent=190"}],"curies":[{"name":"wp","href":"https:\/\/api.w.org\/{rel}","templated":true}]}}