{"id":87,"date":"2014-09-18T14:28:12","date_gmt":"2014-09-18T14:28:12","guid":{"rendered":"http:\/\/agora.xtec.cat\/escolapablopicasso\/\/?page_id=87"},"modified":"2023-03-01T21:28:59","modified_gmt":"2023-03-01T20:28:59","slug":"nivells","status":"publish","type":"page","link":"https:\/\/agora.xtec.cat\/escolapablopicasso\/nivells\/","title":{"rendered":"Nivells"},"content":{"rendered":"<p>Benvingut\/da!!! D&#8217;I3 a 6\u00e8, cada nivell t\u00e9 una p\u00e0gina pr\u00f2pia. Fes a clic a sobre del teu curs i all\u00e0 podr\u00e0s veure les teves not\u00edcies, sortides, fotos, v\u00eddeos&#8230; i moltes coses m\u00e9s!<\/p>\n<p><a href=\"https:\/\/agora.xtec.cat\/escolapablopicasso\/categoria\/infantil\/i3\/\"><img loading=\"lazy\" decoding=\"async\" class=\" wp-image-7245 alignleft\" src=\"https:\/\/agora.xtec.cat\/escolapablopicasso\/wp-content\/uploads\/usu295\/2023\/03\/2880484-150x150.png\" alt=\"\" width=\"40\" height=\"40\" srcset=\"https:\/\/agora.xtec.cat\/escolapablopicasso\/wp-content\/uploads\/usu295\/2023\/03\/2880484-150x150.png 150w, https:\/\/agora.xtec.cat\/escolapablopicasso\/wp-content\/uploads\/usu295\/2023\/03\/2880484-300x300.png 300w, https:\/\/agora.xtec.cat\/escolapablopicasso\/wp-content\/uploads\/usu295\/2023\/03\/2880484.png 512w\" sizes=\"auto, (max-width: 40px) 100vw, 40px\" \/>I3<\/a><\/p>\n<p>&nbsp;<\/p>\n<p><a href=\"https:\/\/agora.xtec.cat\/escolapablopicasso\/categoria\/infantil\/i4\/\"><img loading=\"lazy\" decoding=\"async\" class=\"alignleft  wp-image-7245\" src=\"https:\/\/agora.xtec.cat\/escolapablopicasso\/wp-content\/uploads\/usu295\/2023\/03\/2880484-150x150.png\" alt=\"\" width=\"39\" height=\"39\" srcset=\"https:\/\/agora.xtec.cat\/escolapablopicasso\/wp-content\/uploads\/usu295\/2023\/03\/2880484-150x150.png 150w, https:\/\/agora.xtec.cat\/escolapablopicasso\/wp-content\/uploads\/usu295\/2023\/03\/2880484-300x300.png 300w, https:\/\/agora.xtec.cat\/escolapablopicasso\/wp-content\/uploads\/usu295\/2023\/03\/2880484.png 512w\" sizes=\"auto, (max-width: 39px) 100vw, 39px\" \/>I4<\/a><\/p>\n<p>&nbsp;<\/p>\n<p><a href=\"https:\/\/agora.xtec.cat\/escolapablopicasso\/categoria\/infantil\/i5\/\"><img loading=\"lazy\" decoding=\"async\" class=\"alignleft  wp-image-7245\" src=\"https:\/\/agora.xtec.cat\/escolapablopicasso\/wp-content\/uploads\/usu295\/2023\/03\/2880484-150x150.png\" alt=\"\" width=\"39\" height=\"39\" srcset=\"https:\/\/agora.xtec.cat\/escolapablopicasso\/wp-content\/uploads\/usu295\/2023\/03\/2880484-150x150.png 150w, https:\/\/agora.xtec.cat\/escolapablopicasso\/wp-content\/uploads\/usu295\/2023\/03\/2880484-300x300.png 300w, https:\/\/agora.xtec.cat\/escolapablopicasso\/wp-content\/uploads\/usu295\/2023\/03\/2880484.png 512w\" sizes=\"auto, (max-width: 39px) 100vw, 39px\" \/>I5<\/a><\/p>\n<p>&nbsp;<\/p>\n<p><a href=\"http:\/\/agora.xtec.cat\/escolapablopicasso\/categoria\/primaria\/1r\/\"><img loading=\"lazy\" decoding=\"async\" class=\"alignnone wp-image-2078 \" src=\"http:\/\/agora.xtec.cat\/escolapablopicasso\/wp-content\/uploads\/usu295\/2014\/09\/1r-300x96.png\" alt=\"1r\" width=\"219\" height=\"70\" srcset=\"https:\/\/agora.xtec.cat\/escolapablopicasso\/wp-content\/uploads\/usu295\/2014\/09\/1r-300x96.png 300w, https:\/\/agora.xtec.cat\/escolapablopicasso\/wp-content\/uploads\/usu295\/2014\/09\/1r.png 533w\" sizes=\"auto, (max-width: 219px) 100vw, 219px\" \/><\/a> <a href=\"http:\/\/agora.xtec.cat\/escolapablopicasso\/categoria\/primaria\/2n\/\"><img loading=\"lazy\" decoding=\"async\" class=\"alignnone wp-image-2079 \" src=\"http:\/\/agora.xtec.cat\/escolapablopicasso\/wp-content\/uploads\/usu295\/2014\/09\/2n-300x85.png\" alt=\"2n\" width=\"244\" height=\"69\" srcset=\"https:\/\/agora.xtec.cat\/escolapablopicasso\/wp-content\/uploads\/usu295\/2014\/09\/2n-300x85.png 300w, https:\/\/agora.xtec.cat\/escolapablopicasso\/wp-content\/uploads\/usu295\/2014\/09\/2n.png 565w\" sizes=\"auto, (max-width: 244px) 100vw, 244px\" \/><\/a> <a href=\"http:\/\/agora.xtec.cat\/escolapablopicasso\/categoria\/primaria\/3r\/\"><img loading=\"lazy\" decoding=\"async\" class=\"alignnone wp-image-2080 \" src=\"http:\/\/agora.xtec.cat\/escolapablopicasso\/wp-content\/uploads\/usu295\/2014\/09\/3r-300x81.png\" alt=\"3r\" width=\"230\" height=\"62\" srcset=\"https:\/\/agora.xtec.cat\/escolapablopicasso\/wp-content\/uploads\/usu295\/2014\/09\/3r-300x81.png 300w, https:\/\/agora.xtec.cat\/escolapablopicasso\/wp-content\/uploads\/usu295\/2014\/09\/3r.png 568w\" sizes=\"auto, (max-width: 230px) 100vw, 230px\" \/><\/a> <a href=\"http:\/\/agora.xtec.cat\/escolapablopicasso\/categoria\/primaria\/4t\/\"><img loading=\"lazy\" decoding=\"async\" class=\"alignnone wp-image-2081 \" src=\"http:\/\/agora.xtec.cat\/escolapablopicasso\/wp-content\/uploads\/usu295\/2014\/09\/4t-300x85.png\" alt=\"4t\" width=\"222\" height=\"63\" srcset=\"https:\/\/agora.xtec.cat\/escolapablopicasso\/wp-content\/uploads\/usu295\/2014\/09\/4t-300x85.png 300w, https:\/\/agora.xtec.cat\/escolapablopicasso\/wp-content\/uploads\/usu295\/2014\/09\/4t.png 564w\" sizes=\"auto, (max-width: 222px) 100vw, 222px\" \/><\/a> <a href=\"http:\/\/agora.xtec.cat\/escolapablopicasso\/categoria\/primaria\/5e\/\"><img loading=\"lazy\" decoding=\"async\" class=\"alignnone wp-image-2082 \" src=\"http:\/\/agora.xtec.cat\/escolapablopicasso\/wp-content\/uploads\/usu295\/2014\/09\/5\u00e8-300x87.png\" alt=\"5\u00e8\" width=\"233\" height=\"68\" srcset=\"https:\/\/agora.xtec.cat\/escolapablopicasso\/wp-content\/uploads\/usu295\/2014\/09\/5\u00e8-300x87.png 300w, https:\/\/agora.xtec.cat\/escolapablopicasso\/wp-content\/uploads\/usu295\/2014\/09\/5\u00e8.png 564w\" sizes=\"auto, (max-width: 233px) 100vw, 233px\" \/><\/a> <a href=\"http:\/\/agora.xtec.cat\/escolapablopicasso\/categoria\/primaria\/6e\/\"><img loading=\"lazy\" decoding=\"async\" class=\"alignnone wp-image-2083 \" src=\"http:\/\/agora.xtec.cat\/escolapablopicasso\/wp-content\/uploads\/usu295\/2014\/09\/6\u00e8-300x84.png\" alt=\"6\u00e8\" width=\"241\" height=\"67\" srcset=\"https:\/\/agora.xtec.cat\/escolapablopicasso\/wp-content\/uploads\/usu295\/2014\/09\/6\u00e8-300x84.png 300w, https:\/\/agora.xtec.cat\/escolapablopicasso\/wp-content\/uploads\/usu295\/2014\/09\/6\u00e8.png 572w\" sizes=\"auto, (max-width: 241px) 100vw, 241px\" \/><\/a><\/p>\n<p>I tamb\u00e9, com sempre, podeu entrar al nostre <a href=\"http:\/\/blocs.xtec.cat\/englishpicasso\/\" target=\"_blank\" rel=\"noopener\">bloc d&#8217;angl\u00e8s<\/a><\/p>\n<p>&nbsp;<\/p>\n","protected":false},"excerpt":{"rendered":"<p>Benvingut\/da!!! D&#8217;I3 a 6\u00e8, cada nivell t\u00e9 una p\u00e0gina pr\u00f2pia. Fes a clic a sobre del teu curs i all\u00e0 podr\u00e0s veure les teves not\u00edcies, sortides, fotos, v\u00eddeos&#8230; i moltes coses m\u00e9s!<br \/>\n<a href=\"https:\/\/agora.xtec.cat\/escolapablopicasso\/categoria\/infantil\/i3\/\">I3<\/a><br \/>\n&nbsp;<br \/>\n<a href=\"https:\/\/agora.xtec.cat\/escolapablopicasso\/categoria\/infantil\/i4\/\">I4<\/a><br \/>\n&nbsp;<br \/>\n<a href=\"https:\/\/agora.xtec.cat\/escolapablopicasso\/categoria\/infantil\/i5\/\">I5<\/a><br \/>\n&nbsp;<br \/>\n<a href=\"http:\/\/agora.xtec.cat\/escolapablopicasso\/categoria\/primaria\/1r\/\"><\/a> <a href=\"http:\/\/agora.xtec.cat\/escolapablopicasso\/categoria\/primaria\/2n\/\"><\/a> <a href=\"http:\/\/agora.xtec.cat\/escolapablopicasso\/categoria\/primaria\/3r\/\"><\/a> <a href=\"http:\/\/agora.xtec.cat\/escolapablopicasso\/categoria\/primaria\/4t\/\"><\/a> <a href=\"http:\/\/agora.xtec.cat\/escolapablopicasso\/categoria\/primaria\/5e\/\"><\/a> <a&hellip;  <a href=\"https:\/\/agora.xtec.cat\/escolapablopicasso\/nivells\/\" title=\"Read Nivells\">Llegeix m\u00e9s\u00bb<\/a><\/p>\n","protected":false},"author":2,"featured_media":0,"parent":0,"menu_order":0,"comment_status":"closed","ping_status":"closed","template":"page-templates\/side-menu.php","meta":{"_bbp_topic_count":0,"_bbp_reply_count":0,"_bbp_total_topic_count":0,"_bbp_total_reply_count":0,"_bbp_voice_count":0,"_bbp_anonymous_reply_count":0,"_bbp_topic_count_hidden":0,"_bbp_reply_count_hidden":0,"_bbp_forum_subforum_count":0,"footnotes":""},"class_list":["post-87","page","type-page","status-publish","hentry"],"post_mailing_queue_ids":[],"_links":{"self":[{"href":"https:\/\/agora.xtec.cat\/escolapablopicasso\/wp-json\/wp\/v2\/pages\/87","targetHints":{"allow":["GET"]}}],"collection":[{"href":"https:\/\/agora.xtec.cat\/escolapablopicasso\/wp-json\/wp\/v2\/pages"}],"about":[{"href":"https:\/\/agora.xtec.cat\/escolapablopicasso\/wp-json\/wp\/v2\/types\/page"}],"author":[{"embeddable":true,"href":"https:\/\/agora.xtec.cat\/escolapablopicasso\/wp-json\/wp\/v2\/users\/2"}],"replies":[{"embeddable":true,"href":"https:\/\/agora.xtec.cat\/escolapablopicasso\/wp-json\/wp\/v2\/comments?post=87"}],"version-history":[{"count":4,"href":"https:\/\/agora.xtec.cat\/escolapablopicasso\/wp-json\/wp\/v2\/pages\/87\/revisions"}],"predecessor-version":[{"id":7246,"href":"https:\/\/agora.xtec.cat\/escolapablopicasso\/wp-json\/wp\/v2\/pages\/87\/revisions\/7246"}],"wp:attachment":[{"href":"https:\/\/agora.xtec.cat\/escolapablopicasso\/wp-json\/wp\/v2\/media?parent=87"}],"curies":[{"name":"wp","href":"https:\/\/api.w.org\/{rel}","templated":true}]}}