{"id":34,"date":"2014-09-18T12:32:18","date_gmt":"2014-09-18T11:32:18","guid":{"rendered":"http:\/\/agora.xtec.cat\/escolapablopicasso\/\/?page_id=34"},"modified":"2025-09-09T21:30:38","modified_gmt":"2025-09-09T19:30:38","slug":"oferta-educativa","status":"publish","type":"page","link":"https:\/\/agora.xtec.cat\/escolapablopicasso\/lescola\/oferta-educativa\/","title":{"rendered":"Atenci\u00f3 a les fam\u00edlies"},"content":{"rendered":"<p>\u25cf <strong>Direcci\u00f3<\/strong>: Dilluns de 9:30 a 10:30h.<br \/>\n\u25cf <strong>Secret\u00e0ria<\/strong>: Dijous de 15:15 a 16:30h.<br \/>\n\u25cf <strong>Tutors\/es<\/strong>: Dijous de 12:30 a 13:30h. (hi haur\u00e0 alguna excepci\u00f3 que ja ho comunicar\u00e0 de<br \/>\nmanera personal al seu grup).<\/p>\n<p>Caldr\u00e0 demanar cita pr\u00e8via per Dinantia, via telef\u00f2nica o agenda.<\/p>\n<p><img loading=\"lazy\" decoding=\"async\" class=\"alignnone\" src=\"http:\/\/blocs.xtec.cat\/ssdh\/files\/2008\/09\/nens3.jpg\" alt=\"\" width=\"683\" height=\"171\" \/><\/p>\n","protected":false},"excerpt":{"rendered":"<p>\u25cf Direcci\u00f3: Dilluns de 9:30 a 10:30h.<br \/>\n\u25cf Secret\u00e0ria: Dijous de 15:15 a 16:30h.<br \/>\n\u25cf Tutors\/es: Dijous de 12:30 a 13:30h. (hi haur\u00e0 alguna excepci\u00f3 que ja ho comunicar\u00e0 de<br \/>\nmanera personal al seu grup).<br \/>\nCaldr\u00e0 demanar cita pr\u00e8via per Dinantia, via telef\u00f2nica o agenda.<\/p>\n","protected":false},"author":2,"featured_media":0,"parent":22,"menu_order":5,"comment_status":"closed","ping_status":"closed","template":"page-templates\/side-menu.php","meta":{"_bbp_topic_count":0,"_bbp_reply_count":0,"_bbp_total_topic_count":0,"_bbp_total_reply_count":0,"_bbp_voice_count":0,"_bbp_anonymous_reply_count":0,"_bbp_topic_count_hidden":0,"_bbp_reply_count_hidden":0,"_bbp_forum_subforum_count":0,"footnotes":""},"class_list":["post-34","page","type-page","status-publish","hentry"],"post_mailing_queue_ids":[],"_links":{"self":[{"href":"https:\/\/agora.xtec.cat\/escolapablopicasso\/wp-json\/wp\/v2\/pages\/34","targetHints":{"allow":["GET"]}}],"collection":[{"href":"https:\/\/agora.xtec.cat\/escolapablopicasso\/wp-json\/wp\/v2\/pages"}],"about":[{"href":"https:\/\/agora.xtec.cat\/escolapablopicasso\/wp-json\/wp\/v2\/types\/page"}],"author":[{"embeddable":true,"href":"https:\/\/agora.xtec.cat\/escolapablopicasso\/wp-json\/wp\/v2\/users\/2"}],"replies":[{"embeddable":true,"href":"https:\/\/agora.xtec.cat\/escolapablopicasso\/wp-json\/wp\/v2\/comments?post=34"}],"version-history":[{"count":5,"href":"https:\/\/agora.xtec.cat\/escolapablopicasso\/wp-json\/wp\/v2\/pages\/34\/revisions"}],"predecessor-version":[{"id":8483,"href":"https:\/\/agora.xtec.cat\/escolapablopicasso\/wp-json\/wp\/v2\/pages\/34\/revisions\/8483"}],"up":[{"embeddable":true,"href":"https:\/\/agora.xtec.cat\/escolapablopicasso\/wp-json\/wp\/v2\/pages\/22"}],"wp:attachment":[{"href":"https:\/\/agora.xtec.cat\/escolapablopicasso\/wp-json\/wp\/v2\/media?parent=34"}],"curies":[{"name":"wp","href":"https:\/\/api.w.org\/{rel}","templated":true}]}}