{"id":22,"date":"2014-09-18T12:19:57","date_gmt":"2014-09-18T12:19:57","guid":{"rendered":"http:\/\/agora.xtec.cat\/escolapablopicasso\/\/?page_id=22"},"modified":"2020-05-09T23:31:17","modified_gmt":"2020-05-09T21:31:17","slug":"lescola","status":"publish","type":"page","link":"https:\/\/agora.xtec.cat\/escolapablopicasso\/lescola\/","title":{"rendered":"L&#8217;escola"},"content":{"rendered":"<p>Aquesta secci\u00f3 (a la part esquerra) cont\u00e9 totes les p\u00e0gines necess\u00e0ries per a oferir una descripci\u00f3 general de l&#8217;escola: ubicaci\u00f3, hist\u00f2ria, instal\u00b7lacions, equip docent, consell escolar, calendari, informacions pr\u00e0ctiques, normativa&#8230;<\/p>\n<p><img decoding=\"async\" class=\"aligncenter\" src=\"https:\/\/assets.change.org\/photos\/0\/ph\/zd\/UKPHzDJyhqXeNVN-800x450-noPad.jpg?1523461469\" alt=\"Petici\u00f3n \u00b7 Mantener las dos l\u00edneas de P3 curs 2018\/2019 - Escola ...\" \/><\/p>\n<p><img loading=\"lazy\" decoding=\"async\" class=\"aligncenter\" src=\"http:\/\/ampapablopicasso.org\/wp-content\/uploads\/2014\/11\/escola-picasso.png\" alt=\"\" width=\"497\" height=\"307\" \/><\/p>\n","protected":false},"excerpt":{"rendered":"<p>Aquesta secci\u00f3 (a la part esquerra) cont\u00e9 totes les p\u00e0gines necess\u00e0ries per a oferir una descripci\u00f3 general de l&#8217;escola: ubicaci\u00f3, hist\u00f2ria, instal\u00b7lacions, equip docent, consell escolar, calendari, informacions pr\u00e0ctiques, normativa&#8230;<\/p>\n","protected":false},"author":2,"featured_media":0,"parent":0,"menu_order":0,"comment_status":"closed","ping_status":"closed","template":"page-templates\/side-menu.php","meta":{"_bbp_topic_count":0,"_bbp_reply_count":0,"_bbp_total_topic_count":0,"_bbp_total_reply_count":0,"_bbp_voice_count":0,"_bbp_anonymous_reply_count":0,"_bbp_topic_count_hidden":0,"_bbp_reply_count_hidden":0,"_bbp_forum_subforum_count":0,"footnotes":""},"class_list":["post-22","page","type-page","status-publish","hentry"],"post_mailing_queue_ids":[],"_links":{"self":[{"href":"https:\/\/agora.xtec.cat\/escolapablopicasso\/wp-json\/wp\/v2\/pages\/22","targetHints":{"allow":["GET"]}}],"collection":[{"href":"https:\/\/agora.xtec.cat\/escolapablopicasso\/wp-json\/wp\/v2\/pages"}],"about":[{"href":"https:\/\/agora.xtec.cat\/escolapablopicasso\/wp-json\/wp\/v2\/types\/page"}],"author":[{"embeddable":true,"href":"https:\/\/agora.xtec.cat\/escolapablopicasso\/wp-json\/wp\/v2\/users\/2"}],"replies":[{"embeddable":true,"href":"https:\/\/agora.xtec.cat\/escolapablopicasso\/wp-json\/wp\/v2\/comments?post=22"}],"version-history":[{"count":3,"href":"https:\/\/agora.xtec.cat\/escolapablopicasso\/wp-json\/wp\/v2\/pages\/22\/revisions"}],"predecessor-version":[{"id":5440,"href":"https:\/\/agora.xtec.cat\/escolapablopicasso\/wp-json\/wp\/v2\/pages\/22\/revisions\/5440"}],"wp:attachment":[{"href":"https:\/\/agora.xtec.cat\/escolapablopicasso\/wp-json\/wp\/v2\/media?parent=22"}],"curies":[{"name":"wp","href":"https:\/\/api.w.org\/{rel}","templated":true}]}}