{"id":9,"date":"2014-09-17T15:08:18","date_gmt":"2014-09-17T14:08:18","guid":{"rendered":"http:\/\/agora.xtec.cat\/escolaortiz\/?page_id=9"},"modified":"2026-02-08T00:34:01","modified_gmt":"2026-02-07T23:34:01","slug":"pagina-dinici-buida","status":"publish","type":"page","link":"https:\/\/agora.xtec.cat\/escolaortiz\/","title":{"rendered":"L&#8217;Ortiz Informa (Inici)"},"content":{"rendered":"\n<p class=\"has-text-align-center has-vivid-purple-color has-text-color has-link-color has-x-large-font-size wp-elements-8bdeb73cf7d76c0380cf1d3fcfa958e2\"><strong>La comunitat de l&#8217;Ortiz<\/strong><\/p>\n\n\n\n<div class=\"wp-block-columns is-layout-flex wp-container-core-columns-is-layout-1 wp-block-columns-is-layout-flex\">\n<div class=\"wp-block-column is-layout-flow wp-block-column-is-layout-flow\">\n<figure class=\"wp-block-image size-full\"><a href=\"https:\/\/agora.xtec.cat\/escolaortiz\/wp-content\/uploads\/usu541\/2025\/12\/I3_resultado.png\"><img loading=\"lazy\" decoding=\"async\" width=\"800\" height=\"566\" src=\"https:\/\/agora.xtec.cat\/escolaortiz\/wp-content\/uploads\/usu541\/2025\/12\/I3_resultado.png\" alt=\"\" class=\"wp-image-6625\" srcset=\"https:\/\/agora.xtec.cat\/escolaortiz\/wp-content\/uploads\/usu541\/2025\/12\/I3_resultado.png 800w, https:\/\/agora.xtec.cat\/escolaortiz\/wp-content\/uploads\/usu541\/2025\/12\/I3_resultado-300x212.png 300w, https:\/\/agora.xtec.cat\/escolaortiz\/wp-content\/uploads\/usu541\/2025\/12\/I3_resultado-768x543.png 768w\" sizes=\"auto, (max-width: 800px) 100vw, 800px\" \/><\/a><\/figure>\n\n\n\n<p class=\"has-text-align-center\">I &#8211; 3 ELS TITELLES<\/p>\n<\/div>\n\n\n\n<div class=\"wp-block-column is-layout-flow wp-block-column-is-layout-flow\">\n<figure class=\"wp-block-image size-full\"><a href=\"https:\/\/agora.xtec.cat\/escolaortiz\/wp-content\/uploads\/usu541\/2025\/12\/02.-Foto-I4_resultado.png\"><img loading=\"lazy\" decoding=\"async\" width=\"800\" height=\"503\" src=\"https:\/\/agora.xtec.cat\/escolaortiz\/wp-content\/uploads\/usu541\/2025\/12\/02.-Foto-I4_resultado.png\" alt=\"\" class=\"wp-image-6634\" srcset=\"https:\/\/agora.xtec.cat\/escolaortiz\/wp-content\/uploads\/usu541\/2025\/12\/02.-Foto-I4_resultado.png 800w, https:\/\/agora.xtec.cat\/escolaortiz\/wp-content\/uploads\/usu541\/2025\/12\/02.-Foto-I4_resultado-300x189.png 300w, https:\/\/agora.xtec.cat\/escolaortiz\/wp-content\/uploads\/usu541\/2025\/12\/02.-Foto-I4_resultado-768x483.png 768w\" sizes=\"auto, (max-width: 800px) 100vw, 800px\" \/><\/a><\/figure>\n\n\n\n<p class=\"has-text-align-center\">I &#8211; 4 LA M\u00c0GIA<\/p>\n<\/div>\n\n\n\n<div class=\"wp-block-column is-layout-flow wp-block-column-is-layout-flow\">\n<figure class=\"wp-block-image size-full\"><a href=\"https:\/\/agora.xtec.cat\/escolaortiz\/wp-content\/uploads\/usu541\/2025\/12\/03.-Foto-grup-I-5_resultado.jpg\"><img loading=\"lazy\" decoding=\"async\" width=\"750\" height=\"600\" src=\"https:\/\/agora.xtec.cat\/escolaortiz\/wp-content\/uploads\/usu541\/2025\/12\/03.-Foto-grup-I-5_resultado.jpg\" alt=\"\" class=\"wp-image-6635\" srcset=\"https:\/\/agora.xtec.cat\/escolaortiz\/wp-content\/uploads\/usu541\/2025\/12\/03.-Foto-grup-I-5_resultado.jpg 750w, https:\/\/agora.xtec.cat\/escolaortiz\/wp-content\/uploads\/usu541\/2025\/12\/03.-Foto-grup-I-5_resultado-300x240.jpg 300w\" sizes=\"auto, (max-width: 750px) 100vw, 750px\" \/><\/a><\/figure>\n\n\n\n<p class=\"has-text-align-center\">I &#8211; 5 LA DANSA<\/p>\n<\/div>\n<\/div>\n\n\n\n<div class=\"wp-block-columns is-layout-flex wp-container-core-columns-is-layout-2 wp-block-columns-is-layout-flex\">\n<div class=\"wp-block-column is-layout-flow wp-block-column-is-layout-flow\">\n<figure class=\"wp-block-image size-full\"><a href=\"https:\/\/agora.xtec.cat\/escolaortiz\/wp-content\/uploads\/usu541\/2025\/12\/1r.-El-rei-Lleo-amb-titol_resultado.png\"><img loading=\"lazy\" decoding=\"async\" width=\"800\" height=\"566\" src=\"https:\/\/agora.xtec.cat\/escolaortiz\/wp-content\/uploads\/usu541\/2025\/12\/1r.-El-rei-Lleo-amb-titol_resultado.png\" alt=\"\" class=\"wp-image-6633\" srcset=\"https:\/\/agora.xtec.cat\/escolaortiz\/wp-content\/uploads\/usu541\/2025\/12\/1r.-El-rei-Lleo-amb-titol_resultado.png 800w, https:\/\/agora.xtec.cat\/escolaortiz\/wp-content\/uploads\/usu541\/2025\/12\/1r.-El-rei-Lleo-amb-titol_resultado-300x212.png 300w, https:\/\/agora.xtec.cat\/escolaortiz\/wp-content\/uploads\/usu541\/2025\/12\/1r.-El-rei-Lleo-amb-titol_resultado-768x543.png 768w\" sizes=\"auto, (max-width: 800px) 100vw, 800px\" \/><\/a><\/figure>\n\n\n\n<p class=\"has-text-align-center\">1r MAQUILLADORS I MAQUILLADORES<\/p>\n<\/div>\n\n\n\n<div class=\"wp-block-column is-layout-flow wp-block-column-is-layout-flow\">\n<figure class=\"wp-block-image size-full\"><a href=\"https:\/\/agora.xtec.cat\/escolaortiz\/wp-content\/uploads\/usu541\/2025\/12\/2n_resultado.jpg\"><img loading=\"lazy\" decoding=\"async\" width=\"800\" height=\"479\" src=\"https:\/\/agora.xtec.cat\/escolaortiz\/wp-content\/uploads\/usu541\/2025\/12\/2n_resultado.jpg\" alt=\"\" class=\"wp-image-6636\" srcset=\"https:\/\/agora.xtec.cat\/escolaortiz\/wp-content\/uploads\/usu541\/2025\/12\/2n_resultado.jpg 800w, https:\/\/agora.xtec.cat\/escolaortiz\/wp-content\/uploads\/usu541\/2025\/12\/2n_resultado-300x180.jpg 300w, https:\/\/agora.xtec.cat\/escolaortiz\/wp-content\/uploads\/usu541\/2025\/12\/2n_resultado-768x460.jpg 768w\" sizes=\"auto, (max-width: 800px) 100vw, 800px\" \/><\/a><\/figure>\n\n\n\n<p class=\"has-text-align-center\">2n ESCEN\u00d2GRAFS I ESCEN\u00d2GRAFES<\/p>\n<\/div>\n\n\n\n<div class=\"wp-block-column is-layout-flow wp-block-column-is-layout-flow\">\n<figure class=\"wp-block-image size-full\"><a href=\"https:\/\/agora.xtec.cat\/escolaortiz\/wp-content\/uploads\/usu541\/2025\/12\/GREASE-2-3r_resultado.png\"><img loading=\"lazy\" decoding=\"async\" width=\"797\" height=\"600\" src=\"https:\/\/agora.xtec.cat\/escolaortiz\/wp-content\/uploads\/usu541\/2025\/12\/GREASE-2-3r_resultado.png\" alt=\"\" class=\"wp-image-6639\" srcset=\"https:\/\/agora.xtec.cat\/escolaortiz\/wp-content\/uploads\/usu541\/2025\/12\/GREASE-2-3r_resultado.png 797w, https:\/\/agora.xtec.cat\/escolaortiz\/wp-content\/uploads\/usu541\/2025\/12\/GREASE-2-3r_resultado-300x226.png 300w, https:\/\/agora.xtec.cat\/escolaortiz\/wp-content\/uploads\/usu541\/2025\/12\/GREASE-2-3r_resultado-768x578.png 768w\" sizes=\"auto, (max-width: 797px) 100vw, 797px\" \/><\/a><\/figure>\n\n\n\n<p class=\"has-text-align-center\">3r ACTORS I ACTRIUS<\/p>\n<\/div>\n<\/div>\n\n\n\n<div class=\"wp-block-columns is-layout-flex wp-container-core-columns-is-layout-3 wp-block-columns-is-layout-flex\">\n<div class=\"wp-block-column is-layout-flow wp-block-column-is-layout-flow\">\n<figure class=\"wp-block-image size-full\"><a href=\"https:\/\/agora.xtec.cat\/escolaortiz\/wp-content\/uploads\/usu541\/2025\/12\/4t_resultado.jpg\"><img loading=\"lazy\" decoding=\"async\" width=\"800\" height=\"566\" src=\"https:\/\/agora.xtec.cat\/escolaortiz\/wp-content\/uploads\/usu541\/2025\/12\/4t_resultado.jpg\" alt=\"\" class=\"wp-image-6637\" srcset=\"https:\/\/agora.xtec.cat\/escolaortiz\/wp-content\/uploads\/usu541\/2025\/12\/4t_resultado.jpg 800w, https:\/\/agora.xtec.cat\/escolaortiz\/wp-content\/uploads\/usu541\/2025\/12\/4t_resultado-300x212.jpg 300w, https:\/\/agora.xtec.cat\/escolaortiz\/wp-content\/uploads\/usu541\/2025\/12\/4t_resultado-768x543.jpg 768w\" sizes=\"auto, (max-width: 800px) 100vw, 800px\" \/><\/a><\/figure>\n\n\n\n<p class=\"has-text-align-center\">4t T\u00c8CNICS I T\u00c8CNIQUES DE SO<\/p>\n<\/div>\n\n\n\n<div class=\"wp-block-column is-layout-flow wp-block-column-is-layout-flow\">\n<figure class=\"wp-block-image size-full\"><a href=\"https:\/\/agora.xtec.cat\/escolaortiz\/wp-content\/uploads\/usu541\/2025\/12\/Bodas-de-sangre_resultado.jpg\"><img loading=\"lazy\" decoding=\"async\" width=\"800\" height=\"450\" src=\"https:\/\/agora.xtec.cat\/escolaortiz\/wp-content\/uploads\/usu541\/2025\/12\/Bodas-de-sangre_resultado.jpg\" alt=\"\" class=\"wp-image-6631\" srcset=\"https:\/\/agora.xtec.cat\/escolaortiz\/wp-content\/uploads\/usu541\/2025\/12\/Bodas-de-sangre_resultado.jpg 800w, https:\/\/agora.xtec.cat\/escolaortiz\/wp-content\/uploads\/usu541\/2025\/12\/Bodas-de-sangre_resultado-300x169.jpg 300w, https:\/\/agora.xtec.cat\/escolaortiz\/wp-content\/uploads\/usu541\/2025\/12\/Bodas-de-sangre_resultado-768x432.jpg 768w\" sizes=\"auto, (max-width: 800px) 100vw, 800px\" \/><\/a><\/figure>\n\n\n\n<p class=\"has-text-align-center\">5\u00e8 A FEDERICO GARC\u00cdA LORCA<\/p>\n<\/div>\n\n\n\n<div class=\"wp-block-column is-layout-flow wp-block-column-is-layout-flow\">\n<figure class=\"wp-block-image size-full\"><a href=\"https:\/\/agora.xtec.cat\/escolaortiz\/wp-content\/uploads\/usu541\/2025\/12\/Foto-teatre-5eB_resultado.png\"><img loading=\"lazy\" decoding=\"async\" width=\"800\" height=\"450\" src=\"https:\/\/agora.xtec.cat\/escolaortiz\/wp-content\/uploads\/usu541\/2025\/12\/Foto-teatre-5eB_resultado.png\" alt=\"\" class=\"wp-image-6632\" srcset=\"https:\/\/agora.xtec.cat\/escolaortiz\/wp-content\/uploads\/usu541\/2025\/12\/Foto-teatre-5eB_resultado.png 800w, https:\/\/agora.xtec.cat\/escolaortiz\/wp-content\/uploads\/usu541\/2025\/12\/Foto-teatre-5eB_resultado-300x169.png 300w, https:\/\/agora.xtec.cat\/escolaortiz\/wp-content\/uploads\/usu541\/2025\/12\/Foto-teatre-5eB_resultado-768x432.png 768w\" sizes=\"auto, (max-width: 800px) 100vw, 800px\" \/><\/a><\/figure>\n\n\n\n<p class=\"has-text-align-center\">5\u00e8 B WILLIAM SHAKESPEARE<\/p>\n<\/div>\n<\/div>\n\n\n\n<div class=\"wp-block-columns is-layout-flex wp-container-core-columns-is-layout-4 wp-block-columns-is-layout-flex\">\n<div class=\"wp-block-column is-layout-flow wp-block-column-is-layout-flow\">\n<figure class=\"wp-block-image aligncenter size-full is-resized\"><a href=\"https:\/\/agora.xtec.cat\/escolaortiz\/wp-content\/uploads\/usu541\/2025\/12\/6e-A_resultado.jpg\"><img loading=\"lazy\" decoding=\"async\" width=\"800\" height=\"557\" src=\"https:\/\/agora.xtec.cat\/escolaortiz\/wp-content\/uploads\/usu541\/2025\/12\/6e-A_resultado.jpg\" alt=\"\" class=\"wp-image-6638\" style=\"width:315px;height:auto\" srcset=\"https:\/\/agora.xtec.cat\/escolaortiz\/wp-content\/uploads\/usu541\/2025\/12\/6e-A_resultado.jpg 800w, https:\/\/agora.xtec.cat\/escolaortiz\/wp-content\/uploads\/usu541\/2025\/12\/6e-A_resultado-300x209.jpg 300w, https:\/\/agora.xtec.cat\/escolaortiz\/wp-content\/uploads\/usu541\/2025\/12\/6e-A_resultado-768x535.jpg 768w\" sizes=\"auto, (max-width: 800px) 100vw, 800px\" \/><\/a><\/figure>\n\n\n\n<p class=\"has-text-align-center\">6\u00e8 A LOPE DE VEGA<\/p>\n<\/div>\n\n\n\n<div class=\"wp-block-column is-layout-flow wp-block-column-is-layout-flow\">\n<figure class=\"wp-block-image aligncenter size-full is-resized\"><a href=\"https:\/\/agora.xtec.cat\/escolaortiz\/wp-content\/uploads\/usu541\/2025\/12\/11.-La-gran-familia_6eB-2.0_resultado.png\"><img loading=\"lazy\" decoding=\"async\" width=\"800\" height=\"566\" src=\"https:\/\/agora.xtec.cat\/escolaortiz\/wp-content\/uploads\/usu541\/2025\/12\/11.-La-gran-familia_6eB-2.0_resultado.png\" alt=\"\" class=\"wp-image-6629\" style=\"width:324px;height:auto\" srcset=\"https:\/\/agora.xtec.cat\/escolaortiz\/wp-content\/uploads\/usu541\/2025\/12\/11.-La-gran-familia_6eB-2.0_resultado.png 800w, https:\/\/agora.xtec.cat\/escolaortiz\/wp-content\/uploads\/usu541\/2025\/12\/11.-La-gran-familia_6eB-2.0_resultado-300x212.png 300w, https:\/\/agora.xtec.cat\/escolaortiz\/wp-content\/uploads\/usu541\/2025\/12\/11.-La-gran-familia_6eB-2.0_resultado-768x543.png 768w\" sizes=\"auto, (max-width: 800px) 100vw, 800px\" \/><\/a><\/figure>\n\n\n\n<p class=\"has-text-align-center\">6\u00e8 B LOLA BLASCO<\/p>\n<\/div>\n<\/div>\n\n\n\n<div class=\"wp-block-columns is-layout-flex wp-container-core-columns-is-layout-5 wp-block-columns-is-layout-flex\">\n<div class=\"wp-block-column is-layout-flow wp-block-column-is-layout-flow\">\n<figure class=\"wp-block-image aligncenter size-full is-resized\"><a href=\"https:\/\/agora.xtec.cat\/escolaortiz\/wp-content\/uploads\/usu541\/2025\/12\/WhatsApp-Image-2025-12-17-at-15.57.14_resultado.jpg\"><img loading=\"lazy\" decoding=\"async\" width=\"798\" height=\"600\" src=\"https:\/\/agora.xtec.cat\/escolaortiz\/wp-content\/uploads\/usu541\/2025\/12\/WhatsApp-Image-2025-12-17-at-15.57.14_resultado.jpg\" alt=\"\" class=\"wp-image-6627\" style=\"width:491px;height:auto\" srcset=\"https:\/\/agora.xtec.cat\/escolaortiz\/wp-content\/uploads\/usu541\/2025\/12\/WhatsApp-Image-2025-12-17-at-15.57.14_resultado.jpg 798w, https:\/\/agora.xtec.cat\/escolaortiz\/wp-content\/uploads\/usu541\/2025\/12\/WhatsApp-Image-2025-12-17-at-15.57.14_resultado-300x226.jpg 300w, https:\/\/agora.xtec.cat\/escolaortiz\/wp-content\/uploads\/usu541\/2025\/12\/WhatsApp-Image-2025-12-17-at-15.57.14_resultado-768x577.jpg 768w\" sizes=\"auto, (max-width: 798px) 100vw, 798px\" \/><\/a><\/figure>\n\n\n\n<p class=\"has-text-align-center\">EQUIP DOCENT<\/p>\n<\/div>\n<\/div>\n\n\n\n<p><\/p>\n","protected":false},"excerpt":{"rendered":"<p>La comunitat de l&#8217;Ortiz I &#8211; 3 ELS TITELLES I &#8211; 4 LA M\u00c0GIA I &#8211; 5 LA DANSA 1r MAQUILLADORS I MAQUILLADORES 2n ESCEN\u00d2GRAFS I ESCEN\u00d2GRAFES 3r ACTORS I ACTRIUS 4t T\u00c8CNICS I T\u00c8CNIQUES DE SO 5\u00e8 A FEDERICO GARC\u00cdA LORCA 5\u00e8 B WILLIAM SHAKESPEARE 6\u00e8 A LOPE DE VEGA 6\u00e8 B LOLA BLASCO [&hellip;]<\/p>\n","protected":false},"author":1,"featured_media":6395,"parent":7,"menu_order":0,"comment_status":"closed","ping_status":"closed","template":"","meta":{"_bbp_topic_count":0,"_bbp_reply_count":0,"_bbp_total_topic_count":0,"_bbp_total_reply_count":0,"_bbp_voice_count":0,"_bbp_anonymous_reply_count":0,"_bbp_topic_count_hidden":0,"_bbp_reply_count_hidden":0,"_bbp_forum_subforum_count":0,"site-sidebar-layout":"no-sidebar","site-content-layout":"","ast-site-content-layout":"normal-width-container","site-content-style":"default","site-sidebar-style":"default","ast-global-header-display":"","ast-banner-title-visibility":"","ast-main-header-display":"","ast-hfb-above-header-display":"","ast-hfb-below-header-display":"","ast-hfb-mobile-header-display":"","site-post-title":"","ast-breadcrumbs-content":"","ast-featured-img":"","footer-sml-layout":"","theme-transparent-header-meta":"","adv-header-id-meta":"","stick-header-meta":"","header-above-stick-meta":"","header-main-stick-meta":"","header-below-stick-meta":"","astra-migrate-meta-layouts":"set","ast-page-background-enabled":"default","ast-page-background-meta":{"desktop":{"background-color":"var(--ast-global-color-4)","background-image":"","background-repeat":"repeat","background-position":"center center","background-size":"auto","background-attachment":"scroll","background-type":"","background-media":"","overlay-type":"","overlay-color":"","overlay-opacity":"","overlay-gradient":""},"tablet":{"background-color":"","background-image":"","background-repeat":"repeat","background-position":"center center","background-size":"auto","background-attachment":"scroll","background-type":"","background-media":"","overlay-type":"","overlay-color":"","overlay-opacity":"","overlay-gradient":""},"mobile":{"background-color":"","background-image":"","background-repeat":"repeat","background-position":"center center","background-size":"auto","background-attachment":"scroll","background-type":"","background-media":"","overlay-type":"","overlay-color":"","overlay-opacity":"","overlay-gradient":""}},"ast-content-background-meta":{"desktop":{"background-color":"var(--ast-global-color-5)","background-image":"","background-repeat":"repeat","background-position":"center center","background-size":"auto","background-attachment":"scroll","background-type":"","background-media":"","overlay-type":"","overlay-color":"","overlay-opacity":"","overlay-gradient":""},"tablet":{"background-color":"var(--ast-global-color-5)","background-image":"","background-repeat":"repeat","background-position":"center center","background-size":"auto","background-attachment":"scroll","background-type":"","background-media":"","overlay-type":"","overlay-color":"","overlay-opacity":"","overlay-gradient":""},"mobile":{"background-color":"var(--ast-global-color-5)","background-image":"","background-repeat":"repeat","background-position":"center center","background-size":"auto","background-attachment":"scroll","background-type":"","background-media":"","overlay-type":"","overlay-color":"","overlay-opacity":"","overlay-gradient":""}},"footnotes":""},"class_list":["post-9","page","type-page","status-publish","has-post-thumbnail","hentry"],"post_mailing_queue_ids":[],"_links":{"self":[{"href":"https:\/\/agora.xtec.cat\/escolaortiz\/wp-json\/wp\/v2\/pages\/9","targetHints":{"allow":["GET"]}}],"collection":[{"href":"https:\/\/agora.xtec.cat\/escolaortiz\/wp-json\/wp\/v2\/pages"}],"about":[{"href":"https:\/\/agora.xtec.cat\/escolaortiz\/wp-json\/wp\/v2\/types\/page"}],"author":[{"embeddable":true,"href":"https:\/\/agora.xtec.cat\/escolaortiz\/wp-json\/wp\/v2\/users\/1"}],"replies":[{"embeddable":true,"href":"https:\/\/agora.xtec.cat\/escolaortiz\/wp-json\/wp\/v2\/comments?post=9"}],"version-history":[{"count":6,"href":"https:\/\/agora.xtec.cat\/escolaortiz\/wp-json\/wp\/v2\/pages\/9\/revisions"}],"predecessor-version":[{"id":6869,"href":"https:\/\/agora.xtec.cat\/escolaortiz\/wp-json\/wp\/v2\/pages\/9\/revisions\/6869"}],"up":[{"embeddable":true,"href":"https:\/\/agora.xtec.cat\/escolaortiz\/wp-json\/wp\/v2\/pages\/7"}],"wp:featuredmedia":[{"embeddable":true,"href":"https:\/\/agora.xtec.cat\/escolaortiz\/wp-json\/wp\/v2\/media\/6395"}],"wp:attachment":[{"href":"https:\/\/agora.xtec.cat\/escolaortiz\/wp-json\/wp\/v2\/media?parent=9"}],"curies":[{"name":"wp","href":"https:\/\/api.w.org\/{rel}","templated":true}]}}